{"id":6729,"date":"2021-04-25T14:33:43","date_gmt":"2021-04-25T12:33:43","guid":{"rendered":"https:\/\/irrecams.de\/?page_id=6729"},"modified":"2025-03-02T14:27:24","modified_gmt":"2025-03-02T13:27:24","slug":"astro-filter-photographing-stars-at-night-with-a-modified-camera","status":"publish","type":"page","link":"https:\/\/irrecams.de\/en\/astro-filter-photographing-stars-at-night-with-a-modified-camera\/","title":{"rendered":"Astro Filter:  Photographing stars at night with a modified camera"},"content":{"rendered":"<details class=\"wp-block-details has-background has-medium-font-size is-layout-flow wp-block-details-is-layout-flow\" style=\"background-color:#dfdfdf\" open><summary>Table of contents<\/summary>\n<blockquote class=\"wp-block-quote is-layout-flow wp-block-quote-is-layout-flow\">\n<ul class=\"wp-block-list\">\n<li><strong>Advantages of Astro conversion<\/strong><\/li>\n\n\n\n<li><a href=\"https:\/\/irrecams.de\/en\/which-filters-are-suitable-for-an-h-alpha-astro-conversion\/\" data-type=\"page\" data-id=\"14276\">Which astrofilter<\/a><\/li>\n\n\n\n<li><a href=\"https:\/\/irrecams.de\/en\/how-an-astro-camera-can-be-used-for-normal-photography-during-the-day\/\" data-type=\"page\" data-id=\"14282\">Astro camera during the day<\/a><\/li>\n\n\n\n<li><a href=\"https:\/\/irrecams.de\/en\/additional-filters-for-astrophotography\/\" data-type=\"page\" data-id=\"14298\">Additional filters<\/a><\/li>\n<\/ul>\n<\/blockquote>\n<\/details>\n\n\n\n<p>Infrared Photography is known to show familiar landscapes in an abstract, artistic and new light. In Astrophotography or Star Photography, however, it is more a matter of portraying the objects as \"naturally\" as possible, just as we see them. This is especially important for night landscapes, where there is also an exciting foreground to photograph. <\/p>\n\n\n\n<figure class=\"wp-block-image size-large\"><a href=\"https:\/\/irrecams.de\/wp-content\/uploads\/2021\/04\/DSCF0210-DSCF0268-VG_shrink_wasser.jpg\"><img loading=\"lazy\" decoding=\"async\" width=\"1024\" height=\"683\" src=\"https:\/\/irrecams.de\/wp-content\/uploads\/2021\/04\/DSCF0210-DSCF0268-VG_shrink_wasser-1024x683.jpg\" alt=\"\" class=\"wp-image-6776\" srcset=\"https:\/\/irrecams.de\/wp-content\/uploads\/2021\/04\/DSCF0210-DSCF0268-VG_shrink_wasser-1024x683.jpg 1024w, https:\/\/irrecams.de\/wp-content\/uploads\/2021\/04\/DSCF0210-DSCF0268-VG_shrink_wasser-600x400.jpg 600w, https:\/\/irrecams.de\/wp-content\/uploads\/2021\/04\/DSCF0210-DSCF0268-VG_shrink_wasser-300x200.jpg 300w, https:\/\/irrecams.de\/wp-content\/uploads\/2021\/04\/DSCF0210-DSCF0268-VG_shrink_wasser-768x512.jpg 768w, https:\/\/irrecams.de\/wp-content\/uploads\/2021\/04\/DSCF0210-DSCF0268-VG_shrink_wasser-1536x1024.jpg 1536w, https:\/\/irrecams.de\/wp-content\/uploads\/2021\/04\/DSCF0210-DSCF0268-VG_shrink_wasser-16x12.jpg 16w, https:\/\/irrecams.de\/wp-content\/uploads\/2021\/04\/DSCF0210-DSCF0268-VG_shrink_wasser-350x233.jpg 350w, https:\/\/irrecams.de\/wp-content\/uploads\/2021\/04\/DSCF0210-DSCF0268-VG_shrink_wasser.jpg 1920w\" sizes=\"auto, (max-width: 1024px) 100vw, 1024px\" \/><\/a><figcaption class=\"wp-element-caption\">Night shot with astromodified camera<\/figcaption><\/figure>\n\n\n\n<h2 class=\"wp-block-heading\">Advantages of an astromodified camera<\/h2>\n\n\n\n<p>Modern digital cameras have excellent sensitivity combined with good noise behavior and a high dynamic range. You can even capture the starry sky in acceptable quality with a smartphone. So what on earth is there to improve in this type of photography? To answer these questions, we need to talk about the areas of the spectrum that we can no longer see with a normal camera.<\/p>\n\n\n\n<h2 class=\"wp-block-heading\">What is H-Alpha radiation?<\/h2>\n\n\n\n<p>A luminous object emits light. This can be a candle, an LED lamp or a star. However, the light is not the same: depending on the light source, it differs in its spectrum - simply put, in the distribution of colors. What we perceive as white light is actually a mixture of all spectral colors. What a spectrum looks like, i.e. which colors it contains, depends among other things on the composition of the light source at particle level. By far the most common atom in the universe is hydrogen (symbol H) and now it gets interesting again.<\/p>\n\n\n\n<p>When hydrogen is excited (e.g. by heat or radiation), it emits light. But not white light, but very discrete wavelengths (i.e. colors). The strongest wavelength is the so-called H-alpha radiation - it has a wavelength of exactly 656.28 nanometers (nm). This wavelength corresponds to a deep red in the spectrum that we can see. While we can just about see this wavelength with our eyes, most digital cameras unfortunately find this difficult.<\/p>\n\n\n\n<figure class=\"wp-block-image size-large\"><a href=\"https:\/\/irrecams.de\/wp-content\/uploads\/2021\/04\/astro_transmission_en.png\"><img loading=\"lazy\" decoding=\"async\" width=\"1024\" height=\"580\" src=\"https:\/\/irrecams.de\/wp-content\/uploads\/2021\/04\/astro_transmission_en.png\" alt=\"Transmission curve of an Astrofilter - H-Alpha can pass freely\" class=\"wp-image-6829\" srcset=\"https:\/\/irrecams.de\/wp-content\/uploads\/2021\/04\/astro_transmission_en.png 2000w, https:\/\/irrecams.de\/wp-content\/uploads\/2021\/04\/astro_transmission_en-600x340.png 600w, https:\/\/irrecams.de\/wp-content\/uploads\/2021\/04\/astro_transmission_en-300x170.png 300w, https:\/\/irrecams.de\/wp-content\/uploads\/2021\/04\/astro_transmission_en-1024x580.png 1024w, https:\/\/irrecams.de\/wp-content\/uploads\/2021\/04\/astro_transmission_en-768x435.png 768w, https:\/\/irrecams.de\/wp-content\/uploads\/2021\/04\/astro_transmission_en-1536x870.png 1536w, https:\/\/irrecams.de\/wp-content\/uploads\/2021\/04\/astro_transmission_en-16x9.png 16w, https:\/\/irrecams.de\/wp-content\/uploads\/2021\/04\/astro_transmission_en-350x198.png 350w\" sizes=\"auto, (max-width: 1024px) 100vw, 1024px\" \/><\/a><figcaption class=\"wp-element-caption\">Transmission curve of an Astrofilter - H-Alpha can pass freely<\/figcaption><\/figure>\n\n\n\n<h2 class=\"wp-block-heading\">Astrophotography with a normal camera<\/h2>\n\n\n\n<p>Depending on the manufacturer and model, the H-alpha sensitivity of a digital camera is only between 10 and 30 %, typically around 15 %. This makes these spectral ranges practically invisible in the already very dark night. This is due to the UV\/IR blocking filter (also known as a hotmirror), which is installed by the manufacturers directly in front of the sensor. This is necessary to ensure good color reproduction during the day, but is just as much a thorn in the side of astrophotographers as it is for the <a class=\"rank-math-link\" href=\"https:\/\/irrecams.de\/en\/infrared-photography\/\">Infrared photographers<\/a>. For this reason, the blocking filter is removed during astromodification and replaced by a filter that allows the H-alpha radiation to pass through.<\/p>\n\n\n\n<h2 class=\"wp-block-heading\">Astromodified camera vs. normal camera<\/h2>\n\n\n\n<p>Even though the proportion of hydrogen in the universe is very large, the distribution is not uniform. There are objects in the night sky that emit a very small amount of H-alpha radiation and there are objects that emit almost exclusively in this range (e.g. some nebulae). Increased H-alpha sensitivity makes these areas visible on the images in the first place, resulting in a much more interesting and \"colorful\" image. What is not significantly improved by a conversion, however, is the basic sensitivity of the camera. Although theoretically more light reaches the sensor, the actual gain in overall brightness falls into the range below 1\/3 EV.<\/p>\n\n\n\n<figure class=\"wp-block-image aligncenter size-large\"><a href=\"https:\/\/irrecams.de\/wp-content\/uploads\/2021\/04\/Normal_Astro.jpg\"><img loading=\"lazy\" decoding=\"async\" width=\"1024\" height=\"607\" src=\"https:\/\/irrecams.de\/wp-content\/uploads\/2021\/04\/Normal_Astro-1024x607.jpg\" alt=\"Normal camera vs. astromodified camera\" class=\"wp-image-6759\" srcset=\"https:\/\/irrecams.de\/wp-content\/uploads\/2021\/04\/Normal_Astro-1024x607.jpg 1024w, https:\/\/irrecams.de\/wp-content\/uploads\/2021\/04\/Normal_Astro-600x356.jpg 600w, https:\/\/irrecams.de\/wp-content\/uploads\/2021\/04\/Normal_Astro-300x178.jpg 300w, https:\/\/irrecams.de\/wp-content\/uploads\/2021\/04\/Normal_Astro-768x455.jpg 768w, https:\/\/irrecams.de\/wp-content\/uploads\/2021\/04\/Normal_Astro-1536x910.jpg 1536w, https:\/\/irrecams.de\/wp-content\/uploads\/2021\/04\/Normal_Astro-16x9.jpg 16w, https:\/\/irrecams.de\/wp-content\/uploads\/2021\/04\/Normal_Astro-350x207.jpg 350w, https:\/\/irrecams.de\/wp-content\/uploads\/2021\/04\/Normal_Astro.jpg 1920w\" sizes=\"auto, (max-width: 1024px) 100vw, 1024px\" \/><\/a><figcaption class=\"wp-element-caption\">Left: Normal camera | Right: Astromodified camera<\/figcaption><\/figure>\n\n\n\n<figure class=\"wp-block-gallery has-nested-images columns-default is-cropped wp-block-gallery-1 is-layout-flex wp-block-gallery-is-layout-flex\">\n<figure class=\"wp-block-image size-large\"><a href=\"https:\/\/irrecams.de\/wp-content\/uploads\/2022\/02\/Orion_Stock_siril.jpg\"><img loading=\"lazy\" decoding=\"async\" width=\"1024\" height=\"1024\" data-id=\"7761\" src=\"https:\/\/irrecams.de\/wp-content\/uploads\/2022\/02\/Orion_Stock_siril-1024x1024.jpg\" alt=\"Orion Nebula with unmodified camera\" class=\"wp-image-7761\" srcset=\"https:\/\/irrecams.de\/wp-content\/uploads\/2022\/02\/Orion_Stock_siril-1024x1024.jpg 1024w, https:\/\/irrecams.de\/wp-content\/uploads\/2022\/02\/Orion_Stock_siril-450x450.jpg 450w, https:\/\/irrecams.de\/wp-content\/uploads\/2022\/02\/Orion_Stock_siril-100x100.jpg 100w, https:\/\/irrecams.de\/wp-content\/uploads\/2022\/02\/Orion_Stock_siril-600x600.jpg 600w, https:\/\/irrecams.de\/wp-content\/uploads\/2022\/02\/Orion_Stock_siril-300x300.jpg 300w, https:\/\/irrecams.de\/wp-content\/uploads\/2022\/02\/Orion_Stock_siril-150x150.jpg 150w, https:\/\/irrecams.de\/wp-content\/uploads\/2022\/02\/Orion_Stock_siril-768x768.jpg 768w, https:\/\/irrecams.de\/wp-content\/uploads\/2022\/02\/Orion_Stock_siril-1536x1536.jpg 1536w, https:\/\/irrecams.de\/wp-content\/uploads\/2022\/02\/Orion_Stock_siril-12x12.jpg 12w, https:\/\/irrecams.de\/wp-content\/uploads\/2022\/02\/Orion_Stock_siril-250x250.jpg 250w, https:\/\/irrecams.de\/wp-content\/uploads\/2022\/02\/Orion_Stock_siril-350x350.jpg 350w, https:\/\/irrecams.de\/wp-content\/uploads\/2022\/02\/Orion_Stock_siril.jpg 1920w\" sizes=\"auto, (max-width: 1024px) 100vw, 1024px\" \/><\/a><figcaption class=\"wp-element-caption\">Unmodified Camera<\/figcaption><\/figure>\n\n\n\n<figure class=\"wp-block-image size-large\"><a href=\"https:\/\/irrecams.de\/wp-content\/uploads\/2022\/02\/Orion_Astro_siril.jpg\"><img loading=\"lazy\" decoding=\"async\" width=\"1024\" height=\"1024\" data-id=\"7760\" src=\"https:\/\/irrecams.de\/wp-content\/uploads\/2022\/02\/Orion_Astro_siril-1024x1024.jpg\" alt=\"Orion Nebula with modified camera: Astronomik L2 Filter\" class=\"wp-image-7760\" srcset=\"https:\/\/irrecams.de\/wp-content\/uploads\/2022\/02\/Orion_Astro_siril-1024x1024.jpg 1024w, https:\/\/irrecams.de\/wp-content\/uploads\/2022\/02\/Orion_Astro_siril-450x450.jpg 450w, https:\/\/irrecams.de\/wp-content\/uploads\/2022\/02\/Orion_Astro_siril-100x100.jpg 100w, https:\/\/irrecams.de\/wp-content\/uploads\/2022\/02\/Orion_Astro_siril-600x600.jpg 600w, https:\/\/irrecams.de\/wp-content\/uploads\/2022\/02\/Orion_Astro_siril-300x300.jpg 300w, https:\/\/irrecams.de\/wp-content\/uploads\/2022\/02\/Orion_Astro_siril-150x150.jpg 150w, https:\/\/irrecams.de\/wp-content\/uploads\/2022\/02\/Orion_Astro_siril-768x768.jpg 768w, https:\/\/irrecams.de\/wp-content\/uploads\/2022\/02\/Orion_Astro_siril-1536x1536.jpg 1536w, https:\/\/irrecams.de\/wp-content\/uploads\/2022\/02\/Orion_Astro_siril-12x12.jpg 12w, https:\/\/irrecams.de\/wp-content\/uploads\/2022\/02\/Orion_Astro_siril-250x250.jpg 250w, https:\/\/irrecams.de\/wp-content\/uploads\/2022\/02\/Orion_Astro_siril-350x350.jpg 350w, https:\/\/irrecams.de\/wp-content\/uploads\/2022\/02\/Orion_Astro_siril.jpg 1920w\" sizes=\"auto, (max-width: 1024px) 100vw, 1024px\" \/><\/a><figcaption class=\"wp-element-caption\">Camera conversion with Astro Filter<\/figcaption><\/figure>\n\n\n\n<figure class=\"wp-block-image size-large\"><a href=\"https:\/\/irrecams.de\/wp-content\/uploads\/2022\/02\/Orion_VS_siril.jpg\"><img loading=\"lazy\" decoding=\"async\" width=\"1024\" height=\"1024\" data-id=\"7762\" src=\"https:\/\/irrecams.de\/wp-content\/uploads\/2022\/02\/Orion_VS_siril-1024x1024.jpg\" alt=\"Orion nebula with converted camera: full spectrum filter\" class=\"wp-image-7762\" srcset=\"https:\/\/irrecams.de\/wp-content\/uploads\/2022\/02\/Orion_VS_siril-1024x1024.jpg 1024w, https:\/\/irrecams.de\/wp-content\/uploads\/2022\/02\/Orion_VS_siril-450x450.jpg 450w, https:\/\/irrecams.de\/wp-content\/uploads\/2022\/02\/Orion_VS_siril-100x100.jpg 100w, https:\/\/irrecams.de\/wp-content\/uploads\/2022\/02\/Orion_VS_siril-600x600.jpg 600w, https:\/\/irrecams.de\/wp-content\/uploads\/2022\/02\/Orion_VS_siril-300x300.jpg 300w, https:\/\/irrecams.de\/wp-content\/uploads\/2022\/02\/Orion_VS_siril-150x150.jpg 150w, https:\/\/irrecams.de\/wp-content\/uploads\/2022\/02\/Orion_VS_siril-768x768.jpg 768w, https:\/\/irrecams.de\/wp-content\/uploads\/2022\/02\/Orion_VS_siril-1536x1536.jpg 1536w, https:\/\/irrecams.de\/wp-content\/uploads\/2022\/02\/Orion_VS_siril-12x12.jpg 12w, https:\/\/irrecams.de\/wp-content\/uploads\/2022\/02\/Orion_VS_siril-250x250.jpg 250w, https:\/\/irrecams.de\/wp-content\/uploads\/2022\/02\/Orion_VS_siril-350x350.jpg 350w, https:\/\/irrecams.de\/wp-content\/uploads\/2022\/02\/Orion_VS_siril.jpg 1920w\" sizes=\"auto, (max-width: 1024px) 100vw, 1024px\" \/><\/a><figcaption class=\"wp-element-caption\">Full Spectrum Camera<\/figcaption><\/figure>\n<figcaption class=\"blocks-gallery-caption wp-element-caption\">The Orion nebula, captured with different cameras<\/figcaption><\/figure>\n\n\n\n<p><\/p>\n\n\n\n<h2 class=\"wp-block-heading\">Which camera is best for a Astro conversion<\/h2>\n\n\n\n<p>Just like for an Infrared conversion, the following applies to an Astro conversion: The sensors of all manufacturers are practically identical in terms of their sensitivity in the H-Alpha spectral range. Much more interesting and important is the noise behavior and the dynamic range of the sensor - after all, we shoot in very dark light conditions with high ISO values. This is not much of a challenge for all cameras that have come onto the market since the mid-2010s. Unfortunately, older cameras will have a hard time in this discipline. So in short: Every reasonably modern camera is suitable for an Astro conversion.<\/p>\n\n\n\n<p>However, there is a technical limitation, which is why not all cameras from the <a class=\"rank-math-link\" href=\"https:\/\/irrecams.de\/en\/infrared-conversion-service\/cameras-and-prices\/\">pricelist<\/a> are available in the <a class=\"rank-math-link\" href=\"https:\/\/irrecams.de\/en\/product-category\/astro-camera-conversion-service\/\">Shop for a Astro conversion<\/a> . There are cameras that have an infrared LED installed internally, often this is part of the shutter mechanism. The stray light of these LEDs disturbs the image during a night shot and makes it unusable in the worst case. This problem affects e.g. all Sony Alpha 7 cameras of the 2nd generation, which is why they are not selectable for an Astro conversion.<\/p>\n\n\n\n<hr class=\"wp-block-separator has-alpha-channel-opacity is-style-default\"\/>\n\n\n\n<div class=\"wp-block-buttons is-horizontal is-content-justification-center is-layout-flex wp-container-core-buttons-is-layout-03627597 wp-block-buttons-is-layout-flex\">\n<div class=\"wp-block-button\"><a class=\"wp-block-button__link wp-element-button\" href=\"https:\/\/irrecams.de\/en\/which-filters-are-suitable-for-an-h-alpha-astro-conversion\/\" style=\"border-radius:5px\">Which astrofilter<\/a><\/div>\n\n\n\n<div class=\"wp-block-button\"><a class=\"wp-block-button__link wp-element-button\" href=\"https:\/\/irrecams.de\/en\/how-an-astro-camera-can-be-used-for-normal-photography-during-the-day\/\" style=\"border-radius:5px\">Astro camera during the day<\/a><\/div>\n\n\n\n<div class=\"wp-block-button\"><a class=\"wp-block-button__link wp-element-button\" href=\"https:\/\/irrecams.de\/en\/additional-filters-for-astrophotography\/\" style=\"border-radius:5px\">Additional filters<\/a><\/div>\n\n\n\n<div class=\"wp-block-button\"><a class=\"wp-block-button__link wp-element-button\" href=\"https:\/\/irrecams.de\/en\/product-category\/astro-camera-conversion-service\/\" style=\"border-radius:5px\">Order Astro modification<\/a><\/div>\n\n\n\n<div class=\"wp-block-button\"><a class=\"wp-block-button__link wp-element-button\" href=\"https:\/\/irrecams.de\/en\/infrared-gallery\/captured-with-astro-filter\/\" style=\"border-radius:5px\">More Astro Images<\/a><\/div>\n\n\n\n<div class=\"wp-block-button\"><a class=\"wp-block-button__link wp-element-button\" href=\"https:\/\/irrecams.de\/en\/infrared-photography\/\" style=\"border-radius:5px\">More about infrared photography<\/a><\/div>\n<\/div>\n\n\n\n<hr class=\"wp-block-separator has-alpha-channel-opacity\"\/>\n\n\n\n<figure class=\"wp-block-image aligncenter size-large\"><a href=\"https:\/\/irrecams.de\/wp-content\/uploads\/2021\/04\/IR205664_Pano.jpg\"><img loading=\"lazy\" decoding=\"async\" width=\"1024\" height=\"512\" src=\"https:\/\/irrecams.de\/wp-content\/uploads\/2021\/04\/IR205664_Pano-1024x512.jpg\" alt=\"Panorama of the Milky Way - taken with astrofilter\" class=\"wp-image-6833\" srcset=\"https:\/\/irrecams.de\/wp-content\/uploads\/2021\/04\/IR205664_Pano-1024x512.jpg 1024w, https:\/\/irrecams.de\/wp-content\/uploads\/2021\/04\/IR205664_Pano-600x300.jpg 600w, https:\/\/irrecams.de\/wp-content\/uploads\/2021\/04\/IR205664_Pano-300x150.jpg 300w, https:\/\/irrecams.de\/wp-content\/uploads\/2021\/04\/IR205664_Pano-768x384.jpg 768w, https:\/\/irrecams.de\/wp-content\/uploads\/2021\/04\/IR205664_Pano-1536x768.jpg 1536w, https:\/\/irrecams.de\/wp-content\/uploads\/2021\/04\/IR205664_Pano-16x8.jpg 16w, https:\/\/irrecams.de\/wp-content\/uploads\/2021\/04\/IR205664_Pano-350x175.jpg 350w, https:\/\/irrecams.de\/wp-content\/uploads\/2021\/04\/IR205664_Pano.jpg 2000w\" sizes=\"auto, (max-width: 1024px) 100vw, 1024px\" \/><\/a><figcaption class=\"wp-element-caption\">Milkyway Panorama - shot with an Astrofilter<\/figcaption><\/figure>\n\n\n\n<p><\/p>","protected":false},"excerpt":{"rendered":"<p>Die Infrarot Fotografie zeigt bekanntlich vertraute Landschaften in einem abstrakten, k\u00fcnstlerischen und neuen Licht. Bei der Astro- oder Sternfotografie geht es aber eher darum, die Objekte m\u00f6glichst &#8220;nat\u00fcrlich&#8221; abzubilden, so wie wir sie auch sehen. Das ist vor allem f\u00fcr Nachtlandschaften wichtig, bei denen auch noch ein spannender Vordergrund zu fotografieren ist. Vorteile einer Astromodifizierten [&hellip;]<\/p>\n","protected":false},"author":1,"featured_media":0,"parent":0,"menu_order":20,"comment_status":"closed","ping_status":"closed","template":"","meta":{"footnotes":""},"class_list":["post-6729","page","type-page","status-publish","hentry"],"_links":{"self":[{"href":"https:\/\/irrecams.de\/en\/wp-json\/wp\/v2\/pages\/6729","targetHints":{"allow":["GET"]}}],"collection":[{"href":"https:\/\/irrecams.de\/en\/wp-json\/wp\/v2\/pages"}],"about":[{"href":"https:\/\/irrecams.de\/en\/wp-json\/wp\/v2\/types\/page"}],"author":[{"embeddable":true,"href":"https:\/\/irrecams.de\/en\/wp-json\/wp\/v2\/users\/1"}],"replies":[{"embeddable":true,"href":"https:\/\/irrecams.de\/en\/wp-json\/wp\/v2\/comments?post=6729"}],"version-history":[{"count":10,"href":"https:\/\/irrecams.de\/en\/wp-json\/wp\/v2\/pages\/6729\/revisions"}],"predecessor-version":[{"id":14354,"href":"https:\/\/irrecams.de\/en\/wp-json\/wp\/v2\/pages\/6729\/revisions\/14354"}],"wp:attachment":[{"href":"https:\/\/irrecams.de\/en\/wp-json\/wp\/v2\/media?parent=6729"}],"curies":[{"name":"wp","href":"https:\/\/api.w.org\/{rel}","templated":true}]}}