{"id":81,"date":"2015-01-07T16:00:36","date_gmt":"2015-01-07T15:00:36","guid":{"rendered":"http:\/\/wp10590344.server-he.de\/irrecams2\/?page_id=81"},"modified":"2026-01-13T23:33:30","modified_gmt":"2026-01-13T22:33:30","slug":"infrared-workshops","status":"publish","type":"page","link":"https:\/\/irrecams.de\/en\/infrared-workshops\/","title":{"rendered":"Infrared Photography Workshops"},"content":{"rendered":"<p>The Infrared Photography Workshops are designed to provide theoretical and practical knowledge and are aimed at both beginners and advanced infrared photographers. In theoretical seminars, the basics are teached and post-processing is demonstrated. On location, we then discover unique subjects in the most beautiful places in Germany. By the way, you can borrow your desired infrared camera for a small fee, should you not yet own a camera or want to try out a different camera. <br \/>  <br \/> These Workshops are only available in Germany and are teached in german only.<\/p>\n\n\n\n<hr class=\"wp-block-separator has-css-opacity is-style-wide\"\/>\n\n\n\n<h2 class=\"wp-block-heading\">Infrared Workshop North Swabia: 26.-28.06.2026<\/h2>\n\n\n\n<p>Southern Germany is a particularly rewarding destination for infrared photography in summer. The lush green of the plants, old castles and medieval architecture create a varied range of different motifs in a small space.<\/p>\n\n\n\n<p>The workshop is designed to impart theoretical and practical knowledge and is aimed at both beginners and advanced infrared photographers. Theoretical seminars will provide the basics and demonstrate post-processing. On location, we will then discover interesting motifs in the most beautiful places in Germany. <\/p>\n\n\n\n<div class=\"wp-block-buttons has-base-background-color has-background is-content-justification-center is-layout-flex wp-container-core-buttons-is-layout-a89b3969 wp-block-buttons-is-layout-flex\">\n<div class=\"wp-block-button\"><a class=\"wp-block-button__link has-custom-infra-rot-background-color has-background wp-element-button\" href=\"https:\/\/www.irrecams.de\/IR-Workshop_261.pdf\" target=\"_blank\" rel=\"noreferrer noopener\">PDF with all details<\/a><\/div>\n\n\n\n<div class=\"wp-block-button\"><a class=\"wp-block-button__link has-custom-infra-rot-background-color has-background wp-element-button\" href=\"https:\/\/irrecams.de\/en\/shop\/ir-workshop-northern-swabia-26-28-june-2026\/\">to the booking<\/a><\/div>\n<\/div>\n\n\n\n<div style=\"height:30px\" aria-hidden=\"true\" class=\"wp-block-spacer\"><\/div>\n\n\n\n<figure class=\"wp-block-image aligncenter size-full\"><img loading=\"lazy\" decoding=\"async\" width=\"1500\" height=\"844\" src=\"https:\/\/irrecams.de\/wp-content\/uploads\/2026\/01\/IR-Workshop_261.jpg\" alt=\"Infrared Workshop North Swabia 2026\" class=\"wp-image-16367\" srcset=\"https:\/\/irrecams.de\/wp-content\/uploads\/2026\/01\/IR-Workshop_261.jpg 1500w, https:\/\/irrecams.de\/wp-content\/uploads\/2026\/01\/IR-Workshop_261-300x169.jpg 300w, https:\/\/irrecams.de\/wp-content\/uploads\/2026\/01\/IR-Workshop_261-1024x576.jpg 1024w, https:\/\/irrecams.de\/wp-content\/uploads\/2026\/01\/IR-Workshop_261-768x432.jpg 768w, https:\/\/irrecams.de\/wp-content\/uploads\/2026\/01\/IR-Workshop_261-18x10.jpg 18w, https:\/\/irrecams.de\/wp-content\/uploads\/2026\/01\/IR-Workshop_261-600x338.jpg 600w\" sizes=\"auto, (max-width: 1500px) 100vw, 1500px\" \/><figcaption class=\"wp-element-caption\">Infrared Workshop North Swabia 2026<\/figcaption><\/figure>\n\n\n\n<hr class=\"wp-block-separator has-css-opacity is-style-wide\"\/>\n\n\n\n<h2 class=\"wp-block-heading\"><s>Infrared workshop island R\u00fcgen: 23.-25.05.2025<\/s><\/h2>\n\n\n\n<p>The next workshop on the island of R\u00fcgen is expected to be <strong>End of May 2027<\/strong> will take place. As soon as the date is fixed, it will be announced in our newsletter, which you can subscribe to at the bottom of this page.<\/p>\n\n\n\n<div style=\"height:30px\" aria-hidden=\"true\" class=\"wp-block-spacer\"><\/div>\n\n\n\n<figure class=\"wp-block-image aligncenter size-full\"><img loading=\"lazy\" decoding=\"async\" width=\"1920\" height=\"1080\" src=\"https:\/\/irrecams.de\/wp-content\/uploads\/2024\/11\/IR-Workshop_251-1.jpg\" alt=\"\" class=\"wp-image-13753\" srcset=\"https:\/\/irrecams.de\/wp-content\/uploads\/2024\/11\/IR-Workshop_251-1.jpg 1920w, https:\/\/irrecams.de\/wp-content\/uploads\/2024\/11\/IR-Workshop_251-1-300x169.jpg 300w, https:\/\/irrecams.de\/wp-content\/uploads\/2024\/11\/IR-Workshop_251-1-1024x576.jpg 1024w, https:\/\/irrecams.de\/wp-content\/uploads\/2024\/11\/IR-Workshop_251-1-768x432.jpg 768w, https:\/\/irrecams.de\/wp-content\/uploads\/2024\/11\/IR-Workshop_251-1-1536x864.jpg 1536w, https:\/\/irrecams.de\/wp-content\/uploads\/2024\/11\/IR-Workshop_251-1-18x10.jpg 18w, https:\/\/irrecams.de\/wp-content\/uploads\/2024\/11\/IR-Workshop_251-1-600x338.jpg 600w\" sizes=\"auto, (max-width: 1920px) 100vw, 1920px\" \/><figcaption class=\"wp-element-caption\">Infrared Workshop Island of R\u00fcgen 2025<\/figcaption><\/figure>\n\n\n\n<hr class=\"wp-block-separator has-css-opacity is-style-wide\"\/>\n\n\n\n<h2 class=\"wp-block-heading\">Free Infrared Beginner Tutorial<\/h2>\n\n\n\n<figure class=\"wp-block-image aligncenter size-large\"><a href=\"https:\/\/irrecams.de\/en\/blog\/2021\/free-infrared-beginner-tutorial-2021\/\" target=\"_blank\" rel=\"noopener\"><img loading=\"lazy\" decoding=\"async\" width=\"1024\" height=\"576\" src=\"https:\/\/irrecams.de\/wp-content\/uploads\/2021\/07\/213en.jpg\" alt=\"Infrared Photography Webinar Fuji-Store.de\" class=\"wp-image-7247\" srcset=\"https:\/\/irrecams.de\/wp-content\/uploads\/2021\/07\/213en.jpg 2000w, https:\/\/irrecams.de\/wp-content\/uploads\/2021\/07\/213en-600x338.jpg 600w, https:\/\/irrecams.de\/wp-content\/uploads\/2021\/07\/213en-300x169.jpg 300w, https:\/\/irrecams.de\/wp-content\/uploads\/2021\/07\/213en-1024x576.jpg 1024w, https:\/\/irrecams.de\/wp-content\/uploads\/2021\/07\/213en-768x432.jpg 768w, https:\/\/irrecams.de\/wp-content\/uploads\/2021\/07\/213en-1536x864.jpg 1536w, https:\/\/irrecams.de\/wp-content\/uploads\/2021\/07\/213en-16x9.jpg 16w, https:\/\/irrecams.de\/wp-content\/uploads\/2021\/07\/213en-350x197.jpg 350w\" sizes=\"auto, (max-width: 1024px) 100vw, 1024px\" \/><\/a><\/figure>\n\n\n\n<p>Anyone considering <a href=\"https:\/\/irrecams.de\/en\/infrared-photography\/\">IR Photography <\/a>but are unsure or are unclear about certain aspects, you can watch this free tutorial here. The 1.5-hour webinar takes you from A to Z through all the important aspects of infrared photography. Starting with the conversion options of the camera, filter selection, infrared hotspots through to basic infrared processing.<\/p>\n\n\n\n<p class=\"translation-block\">The Infrared Webinar organized by the <a href=\"https:\/\/www.fuji-store.de\/\" target=\"_self\" rel=\"noreferrer noopener\">Fuji Store<\/a> took place on 7\/27\/2021. Thanks again for a great evening and for providing the recording!<\/p>\n\n\n\n<div class=\"wp-block-buttons is-horizontal is-content-justification-center is-layout-flex wp-container-core-buttons-is-layout-03627597 wp-block-buttons-is-layout-flex\">\n<div class=\"wp-block-button has-custom-width wp-block-button__width-50\"><a class=\"wp-block-button__link wp-element-button\" href=\"https:\/\/irrecams.de\/en\/blog\/2021\/free-infrared-beginner-tutorial-2021\/\" style=\"border-radius:5px\" target=\"_blank\" rel=\"noreferrer noopener\">Go to the Tutorial<\/a><\/div>\n<\/div>","protected":false},"excerpt":{"rendered":"<p>Die Infrarot Fotografie Workshops sollen theoretisches und praktisches Wissen vermitteln und richten sich sowohl an Einsteiger als auch Fortgeschrittene in der Infrarotfotografie. In theoretischen Seminaren werden Grundlagen geschaffen und die Nachbearbeitung vorgef\u00fchrt. Vor Ort entdecken wir dann ganz besondere Motive an den sch\u00f6nsten Orten Deutschlands. Sie k\u00f6nnen \u00fcbrigens Ihre Wunsch-Infrarotkamera gegen eine kleine Geb\u00fchr ausleihen, [&hellip;]<\/p>\n","protected":false},"author":1,"featured_media":0,"parent":0,"menu_order":4,"comment_status":"closed","ping_status":"closed","template":"","meta":{"footnotes":""},"class_list":["post-81","page","type-page","status-publish","hentry"],"_links":{"self":[{"href":"https:\/\/irrecams.de\/en\/wp-json\/wp\/v2\/pages\/81","targetHints":{"allow":["GET"]}}],"collection":[{"href":"https:\/\/irrecams.de\/en\/wp-json\/wp\/v2\/pages"}],"about":[{"href":"https:\/\/irrecams.de\/en\/wp-json\/wp\/v2\/types\/page"}],"author":[{"embeddable":true,"href":"https:\/\/irrecams.de\/en\/wp-json\/wp\/v2\/users\/1"}],"replies":[{"embeddable":true,"href":"https:\/\/irrecams.de\/en\/wp-json\/wp\/v2\/comments?post=81"}],"version-history":[{"count":16,"href":"https:\/\/irrecams.de\/en\/wp-json\/wp\/v2\/pages\/81\/revisions"}],"predecessor-version":[{"id":16375,"href":"https:\/\/irrecams.de\/en\/wp-json\/wp\/v2\/pages\/81\/revisions\/16375"}],"wp:attachment":[{"href":"https:\/\/irrecams.de\/en\/wp-json\/wp\/v2\/media?parent=81"}],"curies":[{"name":"wp","href":"https:\/\/api.w.org\/{rel}","templated":true}]}}