{"id":100,"date":"2015-01-07T18:04:53","date_gmt":"2015-01-07T17:04:53","guid":{"rendered":"http:\/\/wp10590344.server-he.de\/irrecams2\/?page_id=100"},"modified":"2025-03-02T00:02:53","modified_gmt":"2025-03-01T23:02:53","slug":"politica-de-cancelacion","status":"publish","type":"page","link":"https:\/\/irrecams.de\/es\/politica-de-cancelacion\/","title":{"rendered":"Pol\u00edtica de anulaci\u00f3n"},"content":{"rendered":"<p>Puede descargar la pol\u00edtica de cancelaci\u00f3n <a href=\"https:\/\/irrecams.de\/wp-content\/uploads\/2024\/07\/Widerrufsbelehrung_EN_2.pdf\" target=\"_blank\" data-type=\"attachment\" data-id=\"12251\" rel=\"noreferrer noopener\">descargar aqu\u00ed en PDF<\/a>.<\/p>\n\n\n\n<h3 class=\"wp-block-heading\">I. Pol\u00edtica de cancelaci\u00f3n de mercanc\u00edas<\/h3>\n\n\n\n<p>Los consumidores tienen un derecho de cancelaci\u00f3n de catorce d\u00edas.<\/p>\n\n\n\n<p><strong>Derecho de anulaci\u00f3n<\/strong><br>Tiene usted derecho a desistir del presente contrato en un plazo de catorce d\u00edas sin necesidad de justificaci\u00f3n. El plazo de desistimiento es de catorce d\u00edas a partir del d\u00eda en que usted o un tercero nombrado por usted, que no sea el transportista, haya tomado posesi\u00f3n de los bienes.<\/p>\n\n\n\n<p>Para ejercer el derecho de desistimiento, deber\u00e1 informarnos (Sven Lamprecht, Moorberg 8c, 18573 Dreschvitz, Deutschland, info@IRreCams.de, Tel\u00e9fono: (+49) 038306 639 817, M\u00f3vil: (+49) 0151 5 48 48 914) de su decisi\u00f3n de desistir del presente contrato mediante una declaraci\u00f3n clara (por ejemplo, una carta enviada por correo postal o electr\u00f3nico). Puede utilizar el modelo de formulario de cancelaci\u00f3n adjunto, pero no es obligatorio.<\/p>\n\n\n\n<p>Para cumplir el plazo de cancelaci\u00f3n, basta con que env\u00ede su notificaci\u00f3n de ejercicio del derecho de cancelaci\u00f3n antes de que expire el plazo de cancelaci\u00f3n.<\/p>\n\n\n\n<p><strong>Consecuencias de la anulaci\u00f3n<\/strong><\/p>\n\n\n\n<p>Si desiste del presente contrato, le reembolsaremos todos los pagos que hayamos recibido de usted, incluidos los gastos de entrega (con excepci\u00f3n de los gastos suplementarios resultantes de la elecci\u00f3n por su parte de un tipo de entrega distinto del tipo menos costoso de entrega ordinaria que ofrezcamos), sin ninguna demora indebida y, en cualquier caso, a m\u00e1s tardar 14 d\u00edas a partir del d\u00eda en que se nos informe de su decisi\u00f3n de desistir del presente contrato. Para este reembolso, utilizaremos el mismo medio de pago que usted utiliz\u00f3 para la transacci\u00f3n original, salvo que se haya acordado expresamente otra cosa con usted; en ning\u00fan caso se le cobrar\u00e1n comisiones por este reembolso. Podremos retener el reembolso hasta que hayamos recibido los bienes de vuelta o hasta que usted haya presentado una prueba de que ha devuelto los bienes, seg\u00fan qu\u00e9 condici\u00f3n se cumpla primero.<\/p>\n\n\n\n<p>Debe devolvernos o entregarnos los bienes inmediatamente y, en cualquier caso, en un plazo m\u00e1ximo de catorce d\u00edas a partir del d\u00eda en que nos informe de la rescisi\u00f3n del presente contrato. El plazo se cumple si usted env\u00eda los bienes antes de que haya expirado el plazo de catorce d\u00edas. Nosotros correremos con los gastos de devoluci\u00f3n de los bienes. S\u00f3lo tendr\u00e1 que pagar por la p\u00e9rdida de valor de los bienes si dicha p\u00e9rdida de valor se debe a una manipulaci\u00f3n de los bienes que no sea necesaria para comprobar su estado, propiedades y funcionalidad.<\/p>\n\n\n\n<figure class=\"wp-block-table\"><table><tbody><tr><td><strong>Modelo de formulario de cancelaci\u00f3n<\/strong><br><br><em>(Si desea rescindir el contrato, rellene y devuelva este formulario).<\/em><br><br> - A Sven Lamprecht, Moorberg 8c, 18573 Dreschvitz, Alemania, info@IRreCams.de<br><br> - Por la presente, yo\/nosotros (*) rescindimos el contrato celebrado por m\u00ed\/nosotros (*) para la adquisici\u00f3n de los siguientes bienes (*)\/la prestaci\u00f3n del siguiente servicio (*)<br><br> - Pedido el (*)\/recibido el (*)<br><br> - Nombre del consumidor o consumidores<br><br> - Direcci\u00f3n del consumidor o consumidores<br><br><br> - Firma del consumidor o consumidores (s\u00f3lo para notificaciones en papel)<br><br> - fecha<br><br><em>(*) T\u00e1chese lo que no proceda.<\/em><\/td><\/tr><\/tbody><\/table><\/figure>\n\n\n\n<p>Sin perjuicio de sus derechos legales, le proporcionaremos etiquetas de devoluci\u00f3n gratuitas para sus devoluciones. La etiqueta de devoluci\u00f3n se le enviar\u00e1 por correo electr\u00f3nico. Puede entregar el env\u00edo de devoluci\u00f3n en una tienda de paqueter\u00eda del proveedor correspondiente de su pa\u00eds.<\/p>\n\n\n\n<h3 class=\"wp-block-heading\">II. Pol\u00edtica de cancelaci\u00f3n de servicios<\/h3>\n\n\n\n<p><strong>Derecho de anulaci\u00f3n<\/strong><br>Tiene derecho a rescindir el presente contrato en un plazo de catorce d\u00edas sin necesidad de justificaci\u00f3n. El plazo de rescisi\u00f3n es de catorce d\u00edas a partir de la fecha de celebraci\u00f3n del contrato.<\/p>\n\n\n\n<p>Para ejercer el derecho de desistimiento, deber\u00e1 informarnos (Sven Lamprecht, Moorberg 8c, 18573 Dreschvitz, Deutschland, info@IRreCams.de, Tel\u00e9fono: (+49) 038306 639 817, M\u00f3vil: (+49) 0151 5 48 48 914) de su decisi\u00f3n de desistir del presente contrato mediante una declaraci\u00f3n clara (por ejemplo, una carta enviada por correo postal, fax o correo electr\u00f3nico). Puede utilizar el modelo de formulario de cancelaci\u00f3n adjunto, pero no es obligatorio.<\/p>\n\n\n\n<p>Para cumplir el plazo de cancelaci\u00f3n, basta con que env\u00ede su notificaci\u00f3n de ejercicio del derecho de cancelaci\u00f3n antes de que expire el plazo de cancelaci\u00f3n.<\/p>\n\n\n\n<p><strong>Consecuencias de la anulaci\u00f3n<\/strong><\/p>\n\n\n\n<p>Si desiste del presente contrato, le reembolsaremos todos los pagos que hayamos recibido de usted, incluidos los gastos de entrega (con excepci\u00f3n de los gastos suplementarios resultantes de la elecci\u00f3n por su parte de un tipo de entrega distinto del tipo menos costoso de entrega ordinaria que ofrezcamos), sin ninguna demora indebida y, en cualquier caso, a m\u00e1s tardar 14 d\u00edas a partir del d\u00eda en que se nos informe de su decisi\u00f3n de desistir del presente contrato. Para este reembolso, utilizaremos el mismo medio de pago que usted utiliz\u00f3 para la transacci\u00f3n original, a menos que se acuerde expresamente otra cosa con usted; en ning\u00fan caso se le cobrar\u00e1n comisiones por este reembolso.<\/p>\n\n\n\n<p>Si ha solicitado que los servicios comiencen durante el periodo de cancelaci\u00f3n, deber\u00e1 abonarnos una cantidad razonable correspondiente a la proporci\u00f3n de los servicios ya prestados hasta el momento en que nos informe del ejercicio del derecho de cancelaci\u00f3n con respecto a este contrato en comparaci\u00f3n con el alcance total de los servicios previstos en el contrato.<\/p>\n\n\n\n<figure class=\"wp-block-table\"><table><tbody><tr><td><strong>Modelo de formulario de cancelaci\u00f3n<\/strong><br><br><em>(Si desea rescindir el contrato, rellene y devuelva este formulario).<\/em><br><br> - A Sven Lamprecht, Moorberg 8c, 18573 Dreschvitz, Alemania, info@IRreCams.de<br><br> - Por la presente, yo\/nosotros (*) rescindimos el contrato celebrado por m\u00ed\/nosotros (*) para la adquisici\u00f3n de los siguientes bienes (*)\/la prestaci\u00f3n del siguiente servicio (*)<br><br> - Pedido el (*)\/recibido el (*)<br><br> - Nombre del consumidor o consumidores<br><br> - Direcci\u00f3n del consumidor o consumidores<br><br><br> - Firma del consumidor o consumidores (s\u00f3lo para notificaciones en papel)<br><br> - fecha<br><br><em>(*) T\u00e1chese lo que no proceda.<\/em><\/td><\/tr><\/tbody><\/table><\/figure>","protected":false},"excerpt":{"rendered":"<p>Sie k\u00f6nnen die Widerrufsbelehrung hier als PDF herunterladen. I. Widerrufsbelehrung Waren Verbraucher haben ein vierzehnt\u00e4giges Widerrufsrecht. WiderrufsrechtSie haben das Recht, binnen vierzehn Tagen ohne Angabe von Gr\u00fcnden diesen Vertrag zu widerrufen. Die Widerrufsfrist betr\u00e4gt vierzehn Tage ab dem Tag , an dem Sie oder ein von Ihnen benannter Dritter, der nicht der Bef\u00f6rderer ist, die [&hellip;]<\/p>\n","protected":false},"author":1,"featured_media":0,"parent":0,"menu_order":93,"comment_status":"closed","ping_status":"closed","template":"","meta":{"footnotes":""},"class_list":["post-100","page","type-page","status-publish","hentry"],"_links":{"self":[{"href":"https:\/\/irrecams.de\/es\/wp-json\/wp\/v2\/pages\/100","targetHints":{"allow":["GET"]}}],"collection":[{"href":"https:\/\/irrecams.de\/es\/wp-json\/wp\/v2\/pages"}],"about":[{"href":"https:\/\/irrecams.de\/es\/wp-json\/wp\/v2\/types\/page"}],"author":[{"embeddable":true,"href":"https:\/\/irrecams.de\/es\/wp-json\/wp\/v2\/users\/1"}],"replies":[{"embeddable":true,"href":"https:\/\/irrecams.de\/es\/wp-json\/wp\/v2\/comments?post=100"}],"version-history":[{"count":8,"href":"https:\/\/irrecams.de\/es\/wp-json\/wp\/v2\/pages\/100\/revisions"}],"predecessor-version":[{"id":12254,"href":"https:\/\/irrecams.de\/es\/wp-json\/wp\/v2\/pages\/100\/revisions\/12254"}],"wp:attachment":[{"href":"https:\/\/irrecams.de\/es\/wp-json\/wp\/v2\/media?parent=100"}],"curies":[{"name":"wp","href":"https:\/\/api.w.org\/{rel}","templated":true}]}}