{"id":14276,"date":"2025-03-02T13:32:16","date_gmt":"2025-03-02T12:32:16","guid":{"rendered":"https:\/\/irrecams.de\/?page_id=14276"},"modified":"2025-09-03T15:11:41","modified_gmt":"2025-09-03T13:11:41","slug":"que-filtros-son-adecuados-para-una-conversion-h-alpha-astro","status":"publish","type":"page","link":"https:\/\/irrecams.de\/es\/que-filtros-son-adecuados-para-una-conversion-h-alpha-astro\/","title":{"rendered":"\u00bfQu\u00e9 filtros son adecuados para una conversi\u00f3n astro H-alfa?"},"content":{"rendered":"<details class=\"wp-block-details has-background has-medium-font-size is-layout-flow wp-block-details-is-layout-flow\" style=\"background-color:#dfdfdf\" open><summary>\u00cdndice<\/summary>\n<blockquote class=\"wp-block-quote is-layout-flow wp-block-quote-is-layout-flow\">\n<ul class=\"wp-block-list\">\n<li><a href=\"https:\/\/irrecams.de\/es\/blog\/2021\/fotografiar-estrellas-con-camara-astromodificada\/\" data-type=\"post\" data-id=\"7019\">Ventajas de la conversi\u00f3n Astro<\/a><\/li>\n\n\n\n<li><strong>Qu\u00e9 astrofiltro<\/strong><\/li>\n\n\n\n<li><a href=\"https:\/\/irrecams.de\/es\/como-se-puede-utilizar-una-camara-astronomica-para-hacer-fotografias-normales-durante-el-dia\/\" data-type=\"page\" data-id=\"14282\">Astro c\u00e1mara durante el d\u00eda<\/a><\/li>\n\n\n\n<li><a href=\"https:\/\/irrecams.de\/es\/filtros-adicionales-para-astrofotografia\/\" data-type=\"page\" data-id=\"14298\">Filtros adicionales<\/a><\/li>\n<\/ul>\n<\/blockquote>\n<\/details>\n\n\n\n<p>Para la astrofotograf\u00eda, una c\u00e1mara IR pura con un filtro infrarrojo de 630 nm, por ejemplo, no es la mejor opci\u00f3n. Por supuesto, tras la conversi\u00f3n, las c\u00e1maras son lo suficientemente sensibles como para captar las estrellas de noche y tambi\u00e9n ven las regiones H-alfa del espectro. Sin embargo, como se ha descrito al principio, la astrofotograf\u00eda suele estar interesada en representar condiciones naturales. Si te apetece salir a cazar estrellas con una c\u00e1mara de infrarrojos, no queremos detenerte en este punto.<\/p>\n\n\n\n<figure class=\"wp-block-image size-large\"><a href=\"https:\/\/irrecams.de\/wp-content\/uploads\/2024\/03\/T3IR2850-T3IR2879.jpg\"><img loading=\"lazy\" decoding=\"async\" width=\"1024\" height=\"1024\" src=\"https:\/\/irrecams.de\/wp-content\/uploads\/2024\/03\/T3IR2850-T3IR2879-1024x1024.jpg\" alt=\"V\u00eda L\u00e1ctea infrarroja (630 nm)\" class=\"wp-image-11605\" srcset=\"https:\/\/irrecams.de\/wp-content\/uploads\/2024\/03\/T3IR2850-T3IR2879-1024x1024.jpg 1024w, https:\/\/irrecams.de\/wp-content\/uploads\/2024\/03\/T3IR2850-T3IR2879-300x300.jpg 300w, https:\/\/irrecams.de\/wp-content\/uploads\/2024\/03\/T3IR2850-T3IR2879-150x150.jpg 150w, https:\/\/irrecams.de\/wp-content\/uploads\/2024\/03\/T3IR2850-T3IR2879-768x768.jpg 768w, https:\/\/irrecams.de\/wp-content\/uploads\/2024\/03\/T3IR2850-T3IR2879-1536x1536.jpg 1536w, https:\/\/irrecams.de\/wp-content\/uploads\/2024\/03\/T3IR2850-T3IR2879-12x12.jpg 12w, https:\/\/irrecams.de\/wp-content\/uploads\/2024\/03\/T3IR2850-T3IR2879-450x450.jpg 450w, https:\/\/irrecams.de\/wp-content\/uploads\/2024\/03\/T3IR2850-T3IR2879-600x600.jpg 600w, https:\/\/irrecams.de\/wp-content\/uploads\/2024\/03\/T3IR2850-T3IR2879-100x100.jpg 100w, https:\/\/irrecams.de\/wp-content\/uploads\/2024\/03\/T3IR2850-T3IR2879.jpg 1920w\" sizes=\"auto, (max-width: 1024px) 100vw, 1024px\" \/><\/a><figcaption class=\"wp-element-caption\">V\u00eda L\u00e1ctea infrarroja (630 nm)<\/figcaption><\/figure>\n\n\n\n<p><\/p>\n\n\n\n<p>Para la astrofotograf\u00eda, puede elegir entre un filtro de espectro completo y un filtro astro. Ambos filtros tienen ventajas e inconvenientes, pero antes de entrar en detalles, aqu\u00ed tienes un breve resumen:<\/p>\n\n\n\n<figure class=\"wp-block-table is-style-stripes\"><table class=\"has-fixed-layout\"><thead><tr><th><\/th><th class=\"has-text-align-center\" data-align=\"center\">Espectro completo<\/th><th class=\"has-text-align-center\" data-align=\"center\">Astrofiltro<\/th><\/tr><\/thead><tbody><tr><td>Correcci\u00f3n del color<\/td><td class=\"has-text-align-center\" data-align=\"center\">Parcialmente complejo<\/td><td class=\"has-text-align-center\" data-align=\"center\">El balance de blancos es suficiente<\/td><\/tr><tr><td>Fotograf\u00eda de d\u00eda<\/td><td class=\"has-text-align-center\" data-align=\"center\">Desviaciones crom\u00e1ticas extremas<\/td><td class=\"has-text-align-center\" data-align=\"center\">Peque\u00f1as desviaciones de color<\/td><\/tr><tr><td>Filtros adicionales para astrofotograf\u00eda<\/td><td class=\"has-text-align-center\" data-align=\"center\">Los filtros de luminancia o UHC son muy recomendables<\/td><td class=\"has-text-align-center\" data-align=\"center\">No es necesario, pero los filtros contra la contaminaci\u00f3n lum\u00ednica son \u00fatiles<\/td><\/tr><tr><td>Im\u00e1genes multiespectrales (por ejemplo, Venus en UV)<\/td><td class=\"has-text-align-center\" data-align=\"center\">posible para el cielo profundo<\/td><td class=\"has-text-align-center\" data-align=\"center\">no es posible<\/td><\/tr><tr><td>Halos alrededor de estrellas brillantes<\/td><td class=\"has-text-align-center\" data-align=\"center\">Ocurre con im\u00e1genes de cielo profundo<\/td><td class=\"has-text-align-center\" data-align=\"center\">Sin halos gracias al eficaz recubrimiento del cristal<\/td><\/tr><tr><td>Recomendado para<\/td><td class=\"has-text-align-center\" data-align=\"center\">Aplicaci\u00f3n de cielo profundo si ya se dispone de filtros adicionales<\/td><td class=\"has-text-align-center\" data-align=\"center\">Paisajes nocturnos y cielo profundo sin filtros adicionales<\/td><\/tr><tr><td>No recomendado para<\/td><td class=\"has-text-align-center\" data-align=\"center\">Paisajes nocturnos<\/td><td class=\"has-text-align-center\" data-align=\"center\">Im\u00e1genes multiespectrales y cient\u00edficas en el rango IR o UV<\/td><\/tr><\/tbody><\/table><\/figure>\n\n\n\n<figure class=\"wp-block-image size-large\"><a href=\"https:\/\/irrecams.de\/wp-content\/uploads\/2021\/04\/astro_transmission_de.png\"><img loading=\"lazy\" decoding=\"async\" width=\"1024\" height=\"580\" src=\"https:\/\/irrecams.de\/wp-content\/uploads\/2021\/04\/astro_transmission_de-1024x580.png\" alt=\"Curva de transmisi\u00f3n de un astrofiltro - H-alfa puede pasar sin obst\u00e1culos\" class=\"wp-image-6829\" srcset=\"https:\/\/irrecams.de\/wp-content\/uploads\/2021\/04\/astro_transmission_de-1024x580.png 1024w, https:\/\/irrecams.de\/wp-content\/uploads\/2021\/04\/astro_transmission_de-600x340.png 600w, https:\/\/irrecams.de\/wp-content\/uploads\/2021\/04\/astro_transmission_de-300x170.png 300w, https:\/\/irrecams.de\/wp-content\/uploads\/2021\/04\/astro_transmission_de-768x435.png 768w, https:\/\/irrecams.de\/wp-content\/uploads\/2021\/04\/astro_transmission_de-1536x870.png 1536w, https:\/\/irrecams.de\/wp-content\/uploads\/2021\/04\/astro_transmission_de-16x9.png 16w, https:\/\/irrecams.de\/wp-content\/uploads\/2021\/04\/astro_transmission_de-350x198.png 350w, https:\/\/irrecams.de\/wp-content\/uploads\/2021\/04\/astro_transmission_de.png 2000w\" sizes=\"auto, (max-width: 1024px) 100vw, 1024px\" \/><\/a><figcaption class=\"wp-element-caption\">Curva de transmisi\u00f3n de un filtro astro - H-alfa puede pasar sin obst\u00e1culos<\/figcaption><\/figure>\n\n\n\n<p><\/p>\n\n\n\n<h2 class=\"wp-block-heading\">Conversi\u00f3n de espectro completo para astrofotograf\u00eda<\/h2>\n\n\n\n<p>A <a class=\"rank-math-link\" href=\"https:\/\/irrecams.de\/es\/explicacion-de-la-tecnologia-de-conversion-de-infrarrojos\/\">Conversi\u00f3n de espectro completo<\/a> con filtro de paso largo de 280 nm abre la c\u00e1mara para el espectro completo desde la gama UV hasta la IR, es decir, incluida la gama H-alfa. Una c\u00e1mara de este tipo puede funcionar sin filtros adicionales con una ganancia real de sensibilidad. Por otro lado, es muy flexible y puede utilizar filtros atornillables en el objetivo o en el telescopio para reducir el espectro. Las im\u00e1genes multiespectrales con filtros de paso de banda estrechos y los an\u00e1lisis m\u00e1s cient\u00edficos son posibles, realmente se tiene la m\u00e1xima libertad con una c\u00e1mara de este tipo.<\/p>\n\n\n\n<p>Sin embargo, los colores producidos por una c\u00e1mara de espectro completo est\u00e1n claramente \"apagados\" debido a la mezcla de varias longitudes de onda y requieren un amplio postprocesado si no se utilizan filtros adicionales. Con distancias focales largas y telescopios, esto suele corregirse con relativa facilidad utilizando un balance de blancos. Adem\u00e1s de los colores desplazados, tambi\u00e9n se pondr\u00e1n de manifiesto otros puntos d\u00e9biles del objetivo. La luz ultravioleta y la infrarroja, que inciden en el sensor en determinadas proporciones, se difractan en diferentes grados. En principio, cabe esperar un mayor grado de aberraciones crom\u00e1ticas y franjas de color, por lo que la fotograf\u00eda \"desnuda\" sin filtros adicionales resulta problem\u00e1tica.<\/p>\n\n\n\n<figure class=\"wp-block-gallery has-nested-images columns-2 is-cropped wp-block-gallery-1 is-layout-flex wp-block-gallery-is-layout-flex\">\n<figure class=\"wp-block-image size-large\"><a href=\"https:\/\/irrecams.de\/wp-content\/uploads\/2025\/03\/XT4A8882_stack.jpg\"><img loading=\"lazy\" decoding=\"async\" width=\"683\" height=\"1024\" data-id=\"14306\" src=\"https:\/\/irrecams.de\/wp-content\/uploads\/2025\/03\/XT4A8882_stack-683x1024.jpg\" alt=\"Paisaje nocturno con c\u00e1mara sin modificar\" class=\"wp-image-14306\" srcset=\"https:\/\/irrecams.de\/wp-content\/uploads\/2025\/03\/XT4A8882_stack-683x1024.jpg 683w, https:\/\/irrecams.de\/wp-content\/uploads\/2025\/03\/XT4A8882_stack-200x300.jpg 200w, https:\/\/irrecams.de\/wp-content\/uploads\/2025\/03\/XT4A8882_stack-768x1152.jpg 768w, https:\/\/irrecams.de\/wp-content\/uploads\/2025\/03\/XT4A8882_stack-1024x1536.jpg 1024w, https:\/\/irrecams.de\/wp-content\/uploads\/2025\/03\/XT4A8882_stack-8x12.jpg 8w, https:\/\/irrecams.de\/wp-content\/uploads\/2025\/03\/XT4A8882_stack-600x900.jpg 600w, https:\/\/irrecams.de\/wp-content\/uploads\/2025\/03\/XT4A8882_stack.jpg 1280w\" sizes=\"auto, (max-width: 683px) 100vw, 683px\" \/><\/a><figcaption class=\"wp-element-caption\">Paisaje nocturno con c\u00e1mara sin modificar<\/figcaption><\/figure>\n\n\n\n<figure class=\"wp-block-image size-large\"><a href=\"https:\/\/irrecams.de\/wp-content\/uploads\/2025\/03\/IRH28996_stack.jpg\"><img loading=\"lazy\" decoding=\"async\" width=\"683\" height=\"1024\" data-id=\"14303\" src=\"https:\/\/irrecams.de\/wp-content\/uploads\/2025\/03\/IRH28996_stack-683x1024.jpg\" alt=\"Paisaje nocturno con c\u00e1mara astron\u00f3mica de espectro completo\" class=\"wp-image-14303\" srcset=\"https:\/\/irrecams.de\/wp-content\/uploads\/2025\/03\/IRH28996_stack-683x1024.jpg 683w, https:\/\/irrecams.de\/wp-content\/uploads\/2025\/03\/IRH28996_stack-200x300.jpg 200w, https:\/\/irrecams.de\/wp-content\/uploads\/2025\/03\/IRH28996_stack-768x1152.jpg 768w, https:\/\/irrecams.de\/wp-content\/uploads\/2025\/03\/IRH28996_stack-1024x1536.jpg 1024w, https:\/\/irrecams.de\/wp-content\/uploads\/2025\/03\/IRH28996_stack-8x12.jpg 8w, https:\/\/irrecams.de\/wp-content\/uploads\/2025\/03\/IRH28996_stack-600x900.jpg 600w, https:\/\/irrecams.de\/wp-content\/uploads\/2025\/03\/IRH28996_stack.jpg 1280w\" sizes=\"auto, (max-width: 683px) 100vw, 683px\" \/><\/a><figcaption class=\"wp-element-caption\">Paisaje nocturno con c\u00e1mara astron\u00f3mica de espectro completo<\/figcaption><\/figure>\n\n\n\n<figure class=\"wp-block-image size-large\"><a href=\"https:\/\/irrecams.de\/wp-content\/uploads\/2022\/02\/Orion_VS.jpg\"><img loading=\"lazy\" decoding=\"async\" width=\"1024\" height=\"508\" data-id=\"7766\" src=\"https:\/\/irrecams.de\/wp-content\/uploads\/2022\/02\/Orion_VS-1024x508.jpg\" alt=\"Izquierda: C\u00e1mara normal | Derecha: C\u00e1mara de espectro completo\" class=\"wp-image-7766\" srcset=\"https:\/\/irrecams.de\/wp-content\/uploads\/2022\/02\/Orion_VS-1024x508.jpg 1024w, https:\/\/irrecams.de\/wp-content\/uploads\/2022\/02\/Orion_VS-600x298.jpg 600w, https:\/\/irrecams.de\/wp-content\/uploads\/2022\/02\/Orion_VS-300x149.jpg 300w, https:\/\/irrecams.de\/wp-content\/uploads\/2022\/02\/Orion_VS-768x381.jpg 768w, https:\/\/irrecams.de\/wp-content\/uploads\/2022\/02\/Orion_VS-1536x762.jpg 1536w, https:\/\/irrecams.de\/wp-content\/uploads\/2022\/02\/Orion_VS-18x9.jpg 18w, https:\/\/irrecams.de\/wp-content\/uploads\/2022\/02\/Orion_VS-350x174.jpg 350w, https:\/\/irrecams.de\/wp-content\/uploads\/2022\/02\/Orion_VS.jpg 1920w\" sizes=\"auto, (max-width: 1024px) 100vw, 1024px\" \/><\/a><figcaption class=\"wp-element-caption\">Izquierda: C\u00e1mara normal | Derecha: C\u00e1mara de espectro completo<\/figcaption><\/figure>\n<\/figure>\n\n\n\n<p>Sin embargo, en cuanto se toman fotograf\u00edas con objetivos gran angular, surgen m\u00e1s problemas, sobre todo debido a la omnipresente contaminaci\u00f3n lum\u00ednica. Con una c\u00e1mara de espectro completo, \u00e9sta adquiere un color verdoso en lugar del habitual tono amarillo anaranjado. Adem\u00e1s, dependiendo de la contaminaci\u00f3n lum\u00ednica en las inmediaciones, puede producirse una clara coloraci\u00f3n p\u00farpura de la vegetaci\u00f3n.<\/p>\n\n\n\n<p>No podemos recomendar una conversi\u00f3n de espectro completo para paisajes nocturnos con objetivos gran angular porque los componentes infrarrojos de la contaminaci\u00f3n lum\u00ednica afectan negativamente a la imagen. Sin embargo, utilizarlo en un telescopio puede ser \u00fatil, especialmente con filtros adicionales.<\/p>\n\n\n\n<p><\/p>\n\n\n\n<h2 class=\"wp-block-heading\">Construcci\u00f3n de una c\u00e1mara con un filtro astro \"real <\/h2>\n\n\n\n<p>Un filtro astro \"real\", espec\u00edficamente denominado filtro de luminancia (a menudo tambi\u00e9n llamado filtro H-alfa), es un filtro de bloqueo UV\/IR que s\u00f3lo permite el paso del rango espectral visible, al igual que el filtro de bloqueo original. Sin embargo, el filtro astro est\u00e1 abierto un poco m\u00e1s en el rango del infrarrojo cercano, lo que permite que el rango espectral H-alfa llegue al sensor sin obst\u00e1culos. Por supuesto, la calidad tambi\u00e9n es prioritaria en este caso. <a href=\"https:\/\/optolong.com\/index.php\/cms\/document\/detail\/id\/146.html\" target=\"_blank\" rel=\"noreferrer noopener\">Astrofiltro de Optolong<\/a> para nuestras astromodificaciones.<\/p>\n\n\n\n<p>Un filtro astro \"adecuado\" pr\u00e1cticamente no tiene problemas de aberraciones crom\u00e1ticas porque no entran zonas UV o infrarrojas en el recorrido de la luz. Adem\u00e1s, no hay decoloraciones at\u00edpicas del cielo o la vegetaci\u00f3n debidas a la contaminaci\u00f3n lum\u00ednica; el paisaje de la imagen aparece natural y equilibrado. Por supuesto, hay un desplazamiento del color hacia el rojo, pero esto se puede corregir r\u00e1pida y f\u00e1cilmente con un simple balance de blancos, incluso con objetivos gran angular. <\/p>\n\n\n\n<figure class=\"wp-block-gallery has-nested-images columns-2 is-cropped wp-block-gallery-2 is-layout-flex wp-block-gallery-is-layout-flex\">\n<figure class=\"wp-block-image size-large\"><a href=\"https:\/\/irrecams.de\/wp-content\/uploads\/2025\/03\/XT4A8882_stack.jpg\"><img loading=\"lazy\" decoding=\"async\" width=\"683\" height=\"1024\" data-id=\"14306\" src=\"https:\/\/irrecams.de\/wp-content\/uploads\/2025\/03\/XT4A8882_stack-683x1024.jpg\" alt=\"Paisaje nocturno con c\u00e1mara sin modificar\" class=\"wp-image-14306\" srcset=\"https:\/\/irrecams.de\/wp-content\/uploads\/2025\/03\/XT4A8882_stack-683x1024.jpg 683w, https:\/\/irrecams.de\/wp-content\/uploads\/2025\/03\/XT4A8882_stack-200x300.jpg 200w, https:\/\/irrecams.de\/wp-content\/uploads\/2025\/03\/XT4A8882_stack-768x1152.jpg 768w, https:\/\/irrecams.de\/wp-content\/uploads\/2025\/03\/XT4A8882_stack-1024x1536.jpg 1024w, https:\/\/irrecams.de\/wp-content\/uploads\/2025\/03\/XT4A8882_stack-8x12.jpg 8w, https:\/\/irrecams.de\/wp-content\/uploads\/2025\/03\/XT4A8882_stack-600x900.jpg 600w, https:\/\/irrecams.de\/wp-content\/uploads\/2025\/03\/XT4A8882_stack.jpg 1280w\" sizes=\"auto, (max-width: 683px) 100vw, 683px\" \/><\/a><figcaption class=\"wp-element-caption\">Paisaje nocturno con c\u00e1mara sin modificar<\/figcaption><\/figure>\n\n\n\n<figure class=\"wp-block-image size-large\"><a href=\"https:\/\/irrecams.de\/wp-content\/uploads\/2025\/03\/XT4A8875_stack.jpg\"><img loading=\"lazy\" decoding=\"async\" width=\"683\" height=\"1024\" data-id=\"14305\" src=\"https:\/\/irrecams.de\/wp-content\/uploads\/2025\/03\/XT4A8875_stack-683x1024.jpg\" alt=\"Paisaje nocturno con c\u00e1mara astromodificada\" class=\"wp-image-14305\" srcset=\"https:\/\/irrecams.de\/wp-content\/uploads\/2025\/03\/XT4A8875_stack-683x1024.jpg 683w, https:\/\/irrecams.de\/wp-content\/uploads\/2025\/03\/XT4A8875_stack-200x300.jpg 200w, https:\/\/irrecams.de\/wp-content\/uploads\/2025\/03\/XT4A8875_stack-768x1152.jpg 768w, https:\/\/irrecams.de\/wp-content\/uploads\/2025\/03\/XT4A8875_stack-1024x1536.jpg 1024w, https:\/\/irrecams.de\/wp-content\/uploads\/2025\/03\/XT4A8875_stack-8x12.jpg 8w, https:\/\/irrecams.de\/wp-content\/uploads\/2025\/03\/XT4A8875_stack-600x900.jpg 600w, https:\/\/irrecams.de\/wp-content\/uploads\/2025\/03\/XT4A8875_stack.jpg 1280w\" sizes=\"auto, (max-width: 683px) 100vw, 683px\" \/><\/a><figcaption class=\"wp-element-caption\">Paisaje nocturno con c\u00e1mara astromodificada<\/figcaption><\/figure>\n\n\n\n<figure class=\"wp-block-image size-large\"><a href=\"https:\/\/irrecams.de\/wp-content\/uploads\/2022\/02\/Orion_Astro.jpg\"><img loading=\"lazy\" decoding=\"async\" width=\"1024\" height=\"508\" data-id=\"7765\" src=\"https:\/\/irrecams.de\/wp-content\/uploads\/2022\/02\/Orion_Astro-1024x508.jpg\" alt=\"Izquierda: C\u00e1mara normal | Derecha: C\u00e1mara convertida con filtro astro\" class=\"wp-image-7765\" srcset=\"https:\/\/irrecams.de\/wp-content\/uploads\/2022\/02\/Orion_Astro-1024x508.jpg 1024w, https:\/\/irrecams.de\/wp-content\/uploads\/2022\/02\/Orion_Astro-600x298.jpg 600w, https:\/\/irrecams.de\/wp-content\/uploads\/2022\/02\/Orion_Astro-300x149.jpg 300w, https:\/\/irrecams.de\/wp-content\/uploads\/2022\/02\/Orion_Astro-768x381.jpg 768w, https:\/\/irrecams.de\/wp-content\/uploads\/2022\/02\/Orion_Astro-1536x762.jpg 1536w, https:\/\/irrecams.de\/wp-content\/uploads\/2022\/02\/Orion_Astro-18x9.jpg 18w, https:\/\/irrecams.de\/wp-content\/uploads\/2022\/02\/Orion_Astro-350x174.jpg 350w, https:\/\/irrecams.de\/wp-content\/uploads\/2022\/02\/Orion_Astro.jpg 1920w\" sizes=\"auto, (max-width: 1024px) 100vw, 1024px\" \/><\/a><figcaption class=\"wp-element-caption\">Izquierda: C\u00e1mara normal | Derecha: C\u00e1mara convertida con filtro astro<\/figcaption><\/figure>\n<\/figure>\n\n\n\n<p>En conjunto, el filtro astro ha eliminado pr\u00e1cticamente todas las desventajas de una conversi\u00f3n a espectro completo (aunque no se observe un aumento de la sensibilidad b\u00e1sica). Sin embargo, sigue existiendo una desventaja importante: estos filtros son relativamente caros y suponen un coste adicional significativo en comparaci\u00f3n con una c\u00e1mara de espectro completo. Si tiene previsto adquirir filtros adicionales (de paso de banda) de todos modos, una conversi\u00f3n de espectro completo ser\u00eda m\u00e1s favorable, al menos para trabajar en el telescopio.<\/p>\n\n\n\n<p><\/p>\n\n\n\n<h2 class=\"wp-block-heading\">Conversi\u00f3n de espectro completo simplemente combinada con un astrofiltro<\/h2>\n\n\n\n<p>El gran atractivo de una c\u00e1mara de espectro completo es que, en principio, basta con enroscar cualquier filtro delante del objetivo y empezar a fotografiar. Entonces, \u00bfpor qu\u00e9 no ofrecemos filtros astro enroscables?<\/p>\n\n\n\n<p>Por desgracia, los astrofiltros funcionan seg\u00fan un principio distinto al de los filtros de infrarrojos (interferencia en lugar de absorci\u00f3n), lo que conlleva una desventaja decisiva: la dependencia angular del efecto del filtro. Siempre que la luz incida sobre la superficie del filtro en posici\u00f3n vertical o casi vertical, los astrofiltros son estupendos y ofrecen resultados muy buenos y definidos con precisi\u00f3n: con objetivos normales, teleobjetivos y telescopios a partir de 50 mm, no hay restricciones para el uso de filtros enroscables.<\/p>\n\n\n\n<p>Lamentablemente, los filtros astro no son adecuados como filtros enroscables en objetivos gran angular. Con los objetivos gran angular, la luz incide sobre el filtro en el borde de la imagen con un \u00e1ngulo relativamente agudo, lo que provoca un efecto de filtro diferente. Lo que se observa es un desplazamiento del color desde el centro de la imagen hacia los bordes, un efecto muy molesto que lamentablemente no se puede corregir f\u00e1cilmente a posteriori.<\/p>\n\n\n\n<p>Por lo tanto, una c\u00e1mara de espectro completo no puede utilizarse para fotograf\u00eda nocturna con un filtro astro sin m\u00e1s, al menos no con objetivos gran angular. Recomendamos encarecidamente utilizar una c\u00e1mara con un filtro astro instalado de forma permanente para im\u00e1genes gran angular con el fin de garantizar la mejor calidad de imagen posible.<\/p>\n\n\n\n<hr class=\"wp-block-separator has-alpha-channel-opacity\"\/>\n\n\n\n<div class=\"wp-block-buttons is-horizontal is-content-justification-center is-layout-flex wp-container-core-buttons-is-layout-03627597 wp-block-buttons-is-layout-flex\">\n<div class=\"wp-block-button\"><a class=\"wp-block-button__link wp-element-button\" href=\"https:\/\/irrecams.de\/es\/filtros-astro-fotografiar-estrellas-de-noche-con-camaras-modificadas\/\" style=\"border-radius:5px\">Conversi\u00f3n Advantage Astro<\/a><\/div>\n\n\n\n<div class=\"wp-block-button\"><a class=\"wp-block-button__link wp-element-button\" href=\"https:\/\/irrecams.de\/es\/como-se-puede-utilizar-una-camara-astronomica-para-hacer-fotografias-normales-durante-el-dia\/\" style=\"border-radius:5px\">Astro c\u00e1mara durante el d\u00eda<\/a><\/div>\n\n\n\n<div class=\"wp-block-button\"><a class=\"wp-block-button__link wp-element-button\" href=\"https:\/\/irrecams.de\/es\/filtros-adicionales-para-astrofotografia\/\" style=\"border-radius:5px\">Filtros adicionales<\/a><\/div>\n\n\n\n<div class=\"wp-block-button\"><a class=\"wp-block-button__link wp-element-button\" href=\"https:\/\/irrecams.de\/es\/categoria-producto\/servicio-de-conversion-de-astrocamaras\/\" style=\"border-radius:5px\">Encargar conversi\u00f3n Astro<\/a><\/div>\n\n\n\n<div class=\"wp-block-button\"><a class=\"wp-block-button__link wp-element-button\" href=\"https:\/\/irrecams.de\/es\/galeria-de-infrarrojos\/tomada-con-astrofiltro\/\" style=\"border-radius:5px\">M\u00e1s astrofotos<\/a><\/div>\n\n\n\n<div class=\"wp-block-button\"><a class=\"wp-block-button__link wp-element-button\" href=\"https:\/\/irrecams.de\/es\/fotografia-infrarroja\/\" style=\"border-radius:5px\">M\u00e1s informaci\u00f3n sobre la fotograf\u00eda infrarroja<\/a><\/div>\n<\/div>\n\n\n\n<hr class=\"wp-block-separator has-alpha-channel-opacity\"\/>\n\n\n\n<figure class=\"wp-block-image size-large\"><a href=\"https:\/\/irrecams.de\/wp-content\/uploads\/2021\/10\/Stack_Muehle_Shrink.jpg\"><img loading=\"lazy\" decoding=\"async\" width=\"644\" height=\"1024\" src=\"https:\/\/irrecams.de\/wp-content\/uploads\/2021\/10\/Stack_Muehle_Shrink-644x1024.jpg\" alt=\"V\u00eda L\u00e1ctea y molino con astroc\u00e1mara\" class=\"wp-image-7451\" srcset=\"https:\/\/irrecams.de\/wp-content\/uploads\/2021\/10\/Stack_Muehle_Shrink-644x1024.jpg 644w, https:\/\/irrecams.de\/wp-content\/uploads\/2021\/10\/Stack_Muehle_Shrink-600x954.jpg 600w, https:\/\/irrecams.de\/wp-content\/uploads\/2021\/10\/Stack_Muehle_Shrink-189x300.jpg 189w, https:\/\/irrecams.de\/wp-content\/uploads\/2021\/10\/Stack_Muehle_Shrink-768x1222.jpg 768w, https:\/\/irrecams.de\/wp-content\/uploads\/2021\/10\/Stack_Muehle_Shrink-966x1536.jpg 966w, https:\/\/irrecams.de\/wp-content\/uploads\/2021\/10\/Stack_Muehle_Shrink-8x12.jpg 8w, https:\/\/irrecams.de\/wp-content\/uploads\/2021\/10\/Stack_Muehle_Shrink-350x557.jpg 350w, https:\/\/irrecams.de\/wp-content\/uploads\/2021\/10\/Stack_Muehle_Shrink.jpg 1207w\" sizes=\"auto, (max-width: 644px) 100vw, 644px\" \/><\/a><figcaption class=\"wp-element-caption\">V\u00eda L\u00e1ctea y molino con astroc\u00e1mara<\/figcaption><\/figure>","protected":false},"excerpt":{"rendered":"<p>F\u00fcr die Astrofotografie ist eine reine IR Kamera mit z.B. 630 nm Infrarot Filter nicht die beste Wahl. Nat\u00fcrlich sind die Kameras nach dem Umbau ausreichend sensitiv, um auch nachts die Sterne erfassen zu k\u00f6nnen und au\u00dferdem sehen sie auch die H-Alpha Bereiche des Spektrums. Wie eingangs beschrieben ist die Astrofotografie aber typischerweise daran interessiert [&hellip;]<\/p>\n","protected":false},"author":1,"featured_media":0,"parent":0,"menu_order":21,"comment_status":"closed","ping_status":"closed","template":"","meta":{"footnotes":""},"class_list":["post-14276","page","type-page","status-publish","hentry"],"_links":{"self":[{"href":"https:\/\/irrecams.de\/es\/wp-json\/wp\/v2\/pages\/14276","targetHints":{"allow":["GET"]}}],"collection":[{"href":"https:\/\/irrecams.de\/es\/wp-json\/wp\/v2\/pages"}],"about":[{"href":"https:\/\/irrecams.de\/es\/wp-json\/wp\/v2\/types\/page"}],"author":[{"embeddable":true,"href":"https:\/\/irrecams.de\/es\/wp-json\/wp\/v2\/users\/1"}],"replies":[{"embeddable":true,"href":"https:\/\/irrecams.de\/es\/wp-json\/wp\/v2\/comments?post=14276"}],"version-history":[{"count":15,"href":"https:\/\/irrecams.de\/es\/wp-json\/wp\/v2\/pages\/14276\/revisions"}],"predecessor-version":[{"id":15474,"href":"https:\/\/irrecams.de\/es\/wp-json\/wp\/v2\/pages\/14276\/revisions\/15474"}],"wp:attachment":[{"href":"https:\/\/irrecams.de\/es\/wp-json\/wp\/v2\/media?parent=14276"}],"curies":[{"name":"wp","href":"https:\/\/api.w.org\/{rel}","templated":true}]}}