{"id":14282,"date":"2025-03-02T13:31:51","date_gmt":"2025-03-02T12:31:51","guid":{"rendered":"https:\/\/irrecams.de\/?page_id=14282"},"modified":"2025-03-02T14:31:56","modified_gmt":"2025-03-02T13:31:56","slug":"como-se-puede-utilizar-una-camara-astronomica-para-hacer-fotografias-normales-durante-el-dia","status":"publish","type":"page","link":"https:\/\/irrecams.de\/es\/como-se-puede-utilizar-una-camara-astronomica-para-hacer-fotografias-normales-durante-el-dia\/","title":{"rendered":"C\u00f3mo utilizar una c\u00e1mara astron\u00f3mica para hacer fotograf\u00edas normales durante el d\u00eda"},"content":{"rendered":"<details class=\"wp-block-details has-background has-medium-font-size is-layout-flow wp-block-details-is-layout-flow\" style=\"background-color:#dfdfdf\" open><summary>\u00cdndice<\/summary>\n<blockquote class=\"wp-block-quote is-layout-flow wp-block-quote-is-layout-flow\">\n<ul class=\"wp-block-list\">\n<li><a href=\"https:\/\/irrecams.de\/es\/blog\/2021\/fotografiar-estrellas-con-camara-astromodificada\/\" data-type=\"post\" data-id=\"7019\">Ventajas de la conversi\u00f3n Astro<\/a><\/li>\n\n\n\n<li><a href=\"https:\/\/irrecams.de\/es\/que-filtros-son-adecuados-para-una-conversion-h-alpha-astro\/\" data-type=\"page\" data-id=\"14276\">Qu\u00e9 astrofiltro<\/a><\/li>\n\n\n\n<li><strong>Astro c\u00e1mara durante el d\u00eda<\/strong><\/li>\n\n\n\n<li><a href=\"https:\/\/irrecams.de\/es\/filtros-adicionales-para-astrofotografia\/\" data-type=\"page\" data-id=\"14298\">Filtros adicionales<\/a><\/li>\n<\/ul>\n<\/blockquote>\n<\/details>\n\n\n\n<p>A menudo se lee que una c\u00e1mara modificada para astrofotograf\u00eda no puede utilizarse para fotograf\u00eda diurna normal. Una afirmaci\u00f3n tan generalizada es demasiado indiferenciada y casi err\u00f3nea: la idoneidad diurna depende del tipo de modificaci\u00f3n y puede mejorarse dr\u00e1sticamente con un filtro adicional, seg\u00fan el tipo de c\u00e1mara.<\/p>\n\n\n\n<figure class=\"wp-block-image size-large\"><a href=\"https:\/\/irrecams.de\/wp-content\/uploads\/2024\/11\/T3_Optolong_ashin_star_3.jpg\"><img loading=\"lazy\" decoding=\"async\" width=\"1024\" height=\"685\" src=\"https:\/\/irrecams.de\/wp-content\/uploads\/2024\/11\/T3_Optolong_ashin_star_3-1024x685.jpg\" alt=\"Barnard&#039;s Loop con c\u00e1mara astron\u00f3mica\" class=\"wp-image-13816\" srcset=\"https:\/\/irrecams.de\/wp-content\/uploads\/2024\/11\/T3_Optolong_ashin_star_3-1024x685.jpg 1024w, https:\/\/irrecams.de\/wp-content\/uploads\/2024\/11\/T3_Optolong_ashin_star_3-300x201.jpg 300w, https:\/\/irrecams.de\/wp-content\/uploads\/2024\/11\/T3_Optolong_ashin_star_3-768x514.jpg 768w, https:\/\/irrecams.de\/wp-content\/uploads\/2024\/11\/T3_Optolong_ashin_star_3-1536x1027.jpg 1536w, https:\/\/irrecams.de\/wp-content\/uploads\/2024\/11\/T3_Optolong_ashin_star_3-18x12.jpg 18w, https:\/\/irrecams.de\/wp-content\/uploads\/2024\/11\/T3_Optolong_ashin_star_3-600x401.jpg 600w, https:\/\/irrecams.de\/wp-content\/uploads\/2024\/11\/T3_Optolong_ashin_star_3.jpg 1920w\" sizes=\"auto, (max-width: 1024px) 100vw, 1024px\" \/><\/a><figcaption class=\"wp-element-caption\">Barnard's Loop con c\u00e1mara astron\u00f3mica<\/figcaption><\/figure>\n\n\n\n<p>B\u00e1sicamente, se ha aumentado mucho la sensibilidad al rojo o, seg\u00fan la modificaci\u00f3n, la sensibilidad al infrarrojo de la c\u00e1mara. Como resultado, una c\u00e1mara modificada produce una imagen claramente coloreada en rojo bajo la luz del sol, que no se ve bien al principio. Al igual que con una c\u00e1mara de infrarrojos, el balance de blancos autom\u00e1tico de la c\u00e1mara es incapaz de hacer frente a esta dominante de color y siempre producir\u00e1 una dominante roja. Sin embargo, con un balance de blancos manual sobre una tarjeta gris o una hoja de papel blanco, se puede contrarrestar eficazmente el tinte rojo y crear una imagen con un ambiente de color equilibrado. Sin embargo, es importante tener en cuenta que el balance de blancos es fijo y debe ajustarse en funci\u00f3n de la situaci\u00f3n de iluminaci\u00f3n volviendo a medir una tarjeta gris o una hoja de papel blanco. Por supuesto, el balance de blancos tambi\u00e9n puede ajustarse posteriormente a partir de un archivo RAW.<\/p>\n\n\n\n<figure class=\"wp-block-image size-large\"><a href=\"https:\/\/irrecams.de\/wp-content\/uploads\/2021\/04\/astro_transmission_de.png\"><img loading=\"lazy\" decoding=\"async\" width=\"1024\" height=\"580\" src=\"https:\/\/irrecams.de\/wp-content\/uploads\/2021\/04\/astro_transmission_de-1024x580.png\" alt=\"Curva de transmisi\u00f3n de un astrofiltro - H-alfa puede pasar sin obst\u00e1culos\" class=\"wp-image-6829\" srcset=\"https:\/\/irrecams.de\/wp-content\/uploads\/2021\/04\/astro_transmission_de-1024x580.png 1024w, https:\/\/irrecams.de\/wp-content\/uploads\/2021\/04\/astro_transmission_de-600x340.png 600w, https:\/\/irrecams.de\/wp-content\/uploads\/2021\/04\/astro_transmission_de-300x170.png 300w, https:\/\/irrecams.de\/wp-content\/uploads\/2021\/04\/astro_transmission_de-768x435.png 768w, https:\/\/irrecams.de\/wp-content\/uploads\/2021\/04\/astro_transmission_de-1536x870.png 1536w, https:\/\/irrecams.de\/wp-content\/uploads\/2021\/04\/astro_transmission_de-16x9.png 16w, https:\/\/irrecams.de\/wp-content\/uploads\/2021\/04\/astro_transmission_de-350x198.png 350w, https:\/\/irrecams.de\/wp-content\/uploads\/2021\/04\/astro_transmission_de.png 2000w\" sizes=\"auto, (max-width: 1024px) 100vw, 1024px\" \/><\/a><figcaption class=\"wp-element-caption\">Curva de transmisi\u00f3n de un filtro astro - H-alfa puede pasar sin obst\u00e1culos<\/figcaption><\/figure>\n\n\n\n<h2 class=\"wp-block-heading\">Utilizar una c\u00e1mara de espectro completo durante el d\u00eda<\/h2>\n\n\n\n<p>Con una c\u00e1mara de espectro completo, la luz ultravioleta y, sobre todo, la infrarroja inciden en el sensor adem\u00e1s de la luz visible, lo que provoca un fuerte tinte rojizo. Como ya se ha descrito, un balance de blancos manual puede eliminar este tinte rojo y ofrecer un resultado de imagen neutro. Sin embargo, esto no significa que los colores resultantes sean tambi\u00e9n \"exactos\" y fieles a la realidad. Una c\u00e1mara de espectro completo siempre muestra una dominante de color extrema bajo la luz solar, que afecta principalmente al follaje de las plantas y a los materiales sint\u00e9ticos oscuros.<\/p>\n\n\n\n<figure class=\"wp-block-gallery has-nested-images columns-default is-cropped wp-block-gallery-1 is-layout-flex wp-block-gallery-is-layout-flex\">\n<figure class=\"wp-block-image size-full\"><a href=\"https:\/\/irrecams.de\/wp-content\/uploads\/2025\/03\/fs.jpg\"><img loading=\"lazy\" decoding=\"async\" width=\"999\" height=\"666\" data-id=\"14289\" src=\"https:\/\/irrecams.de\/wp-content\/uploads\/2025\/03\/fs.jpg\" alt=\"\" class=\"wp-image-14289\" srcset=\"https:\/\/irrecams.de\/wp-content\/uploads\/2025\/03\/fs.jpg 999w, https:\/\/irrecams.de\/wp-content\/uploads\/2025\/03\/fs-300x200.jpg 300w, https:\/\/irrecams.de\/wp-content\/uploads\/2025\/03\/fs-768x512.jpg 768w, https:\/\/irrecams.de\/wp-content\/uploads\/2025\/03\/fs-18x12.jpg 18w, https:\/\/irrecams.de\/wp-content\/uploads\/2025\/03\/fs-600x400.jpg 600w\" sizes=\"auto, (max-width: 999px) 100vw, 999px\" \/><\/a><figcaption class=\"wp-element-caption\">Espectro completo<\/figcaption><\/figure>\n\n\n\n<figure class=\"wp-block-image size-full\"><a href=\"https:\/\/irrecams.de\/wp-content\/uploads\/2025\/03\/stock.jpg\"><img loading=\"lazy\" decoding=\"async\" width=\"999\" height=\"666\" data-id=\"14290\" src=\"https:\/\/irrecams.de\/wp-content\/uploads\/2025\/03\/stock.jpg\" alt=\"\" class=\"wp-image-14290\" srcset=\"https:\/\/irrecams.de\/wp-content\/uploads\/2025\/03\/stock.jpg 999w, https:\/\/irrecams.de\/wp-content\/uploads\/2025\/03\/stock-300x200.jpg 300w, https:\/\/irrecams.de\/wp-content\/uploads\/2025\/03\/stock-768x512.jpg 768w, https:\/\/irrecams.de\/wp-content\/uploads\/2025\/03\/stock-18x12.jpg 18w, https:\/\/irrecams.de\/wp-content\/uploads\/2025\/03\/stock-600x400.jpg 600w\" sizes=\"auto, (max-width: 999px) 100vw, 999px\" \/><\/a><figcaption class=\"wp-element-caption\">Original<\/figcaption><\/figure>\n<\/figure>\n\n\n\n<p>La calidad del color puede mejorar dr\u00e1sticamente con una c\u00e1mara de espectro completo si se utiliza un filtro adicional. Nuestro <a href=\"https:\/\/irrecams.de\/es\/tienda\/filtro-normal-filtro-de-bloqueo-uv-ir\/\" data-type=\"product\" data-id=\"5625\">Filtro de rosca Normal Plus<\/a> se acoplan directamente al objetivo y mejoran la reproducci\u00f3n del color hasta un nivel casi indistinguible del original. Una importante ventaja adicional es que se puede volver a utilizar el balance de blancos autom\u00e1tico de la c\u00e1mara.<\/p>\n\n\n\n<figure class=\"wp-block-gallery has-nested-images columns-default is-cropped wp-block-gallery-2 is-layout-flex wp-block-gallery-is-layout-flex\">\n<figure class=\"wp-block-image size-full\"><a href=\"https:\/\/irrecams.de\/wp-content\/uploads\/2025\/03\/fs_normal.jpg\"><img loading=\"lazy\" decoding=\"async\" width=\"999\" height=\"666\" data-id=\"14291\" src=\"https:\/\/irrecams.de\/wp-content\/uploads\/2025\/03\/fs_normal.jpg\" alt=\"\" class=\"wp-image-14291\" srcset=\"https:\/\/irrecams.de\/wp-content\/uploads\/2025\/03\/fs_normal.jpg 999w, https:\/\/irrecams.de\/wp-content\/uploads\/2025\/03\/fs_normal-300x200.jpg 300w, https:\/\/irrecams.de\/wp-content\/uploads\/2025\/03\/fs_normal-768x512.jpg 768w, https:\/\/irrecams.de\/wp-content\/uploads\/2025\/03\/fs_normal-18x12.jpg 18w, https:\/\/irrecams.de\/wp-content\/uploads\/2025\/03\/fs_normal-600x400.jpg 600w\" sizes=\"auto, (max-width: 999px) 100vw, 999px\" \/><\/a><figcaption class=\"wp-element-caption\">Espectro completo + normal<\/figcaption><\/figure>\n\n\n\n<figure class=\"wp-block-image size-full\"><a href=\"https:\/\/irrecams.de\/wp-content\/uploads\/2025\/03\/stock.jpg\"><img loading=\"lazy\" decoding=\"async\" width=\"999\" height=\"666\" data-id=\"14290\" src=\"https:\/\/irrecams.de\/wp-content\/uploads\/2025\/03\/stock.jpg\" alt=\"\" class=\"wp-image-14290\" srcset=\"https:\/\/irrecams.de\/wp-content\/uploads\/2025\/03\/stock.jpg 999w, https:\/\/irrecams.de\/wp-content\/uploads\/2025\/03\/stock-300x200.jpg 300w, https:\/\/irrecams.de\/wp-content\/uploads\/2025\/03\/stock-768x512.jpg 768w, https:\/\/irrecams.de\/wp-content\/uploads\/2025\/03\/stock-18x12.jpg 18w, https:\/\/irrecams.de\/wp-content\/uploads\/2025\/03\/stock-600x400.jpg 600w\" sizes=\"auto, (max-width: 999px) 100vw, 999px\" \/><\/a><figcaption class=\"wp-element-caption\">Original<\/figcaption><\/figure>\n<\/figure>\n\n\n\n<p>Sin embargo, no se pueden descartar por completo peque\u00f1as diferencias de color en la imagen final entre una c\u00e1mara sin modificar y una c\u00e1mara de espectro completo con un filtro Normal Plus. Las diferencias suelen ser muy peque\u00f1as y sutiles, sin un ojo entrenado las diferencias apenas son perceptibles. Sin embargo, hay tres situaciones en particular en las que las diferencias son m\u00e1s notables:<\/p>\n\n\n\n<ol class=\"wp-block-list\">\n<li>Los objetos con una alta reflectancia IR pueden mostrar un cambio de color mayor de lo habitual. Entre ellos se encuentran, por ejemplo, el follaje y la ropa sint\u00e9tica negra.<\/li>\n\n\n\n<li>Si se encuentra en un bosque, notar\u00e1 un color turbio bajo los \u00e1rboles debido al alto contenido en IR.<\/li>\n\n\n\n<li>En situaciones de contraluz, notar\u00e1 m\u00e1s problemas y reflejos de luz.<\/li>\n<\/ol>\n\n\n\n<p><strong>Nota importante para las c\u00e1maras DSLR:<\/strong> Se enrosca un filtro Normal Plus en el objetivo, lo que significa que ver\u00e1 una imagen de color cian cuando mire por el visor \u00f3ptico de una c\u00e1mara r\u00e9flex. La experiencia ha demostrado que el autoenfoque y la medici\u00f3n de la exposici\u00f3n funcionan muy bien, pero el ojo puede irritarse por la dominante de color y, por tanto, trabajar con un filtro enroscado es algo m\u00e1s inc\u00f3modo.<\/p>\n\n\n\n<p><\/p>\n\n\n\n<h2 class=\"wp-block-heading\">Utilizar una c\u00e1mara astron\u00f3mica durante el d\u00eda<\/h2>\n\n\n\n<p>En una c\u00e1mara con un filtro astro \"real\", la sensibilidad al rojo aumenta considerablemente, pero tanto la luz ultravioleta como la infrarroja quedan bloqueadas en gran medida. Las im\u00e1genes de una c\u00e1mara de este tipo muestran un ligero tinte rojo bajo la luz solar, pero no es tan extremo como en una c\u00e1mara de espectro completo. En este caso tambi\u00e9n es necesario un balance de blancos manual como el descrito anteriormente para compensar el tinte rojo. A primera vista, el resultado es una imagen natural con colores relativamente buenos. Sin embargo, este filtro presenta algunos puntos d\u00e9biles, especialmente bajo la luz solar directa: los objetos con una alta reflectancia IR (especialmente el follaje de las plantas y los materiales sint\u00e9ticos oscuros) pueden mostrar una ligera desviaci\u00f3n del color.<\/p>\n\n\n\n<figure class=\"wp-block-gallery has-nested-images columns-default is-cropped wp-block-gallery-3 is-layout-flex wp-block-gallery-is-layout-flex\">\n<figure class=\"wp-block-image size-full is-style-default\"><a href=\"https:\/\/irrecams.de\/wp-content\/uploads\/2025\/03\/astro.jpg\"><img loading=\"lazy\" decoding=\"async\" width=\"999\" height=\"666\" data-id=\"14292\" src=\"https:\/\/irrecams.de\/wp-content\/uploads\/2025\/03\/astro.jpg\" alt=\"\" class=\"wp-image-14292\" srcset=\"https:\/\/irrecams.de\/wp-content\/uploads\/2025\/03\/astro.jpg 999w, https:\/\/irrecams.de\/wp-content\/uploads\/2025\/03\/astro-300x200.jpg 300w, https:\/\/irrecams.de\/wp-content\/uploads\/2025\/03\/astro-768x512.jpg 768w, https:\/\/irrecams.de\/wp-content\/uploads\/2025\/03\/astro-18x12.jpg 18w, https:\/\/irrecams.de\/wp-content\/uploads\/2025\/03\/astro-600x400.jpg 600w\" sizes=\"auto, (max-width: 999px) 100vw, 999px\" \/><\/a><figcaption class=\"wp-element-caption\">Astrofiltro<\/figcaption><\/figure>\n\n\n\n<figure class=\"wp-block-image size-large\"><a href=\"https:\/\/irrecams.de\/wp-content\/uploads\/2025\/03\/stock.jpg\"><img decoding=\"async\" data-id=\"14285\" src=\"https:\/\/irrecams.de\/wp-content\/uploads\/2025\/03\/stock.jpg\" alt=\"\" class=\"wp-image-14285\"\/><\/a><figcaption class=\"wp-element-caption\">Original<\/figcaption><\/figure>\n<\/figure>\n\n\n\n<p>Al igual que con el filtro de espectro completo, la calidad del color puede mejorarse utilizando un filtro adicional. Nuestro <a href=\"https:\/\/irrecams.de\/es\/tienda\/filtro-normal-filtro-de-bloqueo-uv-ir\/\">Filtro de rosca Normal Plus<\/a> se acoplan directamente al objetivo y mejoran la reproducci\u00f3n del color hasta un nivel que resulta de facto indistinguible del original. Aunque la diferencia ya no es tan extrema como con una c\u00e1mara de espectro completo, el resultado es tan bueno como perfecto: con follaje verde, materiales sint\u00e9ticos y en el bosque, una desviaci\u00f3n del color s\u00f3lo es medible y no tiene ninguna influencia relevante en la imagen. Y, por supuesto, con el filtro adicional se puede volver a utilizar c\u00f3modamente el balance de blancos autom\u00e1tico de la c\u00e1mara.<\/p>\n\n\n\n<figure class=\"wp-block-gallery has-nested-images columns-default is-cropped wp-block-gallery-4 is-layout-flex wp-block-gallery-is-layout-flex\">\n<figure class=\"wp-block-image size-full\"><a href=\"https:\/\/irrecams.de\/wp-content\/uploads\/2025\/03\/astro_normal.jpg\"><img loading=\"lazy\" decoding=\"async\" width=\"999\" height=\"666\" data-id=\"14294\" src=\"https:\/\/irrecams.de\/wp-content\/uploads\/2025\/03\/astro_normal.jpg\" alt=\"\" class=\"wp-image-14294\" srcset=\"https:\/\/irrecams.de\/wp-content\/uploads\/2025\/03\/astro_normal.jpg 999w, https:\/\/irrecams.de\/wp-content\/uploads\/2025\/03\/astro_normal-300x200.jpg 300w, https:\/\/irrecams.de\/wp-content\/uploads\/2025\/03\/astro_normal-768x512.jpg 768w, https:\/\/irrecams.de\/wp-content\/uploads\/2025\/03\/astro_normal-18x12.jpg 18w, https:\/\/irrecams.de\/wp-content\/uploads\/2025\/03\/astro_normal-600x400.jpg 600w\" sizes=\"auto, (max-width: 999px) 100vw, 999px\" \/><\/a><figcaption class=\"wp-element-caption\">Astrofiltro + Normal <\/figcaption><\/figure>\n\n\n\n<figure class=\"wp-block-image size-large\"><a href=\"https:\/\/irrecams.de\/wp-content\/uploads\/2025\/03\/stock.jpg\"><img decoding=\"async\" data-id=\"14285\" src=\"https:\/\/irrecams.de\/wp-content\/uploads\/2025\/03\/stock.jpg\" alt=\"\" class=\"wp-image-14285\"\/><\/a><figcaption class=\"wp-element-caption\">Original<\/figcaption><\/figure>\n<\/figure>\n\n\n\n<p><strong>Nota importante para las c\u00e1maras DSLR:<\/strong> Se enrosca un filtro Normal Plus en el objetivo, lo que significa que ver\u00e1 una imagen de color cian cuando mire por el visor \u00f3ptico de una c\u00e1mara r\u00e9flex. La experiencia ha demostrado que el autoenfoque y la medici\u00f3n de la exposici\u00f3n funcionan muy bien, pero el ojo puede irritarse por la dominante de color y, por tanto, trabajar con un filtro enroscado es algo m\u00e1s inc\u00f3modo.<\/p>\n\n\n\n<hr class=\"wp-block-separator has-alpha-channel-opacity\"\/>\n\n\n\n<div class=\"wp-block-buttons is-horizontal is-content-justification-center is-layout-flex wp-container-core-buttons-is-layout-03627597 wp-block-buttons-is-layout-flex\">\n<div class=\"wp-block-button\"><a class=\"wp-block-button__link wp-element-button\" href=\"https:\/\/irrecams.de\/es\/filtros-astro-fotografiar-estrellas-de-noche-con-camaras-modificadas\/\" style=\"border-radius:5px\">Conversi\u00f3n Advantage Astro<\/a><\/div>\n\n\n\n<div class=\"wp-block-button\"><a class=\"wp-block-button__link wp-element-button\" href=\"https:\/\/irrecams.de\/es\/que-filtros-son-adecuados-para-una-conversion-h-alpha-astro\/\" style=\"border-radius:5px\">Qu\u00e9 astrofiltro<\/a><\/div>\n\n\n\n<div class=\"wp-block-button\"><a class=\"wp-block-button__link wp-element-button\" href=\"https:\/\/irrecams.de\/es\/filtros-adicionales-para-astrofotografia\/\" style=\"border-radius:5px\">Filtros adicionales<\/a><\/div>\n\n\n\n<div class=\"wp-block-button\"><a class=\"wp-block-button__link wp-element-button\" href=\"https:\/\/irrecams.de\/es\/categoria-producto\/servicio-de-conversion-de-astrocamaras\/\" style=\"border-radius:5px\">Encargar conversi\u00f3n Astro<\/a><\/div>\n\n\n\n<div class=\"wp-block-button\"><a class=\"wp-block-button__link wp-element-button\" href=\"https:\/\/irrecams.de\/es\/galeria-de-infrarrojos\/tomada-con-astrofiltro\/\" style=\"border-radius:5px\">M\u00e1s astrofotos<\/a><\/div>\n\n\n\n<div class=\"wp-block-button\"><a class=\"wp-block-button__link wp-element-button\" href=\"https:\/\/irrecams.de\/es\/fotografia-infrarroja\/\" style=\"border-radius:5px\">M\u00e1s informaci\u00f3n sobre la fotograf\u00eda infrarroja<\/a><\/div>\n\n\n<\/div>","protected":false},"excerpt":{"rendered":"<p>Oft liest man, dass eine Kamera welche f\u00fcr Astrofotografie modifiziert wurde, nicht f\u00fcr die normale Fotografie am Tage zu gebrauchen ist. Solch eine pauschale Aussage ist zu undifferenziert und fast falsch &#8211; die Tagestauglichkeit ist von der Art des Umbaues abh\u00e4ngig und kann je nach Kameratyp mit einem zus\u00e4tzlichen Filter dramatisch verbessert werden. Grunds\u00e4tzlich wurde [&hellip;]<\/p>\n","protected":false},"author":1,"featured_media":0,"parent":0,"menu_order":22,"comment_status":"closed","ping_status":"closed","template":"","meta":{"footnotes":""},"class_list":["post-14282","page","type-page","status-publish","hentry"],"_links":{"self":[{"href":"https:\/\/irrecams.de\/es\/wp-json\/wp\/v2\/pages\/14282","targetHints":{"allow":["GET"]}}],"collection":[{"href":"https:\/\/irrecams.de\/es\/wp-json\/wp\/v2\/pages"}],"about":[{"href":"https:\/\/irrecams.de\/es\/wp-json\/wp\/v2\/types\/page"}],"author":[{"embeddable":true,"href":"https:\/\/irrecams.de\/es\/wp-json\/wp\/v2\/users\/1"}],"replies":[{"embeddable":true,"href":"https:\/\/irrecams.de\/es\/wp-json\/wp\/v2\/comments?post=14282"}],"version-history":[{"count":10,"href":"https:\/\/irrecams.de\/es\/wp-json\/wp\/v2\/pages\/14282\/revisions"}],"predecessor-version":[{"id":14352,"href":"https:\/\/irrecams.de\/es\/wp-json\/wp\/v2\/pages\/14282\/revisions\/14352"}],"wp:attachment":[{"href":"https:\/\/irrecams.de\/es\/wp-json\/wp\/v2\/media?parent=14282"}],"curies":[{"name":"wp","href":"https:\/\/api.w.org\/{rel}","templated":true}]}}