{"id":14298,"date":"2025-03-02T13:31:44","date_gmt":"2025-03-02T12:31:44","guid":{"rendered":"https:\/\/irrecams.de\/?page_id=14298"},"modified":"2025-03-02T14:34:02","modified_gmt":"2025-03-02T13:34:02","slug":"filtros-adicionales-para-astrofotografia","status":"publish","type":"page","link":"https:\/\/irrecams.de\/es\/filtros-adicionales-para-astrofotografia\/","title":{"rendered":"Filtros adicionales para astrofotograf\u00eda"},"content":{"rendered":"<details class=\"wp-block-details has-background has-medium-font-size is-layout-flow wp-block-details-is-layout-flow\" style=\"background-color:#dfdfdf\" open><summary>\u00cdndice<\/summary>\n<blockquote class=\"wp-block-quote is-layout-flow wp-block-quote-is-layout-flow\">\n<ul class=\"wp-block-list\">\n<li><a href=\"https:\/\/irrecams.de\/es\/blog\/2021\/fotografiar-estrellas-con-camara-astromodificada\/\" data-type=\"post\" data-id=\"7019\">Ventajas de la conversi\u00f3n Astro<\/a><\/li>\n\n\n\n<li><a href=\"https:\/\/irrecams.de\/es\/que-filtros-son-adecuados-para-una-conversion-h-alpha-astro\/\" data-type=\"page\" data-id=\"14276\">Qu\u00e9 astrofiltro<\/a><\/li>\n\n\n\n<li><a href=\"https:\/\/irrecams.de\/es\/como-se-puede-utilizar-una-camara-astronomica-para-hacer-fotografias-normales-durante-el-dia\/\" data-type=\"page\" data-id=\"14282\">Astro c\u00e1mara durante el d\u00eda<\/a><\/li>\n\n\n\n<li><strong>Filtros adicionales<\/strong><\/li>\n<\/ul>\n<\/blockquote>\n<\/details>\n\n\n\n<p>Los distintos filtros tienen una larga tradici\u00f3n en astrofotograf\u00eda. En particular, los filtros UHC o de paso de banda estrecho existen desde hace d\u00e9cadas y ocupan un lugar fijo en todas las cajas de filtros. Estos filtros suelen poder combinarse sin problemas con c\u00e1maras convertidas. A menudo no importa si la c\u00e1mara se ha convertido a espectro completo o si se ha instalado un filtro astro \"real\": s\u00f3lo con objetivos gran angular no todos los filtros son compatibles o \u00fatiles.  <\/p>\n\n\n\n<figure class=\"wp-block-image size-large\"><a href=\"https:\/\/irrecams.de\/wp-content\/uploads\/2025\/03\/XT4A8867_stack.jpg\"><img loading=\"lazy\" decoding=\"async\" width=\"683\" height=\"1024\" src=\"https:\/\/irrecams.de\/wp-content\/uploads\/2025\/03\/XT4A8867_stack-683x1024.jpg\" alt=\"V\u00eda L\u00e1ctea sobre el prado (Astrofiltro)\" class=\"wp-image-14304\" srcset=\"https:\/\/irrecams.de\/wp-content\/uploads\/2025\/03\/XT4A8867_stack-683x1024.jpg 683w, https:\/\/irrecams.de\/wp-content\/uploads\/2025\/03\/XT4A8867_stack-200x300.jpg 200w, https:\/\/irrecams.de\/wp-content\/uploads\/2025\/03\/XT4A8867_stack-768x1152.jpg 768w, https:\/\/irrecams.de\/wp-content\/uploads\/2025\/03\/XT4A8867_stack-1024x1536.jpg 1024w, https:\/\/irrecams.de\/wp-content\/uploads\/2025\/03\/XT4A8867_stack-8x12.jpg 8w, https:\/\/irrecams.de\/wp-content\/uploads\/2025\/03\/XT4A8867_stack-600x900.jpg 600w, https:\/\/irrecams.de\/wp-content\/uploads\/2025\/03\/XT4A8867_stack.jpg 1280w\" sizes=\"auto, (max-width: 683px) 100vw, 683px\" \/><\/a><figcaption class=\"wp-element-caption\">V\u00eda L\u00e1ctea sobre el prado (Astrofiltro)<\/figcaption><\/figure>\n\n\n\n<p>Muchos de estos filtros est\u00e1n dise\u00f1ados para atenuar la contaminaci\u00f3n lum\u00ednica de nuestro mundo industrial. Para influir lo menos posible en la imagen y los colores, se aten\u00faan espec\u00edficamente determinadas gamas espectrales de fuentes de luz conocidas (por ejemplo, l\u00e1mparas de vapor de mercurio y sodio). Sin embargo, a medida que nuestro alumbrado (p\u00fablico) vaya cambiando a LED de espectro continuo, estos filtros ir\u00e1n perdiendo eficacia con el tiempo.<\/p>\n\n\n\n<p><\/p>\n\n\n\n<h2 class=\"wp-block-heading\">Filtros UHC y H-alfa<\/h2>\n\n\n\n<p>La omnipresente contaminaci\u00f3n lum\u00ednica no puede ignorarse y no s\u00f3lo es un problema con una c\u00e1mara convertida. Han salido al mercado muchos filtros para suprimir las l\u00edneas espectrales molestas. Con la ayuda de estos filtros se pueden conseguir resultados fascinantes; por ejemplo, un filtro H-alfa de banda estrecha puede producir resultados \u00fatiles incluso en una noche de luna llena. Cuando se tienen filtros de este tipo en la mano, no parecen de cristal, sino que tienen un car\u00e1cter met\u00e1lico: es caracter\u00edstica una superficie reflectante met\u00e1lica, a veces con un matiz de color.<\/p>\n\n\n\n<p>Aunque estos filtros se dise\u00f1aron y pensaron para c\u00e1maras no modificadas, normalmente se pueden utilizar para una c\u00e1mara de espectro completo o astro sin ning\u00fan problema. La \u00fanica limitaci\u00f3n es la dependencia angular de los filtros, que tambi\u00e9n causa problemas con las c\u00e1maras no modificadas (puede obtener m\u00e1s informaci\u00f3n sobre la dependencia angular en la secci\u00f3n \"Selecci\u00f3n de filtros\"). Normalmente, estos filtros se utilizan en telescopios o teleobjetivos, donde la aplicaci\u00f3n no presenta problemas. Como ya se ha mencionado, la aplicaci\u00f3n tambi\u00e9n puede tener sentido con una c\u00e1mara modificada, dependiendo del escenario de disparo. Estos filtros s\u00f3lo son incompatibles con los objetivos gran angular.<\/p>\n\n\n\n<figure class=\"wp-block-image size-large\"><a href=\"https:\/\/irrecams.de\/wp-content\/uploads\/2024\/01\/0228_Horsehead_X-T3_starnet.jpg\"><img loading=\"lazy\" decoding=\"async\" width=\"1024\" height=\"694\" src=\"https:\/\/irrecams.de\/wp-content\/uploads\/2024\/01\/0228_Horsehead_X-T3_starnet-1024x694.jpg\" alt=\"Nebulosa Cabeza de Caballo en el Cintur\u00f3n de Ori\u00f3n - fotografiada con astrofiltro\" class=\"wp-image-11273\" srcset=\"https:\/\/irrecams.de\/wp-content\/uploads\/2024\/01\/0228_Horsehead_X-T3_starnet-1024x694.jpg 1024w, https:\/\/irrecams.de\/wp-content\/uploads\/2024\/01\/0228_Horsehead_X-T3_starnet-300x203.jpg 300w, https:\/\/irrecams.de\/wp-content\/uploads\/2024\/01\/0228_Horsehead_X-T3_starnet-768x521.jpg 768w, https:\/\/irrecams.de\/wp-content\/uploads\/2024\/01\/0228_Horsehead_X-T3_starnet-1536x1042.jpg 1536w, https:\/\/irrecams.de\/wp-content\/uploads\/2024\/01\/0228_Horsehead_X-T3_starnet-18x12.jpg 18w, https:\/\/irrecams.de\/wp-content\/uploads\/2024\/01\/0228_Horsehead_X-T3_starnet-600x407.jpg 600w, https:\/\/irrecams.de\/wp-content\/uploads\/2024\/01\/0228_Horsehead_X-T3_starnet.jpg 1920w\" sizes=\"auto, (max-width: 1024px) 100vw, 1024px\" \/><\/a><figcaption class=\"wp-element-caption\">Nebulosa Cabeza de Caballo en el Cintur\u00f3n de Ori\u00f3n - fotografiada con astrofiltro<\/figcaption><\/figure>\n\n\n\n<h2 class=\"wp-block-heading\">Filtros contra la contaminaci\u00f3n lum\u00ednica<\/h2>\n\n\n\n<p>En el mercado existe otro tipo de filtro que pretende reducir la contaminaci\u00f3n lum\u00ednica. Los llamados filtros de contaminaci\u00f3n lum\u00ednica funcionan por absorci\u00f3n; al sostenerlos en la mano, el cristal parece transparente y muestra una tonalidad azul o violeta. El efecto del filtro suele ser m\u00e1s suave que el de los filtros UHC, la contaminaci\u00f3n lum\u00ednica no se bloquea por completo sino que \"s\u00f3lo\" se aten\u00faa. A diferencia de los filtros UHC, por ejemplo, estos filtros no dependen del \u00e1ngulo y, por tanto, tambi\u00e9n pueden utilizarse en objetivos gran angular sin problemas.<\/p>\n\n\n\n<p>Estos filtros est\u00e1n dise\u00f1ados para suprimir las gamas espectrales visibles de la contaminaci\u00f3n lum\u00ednica. Sin embargo, pr\u00e1cticamente todas las fuentes de luz tienen tambi\u00e9n una buena proporci\u00f3n de luz infrarroja, que emiten hacia el cielo nocturno. Estos componentes IR no son suprimidos por los filtros de contaminaci\u00f3n lum\u00ednica y pueden llegar al sensor sin obst\u00e1culos. Esto significa que un filtro de este tipo no es una soluci\u00f3n para una c\u00e1mara de espectro completo, que seguir\u00eda mostrando una contaminaci\u00f3n lum\u00ednica verdosa en el cielo y un follaje de color magenta en primer plano con un filtro de este tipo.<\/p>\n\n\n\n<p>Si la c\u00e1mara ha sido convertida con un filtro astro \"adecuado\", entonces \u00e9ste suprime eficazmente los componentes infrarrojos. Un filtro de contaminaci\u00f3n lum\u00ednica adicional puede ayudar a reducir notablemente la contaminaci\u00f3n lum\u00ednica y aumentar as\u00ed el contraste entre el fondo del cielo y la V\u00eda L\u00e1ctea, por ejemplo. Por supuesto, todo esto tiene sus l\u00edmites y no se pueden esperar milagros. No hay medida m\u00e1s importante que encontrar el lugar m\u00e1s oscuro posible para hacer tus fotos, pero estos filtros ayudan un poco. Casi todas las im\u00e1genes de paisajes que se toman en el<a href=\"https:\/\/irrecams.de\/es\/galeria-de-infrarrojos\/tomada-con-astrofiltro\/\" data-type=\"page\" data-id=\"6992\"> Galer\u00eda Astro<\/a> se registraron con dicho filtro adicional.<\/p>\n\n\n\n<figure class=\"wp-block-image size-large\"><a href=\"https:\/\/irrecams.de\/wp-content\/uploads\/2024\/03\/Vilm_MS_stacked.jpg\"><img loading=\"lazy\" decoding=\"async\" width=\"1024\" height=\"683\" src=\"https:\/\/irrecams.de\/wp-content\/uploads\/2024\/03\/Vilm_MS_stacked-1024x683.jpg\" alt=\"V\u00eda L\u00e1ctea sobre la isla de Vilm (Optolong Astrofilter)\" class=\"wp-image-11606\" srcset=\"https:\/\/irrecams.de\/wp-content\/uploads\/2024\/03\/Vilm_MS_stacked-1024x683.jpg 1024w, https:\/\/irrecams.de\/wp-content\/uploads\/2024\/03\/Vilm_MS_stacked-300x200.jpg 300w, https:\/\/irrecams.de\/wp-content\/uploads\/2024\/03\/Vilm_MS_stacked-768x512.jpg 768w, https:\/\/irrecams.de\/wp-content\/uploads\/2024\/03\/Vilm_MS_stacked-1536x1024.jpg 1536w, https:\/\/irrecams.de\/wp-content\/uploads\/2024\/03\/Vilm_MS_stacked-18x12.jpg 18w, https:\/\/irrecams.de\/wp-content\/uploads\/2024\/03\/Vilm_MS_stacked-600x400.jpg 600w, https:\/\/irrecams.de\/wp-content\/uploads\/2024\/03\/Vilm_MS_stacked.jpg 1920w\" sizes=\"auto, (max-width: 1024px) 100vw, 1024px\" \/><\/a><figcaption class=\"wp-element-caption\">V\u00eda L\u00e1ctea sobre la isla de Vilm (Astrofilter)<\/figcaption><\/figure>\n\n\n\n<h2 class=\"wp-block-heading\">Filtro con clip<\/h2>\n\n\n\n<p>Los filtros de clip son el t\u00e9rmino gen\u00e9rico para denominar a los peque\u00f1os filtros que se encuentran en una montura especial y se instalan directamente entre el sensor y el objetivo, es decir, en la bayoneta de la c\u00e1mara. Pueden ser sustituidos por el usuario y, por ello, son muy populares. Sin embargo, una ventaja mucho mayor de estos filtros es que los rayos de luz entre el objetivo y el sensor se producen en un \u00e1ngulo muy limitado y la dependencia angular del efecto de filtrado de muchos filtros no es un problema. En resumen: aqu\u00ed se podr\u00edan utilizar filtros astro o filtros UHC sin correr el riesgo de un desplazamiento del color hacia los bordes de la imagen.<\/p>\n\n\n\n<p>Desgraciadamente, en la pr\u00e1ctica, un filtro acoplable consta de una sola pieza de cristal y, por tanto, siempre modifica la trayectoria \u00f3ptica. El grosor del filtro entre el sensor y la lente trasera de un objetivo es importante y se incluye en el dise\u00f1o \u00f3ptico del objetivo. Con distancias focales normales y de teleobjetivo, una peque\u00f1a desviaci\u00f3n no suele ser cr\u00edtica, pero con objetivos gran angular provocar\u00e1 inevitablemente bordes borrosos y estrellas deformadas. Puedes mejorar estos errores de imagen reduciendo el diafragma, pero esto s\u00f3lo es posible durante el d\u00eda.<\/p>\n\n\n\n<p>Por lo tanto, no recomendamos los filtros acoplables, ni para las c\u00e1maras modificadas ni para las no modificadas, y le aconsejamos que realice una conversi\u00f3n astro espec\u00edfica con un filtro astro adecuado. Es la \u00fanica forma de garantizar la mejor calidad de imagen, especialmente con objetivos gran angular r\u00e1pidos.<\/p>\n\n\n\n<hr class=\"wp-block-separator has-alpha-channel-opacity\"\/>\n\n\n\n<div class=\"wp-block-buttons is-horizontal is-content-justification-center is-layout-flex wp-container-core-buttons-is-layout-03627597 wp-block-buttons-is-layout-flex\">\n<div class=\"wp-block-button\"><a class=\"wp-block-button__link wp-element-button\" href=\"https:\/\/irrecams.de\/es\/filtros-astro-fotografiar-estrellas-de-noche-con-camaras-modificadas\/\" style=\"border-radius:5px\">Conversi\u00f3n Advantage Astro<\/a><\/div>\n\n\n\n<div class=\"wp-block-button\"><a class=\"wp-block-button__link wp-element-button\" href=\"https:\/\/irrecams.de\/es\/que-filtros-son-adecuados-para-una-conversion-h-alpha-astro\/\" style=\"border-radius:5px\">Qu\u00e9 astrofiltro<\/a><\/div>\n\n\n\n<div class=\"wp-block-button\"><a class=\"wp-block-button__link wp-element-button\" href=\"https:\/\/irrecams.de\/es\/como-se-puede-utilizar-una-camara-astronomica-para-hacer-fotografias-normales-durante-el-dia\/\" style=\"border-radius:5px\">Astro c\u00e1mara durante el d\u00eda<\/a><\/div>\n\n\n\n<div class=\"wp-block-button\"><a class=\"wp-block-button__link wp-element-button\" href=\"https:\/\/irrecams.de\/es\/categoria-producto\/servicio-de-conversion-de-astrocamaras\/\" style=\"border-radius:5px\">Encargar conversi\u00f3n Astro<\/a><\/div>\n\n\n\n<div class=\"wp-block-button\"><a class=\"wp-block-button__link wp-element-button\" href=\"https:\/\/irrecams.de\/es\/galeria-de-infrarrojos\/tomada-con-astrofiltro\/\" style=\"border-radius:5px\">M\u00e1s astrofotos<\/a><\/div>\n\n\n\n<div class=\"wp-block-button\"><a class=\"wp-block-button__link wp-element-button\" href=\"https:\/\/irrecams.de\/es\/fotografia-infrarroja\/\" style=\"border-radius:5px\">M\u00e1s informaci\u00f3n sobre la fotograf\u00eda infrarroja<\/a><\/div>\n<\/div>\n\n\n\n<hr class=\"wp-block-separator has-alpha-channel-opacity\"\/>\n\n\n\n<figure class=\"wp-block-image size-large\"><a href=\"https:\/\/irrecams.de\/wp-content\/uploads\/2023\/01\/Kaliforniennebel_Siril_20221214.jpg\"><img loading=\"lazy\" decoding=\"async\" width=\"1024\" height=\"683\" src=\"https:\/\/irrecams.de\/wp-content\/uploads\/2023\/01\/Kaliforniennebel_Siril_20221214-1024x683.jpg\" alt=\"Nebulosa de California (conversi\u00f3n Astro)\" class=\"wp-image-9210\" srcset=\"https:\/\/irrecams.de\/wp-content\/uploads\/2023\/01\/Kaliforniennebel_Siril_20221214-1024x683.jpg 1024w, https:\/\/irrecams.de\/wp-content\/uploads\/2023\/01\/Kaliforniennebel_Siril_20221214-600x400.jpg 600w, https:\/\/irrecams.de\/wp-content\/uploads\/2023\/01\/Kaliforniennebel_Siril_20221214-300x200.jpg 300w, https:\/\/irrecams.de\/wp-content\/uploads\/2023\/01\/Kaliforniennebel_Siril_20221214-768x512.jpg 768w, https:\/\/irrecams.de\/wp-content\/uploads\/2023\/01\/Kaliforniennebel_Siril_20221214-1536x1024.jpg 1536w, https:\/\/irrecams.de\/wp-content\/uploads\/2023\/01\/Kaliforniennebel_Siril_20221214-18x12.jpg 18w, https:\/\/irrecams.de\/wp-content\/uploads\/2023\/01\/Kaliforniennebel_Siril_20221214.jpg 1920w\" sizes=\"auto, (max-width: 1024px) 100vw, 1024px\" \/><\/a><figcaption class=\"wp-element-caption\">Nebulosa de California (conversi\u00f3n Astro)<\/figcaption><\/figure>","protected":false},"excerpt":{"rendered":"<p>In der Astrofotografie haben verschiedene Filter eine lange Tradition. Insbesondere UHC oder Schmalbandpass Filter gibt es schon seit Jahrzehnten und sie haben einen festen Platz in jedem Filterkasten. Diese Filter k\u00f6nnen in der Regel problemlos mit umgebauten Kameras kombiniert werden. Dabei ist es oft egal ob die Kamera auf Vollspektrum umgebaut wurde oder ob ein [&hellip;]<\/p>\n","protected":false},"author":1,"featured_media":0,"parent":0,"menu_order":23,"comment_status":"closed","ping_status":"closed","template":"","meta":{"footnotes":""},"class_list":["post-14298","page","type-page","status-publish","hentry"],"_links":{"self":[{"href":"https:\/\/irrecams.de\/es\/wp-json\/wp\/v2\/pages\/14298","targetHints":{"allow":["GET"]}}],"collection":[{"href":"https:\/\/irrecams.de\/es\/wp-json\/wp\/v2\/pages"}],"about":[{"href":"https:\/\/irrecams.de\/es\/wp-json\/wp\/v2\/types\/page"}],"author":[{"embeddable":true,"href":"https:\/\/irrecams.de\/es\/wp-json\/wp\/v2\/users\/1"}],"replies":[{"embeddable":true,"href":"https:\/\/irrecams.de\/es\/wp-json\/wp\/v2\/comments?post=14298"}],"version-history":[{"count":15,"href":"https:\/\/irrecams.de\/es\/wp-json\/wp\/v2\/pages\/14298\/revisions"}],"predecessor-version":[{"id":14351,"href":"https:\/\/irrecams.de\/es\/wp-json\/wp\/v2\/pages\/14298\/revisions\/14351"}],"wp:attachment":[{"href":"https:\/\/irrecams.de\/es\/wp-json\/wp\/v2\/media?parent=14298"}],"curies":[{"name":"wp","href":"https:\/\/api.w.org\/{rel}","templated":true}]}}