{"id":28,"date":"2015-01-06T11:46:45","date_gmt":"2015-01-06T10:46:45","guid":{"rendered":"http:\/\/wp10590344.server-he.de\/irrecams2\/?page_id=28"},"modified":"2024-09-16T13:39:10","modified_gmt":"2024-09-16T11:39:10","slug":"fotografia-infrarroja","status":"publish","type":"page","link":"https:\/\/irrecams.de\/es\/fotografia-infrarroja\/","title":{"rendered":"Fotograf\u00eda infrarroja"},"content":{"rendered":"<p>\"\u00bfFotograf\u00eda infrarroja? Nunca he o\u00eddo hablar de eso\". Pero casi seguro que la has visto antes sin darte cuenta de que se trata de fotograf\u00eda infrarroja. Fotografiar en el rango infrarrojo produce un \"aspecto\" distintivo. El follaje verde se vuelve intensamente brillante, un cielo azul se representa mucho m\u00e1s oscuro y el tono de la piel de las personas retratadas se torna en colores pastel azulados. En la fotograf\u00eda infrarroja de paisajes, los motivos ganan en contraste y brillo, entre otras cosas porque las im\u00e1genes infrarrojas suelen tener un efecto m\u00edstico y misterioso. Pero, \u00bfen qu\u00e9 consiste fotografiar lo invisible?<\/p>\n\n\n\n<figure class=\"wp-block-image size-large\"><a href=\"https:\/\/irrecams.de\/wp-content\/uploads\/2021\/01\/SAM_6868.jpg\"><img loading=\"lazy\" decoding=\"async\" width=\"1024\" height=\"683\" src=\"https:\/\/irrecams.de\/wp-content\/uploads\/2021\/01\/SAM_6868-1024x683.jpg\" alt=\"630 nm\" class=\"wp-image-5877\" title=\"Fotograf\u00eda infrarroja\" srcset=\"https:\/\/irrecams.de\/wp-content\/uploads\/2021\/01\/SAM_6868-1024x683.jpg 1024w, https:\/\/irrecams.de\/wp-content\/uploads\/2021\/01\/SAM_6868-600x400.jpg 600w, https:\/\/irrecams.de\/wp-content\/uploads\/2021\/01\/SAM_6868-300x200.jpg 300w, https:\/\/irrecams.de\/wp-content\/uploads\/2021\/01\/SAM_6868-768x513.jpg 768w, https:\/\/irrecams.de\/wp-content\/uploads\/2021\/01\/SAM_6868-350x234.jpg 350w, https:\/\/irrecams.de\/wp-content\/uploads\/2021\/01\/SAM_6868.jpg 1500w\" sizes=\"auto, (max-width: 1024px) 100vw, 1024px\" \/><\/a><\/figure>\n\n\n\n<h2 class=\"wp-block-heading\">El espectro y nuestros ojos<\/h2>\n\n\n\n<p>La parte del espectro electromagn\u00e9tico que podemos ver con nuestros ojos es muy limitada. Nuestra percepci\u00f3n tiene lugar entre unos 400 nm (violeta) y unos 700 nm (rojo) de longitud de onda; el resto, por desgracia, permanece oculto. Directamente adyacente a la gama visible (tambi\u00e9n conocida como gama VIS) se encuentra la gama ultravioleta cercana e infrarroja.<\/p>\n\n\n\n<figure class=\"wp-block-image size-large\"><a href=\"https:\/\/irrecams.de\/wp-content\/uploads\/2015\/01\/spektrum.jpg\"><img loading=\"lazy\" decoding=\"async\" width=\"1024\" height=\"301\" src=\"https:\/\/irrecams.de\/wp-content\/uploads\/2015\/01\/spektrum-1024x301.jpg\" alt=\"\" class=\"wp-image-199\" srcset=\"https:\/\/irrecams.de\/wp-content\/uploads\/2015\/01\/spektrum-1024x301.jpg 1024w, https:\/\/irrecams.de\/wp-content\/uploads\/2015\/01\/spektrum-600x176.jpg 600w, https:\/\/irrecams.de\/wp-content\/uploads\/2015\/01\/spektrum-300x88.jpg 300w, https:\/\/irrecams.de\/wp-content\/uploads\/2015\/01\/spektrum.jpg 1362w\" sizes=\"auto, (max-width: 1024px) 100vw, 1024px\" \/><\/a><\/figure>\n\n\n\n<p>Aunque en realidad apenas cabr\u00eda esperar diferencias debido a la proximidad de la gama visible (VIS), los resultados de las im\u00e1genes demuestran lo contrario. Las plantas reflejan la luz casi por completo en estos rangos espectrales para evitar el sobrecalentamiento y el da\u00f1o de los tejidos como consecuencia de la radiaci\u00f3n solar. El resultado es que la vegetaci\u00f3n vegetal en las im\u00e1genes IR aparece de muy brillante a blanca. Este efecto no puede calcularse utilizando un filtro en el postprocesado, ya que un puente verde simplemente distorsionar\u00eda el blanco.<\/p>\n\n\n\n<p>Para que estos rangos espectrales sean visibles a nuestros ojos, necesitamos una herramienta. Los sensores de imagen de todas las c\u00e1maras digitales disponibles en el mercado son b\u00e1sicamente adecuados para captar el infrarrojo cercano o el ultravioleta. S\u00f3lo el estado de f\u00e1brica en el que se adquiere una c\u00e1mara hace que sea extremadamente dif\u00edcil o incluso imposible fotografiar el infrarrojo. Puede informarse sobre las opciones disponibles para la fotograf\u00eda digital infrarroja en el <a class=\"rank-math-link\" href=\"https:\/\/irrecams.de\/es\/explicacion-de-la-tecnologia-de-conversion-de-infrarrojos\/\">Secci\u00f3n de tecnolog\u00eda<\/a>.<\/p>\n\n\n\n<h2 class=\"wp-block-heading\">Efecto de las im\u00e1genes infrarrojas<\/h2>\n\n\n\n<p>Captar lo invisible tiene su atractivo. Vistas objetivamente, las im\u00e1genes IR muestran a veces texturas de superficie completamente diferentes y las im\u00e1genes ganan a menudo en brillo y contraste. Probablemente, la caracter\u00edstica m\u00e1s evidente de la fotograf\u00eda infrarroja es el follaje de color claro. Adem\u00e1s del llamado efecto madera, se aprecia que el cielo y el agua son mucho m\u00e1s oscuros. A menudo, especialmente en combinaci\u00f3n con nubes vellosas, se puede conseguir un contraste muy bonito en el cielo.<\/p>\n\n\n\n<figure class=\"wp-block-image size-large\"><a href=\"https:\/\/irrecams.de\/wp-content\/uploads\/2021\/01\/SAM_7784.jpg\"><img loading=\"lazy\" decoding=\"async\" width=\"1024\" height=\"684\" src=\"https:\/\/irrecams.de\/wp-content\/uploads\/2021\/01\/SAM_7784-1024x684.jpg\" alt=\"630 nm\" class=\"wp-image-5886\" srcset=\"https:\/\/irrecams.de\/wp-content\/uploads\/2021\/01\/SAM_7784-1024x684.jpg 1024w, https:\/\/irrecams.de\/wp-content\/uploads\/2021\/01\/SAM_7784-600x401.jpg 600w, https:\/\/irrecams.de\/wp-content\/uploads\/2021\/01\/SAM_7784-300x200.jpg 300w, https:\/\/irrecams.de\/wp-content\/uploads\/2021\/01\/SAM_7784-768x513.jpg 768w, https:\/\/irrecams.de\/wp-content\/uploads\/2021\/01\/SAM_7784-1536x1026.jpg 1536w, https:\/\/irrecams.de\/wp-content\/uploads\/2021\/01\/SAM_7784-350x234.jpg 350w, https:\/\/irrecams.de\/wp-content\/uploads\/2021\/01\/SAM_7784.jpg 2000w\" sizes=\"auto, (max-width: 1024px) 100vw, 1024px\" \/><\/a><\/figure>\n\n\n\n<p>Las im\u00e1genes IR a menudo parecen ricas en contraste, entre otras cosas porque muchas se tomaron con la luz dura del mediod\u00eda. No obstante, las sombras y las luces est\u00e1n bien definidas. El follaje de un paisaje act\u00faa como un gran reflector y garantiza que siga habiendo suficiente luz disponible incluso en las sombras de los \u00e1rboles. La fotograf\u00eda infrarroja permite crear f\u00e1cilmente ambientes inconfundibles. Un paisaje familiar brilla con una luz completamente nueva. <\/p>\n\n\n\n<p>La mayor\u00eda de los fot\u00f3grafos de infrarrojos se dedican a la fotograf\u00eda de paisajes, pero por supuesto la aplicaci\u00f3n no se limita a esto. Cualquiera que pruebe la fotograf\u00eda de retratos con infrarrojos se dar\u00e1 cuenta enseguida de que la piel humana adquiere una tez clara y suave. Se trata de un efecto muy popular, no s\u00f3lo entre los fot\u00f3grafos de bodas.<\/p>\n\n\n\n<figure class=\"wp-block-image size-large\"><a href=\"https:\/\/irrecams.de\/wp-content\/uploads\/2021\/01\/IMGP9855.jpg\"><img loading=\"lazy\" decoding=\"async\" width=\"1024\" height=\"679\" src=\"https:\/\/irrecams.de\/wp-content\/uploads\/2021\/01\/IMGP9855-1024x679.jpg\" alt=\"\" class=\"wp-image-6015\" srcset=\"https:\/\/irrecams.de\/wp-content\/uploads\/2021\/01\/IMGP9855-1024x679.jpg 1024w, https:\/\/irrecams.de\/wp-content\/uploads\/2021\/01\/IMGP9855-600x398.jpg 600w, https:\/\/irrecams.de\/wp-content\/uploads\/2021\/01\/IMGP9855-300x199.jpg 300w, https:\/\/irrecams.de\/wp-content\/uploads\/2021\/01\/IMGP9855-768x509.jpg 768w, https:\/\/irrecams.de\/wp-content\/uploads\/2021\/01\/IMGP9855-350x232.jpg 350w, https:\/\/irrecams.de\/wp-content\/uploads\/2021\/01\/IMGP9855.jpg 1500w\" sizes=\"auto, (max-width: 1024px) 100vw, 1024px\" \/><\/a><\/figure>\n\n\n\n<h2 class=\"wp-block-heading\">Im\u00e1genes infrarrojas en color<\/h2>\n\n\n\n<p>Fotografiar en infrarrojo no siempre significa hacerlo en blanco y negro. Dependiendo del filtro utilizado, se pueden crear im\u00e1genes infrarrojas en color con colores (falsos) muy variados e impresionantes. En cuanto no s\u00f3lo incide en el sensor de la c\u00e1mara luz infrarroja pura por encima de 830 nm, sino tambi\u00e9n una mezcla de longitudes de onda de la gama espectral visible, se crea informaci\u00f3n de color en la imagen digital. Se trata, por supuesto, de 100 % artificiales y no tienen nada que ver con la naturaleza real de la luz infrarroja. No obstante, este tipo de \"artefacto\" puede utilizarse para captar atm\u00f3sferas impresionantes.<\/p>\n\n\n\n<figure class=\"wp-block-image size-large\"><a href=\"https:\/\/irrecams.de\/wp-content\/uploads\/2021\/01\/DSCF9277.jpg\"><img loading=\"lazy\" decoding=\"async\" width=\"681\" height=\"1024\" src=\"https:\/\/irrecams.de\/wp-content\/uploads\/2021\/01\/DSCF9277-681x1024.jpg\" alt=\"630 nm\" class=\"wp-image-5932\" srcset=\"https:\/\/irrecams.de\/wp-content\/uploads\/2021\/01\/DSCF9277-681x1024.jpg 681w, https:\/\/irrecams.de\/wp-content\/uploads\/2021\/01\/DSCF9277-600x902.jpg 600w, https:\/\/irrecams.de\/wp-content\/uploads\/2021\/01\/DSCF9277-200x300.jpg 200w, https:\/\/irrecams.de\/wp-content\/uploads\/2021\/01\/DSCF9277-768x1154.jpg 768w, https:\/\/irrecams.de\/wp-content\/uploads\/2021\/01\/DSCF9277-350x526.jpg 350w, https:\/\/irrecams.de\/wp-content\/uploads\/2021\/01\/DSCF9277.jpg 998w\" sizes=\"auto, (max-width: 681px) 100vw, 681px\" \/><\/a><\/figure>\n\n\n\n<p>Sin embargo, estos colores con follaje amarillo o incluso rojo no salen directamente de la c\u00e1mara; suele ser necesario un cierto tratamiento posterior. Encontrar\u00e1 m\u00e1s informaci\u00f3n sobre los pasos del procesado en <a class=\"rank-math-link\" href=\"https:\/\/irrecams.de\/es\/posprocesamiento-de-infrarrojos\/\">en la \u00faltima p\u00e1gina de esta gu\u00eda<\/a> resumido. Con un procesamiento posterior significativamente menor, el <a class=\"rank-math-link\" href=\"https:\/\/irrecams.de\/es\/comparacion-de-filtros-de-efecto-infrarrojo\/#infrablue\">InfraBlue<\/a> Filtro hacia el objetivo.<\/p>\n\n\n\n<div class=\"wp-block-buttons is-content-justification-center is-layout-flex wp-container-core-buttons-is-layout-a89b3969 wp-block-buttons-is-layout-flex\">\n<div class=\"wp-block-button\"><a class=\"wp-block-button__link wp-element-button\" href=\"https:\/\/irrecams.de\/es\/galeria-de-infrarrojos\/\" style=\"border-radius:5px\">M\u00e1s sugerencias de im\u00e1genes<\/a><\/div>\n\n\n\n<div class=\"wp-block-button\"><a class=\"wp-block-button__link wp-element-button\" href=\"https:\/\/irrecams.de\/es\/comparacion-de-filtros-de-efecto-infrarrojo\/\" style=\"border-radius:5px\">M\u00e1s sobre filtros<\/a><\/div>\n\n\n\n<div class=\"wp-block-button\"><a class=\"wp-block-button__link wp-element-button\" href=\"https:\/\/irrecams.de\/es\/explicacion-de-la-tecnologia-de-conversion-de-infrarrojos\/\" style=\"border-radius:5px\">M\u00e1s informaci\u00f3n sobre la instalaci\u00f3n de c\u00e1maras<\/a><\/div>\n<\/div>\n\n\n\n<p><\/p>","protected":false},"excerpt":{"rendered":"<p>&#8220;Infrarot Fotografie? Das habe ich noch nie geh\u00f6rt.&#8221; Aber mit gro\u00dfer Sicherheit schon einmal gesehen, ohne zu wissen, dass es Infrarotfotografie ist. Das Fotografieren im Infrarotbereich produziert einen unverkennbaren &#8220;Look&#8221;. Gr\u00fcnes Laub wird intensiv hell, ein blauer Himmel wird viel dunkler abgebildet und der Hautton von portr\u00e4tierten Personen geht in bla\u00dfe Pastelfarben \u00fcber. In der [&hellip;]<\/p>\n","protected":false},"author":1,"featured_media":0,"parent":0,"menu_order":1,"comment_status":"closed","ping_status":"closed","template":"","meta":{"footnotes":""},"class_list":["post-28","page","type-page","status-publish","hentry"],"_links":{"self":[{"href":"https:\/\/irrecams.de\/es\/wp-json\/wp\/v2\/pages\/28","targetHints":{"allow":["GET"]}}],"collection":[{"href":"https:\/\/irrecams.de\/es\/wp-json\/wp\/v2\/pages"}],"about":[{"href":"https:\/\/irrecams.de\/es\/wp-json\/wp\/v2\/types\/page"}],"author":[{"embeddable":true,"href":"https:\/\/irrecams.de\/es\/wp-json\/wp\/v2\/users\/1"}],"replies":[{"embeddable":true,"href":"https:\/\/irrecams.de\/es\/wp-json\/wp\/v2\/comments?post=28"}],"version-history":[{"count":3,"href":"https:\/\/irrecams.de\/es\/wp-json\/wp\/v2\/pages\/28\/revisions"}],"predecessor-version":[{"id":13395,"href":"https:\/\/irrecams.de\/es\/wp-json\/wp\/v2\/pages\/28\/revisions\/13395"}],"wp:attachment":[{"href":"https:\/\/irrecams.de\/es\/wp-json\/wp\/v2\/media?parent=28"}],"curies":[{"name":"wp","href":"https:\/\/api.w.org\/{rel}","templated":true}]}}