{"id":36,"date":"2015-01-06T11:51:11","date_gmt":"2015-01-06T10:51:11","guid":{"rendered":"http:\/\/wp10590344.server-he.de\/irrecams2\/?page_id=36"},"modified":"2024-09-17T11:51:10","modified_gmt":"2024-09-17T09:51:10","slug":"punto-caliente-infrarrojo-y-otros-errores-de-imagen","status":"publish","type":"page","link":"https:\/\/irrecams.de\/es\/punto-caliente-infrarrojo-y-otros-errores-de-imagen\/","title":{"rendered":"Puntos calientes infrarrojos y otros errores de imagen"},"content":{"rendered":"<p>Todos los objetivos que utilizamos en fotograf\u00eda (con algunas excepciones ex\u00f3ticas y muy caras) est\u00e1n dise\u00f1ados y optimizados para la gama visible. Esto se aplica a la nitidez, el enfoque y el revestimiento para proteger contra las im\u00e1genes fantasma a contraluz; el problema m\u00e1s conocido es probablemente el punto caliente infrarrojo. Sin embargo, con la mayor\u00eda de los objetivos de la gama IR se pueden obtener excelentes resultados. Desgraciadamente, muy pocos de estos defectos pueden detectarse en un objetivo antes de haberlo probado. Sin embargo, algunos problemas son comunes a muchos objetivos, as\u00ed que veamos c\u00f3mo podemos evitarlos.<\/p>\n\n\n\n<h2 class=\"wp-block-heading\">P\u00e9rdida de nitidez y detalle<\/h2>\n\n\n\n<p>El dise\u00f1o \u00f3ptico de nuestros objetivos est\u00e1 calculado para la gama visible. En principio, se puede medir una cierta p\u00e9rdida de nitidez con cada objetivo cuando se utiliza para fotograf\u00eda infrarroja. En la mayor\u00eda de los objetivos, esta p\u00e9rdida es tan peque\u00f1a que apenas es necesario hablar de ella. Mucho peor suele ser la p\u00e9rdida de nitidez hacia el borde de la imagen, algo que ocurre sobre todo con los objetivos gran angular y ultra gran angular. Para mejorar la nitidez en general, resulta \u00fatil cerrar el diafragma, como en la fotograf\u00eda \"normal\". Sin embargo, esto conlleva otros problemas. Por un lado, la reducci\u00f3n puede provocar un punto caliente y, por otro, la luz infrarroja de onda larga es mucho m\u00e1s propensa a verse afectada por el desenfoque por difracci\u00f3n que la gama visible. En general, el diafragma s\u00f3lo debe cerrarse lo estrictamente necesario para las im\u00e1genes IR.<\/p>\n\n\n\n<h2 class=\"wp-block-heading\">Enfoque autom\u00e1tico en fotograf\u00eda infrarroja<\/h2>\n\n\n\n<p> El correcto funcionamiento del enfoque autom\u00e1tico puede ser m\u00e1s cr\u00edtico que la nitidez de la imagen. Con las c\u00e1maras modernas de sistema sin espejo, no suele haber problemas ni sorpresas en este aspecto. Pero con las c\u00e1maras r\u00e9flex digitales hay que prestar atenci\u00f3n a algunas cosas.<\/p>\n\n\n\n<p>Para hacer una foto en el rango infrarrojo, hay que enfocar \"un poco m\u00e1s cerca\" que en el espectro visible. En los antiguos objetivos manuales, a menudo se colocaba una marca roja IR en el anillo de enfoque con este fin. En la era del AF, el enfoque ya no es tarea del fot\u00f3grafo, sino de la c\u00e1mara, y as\u00ed deber\u00eda ser tambi\u00e9n en la fotograf\u00eda infrarroja digital. En una conversi\u00f3n infrarroja profesional, el autoenfoque de la c\u00e1mara r\u00e9flex se ajusta una vez, de modo que el sistema AF de la c\u00e1mara ya puede enfocar correctamente todos los objetivos para el rango de infrarrojos. Una conversi\u00f3n infrarroja completa es la \u00fanica forma de poder utilizar el autofoco en una DSLR y, por tanto, de poder enfocar de forma r\u00e1pida y fiable.<\/p>\n\n\n\n<figure class=\"wp-block-image size-large\"><a href=\"https:\/\/irrecams.de\/wp-content\/uploads\/2021\/01\/IMGP8689.jpg\"><img loading=\"lazy\" decoding=\"async\" width=\"1024\" height=\"681\" src=\"https:\/\/irrecams.de\/wp-content\/uploads\/2021\/01\/IMGP8689-1024x681.jpg\" alt=\"700 nm\" class=\"wp-image-5833\" title=\"El enfoque por infrarrojos garantiza im\u00e1genes n\u00edtidas\" srcset=\"https:\/\/irrecams.de\/wp-content\/uploads\/2021\/01\/IMGP8689-1024x681.jpg 1024w, https:\/\/irrecams.de\/wp-content\/uploads\/2021\/01\/IMGP8689-600x399.jpg 600w, https:\/\/irrecams.de\/wp-content\/uploads\/2021\/01\/IMGP8689-300x199.jpg 300w, https:\/\/irrecams.de\/wp-content\/uploads\/2021\/01\/IMGP8689-768x510.jpg 768w, https:\/\/irrecams.de\/wp-content\/uploads\/2021\/01\/IMGP8689-350x233.jpg 350w, https:\/\/irrecams.de\/wp-content\/uploads\/2021\/01\/IMGP8689.jpg 1500w\" sizes=\"auto, (max-width: 1024px) 100vw, 1024px\" \/><\/a><\/figure>\n\n\n\n<p>Una peculiaridad de los objetivos m\u00e1s antiguos suele ser la aparici\u00f3n del contraenfoque cuando se utiliza una DSLR. La diferencia entre la luz visible y la infrarroja, que se compensa en la c\u00e1mara mediante el ajuste del enfoque, no es constante en todos los objetivos. Depende de la construcci\u00f3n \u00f3ptica del objetivo respectivo (principalmente de la calidad de la correcci\u00f3n asf\u00e9rica) y posiblemente de la distancia focal ajustada (para objetivos zoom). Con la mayor\u00eda de los objetivos autofocus modernos, no deber\u00eda haber problemas con el autofocus. Cuanto m\u00e1s antiguo sea un objetivo, m\u00e1s probable es que se trate de un dise\u00f1o con poca o ninguna correcci\u00f3n asf\u00e9rica. Sin embargo, aqu\u00ed no hay ninguna regla; lamentablemente, s\u00f3lo la prueba y el error servir\u00e1n de ayuda.<\/p>\n\n\n\n<p>Lamentablemente, no puedo prometer un enfoque perfecto para todos los objetivos cuando se utiliza una c\u00e1mara DSLR. Para conseguir resultados perfectos incluso con \"objetivos problem\u00e1ticos\", lo m\u00e1s sensato es utilizar una c\u00e1mara (DSLR) con enfoque autom\u00e1tico por contraste a trav\u00e9s del sensor. La diferencia de enfoque no es un problema con el AF por contraste a trav\u00e9s del sensor, ya que \u00e9ste ya ve la luz IR y enfoca con precisi\u00f3n. Con las c\u00e1maras de sistema sin espejo, la posici\u00f3n de enfoque no suele ser problem\u00e1tica, ya que estas c\u00e1maras trabajan permanentemente en \"modo LiveView\" debido a su dise\u00f1o.<\/p>\n\n\n\n<h2 class=\"wp-block-heading\">Puntos calientes de infrarrojos y contramedidas<\/h2>\n\n\n\n<p>Un defecto de imagen muy desagradable es el punto caliente. Un punto caliente es una zona circular en el centro de la imagen que es m\u00e1s brillante y, por lo tanto, destaca claramente. El canal azul de la imagen suele verse m\u00e1s afectado, por lo que un punto caliente aparece como una mancha de color para empeorar las cosas.<\/p>\n\n\n\n<p>El punto caliente se debe al revestimiento inadecuado de los objetivos en la gama IR, por lo que no es f\u00e1cil evitarlo. Si un objetivo se ve afectado, puede ser \u00fatil experimentar con diferentes diafragmas. La intensidad del punto caliente aumenta al reducir el diafragma, lo que es otra raz\u00f3n para no reducir demasiado el diafragma de los objetivos. Adem\u00e1s, las situaciones de contraluz pueden intensificar el punto caliente, por lo que el uso de un parasol deber\u00eda ser obligatorio al menos para los objetivos afectados.<\/p>\n\n\n\n<figure class=\"wp-block-image size-large\"><a href=\"https:\/\/irrecams.de\/wp-content\/uploads\/2015\/01\/hotspot.jpg\"><img loading=\"lazy\" decoding=\"async\" width=\"1024\" height=\"760\" src=\"https:\/\/irrecams.de\/wp-content\/uploads\/2015\/01\/hotspot-1024x760.jpg\" alt=\"\" class=\"wp-image-539\" title=\"Puntos calientes de infrarrojos y c\u00f3mo evitarlos\" srcset=\"https:\/\/irrecams.de\/wp-content\/uploads\/2015\/01\/hotspot-1024x760.jpg 1024w, https:\/\/irrecams.de\/wp-content\/uploads\/2015\/01\/hotspot-600x445.jpg 600w, https:\/\/irrecams.de\/wp-content\/uploads\/2015\/01\/hotspot-300x223.jpg 300w, https:\/\/irrecams.de\/wp-content\/uploads\/2015\/01\/hotspot.jpg 1388w\" sizes=\"auto, (max-width: 1024px) 100vw, 1024px\" \/><\/a><\/figure>\n\n\n\n<p>Una vez que aparezca una mancha en la foto, puedes intentar retocarla en el PC. Aunque esto parezca posible, suele ser un trabajo tedioso y que lleva mucho tiempo. Una t\u00e9cnica muy r\u00e1pida y eficaz es convertir la imagen a blanco y negro. El hotspot aparece sobre todo en las IR en color, en una imagen monocroma s\u00f3lo es muy tenue o no aparece en absoluto.<\/p>\n\n\n\n<h2 class=\"wp-block-heading\">Destellos de lente y contraluz<\/h2>\n\n\n\n<p>El contraste global de una imagen IR disminuye muy r\u00e1pidamente a contraluz. Las zonas de sombra se vuelven opacas y turbias, e incluso pueden acentuarse los puntos calientes. Adem\u00e1s de la simple regla de no fotografiar a contraluz, lo primero que hay que hacer es sombrear cuidadosamente el objetivo frontal. Esto puede hacerse a mano o con un parasol.<\/p>\n\n\n\n<figure class=\"wp-block-image size-large\"><a href=\"https:\/\/irrecams.de\/wp-content\/uploads\/2021\/01\/IR202372.jpg\"><img loading=\"lazy\" decoding=\"async\" width=\"681\" height=\"1024\" src=\"https:\/\/irrecams.de\/wp-content\/uploads\/2021\/01\/IR202372-681x1024.jpg\" alt=\"630 nm\" class=\"wp-image-5976\" title=\"Destellos infrarrojos y c\u00f3mo evitarlos\" srcset=\"https:\/\/irrecams.de\/wp-content\/uploads\/2021\/01\/IR202372-681x1024.jpg 681w, https:\/\/irrecams.de\/wp-content\/uploads\/2021\/01\/IR202372-600x902.jpg 600w, https:\/\/irrecams.de\/wp-content\/uploads\/2021\/01\/IR202372-200x300.jpg 200w, https:\/\/irrecams.de\/wp-content\/uploads\/2021\/01\/IR202372-768x1154.jpg 768w, https:\/\/irrecams.de\/wp-content\/uploads\/2021\/01\/IR202372-350x526.jpg 350w, https:\/\/irrecams.de\/wp-content\/uploads\/2021\/01\/IR202372.jpg 998w\" sizes=\"auto, (max-width: 681px) 100vw, 681px\" \/><\/a><\/figure>\n\n\n\n<p>Por \u00faltimo, debido al revestimiento ineficaz de la mayor\u00eda de los objetivos en la gama de infrarrojos, los destellos se producen muy r\u00e1pidamente en situaciones de contraluz. Este fen\u00f3meno puede evitarse, o al menos minimizarse, evitando las situaciones de contraluz, utilizando un parasol y, posiblemente, reduciendo el diafragma. Otra opci\u00f3n es incorporar los destellos de forma creativa a la composici\u00f3n de la imagen. En muchos programas de edici\u00f3n gr\u00e1fica existen filtros adicionales que crean artificialmente este efecto. Nosotros lo hemos integrado de inmediato.<\/p>\n\n\n\n<h2 class=\"wp-block-heading\">Predicci\u00f3n de errores de imagen<\/h2>\n\n\n\n<p>Por desgracia, no es posible saber de antemano si un objetivo producir\u00e1 errores de imagen y, en caso afirmativo, cu\u00e1les. Puedes probarlo t\u00fa mismo (recuerda el derecho de cambio de 14 d\u00edas al comprar un objetivo, los objetivos usados suelen poder revenderse sin p\u00e9rdida de valor) o investigar las experiencias de otros fot\u00f3grafos con el objetivo antes de comprarlo. Tambi\u00e9n hay algunas bases de datos en Internet que han resumido muchas experiencias de usuarios: aqu\u00ed al menos tienes una indicaci\u00f3n de qu\u00e9 objetivos podr\u00edan ser adecuados antes de comprarlos.<\/p>","protected":false},"excerpt":{"rendered":"<p>Alle Objektive, die wir f\u00fcr die Fotografie benutzen (bis auf ein paar wenige exotische und sehr teure Ausnahmen) sind f\u00fcr den sichtbaren Bereich konstruiert und optimiert. Das betrifft Sch\u00e4rfe, Fokus und die Verg\u00fctung zum Schutz vor Geisterbildern bei Gegenlicht &#8211; am bekanntesten ist wohl das Problem des Infrarot Hotspot. Dennoch lassen sich mit den meisten [&hellip;]<\/p>\n","protected":false},"author":1,"featured_media":0,"parent":0,"menu_order":4,"comment_status":"closed","ping_status":"closed","template":"","meta":{"footnotes":""},"class_list":["post-36","page","type-page","status-publish","hentry"],"_links":{"self":[{"href":"https:\/\/irrecams.de\/es\/wp-json\/wp\/v2\/pages\/36","targetHints":{"allow":["GET"]}}],"collection":[{"href":"https:\/\/irrecams.de\/es\/wp-json\/wp\/v2\/pages"}],"about":[{"href":"https:\/\/irrecams.de\/es\/wp-json\/wp\/v2\/types\/page"}],"author":[{"embeddable":true,"href":"https:\/\/irrecams.de\/es\/wp-json\/wp\/v2\/users\/1"}],"replies":[{"embeddable":true,"href":"https:\/\/irrecams.de\/es\/wp-json\/wp\/v2\/comments?post=36"}],"version-history":[{"count":3,"href":"https:\/\/irrecams.de\/es\/wp-json\/wp\/v2\/pages\/36\/revisions"}],"predecessor-version":[{"id":13404,"href":"https:\/\/irrecams.de\/es\/wp-json\/wp\/v2\/pages\/36\/revisions\/13404"}],"wp:attachment":[{"href":"https:\/\/irrecams.de\/es\/wp-json\/wp\/v2\/media?parent=36"}],"curies":[{"name":"wp","href":"https:\/\/api.w.org\/{rel}","templated":true}]}}