{"id":38,"date":"2015-01-06T11:51:40","date_gmt":"2015-01-06T10:51:40","guid":{"rendered":"http:\/\/wp10590344.server-he.de\/irrecams2\/?page_id=38"},"modified":"2024-09-17T12:00:34","modified_gmt":"2024-09-17T10:00:34","slug":"posprocesamiento-de-infrarrojos","status":"publish","type":"page","link":"https:\/\/irrecams.de\/es\/posprocesamiento-de-infrarrojos\/","title":{"rendered":"Postprocesado de infrarrojos"},"content":{"rendered":"<p>Para los principiantes, los pasos del procesamiento en la fotograf\u00eda digital infrarroja resultan inicialmente desconocidos y extra\u00f1os. Sin una gu\u00eda, es muy dif\u00edcil conseguir el resultado deseado. Sin embargo, el postprocesado de infrarrojos no es ciencia espacial y, si se interiorizan los pasos paso a paso, resulta r\u00e1pido y f\u00e1cil de llevar a cabo.<\/p>\n\n\n\n<h2 class=\"wp-block-heading\">\u00bfSin posprocesamiento de infrarrojos?<\/h2>\n\n\n\n<p>Antes de profundizar en el intercambio de canales, el balance de blancos y los ajustes de contraste, hay que decir algo por adelantado: La fotograf\u00eda infrarroja requiere un procesado intensivo, sobre todo si quieres acabar con un infrarrojo en color o ColorKey. Para el procesado de infrarrojos en blanco y negro puro, s\u00f3lo es necesario un procesado m\u00ednimo o ninguno en absoluto si no se desea esto. Si estableces un balance de blancos aproximado en la c\u00e1mara y cambias el perfil de imagen a monocromo, puedes estar contento con los archivos JPEG directamente desde la c\u00e1mara. Y no hay nada malo en ello, al fin y al cabo, se trata de disfrutar de la fotograf\u00eda y cada fot\u00f3grafo tiene preferencias y enfoques diferentes.<\/p>\n\n\n\n<figure class=\"wp-block-image size-large\"><a href=\"https:\/\/irrecams.de\/wp-content\/uploads\/2021\/01\/DSCF9162.jpg\"><img loading=\"lazy\" decoding=\"async\" width=\"1024\" height=\"684\" src=\"https:\/\/irrecams.de\/wp-content\/uploads\/2021\/01\/DSCF9162-1024x684.jpg\" alt=\"630 nm\" class=\"wp-image-5915\" srcset=\"https:\/\/irrecams.de\/wp-content\/uploads\/2021\/01\/DSCF9162-1024x684.jpg 1024w, https:\/\/irrecams.de\/wp-content\/uploads\/2021\/01\/DSCF9162-600x401.jpg 600w, https:\/\/irrecams.de\/wp-content\/uploads\/2021\/01\/DSCF9162-300x200.jpg 300w, https:\/\/irrecams.de\/wp-content\/uploads\/2021\/01\/DSCF9162-768x513.jpg 768w, https:\/\/irrecams.de\/wp-content\/uploads\/2021\/01\/DSCF9162-350x234.jpg 350w, https:\/\/irrecams.de\/wp-content\/uploads\/2021\/01\/DSCF9162.jpg 1500w\" sizes=\"auto, (max-width: 1024px) 100vw, 1024px\" \/><\/a><\/figure>\n\n\n\n<p>Para todos aquellos que quieran profundizar en la fotograf\u00eda IR (en color), les recomiendo que sigan leyendo.<\/p>\n\n\n\n<h2 class=\"wp-block-heading\">Balance de blancos en la fotograf\u00eda infrarroja<\/h2>\n\n\n\n<p>Aunque t\u00e9cnicamente puedas seguir trabajando con los archivos JPEG de una c\u00e1mara convertida, no es aconsejable, sobre todo para las im\u00e1genes infrarrojas en color. Siempre recomiendo disparar en formato de archivo RAW para poder ajustar con precisi\u00f3n la exposici\u00f3n y, sobre todo, el balance de blancos en el ordenador. Una imagen infrarroja digital requiere un balance de blancos bastante extremo, en el que se aten\u00faa el canal rojo y hay que potenciar intensamente los canales azul y verde. Esto suele ser posible a partir de un archivo RAW, pero no a partir de un archivo JPEG de 8 bits. Incluso si el balance de blancos ya se ha ajustado correctamente en la c\u00e1mara, pueden producirse distorsiones del valor tonal.<\/p>\n\n\n\n<p>A menudo se lee que el balance de blancos debe calibrarse con un trozo de hierba o un \u00e1rbol. Es una soluci\u00f3n pr\u00e1ctica, sobre todo para los filtros infrarrojos m\u00e1s potentes (700 nm u 830 nm). Sin embargo, para establecer un balance de blancos realmente neutro, lo que es a\u00fan m\u00e1s evidente con filtros infrarrojos con una saturaci\u00f3n de color inicial m\u00e1s alta, es aconsejable utilizar un componente de imagen neutro posterior. En el caso m\u00e1s sencillo, se trata de una nube, que tambi\u00e9n deber\u00eda ser blanca en la imagen posterior. Pero tambi\u00e9n es adecuada una pared blanca de una casa, o un pavimento de hormig\u00f3n gris.<\/p>\n\n\n\n<figure class=\"wp-block-image size-large\"><a href=\"https:\/\/irrecams.de\/wp-content\/uploads\/2020\/07\/Motiv1_Layout-scaled.jpg\"><img loading=\"lazy\" decoding=\"async\" width=\"1024\" height=\"965\" src=\"https:\/\/irrecams.de\/wp-content\/uploads\/2020\/07\/Motiv1_Layout-1024x965.jpg\" alt=\"Comparaci\u00f3n de filtros de efecto infrarrojo - Motif 1\" class=\"wp-image-5159\" srcset=\"https:\/\/irrecams.de\/wp-content\/uploads\/2020\/07\/Motiv1_Layout-1024x965.jpg 1024w, https:\/\/irrecams.de\/wp-content\/uploads\/2020\/07\/Motiv1_Layout-scaled-600x565.jpg 600w, https:\/\/irrecams.de\/wp-content\/uploads\/2020\/07\/Motiv1_Layout-300x283.jpg 300w, https:\/\/irrecams.de\/wp-content\/uploads\/2020\/07\/Motiv1_Layout-768x724.jpg 768w, https:\/\/irrecams.de\/wp-content\/uploads\/2020\/07\/Motiv1_Layout-1536x1447.jpg 1536w, https:\/\/irrecams.de\/wp-content\/uploads\/2020\/07\/Motiv1_Layout-2048x1930.jpg 2048w, https:\/\/irrecams.de\/wp-content\/uploads\/2020\/07\/Motiv1_Layout-350x330.jpg 350w\" sizes=\"auto, (max-width: 1024px) 100vw, 1024px\" \/><\/a><figcaption class=\"wp-element-caption\">Una visi\u00f3n general de las distintas etapas de procesamiento y la influencia del balance de blancos y el intercambio de canales.<\/figcaption><\/figure>\n\n\n\n<h2 class=\"wp-block-heading\">Intercambio de canales con el mezclador de canales<\/h2>\n\n\n\n<p>Una vez ajustado correctamente el balance de blancos de la imagen, notar\u00e1s que el cielo aparece parduzco y el follaje azulado (dependiendo del filtro). Esto puede ser intencionado y dar buenos resultados, pero la mayor\u00eda de los fot\u00f3grafos de infrarrojos se esfuerzan por mezclarlo. Para obtener un cielo azul y un follaje amarillo, es necesario intercambiar los canales rojo y azul. Este intercambio de canales es posible con cualquier software que tenga un mezclador de canales integrado, una herramienta bastante com\u00fan. Hay que realizar los siguientes ajustes:<\/p>\n\n\n\n<div class=\"wp-block-media-text alignwide has-media-on-the-right is-stacked-on-mobile\"><div class=\"wp-block-media-text__content\">\n<ol class=\"wp-block-list\">\n<li>Rojo Seleccionar canal<\/li>\n\n\n\n<li>Pon los componentes rojos a 0 y los azules a 100<\/li>\n\n\n\n<li>Seleccionar canal azul<\/li>\n\n\n\n<li>Pon los componentes rojos a 100 y los azules a 0<\/li>\n<\/ol>\n<\/div><figure class=\"wp-block-media-text__media\"><img loading=\"lazy\" decoding=\"async\" width=\"364\" height=\"236\" src=\"https:\/\/irrecams.de\/wp-content\/uploads\/2015\/01\/kanal.jpg\" alt=\"\" class=\"wp-image-437 size-full\" srcset=\"https:\/\/irrecams.de\/wp-content\/uploads\/2015\/01\/kanal.jpg 364w, https:\/\/irrecams.de\/wp-content\/uploads\/2015\/01\/kanal-350x227.jpg 350w, https:\/\/irrecams.de\/wp-content\/uploads\/2015\/01\/kanal-300x195.jpg 300w\" sizes=\"auto, (max-width: 364px) 100vw, 364px\" \/><\/figure><\/div>\n\n\n\n<h2 class=\"wp-block-heading\">Contraste y din\u00e1mica<\/h2>\n\n\n\n<p>A menudo, una imagen infrarroja no utiliza plenamente el rango din\u00e1mico del sensor, incluso es t\u00e9cnicamente necesario no llevar la exposici\u00f3n del histograma hasta el borde derecho. Por lo tanto, a menudo es necesario aumentar la exposici\u00f3n y el contraste hasta que la vegetaci\u00f3n sea lo suficientemente blanca, pero no excesivamente brillante. Se trata de un acto de equilibrio en el que conviene vigilar de cerca el histograma. Si trabajas con un archivo RAW, la vida es mucho m\u00e1s f\u00e1cil aqu\u00ed.<\/p>\n\n\n\n<h2 class=\"wp-block-heading\">Procesado avanzado de infrarrojos en blanco y negro<\/h2>\n\n\n\n<p>El balance de blancos puede ignorarse en gran medida si se pretende obtener una imagen monocroma. Sin embargo, un balance de blancos aproximadamente correcto es necesario para obtener im\u00e1genes en blanco y negro de alto contraste y bien definidas. Para la conversi\u00f3n a blanco y negro, suele bastar con ajustar la saturaci\u00f3n a 0 con cualquier herramienta.<\/p>\n\n\n\n<p>Sin embargo, los usuarios avanzados tambi\u00e9n pueden utilizar el mezclador de canales para realizar la conversi\u00f3n a ByN. Si el balance de blancos est\u00e1 correctamente ajustado, esto permite controlar mejor el brillo del cielo y la vegetaci\u00f3n. En mi experiencia, sin embargo, basta con realizar una simple desaturaci\u00f3n, las diferencias son marginales. Por cierto, un tratamiento posterior del color (por ejemplo, sepia) puede poner la guinda al pastel.<\/p>\n\n\n\n<h2 class=\"wp-block-heading\">Postprocesado ColourKey en IR<\/h2>\n\n\n\n<p>Por \u00faltimo, tambi\u00e9n es popular la clave de color, es decir, una combinaci\u00f3n de color y blanco y negro. Algunos programas de edici\u00f3n de im\u00e1genes ya incorporan una funci\u00f3n que ofrece un resultado m\u00e1s o menos bueno con un solo clic. Como alternativa, y para mantener un mayor control, basta con copiar la capa en el programa de edici\u00f3n de im\u00e1genes y desaturar s\u00f3lo la capa superior (o viceversa, al gusto). Ahora aplica una m\u00e1scara de capa a la capa superior y \"pinta\" de negro todas las zonas que deban colorearse, es decir, hazlas transparentes. La versi\u00f3n coloreada de la capa inferior ser\u00e1 ahora visible en esas zonas. Es a\u00fan m\u00e1s f\u00e1cil con el programa darktable y sus amplias funciones de m\u00e1scara (v\u00e9ase m\u00e1s abajo).<\/p>\n\n\n\n<figure class=\"wp-block-image size-large\"><a href=\"https:\/\/irrecams.de\/wp-content\/uploads\/2021\/01\/IR201741.jpg\"><img loading=\"lazy\" decoding=\"async\" width=\"1024\" height=\"683\" src=\"https:\/\/irrecams.de\/wp-content\/uploads\/2021\/01\/IR201741-1024x683.jpg\" alt=\"630 nm\" class=\"wp-image-5973\" srcset=\"https:\/\/irrecams.de\/wp-content\/uploads\/2021\/01\/IR201741-1024x683.jpg 1024w, https:\/\/irrecams.de\/wp-content\/uploads\/2021\/01\/IR201741-600x400.jpg 600w, https:\/\/irrecams.de\/wp-content\/uploads\/2021\/01\/IR201741-300x200.jpg 300w, https:\/\/irrecams.de\/wp-content\/uploads\/2021\/01\/IR201741-768x512.jpg 768w, https:\/\/irrecams.de\/wp-content\/uploads\/2021\/01\/IR201741-350x233.jpg 350w, https:\/\/irrecams.de\/wp-content\/uploads\/2021\/01\/IR201741.jpg 1500w\" sizes=\"auto, (max-width: 1024px) 100vw, 1024px\" \/><\/a><\/figure>\n\n\n\n<h2 class=\"wp-block-heading\">mesa oscura para postprocesado de infrarrojos<\/h2>\n\n\n\n<p>Mi consejo para el postprocesamiento de infrarrojos es el programa de c\u00f3digo abierto darktable. Este programa gratuito para revelar, editar y clasificar archivos RAW est\u00e1 disponible para todas las plataformas y ofrece m\u00e1s que todas las herramientas necesarias para el postprocesamiento de infrarrojos. Puedes profundizar mucho en darktable porque tiene una amplia gama de funciones. Por supuesto, es necesario dedicar tiempo a familiarizarse con \u00e9l, pero merece la pena.<\/p>\n\n\n\n<p>darktable no s\u00f3lo es ideal para la fotograf\u00eda IR, sino que tambi\u00e9n dispone de todas las herramientas necesarias para la fotograf\u00eda \"normal\". No es necesario utilizar ning\u00fan otro programa ni guardar la imagen para procesarla posteriormente con otro programa. Un gran punto fuerte de darktable es la gama de funciones combinadas con varias m\u00e1scaras dibujadas y param\u00e9tricas (tambi\u00e9n conocidas como m\u00e1scaras de luminancia y crominancia), que permiten una edici\u00f3n muy controlada de las zonas de la imagen.<\/p>\n\n\n\n<p>Ya he hecho muchos v\u00eddeos de edici\u00f3n para darktable y siempre estoy buscando nuevas \"donaciones de im\u00e1genes\" para m\u00e1s episodios. Los v\u00eddeos est\u00e1n todos en <a class=\"rank-math-link\" href=\"https:\/\/irrecams.de\/es\/blog\/videos\/\">blog de IRreCams<\/a> encontrar.<\/p>\n\n\n\n<figure class=\"wp-block-image size-large\"><a href=\"https:\/\/irrecams.de\/wp-content\/uploads\/2021\/01\/IMGP9798_01.jpg\"><img loading=\"lazy\" decoding=\"async\" width=\"1024\" height=\"342\" src=\"https:\/\/irrecams.de\/wp-content\/uploads\/2021\/01\/IMGP9798_01-1024x342.jpg\" alt=\"700 nm\" class=\"wp-image-5851\" srcset=\"https:\/\/irrecams.de\/wp-content\/uploads\/2021\/01\/IMGP9798_01-1024x342.jpg 1024w, https:\/\/irrecams.de\/wp-content\/uploads\/2021\/01\/IMGP9798_01-600x200.jpg 600w, https:\/\/irrecams.de\/wp-content\/uploads\/2021\/01\/IMGP9798_01-300x100.jpg 300w, https:\/\/irrecams.de\/wp-content\/uploads\/2021\/01\/IMGP9798_01-768x256.jpg 768w, https:\/\/irrecams.de\/wp-content\/uploads\/2021\/01\/IMGP9798_01-1536x512.jpg 1536w, https:\/\/irrecams.de\/wp-content\/uploads\/2021\/01\/IMGP9798_01-350x117.jpg 350w, https:\/\/irrecams.de\/wp-content\/uploads\/2021\/01\/IMGP9798_01.jpg 2000w\" sizes=\"auto, (max-width: 1024px) 100vw, 1024px\" \/><\/a><\/figure>","protected":false},"excerpt":{"rendered":"<p>F\u00fcr Einsteiger sind die Bearbeitungsschritte in der digitalen Infrarot Fotografie zun\u00e4chst ungewohnt und fremd. Ohne einen Leitfaden ist es sehr schwer zum gew\u00fcnschten Ergebnis zu kommen. Dennoch ist die Infrarot Nachbearbeitung kein Hexenwerk und wenn man sich die Schritte St\u00fcck f\u00fcr St\u00fcck verinnerlicht, hat schnell und einfach durchzuf\u00fchren. Ganz ohne Infrarot Nachbearbeitung? Bevor wir nun [&hellip;]<\/p>\n","protected":false},"author":1,"featured_media":0,"parent":0,"menu_order":5,"comment_status":"closed","ping_status":"closed","template":"","meta":{"footnotes":""},"class_list":["post-38","page","type-page","status-publish","hentry"],"_links":{"self":[{"href":"https:\/\/irrecams.de\/es\/wp-json\/wp\/v2\/pages\/38","targetHints":{"allow":["GET"]}}],"collection":[{"href":"https:\/\/irrecams.de\/es\/wp-json\/wp\/v2\/pages"}],"about":[{"href":"https:\/\/irrecams.de\/es\/wp-json\/wp\/v2\/types\/page"}],"author":[{"embeddable":true,"href":"https:\/\/irrecams.de\/es\/wp-json\/wp\/v2\/users\/1"}],"replies":[{"embeddable":true,"href":"https:\/\/irrecams.de\/es\/wp-json\/wp\/v2\/comments?post=38"}],"version-history":[{"count":3,"href":"https:\/\/irrecams.de\/es\/wp-json\/wp\/v2\/pages\/38\/revisions"}],"predecessor-version":[{"id":13406,"href":"https:\/\/irrecams.de\/es\/wp-json\/wp\/v2\/pages\/38\/revisions\/13406"}],"wp:attachment":[{"href":"https:\/\/irrecams.de\/es\/wp-json\/wp\/v2\/media?parent=38"}],"curies":[{"name":"wp","href":"https:\/\/api.w.org\/{rel}","templated":true}]}}