{"id":44,"date":"2015-01-06T12:03:09","date_gmt":"2015-01-06T12:03:09","guid":{"rendered":"http:\/\/wp10590344.server-he.de\/irrecams2\/?page_id=44"},"modified":"2025-12-08T13:34:07","modified_gmt":"2025-12-08T12:34:07","slug":"proceso","status":"publish","type":"page","link":"https:\/\/irrecams.de\/es\/servicio-de-conversion-a-infrarrojos\/proceso\/","title":{"rendered":"Procedimiento del servicio de conversi\u00f3n de infrarrojos"},"content":{"rendered":"<p>\u00bfDesea comprar un modelo concreto de c\u00e1mara? \u00bfO ya tiene su propia c\u00e1mara y desea convertirla para fotograf\u00eda infrarroja? Estaremos encantados de llevar a cabo la conversi\u00f3n por usted y, si es necesario, encargarnos tambi\u00e9n del modelo que desee. Eche un vistazo a la secci\u00f3n <a class=\"rank-math-link\" href=\"https:\/\/irrecams.de\/es\/servicio-de-conversion-a-infrarrojos\/camara-y-lista-de-precios\/\">Modelos de c\u00e1maras<\/a>. Si su c\u00e1mara no aparece en la lista, no significa que no sea apta para la conversi\u00f3n. En principio, cualquier c\u00e1mara puede convertirse para la fotograf\u00eda infrarroja.<\/p>\n\n\n\n<h2 class=\"wp-block-heading\">Conversi\u00f3n de c\u00e1mara de infrarrojos<\/h2>\n\n\n\n<p>El filtro de espejo caliente situado delante del sensor de la c\u00e1mara se sustituye por un filtro de infrarrojos. Adem\u00e1s, el enfoque autom\u00e1tico de la c\u00e1mara est\u00e1 calibrado para la gama de infrarrojos. Esto le proporciona una c\u00e1mara infrarroja nativa que puede utilizar con normalidad, incluso sin tr\u00edpode.<br>Para m\u00e1s informaci\u00f3n sobre los infrarrojos, lea la secci\u00f3n <a class=\"rank-math-link\" href=\"https:\/\/irrecams.de\/es\/explicacion-de-la-tecnologia-de-conversion-de-infrarrojos\/\">Tecnolog\u00eda<\/a>.<\/p>\n\n\n\n<h2 class=\"wp-block-heading\">Elecci\u00f3n del filtro de infrarrojos<\/h2>\n\n\n\n<p>Puede elegir entre muchos filtros diferentes. 280 nm (espectro completo), 630 nm y 700 nm ya est\u00e1n incluidos en el precio b\u00e1sico de la conversi\u00f3n. Hay otras opciones de filtros disponibles por un coste adicional. Encontrar\u00e1 informaci\u00f3n sobre los filtros en la secci\u00f3n de infrarrojos en <a class=\"rank-math-link\" href=\"https:\/\/irrecams.de\/es\/comparacion-de-filtros-de-efecto-infrarrojo\/\">Filtro de efecto infrarrojo en comparaci\u00f3n<\/a>. Adem\u00e1s de la comparaci\u00f3n entre los filtros, tambi\u00e9n encontrar\u00e1s archivos RAW originales para descargar. Si tienes alguna pregunta o duda, lo mejor es que escribas un <a class=\"rank-math-link\" href=\"https:\/\/irrecams.de\/es\/umbauservice\/consulta\/\">mensaje corto<\/a>Estaremos encantados de ayudarle a aclarar cualquier duda que pueda tener.<\/p>\n\n\n\n<h2 class=\"wp-block-heading\">Garant\u00eda de satisfacci\u00f3n y riesgo<\/h2>\n\n\n\n<p>Seg\u00fan mi experiencia, la probabilidad de que la c\u00e1mara sufra da\u00f1os durante la conversi\u00f3n es muy baja. Por supuesto, nunca puedo descartar por completo un defecto, por lo que tambi\u00e9n asumimos el riesgo de la conversi\u00f3n. Si llegamos a da\u00f1ar algo en su c\u00e1mara, le repondremos el valor actual de la c\u00e1mara u organizaremos un dispositivo de sustituci\u00f3n equivalente.<br><br>Si su c\u00e1mara ha sido modificada, lamentablemente no podemos concederle el cl\u00e1sico derecho de devoluci\u00f3n, que implicar\u00eda volver a instalar el filtro original. No obstante, si no queda satisfecho en un plazo de 14 d\u00edas, puede devolvernos la c\u00e1mara y le reembolsaremos el importe de la factura m\u00e1s el valor actual de la c\u00e1mara o le proporcionaremos un dispositivo de sustituci\u00f3n equivalente.<\/p>\n\n\n\n<p>Tenga en cuenta que cualquier garant\u00eda existente del fabricante quedar\u00e1 invalidada durante la conversi\u00f3n. No obstante, concedemos una garant\u00eda de 1 a\u00f1o sobre el correcto funcionamiento de la c\u00e1mara (tanto para el servicio de conversi\u00f3n como para la compra de una c\u00e1mara de infrarrojos). Si la conversi\u00f3n de la c\u00e1mara es demostrablemente nueva o si compra una c\u00e1mara nueva, el periodo de garant\u00eda es incluso de 2 a\u00f1os. As\u00ed que si, en contra de lo esperado, algo deja de funcionar correctamente despu\u00e9s de los primeros 14 d\u00edas, no tiene de qu\u00e9 preocuparse.<\/p>\n\n\n\n<p><a href=\"https:\/\/irrecams.de\/es\/politica-de-cancelacion\/\">Lea aqu\u00ed la pol\u00edtica de cancelaci\u00f3n<\/a><\/p>\n\n\n\n<h2 class=\"wp-block-heading\">Procedimiento de conversi\u00f3n de infrarrojos<\/h2>\n\n\n\n<p>Cuando la c\u00e1mara est\u00e1 en la <a class=\"rank-math-link\" href=\"https:\/\/irrecams.de\/es\/umbauservice\/camara-y-lista-de-precios\/\">Lista de c\u00e1maras compatibles oficialmente<\/a> puede directamente <a href=\"https:\/\/irrecams.de\/es\/tienda\/\">en la tienda en l\u00ednea<\/a> para hacer un pedido. Si su c\u00e1mara no aparece en la lista, o si tiene alguna pregunta, tambi\u00e9n puede enviarme un correo electr\u00f3nico a <a href=\"mailto:info@IRreCams.de\">info@IRreCams.de<\/a> indicando el modelo de c\u00e1mara y el filtro deseado. Tambi\u00e9n puede utilizar el <a class=\"rank-math-link\" href=\"https:\/\/irrecams.de\/es\/umbauservice\/consulta\/\">Formulario de solicitud<\/a> uso.<\/p>\n\n\n\n<p>Env\u00ede \u00fanicamente el cuerpo de la c\u00e1mara sin accesorios. Aseg\u00farese de extraer la bater\u00eda antes del env\u00edo. Tampoco necesitamos tarjetas de memoria, objetivos u otros accesorios como correas y placas de liberaci\u00f3n r\u00e1pida.<\/p>\n\n\n\n<p>Una vez recibida la c\u00e1mara, normalmente se convertir\u00e1 para usted en un plazo de 14 d\u00edas. Sin embargo, en horas punta, el plazo de procesamiento puede ampliarse en casos excepcionales. Es posible un procesamiento m\u00e1s corto y garantizado en un plazo m\u00e1ximo de 7 o 3 d\u00edas desde la llegada de la c\u00e1mara, por un cargo adicional. Una vez realizada la conversi\u00f3n, recibir\u00e1 la factura y se le enviar\u00e1 la c\u00e1mara al mismo tiempo.<\/p>\n\n\n\n<p>Una vez realizada con \u00e9xito la conversi\u00f3n, recibir\u00e1 una factura y la c\u00e1mara le ser\u00e1 devuelta al mismo tiempo. Dispone de un plazo de pago de 14 d\u00edas para transferir el importe de la factura a nuestra cuenta bancaria. No es necesario pagar por adelantado.<\/p>\n\n\n\n<h2 class=\"wp-block-heading\">Costes de la conversi\u00f3n a infrarrojos<\/h2>\n\n\n\n<p>Por la conversi\u00f3n de una c\u00e1mara r\u00e9flex digital cobramos a partir de 260 euros*, incluidos los filtros de 280, 630 o 700 nm, el ajuste del autoenfoque y el env\u00edo de vuelta de la c\u00e1mara dentro de Alemania.<\/p>\n\n\n\n<p>Ofrecemos la conversi\u00f3n de una c\u00e1mara digital de sistema sin espejo a partir de 250 euros* en las mismas condiciones.<\/p>\n\n\n\n<p class=\"translation-block\">Pueden producirse costes adicionales en funci\u00f3n del filtro deseado, el modelo de c\u00e1mara y el tiempo de procesamiento. Estos se muestran en el proceso de pedido en la tienda. Encontrar\u00e1 un resumen de precios para el precio b\u00e1sico en la <a class=\"rank-math-link\" href=\"https:\/\/irrecams.de\/es\/umbauservice\/camara-y-lista-de-precios\/\" target=\"_self\">p\u00e1gina de resumen<\/a>.<\/p>\n\n\n\n<p class=\"has-small-font-size\">*Los precios incluyen el impuesto sobre el valor a\u00f1adido legal. Nos reservamos el derecho a cobrar un precio diferente por modelos seleccionados cuya conversi\u00f3n sea especialmente compleja (lo que discutiremos con usted antes de la conversi\u00f3n). La instalaci\u00f3n de otros filtros es posible por un cargo adicional. Salvo cambios y errores.<\/p>\n\n\n\n<h2 class=\"wp-block-heading\">Env\u00edo<\/h2>\n\n\n\n<p>El env\u00edo lo realiza exclusivamente DHL como env\u00edo de paquete asegurado. Puede elegir que le entreguemos la c\u00e1mara en su domicilio o especificar un Packstation como direcci\u00f3n de entrega. El env\u00edo suele realizarse de lunes a s\u00e1bado. El env\u00edo dentro de Alemania suele ser gratuito para el servicio de conversi\u00f3n. Todos los precios incluyen los gastos de env\u00edo (si no se indican expl\u00edcitamente). Tambi\u00e9n es posible el env\u00edo a otros pa\u00edses de la UE, en cuyo caso cobramos una tarifa plana de env\u00edo de 10 euros. No es posible el env\u00edo fuera de la UE.<\/p>\n\n\n\n<h2 class=\"wp-block-heading\">Formas de pago<\/h2>\n\n\n\n<p>Al hacer un pedido a trav\u00e9s de nuestro sitio web, dispone de varias opciones de pago inmediato. Tambi\u00e9n puede optar por pagar por adelantado y enviar el importe directamente a nuestra cuenta bancaria.<\/p>\n\n\n\n<p>Si encarga un servicio de conversi\u00f3n, puede elegir pagar a cuenta en lugar de pagar por adelantado. Entonces pagas la conversi\u00f3n de tu c\u00e1mara en un plazo de 14 d\u00edas despu\u00e9s de haberla recibido de vuelta y probado.<\/p>\n\n\n\n<p><\/p>","protected":false},"excerpt":{"rendered":"<p>Sie m\u00f6chten einen konkretes Kameramodell kaufen? Oder Sie haben bereits eine eigene Kamera und m\u00f6chten diese f\u00fcr Infrarot Fotografie umbauen lassen? Sehr gerne nehmen wir den Umbau f\u00fcr Sie vor und k\u00fcmmern uns ggf. auch um Ihr Wunschmodell. Bitte schauen Sie zuvor kurz in den Bereich Kameramodelle. Sollte Ihre Kamera dort nicht aufgef\u00fchrt sein, hei\u00dft [&hellip;]<\/p>\n","protected":false},"author":1,"featured_media":0,"parent":40,"menu_order":0,"comment_status":"closed","ping_status":"open","template":"","meta":{"footnotes":""},"class_list":["post-44","page","type-page","status-publish","hentry"],"_links":{"self":[{"href":"https:\/\/irrecams.de\/es\/wp-json\/wp\/v2\/pages\/44","targetHints":{"allow":["GET"]}}],"collection":[{"href":"https:\/\/irrecams.de\/es\/wp-json\/wp\/v2\/pages"}],"about":[{"href":"https:\/\/irrecams.de\/es\/wp-json\/wp\/v2\/types\/page"}],"author":[{"embeddable":true,"href":"https:\/\/irrecams.de\/es\/wp-json\/wp\/v2\/users\/1"}],"replies":[{"embeddable":true,"href":"https:\/\/irrecams.de\/es\/wp-json\/wp\/v2\/comments?post=44"}],"version-history":[{"count":9,"href":"https:\/\/irrecams.de\/es\/wp-json\/wp\/v2\/pages\/44\/revisions"}],"predecessor-version":[{"id":16215,"href":"https:\/\/irrecams.de\/es\/wp-json\/wp\/v2\/pages\/44\/revisions\/16215"}],"up":[{"embeddable":true,"href":"https:\/\/irrecams.de\/es\/wp-json\/wp\/v2\/pages\/40"}],"wp:attachment":[{"href":"https:\/\/irrecams.de\/es\/wp-json\/wp\/v2\/media?parent=44"}],"curies":[{"name":"wp","href":"https:\/\/api.w.org\/{rel}","templated":true}]}}