{"id":48,"date":"2015-01-06T12:04:04","date_gmt":"2015-01-06T12:04:04","guid":{"rendered":"http:\/\/wp10590344.server-he.de\/irrecams2\/?page_id=48"},"modified":"2025-09-07T22:06:15","modified_gmt":"2025-09-07T20:06:15","slug":"faq-2","status":"publish","type":"page","link":"https:\/\/irrecams.de\/es\/servicio-de-conversion-a-infrarrojos\/faq-2\/","title":{"rendered":"Preguntas frecuentes sobre el servicio de conversi\u00f3n a infrarrojos"},"content":{"rendered":"<h4 class=\"wp-block-heading\">\u00bfPuede convertir tambi\u00e9n la c\u00e1mara XY con el filtro Z?<\/h4>\n\n\n\n<p>S\u00ed, con mucho gusto. Eche un vistazo al <a class=\"rank-math-link\" href=\"https:\/\/irrecams.de\/es\/umbauservice\/camara-y-lista-de-precios\/\">Lista de c\u00e1maras<\/a>si ya hemos convertido su c\u00e1mara. Env\u00edenos un correo electr\u00f3nico a <a href=\"mailto:%69%6E%66%6F%40%69%72%72%65%63%61%6D%73%2E%64%65\">info@IRreCams.de<\/a> o utilice el <a class=\"rank-math-link\" href=\"https:\/\/irrecams.de\/es\/umbauservice\/consulta\/\">Formulario de solicitud<\/a>para obtener un presupuesto r\u00e1pido. Disponemos de filtros de infrarrojos en stock de todos los tama\u00f1os adecuados.<\/p>\n\n\n\n<h4 class=\"wp-block-heading\">Me gustar\u00eda tener una c\u00e1mara de espectro completo, \u00bfofrecen algo as\u00ed?<\/h4>\n\n\n\n<p>S\u00ed, por supuesto, el filtro de 280 nm es perfecto para una conversi\u00f3n indefinida. Despu\u00e9s de esta conversi\u00f3n, se pueden utilizar diversos filtros IR de rosca previa, fotografiar en UV o volver a utilizar la c\u00e1mara \"normalmente\" con un filtro de bloqueo UV\/IR. El aumento de la sensibilidad tambi\u00e9n es interesante para la astrofotograf\u00eda. Sin embargo, \u00a1s\u00f3lo recomendamos esta conversi\u00f3n para c\u00e1maras de sistema sin espejo! Con una DSLR, hay que trabajar permanentemente en modo LiveView.<\/p>\n\n\n\n<h4 class=\"wp-block-heading\">\u00bfTiene experiencia en astromodificaciones?<\/h4>\n\n\n\n<p>Llevamos varios a\u00f1os ofreciendo con \u00e9xito modificaciones astro. La conversi\u00f3n astro es posible para casi todos los modelos de c\u00e1mara, insertando el filtro astro Optolong en la c\u00e1mara. Este filtro s\u00f3lo deja pasar la luz visible, igual que el filtro est\u00e1ndar, pero muestra la m\u00e1xima transmisi\u00f3n en el rango espectral rojo. Esto tambi\u00e9n permite al sensor ver el rango espectral H-alfa. En este rango emiten mucha luz las estrellas y algunas nebulosas gal\u00e1cticas. Puede solicitar directamente la conversi\u00f3n astro <a href=\"https:\/\/irrecams.de\/es\/categoria-producto\/servicio-de-conversion-de-astrocamaras\/\" data-type=\"link\" data-id=\"https:\/\/irrecams.de\/produkt-kategorie\/astro-kamera-umbau-service\/\">en nuestra tienda<\/a> para tu c\u00e1mara.<\/p>\n\n\n\n<h4 class=\"wp-block-heading\">La c\u00e1mara XY no est\u00e1 en su lista.<\/h4>\n\n\n\n<p>No hay problema. Siempre me complace personalizar nuevos modelos. \u00a1Escr\u00edbeme y te har\u00e9 una oferta de forma r\u00e1pida y sencilla!<\/p>\n\n\n\n<h4 class=\"wp-block-heading\">\u00bfCu\u00e1nto dura la conversi\u00f3n?<\/h4>\n\n\n\n<p>Una vez recibida la c\u00e1mara, normalmente se convertir\u00e1 para usted en un plazo de 14 d\u00edas. Sin embargo, en horas punta, el plazo de procesamiento puede ampliarse en casos excepcionales. Es posible un procesamiento m\u00e1s corto y garantizado en un plazo m\u00e1ximo de 7 o 3 d\u00edas desde la llegada de la c\u00e1mara, con un cargo adicional.<\/p>\n\n\n\n<h4 class=\"wp-block-heading\">\u00bfQu\u00e9 debo enviar con todo?<\/h4>\n\n\n\n<p>Env\u00ede \u00fanicamente el cuerpo de la c\u00e1mara sin accesorios. Aseg\u00farese de extraer la bater\u00eda antes del env\u00edo. Tampoco necesitamos tarjeta de memoria, objetivos ni otros accesorios como correas y placas de liberaci\u00f3n r\u00e1pida.<\/p>\n\n\n\n<h4 class=\"wp-block-heading\">\u00bfTambi\u00e9n hacen env\u00edos fuera de Alemania?<\/h4>\n\n\n\n<p>El env\u00edo a todos los pa\u00edses de la UE es posible sin problemas. Aqu\u00ed cobramos una tarifa de env\u00edo adicional de 10 \u20ac.<\/p>\n\n\n\n<h4 class=\"wp-block-heading\">\u00a1Por favor, env\u00edenme sus datos bancarios para que pueda pagar ya!<\/h4>\n\n\n\n<p>El pago se realiza c\u00f3modamente mediante factura una vez recibida la c\u00e1mara. Los datos bancarios o la direcci\u00f3n de PayPal se enviar\u00e1n con la factura.<\/p>\n\n\n\n<h4 class=\"wp-block-heading\">\u00bfPuedo verlo todo de noche con una c\u00e1mara de infrarrojos?<\/h4>\n\n\n\n<p>S\u00ed y no. De noche no hay luz, ni siquiera infrarroja. Si sales por la noche con una c\u00e1mara de infrarrojos, no ver\u00e1s gran cosa. Al igual que con la fotograf\u00eda visual, necesitar\u00e1s una fuente de luz (IR). S\u00f3lo entonces podr\u00e1s ver algo por la noche con la c\u00e1mara de infrarrojos.<\/p>\n\n\n\n<h4 class=\"wp-block-heading\">\u00bfPuedo ver puentes t\u00e9rmicos en edificios con una c\u00e1mara de infrarrojos?<\/h4>\n\n\n\n<p>Desgraciadamente, no. Cuando hablamos aqu\u00ed de infrarrojos, nos referimos al espectro del infrarrojo cercano (700 - 1.200 nm). A\u00fan no percibimos estos rangos espectrales como calor. La radiaci\u00f3n t\u00e9rmica real (IR medio) va de 3.000 a 50.000 nm. Los sensores CCD y CMOS normales de las c\u00e1maras fotogr\u00e1ficas ya no pueden \"ver\" estas longitudes de onda. Para este tipo de aplicaciones se necesitan c\u00e1maras realmente especializadas.<\/p>","protected":false},"excerpt":{"rendered":"<p>K\u00f6nnen Sie die Kamera XY auch mit dem Filter Z umbauen? Ja sehr gerne. Schauen Sie auf die Kameraliste, ob wir Ihre Kamera bereits umgebaut haben. Schreiben Sie uns einfach eine eMail an info@IRreCams.de oder nutzen Sie das Anfrageformular, um schnell ein Angebot von uns zu erhalten. Wir haben die Infrarot Filter in allen passenden [&hellip;]<\/p>\n","protected":false},"author":1,"featured_media":0,"parent":40,"menu_order":0,"comment_status":"closed","ping_status":"open","template":"","meta":{"footnotes":""},"class_list":["post-48","page","type-page","status-publish","hentry"],"_links":{"self":[{"href":"https:\/\/irrecams.de\/es\/wp-json\/wp\/v2\/pages\/48","targetHints":{"allow":["GET"]}}],"collection":[{"href":"https:\/\/irrecams.de\/es\/wp-json\/wp\/v2\/pages"}],"about":[{"href":"https:\/\/irrecams.de\/es\/wp-json\/wp\/v2\/types\/page"}],"author":[{"embeddable":true,"href":"https:\/\/irrecams.de\/es\/wp-json\/wp\/v2\/users\/1"}],"replies":[{"embeddable":true,"href":"https:\/\/irrecams.de\/es\/wp-json\/wp\/v2\/comments?post=48"}],"version-history":[{"count":5,"href":"https:\/\/irrecams.de\/es\/wp-json\/wp\/v2\/pages\/48\/revisions"}],"predecessor-version":[{"id":15523,"href":"https:\/\/irrecams.de\/es\/wp-json\/wp\/v2\/pages\/48\/revisions\/15523"}],"up":[{"embeddable":true,"href":"https:\/\/irrecams.de\/es\/wp-json\/wp\/v2\/pages\/40"}],"wp:attachment":[{"href":"https:\/\/irrecams.de\/es\/wp-json\/wp\/v2\/media?parent=48"}],"curies":[{"name":"wp","href":"https:\/\/api.w.org\/{rel}","templated":true}]}}