{"id":6110,"date":"2021-01-12T14:23:25","date_gmt":"2021-01-12T13:23:25","guid":{"rendered":"https:\/\/irrecams.de\/?page_id=6110"},"modified":"2025-06-18T08:17:45","modified_gmt":"2025-06-18T06:17:45","slug":"gastos-de-envio","status":"publish","type":"page","link":"https:\/\/irrecams.de\/es\/gastos-de-envio\/","title":{"rendered":"Gastos de env\u00edo"},"content":{"rendered":"<p>Los env\u00edos se realizan generalmente como paquete con DHL o DHL Express. Las \u00fanicas excepciones son las postales y los vales, que se env\u00edan como carta por Deutsche Post.<\/p>\n\n\n\n<h2 class=\"wp-block-heading\">Gastos de env\u00edo dentro de Alemania<\/h2>\n\n\n\n<p>Todos los pedidos superiores a 100 euros se enviar\u00e1n gratuitamente dentro de Alemania. Para pedidos inferiores a 100 \u20ac se aplicar\u00e1n los siguientes gastos de env\u00edo:<\/p>\n\n\n\n<figure class=\"wp-block-table is-style-stripes\"><table><thead><tr><th><\/th><th class=\"has-text-align-left\" data-align=\"left\">Producto<\/th><th>Gastos de env\u00edo<\/th><\/tr><\/thead><tbody><tr><td><\/td><td class=\"has-text-align-left\" data-align=\"left\">Paquete DHL desde 100<\/td><td>0,- \u20ac *<\/td><\/tr><tr><td><\/td><td class=\"has-text-align-left\" data-align=\"left\">Paquete DHL inferior a 100<\/td><td>5,- \u20ac *<\/td><\/tr><tr><td><\/td><td class=\"has-text-align-left\" data-align=\"left\">Postales y vales<\/td><td>1,50 \u20ac *<\/td><\/tr><tr><td><\/td><td class=\"has-text-align-left\" data-align=\"left\">DHL Express Nacional<br>(entrega de lunes a viernes)<\/td><td>50,- \u20ac *<\/td><\/tr><\/tbody><\/table><figcaption class=\"wp-element-caption\">*Los gastos de env\u00edo incluyen el impuesto sobre el valor a\u00f1adido.<\/figcaption><\/figure>\n\n\n\n<h2 class=\"wp-block-heading\">Gastos de env\u00edo dentro de la Uni\u00f3n Europea<\/h2>\n\n\n\n<figure class=\"wp-block-table is-style-stripes\"><table><thead><tr><th><\/th><th>Producto<\/th><th>Gastos de env\u00edo<\/th><\/tr><\/thead><tbody><tr><td><\/td><td>DHL Parcel EU<\/td><td>10,- \u20ac *<\/td><\/tr><tr><td><\/td><td>Postales y vales<\/td><td>2,50 \u20ac *<\/td><\/tr><\/tbody><\/table><figcaption class=\"wp-element-caption\">*Los gastos de env\u00edo incluyen el impuesto sobre el valor a\u00f1adido.<\/figcaption><\/figure>\n\n\n\n<h2 class=\"wp-block-heading\">Gastos de env\u00edo fuera de la Uni\u00f3n Europea<\/h2>\n\n\n\n<figure class=\"wp-block-table is-style-stripes\"><table><thead><tr><th><\/th><th>Producto<\/th><th>Gastos de env\u00edo<\/th><\/tr><\/thead><tbody><tr><td><\/td><td>C\u00e1maras y servicio de conversi\u00f3n<\/td><td>99,- \u20ac **<\/td><\/tr><tr><td><\/td><td>Filtros, postales y vales<\/td><td>25,- \u20ac **<\/td><\/tr><\/tbody><\/table><figcaption class=\"wp-element-caption\">**Los gastos de env\u00edo fuera de la UE no incluyen el IVA.<\/figcaption><\/figure>\n\n\n\n<p><\/p>","protected":false},"excerpt":{"rendered":"<p>Der Versand von Sendungen erfolgt generell als Paket mit DHL bzw. DHL Express. Einzige Ausnahme bilden Postkarten und Gutscheine, welche als Brief mit der Deutschen Post versendet werden. Versandkosten innerhalb Deutschlands Alle Bestellungen \u00fcber 100 \u20ac Bestellwert werden grunds\u00e4tzlich kostenlos innerhalb Deutschlands verschickt. F\u00fcr Bestellungen unter 100 \u20ac ergeben sich folgende Versandkosten: Produkt Versandkosten DHL [&hellip;]<\/p>\n","protected":false},"author":1,"featured_media":0,"parent":0,"menu_order":54,"comment_status":"closed","ping_status":"closed","template":"","meta":{"footnotes":""},"class_list":["post-6110","page","type-page","status-publish","hentry"],"_links":{"self":[{"href":"https:\/\/irrecams.de\/es\/wp-json\/wp\/v2\/pages\/6110","targetHints":{"allow":["GET"]}}],"collection":[{"href":"https:\/\/irrecams.de\/es\/wp-json\/wp\/v2\/pages"}],"about":[{"href":"https:\/\/irrecams.de\/es\/wp-json\/wp\/v2\/types\/page"}],"author":[{"embeddable":true,"href":"https:\/\/irrecams.de\/es\/wp-json\/wp\/v2\/users\/1"}],"replies":[{"embeddable":true,"href":"https:\/\/irrecams.de\/es\/wp-json\/wp\/v2\/comments?post=6110"}],"version-history":[{"count":7,"href":"https:\/\/irrecams.de\/es\/wp-json\/wp\/v2\/pages\/6110\/revisions"}],"predecessor-version":[{"id":15024,"href":"https:\/\/irrecams.de\/es\/wp-json\/wp\/v2\/pages\/6110\/revisions\/15024"}],"wp:attachment":[{"href":"https:\/\/irrecams.de\/es\/wp-json\/wp\/v2\/media?parent=6110"}],"curies":[{"name":"wp","href":"https:\/\/api.w.org\/{rel}","templated":true}]}}