{"id":6407,"date":"2021-01-24T11:41:04","date_gmt":"2021-01-24T10:41:04","guid":{"rendered":"https:\/\/irrecams.de\/?page_id=6407"},"modified":"2025-03-02T00:02:08","modified_gmt":"2025-03-01T23:02:08","slug":"boletin-de-infrarrojos-inscripcion","status":"publish","type":"page","link":"https:\/\/irrecams.de\/es\/boletin-de-infrarrojos-inscripcion\/","title":{"rendered":"Registro en el bolet\u00edn de infrarrojos"},"content":{"rendered":"<p class=\"has-medium-font-size\">Gracias por suscribirse al bolet\u00edn de infrarrojos. Recibir\u00e1 noticias del mundo de los infrarrojos aproximadamente una vez al mes.<\/p>\n\n\n\n<p>\u00bfCon ganas de m\u00e1s? \u00bfPor qu\u00e9 no echa un vistazo por aqu\u00ed?<\/p>\n\n\n\n<div class=\"wp-block-buttons is-content-justification-center is-layout-flex wp-container-core-buttons-is-layout-a89b3969 wp-block-buttons-is-layout-flex\">\n<div class=\"wp-block-button\"><a class=\"wp-block-button__link has-white-color has-text-color has-background wp-element-button\" href=\"https:\/\/irrecams.de\/es\/fotografia-infrarroja\/\" style=\"border-radius:5px;background-color:#a52a2a\">Gu\u00eda de infrarrojos<\/a><\/div>\n\n\n\n<div class=\"wp-block-button\"><a class=\"wp-block-button__link has-base-color has-text-color has-background has-link-color wp-element-button\" href=\"https:\/\/irrecams.de\/es\/posprocesamiento-de-infrarrojos\/\" style=\"border-radius:5px;background-color:#a52a2a\">Tratamiento posterior<\/a><\/div>\n\n\n\n<div class=\"wp-block-button\"><a class=\"wp-block-button__link has-base-color has-text-color has-background has-link-color wp-element-button\" href=\"https:\/\/irrecams.de\/es\/blog\/\" style=\"border-radius:5px;background-color:#a52a2a\">Leer en el blog<\/a><\/div>\n\n\n\n<div class=\"wp-block-button\"><a class=\"wp-block-button__link has-base-color has-text-color has-background has-link-color wp-element-button\" href=\"https:\/\/irrecams.de\/es\/tienda\/\" style=\"border-radius:5px;background-color:#a52a2a\">Tienda en l\u00ednea<\/a><\/div>\n<\/div>\n\n\n\n<p><\/p>\n\n\n\n<figure class=\"wp-block-embed is-type-video is-provider-youtube wp-block-embed-youtube wp-embed-aspect-16-9 wp-has-aspect-ratio\"><div class=\"wp-block-embed__wrapper\">\n<iframe loading=\"lazy\" title=\"Fotograf\u00eda y pel\u00edcula infrarrojas | Pel\u00edcula infrarroja y Timelapse\" width=\"500\" height=\"281\" src=\"https:\/\/www.youtube.com\/embed\/hrfWmMk8wI0?feature=oembed\" frameborder=\"0\" allow=\"accelerometer; autoplay; clipboard-write; encrypted-media; gyroscope; picture-in-picture; web-share\" referrerpolicy=\"strict-origin-when-cross-origin\" allowfullscreen><\/iframe>\n<\/div><\/figure>","protected":false},"excerpt":{"rendered":"<p>Gracias por suscribirse al bolet\u00edn de infrarrojos. Recibir\u00e1 noticias del mundo de los infrarrojos aproximadamente una vez al mes. \u00bfQuiere saber m\u00e1s? Eche un vistazo por aqu\u00ed:<\/p>","protected":false},"author":1,"featured_media":0,"parent":0,"menu_order":60,"comment_status":"closed","ping_status":"closed","template":"","meta":{"footnotes":""},"class_list":["post-6407","page","type-page","status-publish","hentry"],"_links":{"self":[{"href":"https:\/\/irrecams.de\/es\/wp-json\/wp\/v2\/pages\/6407","targetHints":{"allow":["GET"]}}],"collection":[{"href":"https:\/\/irrecams.de\/es\/wp-json\/wp\/v2\/pages"}],"about":[{"href":"https:\/\/irrecams.de\/es\/wp-json\/wp\/v2\/types\/page"}],"author":[{"embeddable":true,"href":"https:\/\/irrecams.de\/es\/wp-json\/wp\/v2\/users\/1"}],"replies":[{"embeddable":true,"href":"https:\/\/irrecams.de\/es\/wp-json\/wp\/v2\/comments?post=6407"}],"version-history":[{"count":5,"href":"https:\/\/irrecams.de\/es\/wp-json\/wp\/v2\/pages\/6407\/revisions"}],"predecessor-version":[{"id":13739,"href":"https:\/\/irrecams.de\/es\/wp-json\/wp\/v2\/pages\/6407\/revisions\/13739"}],"wp:attachment":[{"href":"https:\/\/irrecams.de\/es\/wp-json\/wp\/v2\/media?parent=6407"}],"curies":[{"name":"wp","href":"https:\/\/api.w.org\/{rel}","templated":true}]}}