{"id":6412,"date":"2021-01-24T11:45:29","date_gmt":"2021-01-24T10:45:29","guid":{"rendered":"https:\/\/irrecams.de\/?page_id=6412"},"modified":"2025-03-02T00:02:02","modified_gmt":"2025-03-01T23:02:02","slug":"cancelacion-de-boletines-por-infrarrojos","status":"publish","type":"page","link":"https:\/\/irrecams.de\/es\/cancelacion-de-boletines-por-infrarrojos\/","title":{"rendered":"Cancelaci\u00f3n de boletines por infrarrojos"},"content":{"rendered":"<p class=\"has-medium-font-size\">Ha cancelado su suscripci\u00f3n al bolet\u00edn de infrarrojos y no recibir\u00e1 m\u00e1s correos electr\u00f3nicos, \u00a1qu\u00e9 l\u00e1stima! <\/p>\n\n\n\n<p>\u00bfLe gustar\u00eda saber m\u00e1s sobre la fotograf\u00eda IR? Aqu\u00ed hay muchas cosas interesantes por descubrir:<\/p>\n\n\n\n<div class=\"wp-block-buttons is-content-justification-center is-layout-flex wp-container-core-buttons-is-layout-a89b3969 wp-block-buttons-is-layout-flex\">\n<div class=\"wp-block-button\"><a class=\"wp-block-button__link has-white-color has-text-color has-background wp-element-button\" href=\"https:\/\/irrecams.de\/es\/fotografia-infrarroja\/\" style=\"border-radius:5px;background-color:#a52a2a\">Gu\u00eda de infrarrojos<\/a><\/div>\n\n\n\n<div class=\"wp-block-button\"><a class=\"wp-block-button__link has-base-color has-text-color has-background has-link-color wp-element-button\" href=\"https:\/\/irrecams.de\/es\/posprocesamiento-de-infrarrojos\/\" style=\"border-radius:5px;background-color:#a52a2a\">Tratamiento posterior<\/a><\/div>\n\n\n\n<div class=\"wp-block-button\"><a class=\"wp-block-button__link has-base-color has-text-color has-background has-link-color wp-element-button\" href=\"https:\/\/irrecams.de\/es\/blog\/\" style=\"border-radius:5px;background-color:#a52a2a\">Leer en el blog<\/a><\/div>\n\n\n\n<div class=\"wp-block-button\"><a class=\"wp-block-button__link has-base-color has-text-color has-background has-link-color wp-element-button\" href=\"https:\/\/irrecams.de\/es\/tienda\/\" style=\"border-radius:5px;background-color:#a52a2a\">Tienda en l\u00ednea<\/a><\/div>\n<\/div>\n\n\n\n<figure class=\"wp-block-image size-large\"><a href=\"https:\/\/irrecams.de\/wp-content\/uploads\/2021\/01\/IR205557-IR205563.jpg\"><img loading=\"lazy\" decoding=\"async\" width=\"1024\" height=\"342\" src=\"https:\/\/irrecams.de\/wp-content\/uploads\/2021\/01\/IR205557-IR205563-1024x342.jpg\" alt=\"630 nm\" class=\"wp-image-5981\" srcset=\"https:\/\/irrecams.de\/wp-content\/uploads\/2021\/01\/IR205557-IR205563-1024x342.jpg 1024w, https:\/\/irrecams.de\/wp-content\/uploads\/2021\/01\/IR205557-IR205563-600x200.jpg 600w, https:\/\/irrecams.de\/wp-content\/uploads\/2021\/01\/IR205557-IR205563-300x100.jpg 300w, https:\/\/irrecams.de\/wp-content\/uploads\/2021\/01\/IR205557-IR205563-768x256.jpg 768w, https:\/\/irrecams.de\/wp-content\/uploads\/2021\/01\/IR205557-IR205563-1536x512.jpg 1536w, https:\/\/irrecams.de\/wp-content\/uploads\/2021\/01\/IR205557-IR205563-350x117.jpg 350w, https:\/\/irrecams.de\/wp-content\/uploads\/2021\/01\/IR205557-IR205563.jpg 2000w\" sizes=\"auto, (max-width: 1024px) 100vw, 1024px\" \/><\/a><\/figure>\n\n\n\n<p><\/p>","protected":false},"excerpt":{"rendered":"<p>Se ha dado de baja del bolet\u00edn de infrarrojos y no recibir\u00e1 m\u00e1s correos electr\u00f3nicos, \u00a1qu\u00e9 l\u00e1stima! \u00bfLe gustar\u00eda saber m\u00e1s sobre la fotograf\u00eda infrarroja? Aqu\u00ed hay muchas cosas interesantes por descubrir:<\/p>","protected":false},"author":1,"featured_media":0,"parent":0,"menu_order":61,"comment_status":"closed","ping_status":"closed","template":"","meta":{"footnotes":""},"class_list":["post-6412","page","type-page","status-publish","hentry"],"_links":{"self":[{"href":"https:\/\/irrecams.de\/es\/wp-json\/wp\/v2\/pages\/6412","targetHints":{"allow":["GET"]}}],"collection":[{"href":"https:\/\/irrecams.de\/es\/wp-json\/wp\/v2\/pages"}],"about":[{"href":"https:\/\/irrecams.de\/es\/wp-json\/wp\/v2\/types\/page"}],"author":[{"embeddable":true,"href":"https:\/\/irrecams.de\/es\/wp-json\/wp\/v2\/users\/1"}],"replies":[{"embeddable":true,"href":"https:\/\/irrecams.de\/es\/wp-json\/wp\/v2\/comments?post=6412"}],"version-history":[{"count":2,"href":"https:\/\/irrecams.de\/es\/wp-json\/wp\/v2\/pages\/6412\/revisions"}],"predecessor-version":[{"id":13737,"href":"https:\/\/irrecams.de\/es\/wp-json\/wp\/v2\/pages\/6412\/revisions\/13737"}],"wp:attachment":[{"href":"https:\/\/irrecams.de\/es\/wp-json\/wp\/v2\/media?parent=6412"}],"curies":[{"name":"wp","href":"https:\/\/api.w.org\/{rel}","templated":true}]}}