{"id":6729,"date":"2021-04-25T14:33:43","date_gmt":"2021-04-25T12:33:43","guid":{"rendered":"https:\/\/irrecams.de\/?page_id=6729"},"modified":"2025-03-02T14:27:24","modified_gmt":"2025-03-02T13:27:24","slug":"filtros-astro-fotografiar-estrellas-de-noche-con-camaras-modificadas","status":"publish","type":"page","link":"https:\/\/irrecams.de\/es\/filtros-astro-fotografiar-estrellas-de-noche-con-camaras-modificadas\/","title":{"rendered":"Astrofiltros: fotografiar estrellas de noche con c\u00e1maras modificadas"},"content":{"rendered":"<details class=\"wp-block-details has-background has-medium-font-size is-layout-flow wp-block-details-is-layout-flow\" style=\"background-color:#dfdfdf\" open><summary>\u00cdndice<\/summary>\n<blockquote class=\"wp-block-quote is-layout-flow wp-block-quote-is-layout-flow\">\n<ul class=\"wp-block-list\">\n<li><strong>Ventajas de la conversi\u00f3n Astro<\/strong><\/li>\n\n\n\n<li><a href=\"https:\/\/irrecams.de\/es\/que-filtros-son-adecuados-para-una-conversion-h-alpha-astro\/\" data-type=\"page\" data-id=\"14276\">Qu\u00e9 astrofiltro<\/a><\/li>\n\n\n\n<li><a href=\"https:\/\/irrecams.de\/es\/como-se-puede-utilizar-una-camara-astronomica-para-hacer-fotografias-normales-durante-el-dia\/\" data-type=\"page\" data-id=\"14282\">Astro c\u00e1mara durante el d\u00eda<\/a><\/li>\n\n\n\n<li><a href=\"https:\/\/irrecams.de\/es\/filtros-adicionales-para-astrofotografia\/\" data-type=\"page\" data-id=\"14298\">Filtros adicionales<\/a><\/li>\n<\/ul>\n<\/blockquote>\n<\/details>\n\n\n\n<p>La fotograf\u00eda infrarroja es conocida por mostrar paisajes familiares bajo una luz abstracta, art\u00edstica y nueva. En la astrofotograf\u00eda o fotograf\u00eda de estrellas, sin embargo, se trata m\u00e1s bien de representar los objetos de la forma m\u00e1s \"natural\" posible, tal y como los vemos. Esto es especialmente importante en los paisajes nocturnos, en los que tambi\u00e9n hay que fotografiar un primer plano interesante. <\/p>\n\n\n\n<figure class=\"wp-block-image size-large\"><a href=\"https:\/\/irrecams.de\/wp-content\/uploads\/2021\/04\/DSCF0210-DSCF0268-VG_shrink_wasser.jpg\"><img loading=\"lazy\" decoding=\"async\" width=\"1024\" height=\"683\" src=\"https:\/\/irrecams.de\/wp-content\/uploads\/2021\/04\/DSCF0210-DSCF0268-VG_shrink_wasser-1024x683.jpg\" alt=\"\" class=\"wp-image-6776\" srcset=\"https:\/\/irrecams.de\/wp-content\/uploads\/2021\/04\/DSCF0210-DSCF0268-VG_shrink_wasser-1024x683.jpg 1024w, https:\/\/irrecams.de\/wp-content\/uploads\/2021\/04\/DSCF0210-DSCF0268-VG_shrink_wasser-600x400.jpg 600w, https:\/\/irrecams.de\/wp-content\/uploads\/2021\/04\/DSCF0210-DSCF0268-VG_shrink_wasser-300x200.jpg 300w, https:\/\/irrecams.de\/wp-content\/uploads\/2021\/04\/DSCF0210-DSCF0268-VG_shrink_wasser-768x512.jpg 768w, https:\/\/irrecams.de\/wp-content\/uploads\/2021\/04\/DSCF0210-DSCF0268-VG_shrink_wasser-1536x1024.jpg 1536w, https:\/\/irrecams.de\/wp-content\/uploads\/2021\/04\/DSCF0210-DSCF0268-VG_shrink_wasser-16x12.jpg 16w, https:\/\/irrecams.de\/wp-content\/uploads\/2021\/04\/DSCF0210-DSCF0268-VG_shrink_wasser-350x233.jpg 350w, https:\/\/irrecams.de\/wp-content\/uploads\/2021\/04\/DSCF0210-DSCF0268-VG_shrink_wasser.jpg 1920w\" sizes=\"auto, (max-width: 1024px) 100vw, 1024px\" \/><\/a><figcaption class=\"wp-element-caption\">Fotograf\u00eda nocturna con una c\u00e1mara astromodificada<\/figcaption><\/figure>\n\n\n\n<h2 class=\"wp-block-heading\">Ventajas de una c\u00e1mara astromodificada<\/h2>\n\n\n\n<p>Las c\u00e1maras digitales modernas tienen una sensibilidad excelente combinada con un buen comportamiento frente al ruido y un alto rango din\u00e1mico. Incluso se puede capturar el cielo estrellado con una calidad aceptable con un smartphone. Entonces, \u00bfqu\u00e9 se puede mejorar en este tipo de fotograf\u00eda? Para responder a estas preguntas, tenemos que hablar de las zonas del espectro que ya no podemos ver con una c\u00e1mara normal.<\/p>\n\n\n\n<h2 class=\"wp-block-heading\">\u00bfQu\u00e9 es la radiaci\u00f3n H-alfa?<\/h2>\n\n\n\n<p>Un objeto luminoso emite luz. Puede ser una vela, una l\u00e1mpara LED o una estrella. Sin embargo, la luz no es la misma: seg\u00fan la fuente luminosa, difiere en su espectro, es decir, en la distribuci\u00f3n de los colores. Lo que percibimos como luz blanca es en realidad una mezcla de todos los colores espectrales. El aspecto del espectro, es decir, los colores que contiene, depende, entre otras cosas, de la composici\u00f3n de la fuente de luz a nivel de part\u00edculas. El \u00e1tomo m\u00e1s com\u00fan del universo es, con diferencia, el hidr\u00f3geno (s\u00edmbolo H) y ahora la cosa se pone interesante de nuevo.<\/p>\n\n\n\n<p>Cuando el hidr\u00f3geno se excita (por ejemplo, por calor o radiaci\u00f3n), emite luz. Pero no luz blanca, sino longitudes de onda muy discretas (es decir, colores). La longitud de onda m\u00e1s intensa es la llamada radiaci\u00f3n H-alfa: tiene una longitud de onda de exactamente 656,28 nan\u00f3metros (nm). Esta longitud de onda corresponde a un color rojo intenso en el espectro que podemos ver. Aunque podemos ver esta longitud de onda con nuestros ojos, a la mayor\u00eda de las c\u00e1maras digitales les resulta dif\u00edcil.<\/p>\n\n\n\n<figure class=\"wp-block-image size-large\"><a href=\"https:\/\/irrecams.de\/wp-content\/uploads\/2021\/04\/astro_transmission_de.png\"><img loading=\"lazy\" decoding=\"async\" width=\"1024\" height=\"580\" src=\"https:\/\/irrecams.de\/wp-content\/uploads\/2021\/04\/astro_transmission_de-1024x580.png\" alt=\"Curva de transmisi\u00f3n de un astrofiltro - H-alfa puede pasar sin obst\u00e1culos\" class=\"wp-image-6829\" srcset=\"https:\/\/irrecams.de\/wp-content\/uploads\/2021\/04\/astro_transmission_de-1024x580.png 1024w, https:\/\/irrecams.de\/wp-content\/uploads\/2021\/04\/astro_transmission_de-600x340.png 600w, https:\/\/irrecams.de\/wp-content\/uploads\/2021\/04\/astro_transmission_de-300x170.png 300w, https:\/\/irrecams.de\/wp-content\/uploads\/2021\/04\/astro_transmission_de-768x435.png 768w, https:\/\/irrecams.de\/wp-content\/uploads\/2021\/04\/astro_transmission_de-1536x870.png 1536w, https:\/\/irrecams.de\/wp-content\/uploads\/2021\/04\/astro_transmission_de-16x9.png 16w, https:\/\/irrecams.de\/wp-content\/uploads\/2021\/04\/astro_transmission_de-350x198.png 350w, https:\/\/irrecams.de\/wp-content\/uploads\/2021\/04\/astro_transmission_de.png 2000w\" sizes=\"auto, (max-width: 1024px) 100vw, 1024px\" \/><\/a><figcaption class=\"wp-element-caption\">Curva de transmisi\u00f3n de un filtro astro - H-alfa puede pasar sin obst\u00e1culos<\/figcaption><\/figure>\n\n\n\n<h2 class=\"wp-block-heading\">Astrofotograf\u00eda con una c\u00e1mara normal<\/h2>\n\n\n\n<p>Dependiendo del fabricante y del modelo, la sensibilidad H-alfa de una c\u00e1mara digital es s\u00f3lo de entre 10 y 30 %, normalmente alrededor de 15 %. Esto hace que estos rangos espectrales sean pr\u00e1cticamente invisibles en la ya de por s\u00ed muy oscura noche. Esto se debe al filtro de bloqueo UV\/IR (tambi\u00e9n conocido como hotmirror), que los fabricantes instalan directamente delante del sensor. Esto es necesario para garantizar una buena reproducci\u00f3n del color durante el d\u00eda, pero resulta tan molesto para los astrofot\u00f3grafos como para los fot\u00f3grafos. <a class=\"rank-math-link\" href=\"https:\/\/irrecams.de\/es\/fotografia-infrarroja\/\">Fot\u00f3grafos infrarrojos<\/a>. Por este motivo, durante la astromodificaci\u00f3n se retira el filtro de bloqueo y se sustituye por un filtro que deja pasar la radiaci\u00f3n H-alfa.<\/p>\n\n\n\n<h2 class=\"wp-block-heading\">C\u00e1mara astromodificada frente a c\u00e1mara normal<\/h2>\n\n\n\n<p>Aunque la proporci\u00f3n de hidr\u00f3geno en el universo es muy grande, la distribuci\u00f3n no es uniforme. Hay objetos en el cielo nocturno que emiten una proporci\u00f3n muy baja de radiaci\u00f3n H-alfa y hay objetos que emiten casi exclusivamente en este rango (por ejemplo, algunas nebulosas). Una mayor sensibilidad H-alfa hace que estas zonas sean visibles en las im\u00e1genes en primer lugar, lo que resulta en una imagen mucho m\u00e1s interesante y \"colorida\". Sin embargo, lo que no mejora significativamente con una conversi\u00f3n es la sensibilidad b\u00e1sica de la c\u00e1mara. Aunque te\u00f3ricamente llega m\u00e1s luz al sensor, la ganancia real de luminosidad es inferior a 1\/3 EV.<\/p>\n\n\n\n<figure class=\"wp-block-image aligncenter size-large\"><a href=\"https:\/\/irrecams.de\/wp-content\/uploads\/2021\/04\/Normal_Astro.jpg\"><img loading=\"lazy\" decoding=\"async\" width=\"1024\" height=\"607\" src=\"https:\/\/irrecams.de\/wp-content\/uploads\/2021\/04\/Normal_Astro-1024x607.jpg\" alt=\"C\u00e1mara normal frente a c\u00e1mara astromodificada\" class=\"wp-image-6759\" srcset=\"https:\/\/irrecams.de\/wp-content\/uploads\/2021\/04\/Normal_Astro-1024x607.jpg 1024w, https:\/\/irrecams.de\/wp-content\/uploads\/2021\/04\/Normal_Astro-600x356.jpg 600w, https:\/\/irrecams.de\/wp-content\/uploads\/2021\/04\/Normal_Astro-300x178.jpg 300w, https:\/\/irrecams.de\/wp-content\/uploads\/2021\/04\/Normal_Astro-768x455.jpg 768w, https:\/\/irrecams.de\/wp-content\/uploads\/2021\/04\/Normal_Astro-1536x910.jpg 1536w, https:\/\/irrecams.de\/wp-content\/uploads\/2021\/04\/Normal_Astro-16x9.jpg 16w, https:\/\/irrecams.de\/wp-content\/uploads\/2021\/04\/Normal_Astro-350x207.jpg 350w, https:\/\/irrecams.de\/wp-content\/uploads\/2021\/04\/Normal_Astro.jpg 1920w\" sizes=\"auto, (max-width: 1024px) 100vw, 1024px\" \/><\/a><figcaption class=\"wp-element-caption\">Izquierda: C\u00e1mara normal | Derecha: C\u00e1mara astromodificada<\/figcaption><\/figure>\n\n\n\n<figure class=\"wp-block-gallery has-nested-images columns-default is-cropped wp-block-gallery-1 is-layout-flex wp-block-gallery-is-layout-flex\">\n<figure class=\"wp-block-image size-large\"><a href=\"https:\/\/irrecams.de\/wp-content\/uploads\/2022\/02\/Orion_Stock_siril.jpg\"><img loading=\"lazy\" decoding=\"async\" width=\"1024\" height=\"1024\" data-id=\"7761\" src=\"https:\/\/irrecams.de\/wp-content\/uploads\/2022\/02\/Orion_Stock_siril-1024x1024.jpg\" alt=\"Nebulosa de Ori\u00f3n con c\u00e1mara sin modificar\" class=\"wp-image-7761\" srcset=\"https:\/\/irrecams.de\/wp-content\/uploads\/2022\/02\/Orion_Stock_siril-1024x1024.jpg 1024w, https:\/\/irrecams.de\/wp-content\/uploads\/2022\/02\/Orion_Stock_siril-450x450.jpg 450w, https:\/\/irrecams.de\/wp-content\/uploads\/2022\/02\/Orion_Stock_siril-100x100.jpg 100w, https:\/\/irrecams.de\/wp-content\/uploads\/2022\/02\/Orion_Stock_siril-600x600.jpg 600w, https:\/\/irrecams.de\/wp-content\/uploads\/2022\/02\/Orion_Stock_siril-300x300.jpg 300w, https:\/\/irrecams.de\/wp-content\/uploads\/2022\/02\/Orion_Stock_siril-150x150.jpg 150w, https:\/\/irrecams.de\/wp-content\/uploads\/2022\/02\/Orion_Stock_siril-768x768.jpg 768w, https:\/\/irrecams.de\/wp-content\/uploads\/2022\/02\/Orion_Stock_siril-1536x1536.jpg 1536w, https:\/\/irrecams.de\/wp-content\/uploads\/2022\/02\/Orion_Stock_siril-12x12.jpg 12w, https:\/\/irrecams.de\/wp-content\/uploads\/2022\/02\/Orion_Stock_siril-250x250.jpg 250w, https:\/\/irrecams.de\/wp-content\/uploads\/2022\/02\/Orion_Stock_siril-350x350.jpg 350w, https:\/\/irrecams.de\/wp-content\/uploads\/2022\/02\/Orion_Stock_siril.jpg 1920w\" sizes=\"auto, (max-width: 1024px) 100vw, 1024px\" \/><\/a><figcaption class=\"wp-element-caption\">C\u00e1mara sin modificar<\/figcaption><\/figure>\n\n\n\n<figure class=\"wp-block-image size-large\"><a href=\"https:\/\/irrecams.de\/wp-content\/uploads\/2022\/02\/Orion_Astro_siril.jpg\"><img loading=\"lazy\" decoding=\"async\" width=\"1024\" height=\"1024\" data-id=\"7760\" src=\"https:\/\/irrecams.de\/wp-content\/uploads\/2022\/02\/Orion_Astro_siril-1024x1024.jpg\" alt=\"Nebulosa de Ori\u00f3n con c\u00e1mara modificada: Filtro Astronomik L2\" class=\"wp-image-7760\" srcset=\"https:\/\/irrecams.de\/wp-content\/uploads\/2022\/02\/Orion_Astro_siril-1024x1024.jpg 1024w, https:\/\/irrecams.de\/wp-content\/uploads\/2022\/02\/Orion_Astro_siril-450x450.jpg 450w, https:\/\/irrecams.de\/wp-content\/uploads\/2022\/02\/Orion_Astro_siril-100x100.jpg 100w, https:\/\/irrecams.de\/wp-content\/uploads\/2022\/02\/Orion_Astro_siril-600x600.jpg 600w, https:\/\/irrecams.de\/wp-content\/uploads\/2022\/02\/Orion_Astro_siril-300x300.jpg 300w, https:\/\/irrecams.de\/wp-content\/uploads\/2022\/02\/Orion_Astro_siril-150x150.jpg 150w, https:\/\/irrecams.de\/wp-content\/uploads\/2022\/02\/Orion_Astro_siril-768x768.jpg 768w, https:\/\/irrecams.de\/wp-content\/uploads\/2022\/02\/Orion_Astro_siril-1536x1536.jpg 1536w, https:\/\/irrecams.de\/wp-content\/uploads\/2022\/02\/Orion_Astro_siril-12x12.jpg 12w, https:\/\/irrecams.de\/wp-content\/uploads\/2022\/02\/Orion_Astro_siril-250x250.jpg 250w, https:\/\/irrecams.de\/wp-content\/uploads\/2022\/02\/Orion_Astro_siril-350x350.jpg 350w, https:\/\/irrecams.de\/wp-content\/uploads\/2022\/02\/Orion_Astro_siril.jpg 1920w\" sizes=\"auto, (max-width: 1024px) 100vw, 1024px\" \/><\/a><figcaption class=\"wp-element-caption\">Conversi\u00f3n de c\u00e1mara con filtro astro<\/figcaption><\/figure>\n\n\n\n<figure class=\"wp-block-image size-large\"><a href=\"https:\/\/irrecams.de\/wp-content\/uploads\/2022\/02\/Orion_VS_siril.jpg\"><img loading=\"lazy\" decoding=\"async\" width=\"1024\" height=\"1024\" data-id=\"7762\" src=\"https:\/\/irrecams.de\/wp-content\/uploads\/2022\/02\/Orion_VS_siril-1024x1024.jpg\" alt=\"Nebulosa de Ori\u00f3n con c\u00e1mara modificada: filtro de espectro completo\" class=\"wp-image-7762\" srcset=\"https:\/\/irrecams.de\/wp-content\/uploads\/2022\/02\/Orion_VS_siril-1024x1024.jpg 1024w, https:\/\/irrecams.de\/wp-content\/uploads\/2022\/02\/Orion_VS_siril-450x450.jpg 450w, https:\/\/irrecams.de\/wp-content\/uploads\/2022\/02\/Orion_VS_siril-100x100.jpg 100w, https:\/\/irrecams.de\/wp-content\/uploads\/2022\/02\/Orion_VS_siril-600x600.jpg 600w, https:\/\/irrecams.de\/wp-content\/uploads\/2022\/02\/Orion_VS_siril-300x300.jpg 300w, https:\/\/irrecams.de\/wp-content\/uploads\/2022\/02\/Orion_VS_siril-150x150.jpg 150w, https:\/\/irrecams.de\/wp-content\/uploads\/2022\/02\/Orion_VS_siril-768x768.jpg 768w, https:\/\/irrecams.de\/wp-content\/uploads\/2022\/02\/Orion_VS_siril-1536x1536.jpg 1536w, https:\/\/irrecams.de\/wp-content\/uploads\/2022\/02\/Orion_VS_siril-12x12.jpg 12w, https:\/\/irrecams.de\/wp-content\/uploads\/2022\/02\/Orion_VS_siril-250x250.jpg 250w, https:\/\/irrecams.de\/wp-content\/uploads\/2022\/02\/Orion_VS_siril-350x350.jpg 350w, https:\/\/irrecams.de\/wp-content\/uploads\/2022\/02\/Orion_VS_siril.jpg 1920w\" sizes=\"auto, (max-width: 1024px) 100vw, 1024px\" \/><\/a><figcaption class=\"wp-element-caption\">Instalaci\u00f3n de c\u00e1mara con filtro de espectro completo<\/figcaption><\/figure>\n<figcaption class=\"blocks-gallery-caption wp-element-caption\">La nebulosa de Ori\u00f3n, fotografiada con diferentes c\u00e1maras<\/figcaption><\/figure>\n\n\n\n<p><\/p>\n\n\n\n<h2 class=\"wp-block-heading\">\u00bfQu\u00e9 c\u00e1mara es la m\u00e1s adecuada para una conversi\u00f3n astro?<\/h2>\n\n\n\n<p>Al igual que en el caso de una conversi\u00f3n infrarroja, en el caso de una conversi\u00f3n astro se aplica lo siguiente: los sensores de todos los fabricantes son pr\u00e1cticamente id\u00e9nticos en cuanto a su sensibilidad en el rango espectral H-alfa. Mucho m\u00e1s interesante e importante es el comportamiento del ruido y el rango din\u00e1mico del sensor; al fin y al cabo, estamos fotografiando en condiciones de iluminaci\u00f3n muy oscuras con valores ISO elevados. Esto no supone un gran reto para todas las c\u00e1maras que han salido al mercado desde mediados de la d\u00e9cada de 2010. Por desgracia, incluso las c\u00e1maras m\u00e1s antiguas tendr\u00e1n problemas en esta disciplina. En resumen: cualquier c\u00e1mara razonablemente moderna es adecuada para una conversi\u00f3n astro.<\/p>\n\n\n\n<p>Sin embargo, existe una limitaci\u00f3n t\u00e9cnica, y es que no todas las c\u00e1maras del <a class=\"rank-math-link\" href=\"https:\/\/irrecams.de\/es\/servicio-de-conversion-a-infrarrojos\/camara-y-lista-de-precios\/\">Lista de precios<\/a> tambi\u00e9n en el <a class=\"rank-math-link\" href=\"https:\/\/irrecams.de\/es\/categoria-producto\/servicio-de-conversion-de-astrocamaras\/\">Tienda para la conversi\u00f3n Astro<\/a> est\u00e1n disponibles. Algunas c\u00e1maras tienen un LED infrarrojo interno, que a menudo forma parte del mecanismo del obturador. La luz par\u00e1sita de estos LED perturba la imagen durante una toma nocturna y, en el peor de los casos, la inutiliza. Este problema afecta, por ejemplo, a todas las c\u00e1maras Sony Alpha 7 de 2\u00aa generaci\u00f3n, por lo que no pueden seleccionarse para una conversi\u00f3n astro.<\/p>\n\n\n\n<hr class=\"wp-block-separator has-alpha-channel-opacity is-style-default\"\/>\n\n\n\n<div class=\"wp-block-buttons is-horizontal is-content-justification-center is-layout-flex wp-container-core-buttons-is-layout-03627597 wp-block-buttons-is-layout-flex\">\n<div class=\"wp-block-button\"><a class=\"wp-block-button__link wp-element-button\" href=\"https:\/\/irrecams.de\/es\/que-filtros-son-adecuados-para-una-conversion-h-alpha-astro\/\" style=\"border-radius:5px\">Qu\u00e9 astrofiltro<\/a><\/div>\n\n\n\n<div class=\"wp-block-button\"><a class=\"wp-block-button__link wp-element-button\" href=\"https:\/\/irrecams.de\/es\/como-se-puede-utilizar-una-camara-astronomica-para-hacer-fotografias-normales-durante-el-dia\/\" style=\"border-radius:5px\">Astro c\u00e1mara durante el d\u00eda<\/a><\/div>\n\n\n\n<div class=\"wp-block-button\"><a class=\"wp-block-button__link wp-element-button\" href=\"https:\/\/irrecams.de\/es\/filtros-adicionales-para-astrofotografia\/\" style=\"border-radius:5px\">Filtros adicionales<\/a><\/div>\n\n\n\n<div class=\"wp-block-button\"><a class=\"wp-block-button__link wp-element-button\" href=\"https:\/\/irrecams.de\/es\/categoria-producto\/servicio-de-conversion-de-astrocamaras\/\" style=\"border-radius:5px\">Encargar conversi\u00f3n Astro<\/a><\/div>\n\n\n\n<div class=\"wp-block-button\"><a class=\"wp-block-button__link wp-element-button\" href=\"https:\/\/irrecams.de\/es\/galeria-de-infrarrojos\/tomada-con-astrofiltro\/\" style=\"border-radius:5px\">M\u00e1s astrofotos<\/a><\/div>\n\n\n\n<div class=\"wp-block-button\"><a class=\"wp-block-button__link wp-element-button\" href=\"https:\/\/irrecams.de\/es\/fotografia-infrarroja\/\" style=\"border-radius:5px\">M\u00e1s informaci\u00f3n sobre la fotograf\u00eda infrarroja<\/a><\/div>\n<\/div>\n\n\n\n<hr class=\"wp-block-separator has-alpha-channel-opacity\"\/>\n\n\n\n<figure class=\"wp-block-image aligncenter size-large\"><a href=\"https:\/\/irrecams.de\/wp-content\/uploads\/2021\/04\/IR205664_Pano.jpg\"><img loading=\"lazy\" decoding=\"async\" width=\"1024\" height=\"512\" src=\"https:\/\/irrecams.de\/wp-content\/uploads\/2021\/04\/IR205664_Pano-1024x512.jpg\" alt=\"Panorama de la V\u00eda L\u00e1ctea - tomada con astrofiltro\" class=\"wp-image-6833\" srcset=\"https:\/\/irrecams.de\/wp-content\/uploads\/2021\/04\/IR205664_Pano-1024x512.jpg 1024w, https:\/\/irrecams.de\/wp-content\/uploads\/2021\/04\/IR205664_Pano-600x300.jpg 600w, https:\/\/irrecams.de\/wp-content\/uploads\/2021\/04\/IR205664_Pano-300x150.jpg 300w, https:\/\/irrecams.de\/wp-content\/uploads\/2021\/04\/IR205664_Pano-768x384.jpg 768w, https:\/\/irrecams.de\/wp-content\/uploads\/2021\/04\/IR205664_Pano-1536x768.jpg 1536w, https:\/\/irrecams.de\/wp-content\/uploads\/2021\/04\/IR205664_Pano-16x8.jpg 16w, https:\/\/irrecams.de\/wp-content\/uploads\/2021\/04\/IR205664_Pano-350x175.jpg 350w, https:\/\/irrecams.de\/wp-content\/uploads\/2021\/04\/IR205664_Pano.jpg 2000w\" sizes=\"auto, (max-width: 1024px) 100vw, 1024px\" \/><\/a><figcaption class=\"wp-element-caption\">Panorama de la V\u00eda L\u00e1ctea - tomada con astrofiltro<\/figcaption><\/figure>\n\n\n\n<p><\/p>","protected":false},"excerpt":{"rendered":"<p>Die Infrarot Fotografie zeigt bekanntlich vertraute Landschaften in einem abstrakten, k\u00fcnstlerischen und neuen Licht. Bei der Astro- oder Sternfotografie geht es aber eher darum, die Objekte m\u00f6glichst &#8220;nat\u00fcrlich&#8221; abzubilden, so wie wir sie auch sehen. Das ist vor allem f\u00fcr Nachtlandschaften wichtig, bei denen auch noch ein spannender Vordergrund zu fotografieren ist. Vorteile einer Astromodifizierten [&hellip;]<\/p>\n","protected":false},"author":1,"featured_media":0,"parent":0,"menu_order":20,"comment_status":"closed","ping_status":"closed","template":"","meta":{"footnotes":""},"class_list":["post-6729","page","type-page","status-publish","hentry"],"_links":{"self":[{"href":"https:\/\/irrecams.de\/es\/wp-json\/wp\/v2\/pages\/6729","targetHints":{"allow":["GET"]}}],"collection":[{"href":"https:\/\/irrecams.de\/es\/wp-json\/wp\/v2\/pages"}],"about":[{"href":"https:\/\/irrecams.de\/es\/wp-json\/wp\/v2\/types\/page"}],"author":[{"embeddable":true,"href":"https:\/\/irrecams.de\/es\/wp-json\/wp\/v2\/users\/1"}],"replies":[{"embeddable":true,"href":"https:\/\/irrecams.de\/es\/wp-json\/wp\/v2\/comments?post=6729"}],"version-history":[{"count":10,"href":"https:\/\/irrecams.de\/es\/wp-json\/wp\/v2\/pages\/6729\/revisions"}],"predecessor-version":[{"id":14354,"href":"https:\/\/irrecams.de\/es\/wp-json\/wp\/v2\/pages\/6729\/revisions\/14354"}],"wp:attachment":[{"href":"https:\/\/irrecams.de\/es\/wp-json\/wp\/v2\/media?parent=6729"}],"curies":[{"name":"wp","href":"https:\/\/api.w.org\/{rel}","templated":true}]}}