{"id":81,"date":"2015-01-07T16:00:36","date_gmt":"2015-01-07T15:00:36","guid":{"rendered":"http:\/\/wp10590344.server-he.de\/irrecams2\/?page_id=81"},"modified":"2026-01-13T23:33:30","modified_gmt":"2026-01-13T22:33:30","slug":"talleres-de-infrarrojos","status":"publish","type":"page","link":"https:\/\/irrecams.de\/es\/talleres-de-infrarrojos\/","title":{"rendered":"Talleres de fotograf\u00eda infrarroja"},"content":{"rendered":"<p>Los talleres de fotograf\u00eda infrarroja est\u00e1n dise\u00f1ados para impartir conocimientos te\u00f3ricos y pr\u00e1cticos y se dirigen tanto a principiantes como a fot\u00f3grafos avanzados de infrarrojos. En los seminarios te\u00f3ricos se ense\u00f1an los fundamentos y se hacen demostraciones de postprocesado. A continuaci\u00f3n, se descubren in situ motivos muy especiales en los lugares m\u00e1s bellos de Alemania. Por cierto, si a\u00fan no posee una c\u00e1mara de infrarrojos o desea probar una c\u00e1mara diferente, puede pedirla prestada por un m\u00f3dico precio.<\/p>\n\n\n\n<hr class=\"wp-block-separator has-css-opacity is-style-wide\"\/>\n\n\n\n<h2 class=\"wp-block-heading\">Taller de infrarrojos de Suabia Septentrional: 26-28 de junio de 2026<\/h2>\n\n\n\n<p>El sur de Alemania es un destino especialmente gratificante para la fotograf\u00eda infrarroja en verano. El verde exuberante de las plantas, los antiguos castillos y la arquitectura medieval conforman una variada gama de motivos diferentes en un \u00e1rea reducida.<\/p>\n\n\n\n<p>El taller est\u00e1 dise\u00f1ado para impartir conocimientos te\u00f3ricos y pr\u00e1cticos y est\u00e1 dirigido tanto a principiantes como a fot\u00f3grafos avanzados de infrarrojos. En los seminarios te\u00f3ricos se impartir\u00e1n las nociones b\u00e1sicas y se har\u00e1 una demostraci\u00f3n de posprocesamiento. A continuaci\u00f3n, descubriremos in situ motivos interesantes en los lugares m\u00e1s bellos de Alemania. <\/p>\n\n\n\n<div class=\"wp-block-buttons has-base-background-color has-background is-content-justification-center is-layout-flex wp-container-core-buttons-is-layout-a89b3969 wp-block-buttons-is-layout-flex\">\n<div class=\"wp-block-button\"><a class=\"wp-block-button__link has-custom-infra-rot-background-color has-background wp-element-button\" href=\"https:\/\/www.irrecams.de\/IR-Workshop_261.pdf\" target=\"_blank\" rel=\"noreferrer noopener\">PDF con todos los detalles<\/a><\/div>\n\n\n\n<div class=\"wp-block-button\"><a class=\"wp-block-button__link has-custom-infra-rot-background-color has-background wp-element-button\" href=\"https:\/\/irrecams.de\/es\/tienda\/taller-ir-suabia-septentrional-26-28-junio-2026\/\">A la reserva<\/a><\/div>\n<\/div>\n\n\n\n<div style=\"height:30px\" aria-hidden=\"true\" class=\"wp-block-spacer\"><\/div>\n\n\n\n<figure class=\"wp-block-image aligncenter size-full\"><img loading=\"lazy\" decoding=\"async\" width=\"1500\" height=\"844\" src=\"https:\/\/irrecams.de\/wp-content\/uploads\/2026\/01\/IR-Workshop_261.jpg\" alt=\"Taller de infrarrojos Swabia del Norte 2026\" class=\"wp-image-16367\" srcset=\"https:\/\/irrecams.de\/wp-content\/uploads\/2026\/01\/IR-Workshop_261.jpg 1500w, https:\/\/irrecams.de\/wp-content\/uploads\/2026\/01\/IR-Workshop_261-300x169.jpg 300w, https:\/\/irrecams.de\/wp-content\/uploads\/2026\/01\/IR-Workshop_261-1024x576.jpg 1024w, https:\/\/irrecams.de\/wp-content\/uploads\/2026\/01\/IR-Workshop_261-768x432.jpg 768w, https:\/\/irrecams.de\/wp-content\/uploads\/2026\/01\/IR-Workshop_261-18x10.jpg 18w, https:\/\/irrecams.de\/wp-content\/uploads\/2026\/01\/IR-Workshop_261-600x338.jpg 600w\" sizes=\"auto, (max-width: 1500px) 100vw, 1500px\" \/><figcaption class=\"wp-element-caption\">Taller de infrarrojos Swabia del Norte 2026<\/figcaption><\/figure>\n\n\n\n<hr class=\"wp-block-separator has-css-opacity is-style-wide\"\/>\n\n\n\n<h2 class=\"wp-block-heading\"><s>Taller de infrarrojos en la isla de R\u00fcgen: 23-25 de mayo de 2025<\/s><\/h2>\n\n\n\n<p>Se espera que el pr\u00f3ximo taller en la isla de R\u00fcgen sea <strong>Finales de mayo de 2027<\/strong> tendr\u00e1 lugar. En cuanto se fije la fecha, se anunciar\u00e1 en nuestro bolet\u00edn, al que puede suscribirse al final de esta p\u00e1gina.<\/p>\n\n\n\n<div style=\"height:30px\" aria-hidden=\"true\" class=\"wp-block-spacer\"><\/div>\n\n\n\n<figure class=\"wp-block-image aligncenter size-full\"><img loading=\"lazy\" decoding=\"async\" width=\"1920\" height=\"1080\" src=\"https:\/\/irrecams.de\/wp-content\/uploads\/2024\/11\/IR-Workshop_251-1.jpg\" alt=\"\" class=\"wp-image-13753\" srcset=\"https:\/\/irrecams.de\/wp-content\/uploads\/2024\/11\/IR-Workshop_251-1.jpg 1920w, https:\/\/irrecams.de\/wp-content\/uploads\/2024\/11\/IR-Workshop_251-1-300x169.jpg 300w, https:\/\/irrecams.de\/wp-content\/uploads\/2024\/11\/IR-Workshop_251-1-1024x576.jpg 1024w, https:\/\/irrecams.de\/wp-content\/uploads\/2024\/11\/IR-Workshop_251-1-768x432.jpg 768w, https:\/\/irrecams.de\/wp-content\/uploads\/2024\/11\/IR-Workshop_251-1-1536x864.jpg 1536w, https:\/\/irrecams.de\/wp-content\/uploads\/2024\/11\/IR-Workshop_251-1-18x10.jpg 18w, https:\/\/irrecams.de\/wp-content\/uploads\/2024\/11\/IR-Workshop_251-1-600x338.jpg 600w\" sizes=\"auto, (max-width: 1920px) 100vw, 1920px\" \/><figcaption class=\"wp-element-caption\">Taller de infrarrojos Isla de R\u00fcgen 2025<\/figcaption><\/figure>\n\n\n\n<hr class=\"wp-block-separator has-css-opacity is-style-wide\"\/>\n\n\n\n<h2 class=\"wp-block-heading\">Tutorial gratuito de infrarrojos para principiantes<\/h2>\n\n\n\n<figure class=\"wp-block-image aligncenter size-large\"><a href=\"https:\/\/irrecams.de\/es\/blog\/2021\/tutorial-gratuito-de-infrarrojos-para-principiantes-2021\/\" target=\"_blank\" rel=\"noopener\"><img loading=\"lazy\" decoding=\"async\" width=\"1024\" height=\"576\" src=\"https:\/\/irrecams.de\/wp-content\/uploads\/2021\/07\/213de-1024x576.jpg\" alt=\"Webinar de Fotograf\u00eda Infrarroja Fuji-Store.de\" class=\"wp-image-7247\" srcset=\"https:\/\/irrecams.de\/wp-content\/uploads\/2021\/07\/213de-1024x576.jpg 1024w, https:\/\/irrecams.de\/wp-content\/uploads\/2021\/07\/213de-600x338.jpg 600w, https:\/\/irrecams.de\/wp-content\/uploads\/2021\/07\/213de-300x169.jpg 300w, https:\/\/irrecams.de\/wp-content\/uploads\/2021\/07\/213de-768x432.jpg 768w, https:\/\/irrecams.de\/wp-content\/uploads\/2021\/07\/213de-1536x864.jpg 1536w, https:\/\/irrecams.de\/wp-content\/uploads\/2021\/07\/213de-16x9.jpg 16w, https:\/\/irrecams.de\/wp-content\/uploads\/2021\/07\/213de-350x197.jpg 350w, https:\/\/irrecams.de\/wp-content\/uploads\/2021\/07\/213de.jpg 2000w\" sizes=\"auto, (max-width: 1024px) 100vw, 1024px\" \/><\/a><\/figure>\n\n\n\n<p>Cualquiera que est\u00e9 considerando <a href=\"https:\/\/irrecams.de\/es\/fotografia-infrarroja\/\">Fotograf\u00eda IR <\/a>Si no est\u00e1s seguro de c\u00f3mo iniciarte en la fotograf\u00eda infrarroja o no tienes claros algunos aspectos, puedes ver este tutorial gratuito aqu\u00ed. El seminario web, de una hora y media de duraci\u00f3n, te lleva de la A a la Z a trav\u00e9s de todos los aspectos importantes de la fotograf\u00eda infrarroja. Empezando por las opciones de conversi\u00f3n de la c\u00e1mara, la selecci\u00f3n de filtros, los puntos calientes de infrarrojos hasta el procesado b\u00e1sico de infrarrojos.<\/p>\n\n\n\n<p class=\"translation-block\">El seminario web sobre infrarrojos organizado por <a href=\"https:\/\/www.fuji-store.de\/\" target=\"_self\" rel=\"noreferrer noopener\">Fuji-Store<\/a> tuvo lugar el 27.07.2021. \u00a1Gracias una vez m\u00e1s por la estupenda velada y por facilitarnos la grabaci\u00f3n!<\/p>\n\n\n\n<div class=\"wp-block-buttons is-horizontal is-content-justification-center is-layout-flex wp-container-core-buttons-is-layout-03627597 wp-block-buttons-is-layout-flex\">\n<div class=\"wp-block-button has-custom-width wp-block-button__width-50\"><a class=\"wp-block-button__link wp-element-button\" href=\"https:\/\/irrecams.de\/es\/blog\/2021\/tutorial-gratuito-de-infrarrojos-para-principiantes-2021\/\" style=\"border-radius:5px\" target=\"_blank\" rel=\"noreferrer noopener\">Directamente al tutorial<\/a><\/div>\n<\/div>","protected":false},"excerpt":{"rendered":"<p>Die Infrarot Fotografie Workshops sollen theoretisches und praktisches Wissen vermitteln und richten sich sowohl an Einsteiger als auch Fortgeschrittene in der Infrarotfotografie. In theoretischen Seminaren werden Grundlagen geschaffen und die Nachbearbeitung vorgef\u00fchrt. Vor Ort entdecken wir dann ganz besondere Motive an den sch\u00f6nsten Orten Deutschlands. Sie k\u00f6nnen \u00fcbrigens Ihre Wunsch-Infrarotkamera gegen eine kleine Geb\u00fchr ausleihen, [&hellip;]<\/p>\n","protected":false},"author":1,"featured_media":0,"parent":0,"menu_order":4,"comment_status":"closed","ping_status":"closed","template":"","meta":{"footnotes":""},"class_list":["post-81","page","type-page","status-publish","hentry"],"_links":{"self":[{"href":"https:\/\/irrecams.de\/es\/wp-json\/wp\/v2\/pages\/81","targetHints":{"allow":["GET"]}}],"collection":[{"href":"https:\/\/irrecams.de\/es\/wp-json\/wp\/v2\/pages"}],"about":[{"href":"https:\/\/irrecams.de\/es\/wp-json\/wp\/v2\/types\/page"}],"author":[{"embeddable":true,"href":"https:\/\/irrecams.de\/es\/wp-json\/wp\/v2\/users\/1"}],"replies":[{"embeddable":true,"href":"https:\/\/irrecams.de\/es\/wp-json\/wp\/v2\/comments?post=81"}],"version-history":[{"count":16,"href":"https:\/\/irrecams.de\/es\/wp-json\/wp\/v2\/pages\/81\/revisions"}],"predecessor-version":[{"id":16375,"href":"https:\/\/irrecams.de\/es\/wp-json\/wp\/v2\/pages\/81\/revisions\/16375"}],"wp:attachment":[{"href":"https:\/\/irrecams.de\/es\/wp-json\/wp\/v2\/media?parent=81"}],"curies":[{"name":"wp","href":"https:\/\/api.w.org\/{rel}","templated":true}]}}