{"id":94,"date":"2015-01-07T17:27:52","date_gmt":"2015-01-07T16:27:52","guid":{"rendered":"http:\/\/wp10590344.server-he.de\/irrecams2\/?page_id=94"},"modified":"2025-07-23T08:33:22","modified_gmt":"2025-07-23T06:33:22","slug":"imprimir","status":"publish","type":"page","link":"https:\/\/irrecams.de\/es\/imprimir\/","title":{"rendered":"Pie de imprenta"},"content":{"rendered":"<p>Direcci\u00f3n de Internet: <a href=\"https:\/\/irrecams.de\/es\/\">www.IRreCams.de<\/a><\/p>\n\n\n\n<p>IRreCams Lamprecht<\/p>\n\n\n\n<p>Propietario: Sven Lamprecht<\/p>\n\n\n\n<p>Moorberg 8c<br>18573 Dreschvitz<br>Alemania<\/p>\n\n\n\n<p>Tel\u00e9fono: (+49) 038306 639 817<br>M\u00f3vil: (+49) 0151 5 48 48 914<\/p>\n\n\n\n<p>Correo: <a href=\"mailto:info@irrecams.de\">info@IRreCams.de<\/a><\/p>\n\n\n\n<p>N\u00famero de identificaci\u00f3n fiscal: DE275518370<br>LUCID \/ N\u00famero EPR: DE3524348383303<br>N\u00famero EORI: DE792085246882510<br><\/p>\n\n\n\n<p>Responsable seg\u00fan \u00a7 18 MStV:<br>Sven Lamprecht<br>Moorberg 8c<br>18573 Dreschvitz<\/p>\n\n\n\n<p class=\"translation-block\">La Comisi\u00f3n Europea ofrece una plataforma para la resoluci\u00f3n de litigios en l\u00ednea (OS), que puede encontrar aqu\u00ed <a href=\"https:\/\/ec.europa.eu\/consumers\/odr\/\" target=\"_self\" rel=\"noreferrer noopener nofollow\">https:\/\/ec.europa.eu\/consumers\/odr\/<\/a>. Estamos dispuestos a participar en un procedimiento de arbitraje extrajudicial ante una junta arbitral de consumo.<\/p>\n\n\n\n<p><a href=\"https:\/\/irrecams.de\/es\/proteccion-de-datos\/\">Lea aqu\u00ed la pol\u00edtica de privacidad<\/a><\/p>\n\n\n\n<p><a href=\"https:\/\/irrecams.de\/es\/politica-de-cancelacion\/\">Lea aqu\u00ed la pol\u00edtica de cancelaci\u00f3n<\/a><\/p>\n\n\n\n<p><a href=\"https:\/\/irrecams.de\/es\/condiciones-generales\/\">Lea aqu\u00ed las condiciones generales<\/a><\/p>\n\n\n\n<p><\/p>\n\n\n\n<h4 class=\"wp-block-heading\">Descargo de responsabilidad:<\/h4>\n\n\n\n<p>Las recomendaciones y la informaci\u00f3n contenidas en esta p\u00e1gina han sido recopiladas y comprobadas por el autor con sumo cuidado. No obstante, no puede garantizarse la exactitud de la informaci\u00f3n. El autor no se hace responsable de los da\u00f1os o accidentes derivados de las recomendaciones e informaci\u00f3n de esta p\u00e1gina.<\/p>\n\n\n\n<p>A pesar de un cuidadoso examen del contenido, el operador del sitio no asume ninguna responsabilidad por el contenido de los enlaces externos. Los operadores respectivos son los \u00fanicos responsables del contenido de las p\u00e1ginas enlazadas.<\/p>\n\n\n\n<h4 class=\"wp-block-heading\">Derechos de autor y uso de contenidos:<\/h4>\n\n\n\n<p>Todas las im\u00e1genes, gr\u00e1ficos, textos y dise\u00f1os gr\u00e1ficos son propiedad intelectual del operador del sitio, de conformidad con la legislaci\u00f3n alemana sobre derechos de autor.<br>El operador de este sitio web se reserva el derecho de apropiarse o utilizar los contenidos de este sitio web en el \u00e1mbito de la <a href=\"http:\/\/creativecommons.org\/licenses\/by-nc-sa\/3.0\/de\/\" target=\"_blank\" rel=\"noreferrer noopener\">Creative Commons \"Licencia Reconocimiento-NoComercial-CompartirIgual 3.0 Alemania\" (CC by-nc-sa)<\/a> libre. Si desea utilizar contenidos de este sitio sin cumplir las normas \"CC by-nc-sa\", p\u00f3ngase en contacto con el operador del sitio.<\/p>\n\n\n\n<p><\/p>\n\n\n\n<h4 class=\"wp-block-heading\">An\u00e1lisis web con Matomo:<\/h4>\n\n\n\n<p>Este sitio web utiliza Matomo, un software de c\u00f3digo abierto para el an\u00e1lisis estad\u00edstico del acceso de los visitantes. Encontrar\u00e1 m\u00e1s informaci\u00f3n en la p\u00e1gina <a href=\"https:\/\/irrecams.de\/es\/proteccion-de-datos\/\">Pol\u00edtica de privacidad<\/a>. Tu estado actual:<\/p>\n\n\n\n<div class=\"wp-block-group has-border-color has-tertiary-border-color has-global-padding is-layout-constrained wp-container-core-group-is-layout-23b1a4dc wp-block-group-is-layout-constrained\" style=\"border-width:1px;border-radius:5px;padding-top:var(--wp--preset--spacing--30);padding-right:var(--wp--preset--spacing--30);padding-bottom:var(--wp--preset--spacing--30);padding-left:var(--wp--preset--spacing--30)\"><p id=\"matomo_opted_out_intro\" style=\"display:none;\">Opt-out completo; sus visitas a este sitio web no ser\u00e1n registradas por la herramienta Web Analytics. Tenga en cuenta que si borra las cookies, elimina la cookie de inhabilitaci\u00f3n o cambia de ordenador o de navegador, tendr\u00e1 que volver a realizar el procedimiento de inhabilitaci\u00f3n.<\/p><p id=\"matomo_opted_in_intro\" >Usted puede optar por impedir que este sitio web agregue y analice las acciones que usted realiza aqu\u00ed. Si lo hace, proteger\u00e1 su privacidad, pero tambi\u00e9n evitar\u00e1 que el propietario aprenda de sus acciones y cree una mejor experiencia para usted y otros usuarios.<\/p><form action=\"\">\n        <input type=\"checkbox\" id=\"matomo_optout_checkbox\" checked=\"checked\"\/>\n        <label for=\"matomo_optout_checkbox\"><strong>\n        <span id=\"matomo_opted_in_label\" >No est\u00e1 excluido. Desmarque esta casilla para excluirse.<\/span>\n\t\t<span id=\"matomo_opted_out_label\" style=\"display:none;\">Actualmente est\u00e1 excluido. Marque esta casilla para darse de alta.<\/span>\n        <\/strong><\/label><input type=\"hidden\" name=\"trp-form-language\" value=\"es\"\/><\/form><noscript><p><strong style=\"color: #ff0000;\">Esta funci\u00f3n de exclusi\u00f3n requiere JavaScript.<\/strong><\/p><\/noscript><p id=\"matomo_outout_err_cookies\" style=\"display: none;\"><strong>La funci\u00f3n de inhabilitaci\u00f3n del seguimiento requiere que las cookies est\u00e9n activadas.<\/strong><\/p>\n<\/div>\n\n\n\n<p>Si no desea que Matomo realice an\u00e1lisis estad\u00edsticos, tambi\u00e9n puede activar la funci\u00f3n \"Do-Not-Track\" en su navegador. Respetaremos esta decisi\u00f3n y no recopilaremos ning\u00fan dato para las estad\u00edsticas de visitas. Utilice las funciones de ayuda de su navegador de Internet para averiguar c\u00f3mo puede cambiar esta configuraci\u00f3n.<\/p>","protected":false},"excerpt":{"rendered":"<p>Internetadresse: www.IRreCams.de IRreCams Lamprecht Inhaber: Sven Lamprecht Moorberg 8c18573 DreschvitzDeutschland Telefon: (+49) 038306 639 817Mobil: (+49) 0151 5 48 48 914 Mail: info@IRreCams.de Umsatzsteuer-Identifikationsnummer: DE275518370LUCID \/ EPR Nummer: DE3524348383303EORI Nummer: DE792085246882510 Verantwortlich gem\u00e4\u00df \u00a7 18 MStV:Sven LamprechtMoorberg 8c18573 Dreschvitz Die Europ\u00e4ische Kommission stellt eine Plattform zur Online-Streitbeilegung (OS) bereit, die Sie hier finden https:\/\/ec.europa.eu\/consumers\/odr\/. Wir [&hellip;]<\/p>\n","protected":false},"author":1,"featured_media":0,"parent":0,"menu_order":90,"comment_status":"closed","ping_status":"closed","template":"","meta":{"footnotes":""},"class_list":["post-94","page","type-page","status-publish","hentry"],"_links":{"self":[{"href":"https:\/\/irrecams.de\/es\/wp-json\/wp\/v2\/pages\/94","targetHints":{"allow":["GET"]}}],"collection":[{"href":"https:\/\/irrecams.de\/es\/wp-json\/wp\/v2\/pages"}],"about":[{"href":"https:\/\/irrecams.de\/es\/wp-json\/wp\/v2\/types\/page"}],"author":[{"embeddable":true,"href":"https:\/\/irrecams.de\/es\/wp-json\/wp\/v2\/users\/1"}],"replies":[{"embeddable":true,"href":"https:\/\/irrecams.de\/es\/wp-json\/wp\/v2\/comments?post=94"}],"version-history":[{"count":6,"href":"https:\/\/irrecams.de\/es\/wp-json\/wp\/v2\/pages\/94\/revisions"}],"predecessor-version":[{"id":15223,"href":"https:\/\/irrecams.de\/es\/wp-json\/wp\/v2\/pages\/94\/revisions\/15223"}],"wp:attachment":[{"href":"https:\/\/irrecams.de\/es\/wp-json\/wp\/v2\/media?parent=94"}],"curies":[{"name":"wp","href":"https:\/\/api.w.org\/{rel}","templated":true}]}}