{"id":12097,"date":"2024-07-05T19:47:00","date_gmt":"2024-07-05T17:47:00","guid":{"rendered":"https:\/\/irrecams.de\/?post_type=product&#038;p=12097"},"modified":"2025-05-15T09:28:38","modified_gmt":"2025-05-15T07:28:38","slug":"canon-eos-rp-convertida-nueva","status":"publish","type":"product","link":"https:\/\/irrecams.de\/es\/tienda\/canon-eos-rp-convertida-nueva\/","title":{"rendered":"Canon EOS RP reconstruida *NEW*"},"content":{"rendered":"<p><strong>Nota:<\/strong> La funci\u00f3n de limpieza autom\u00e1tica del sensor se pierde al convertir esta c\u00e1mara.<\/p>\n<p><strong>ATENCI\u00d3N:<\/strong> Muchos objetivos EOS RF y RF-S nativos s\u00f3lo pueden utilizarse de forma limitada en situaciones de luz oscura. En el interior de los objetivos hay instalado un LED infrarrojo. La luz par\u00e1sita puede ser visible en las fotos con tiempos de exposici\u00f3n largos y\/o condiciones de luz oscura (incluso con exposiciones largas con filtros ND). Si se utilizan objetivos EF en la c\u00e1mara con un adaptador, este riesgo no existe.<\/p>","protected":false},"excerpt":{"rendered":"<div class=\"woocommerce-product-details__short-description\">\n<p>Usted est\u00e1 comprando una c\u00e1mara nueva que ya ha sido convertida para usted con el filtro incorporado seleccionado.<\/p>\n<\/div>\n<p>La c\u00e1mara no est\u00e1 en stock y s\u00f3lo se comprar\u00e1 por encargo, por lo que el plazo de entrega es de unos 14 d\u00edas.<\/p>\n<div class=\"woocommerce-product-details__short-description\">\n<p>\u00bfNo est\u00e1 seguro de los detalles o de la elecci\u00f3n del filtro? Escr\u00edbanos <a href=\"https:\/\/irrecams.de\/es\/umbauservice\/consulta\/\">un mensaje no vinculante<\/a>.<\/p>\n<\/div>","protected":false},"featured_media":12153,"template":"","meta":[],"product_brand":[],"product_cat":[923],"product_tag":[926,927],"class_list":{"0":"post-12097","1":"product","2":"type-product","3":"status-publish","4":"has-post-thumbnail","6":"product_cat-neue-infrarot-und-astrokameras","7":"product_tag-eosr","8":"product_tag-ff","9":"product_shipping_class-kamera","11":"first","12":"instock","13":"taxable","14":"shipping-taxable","15":"purchasable","16":"product-type-simple"},"_links":{"self":[{"href":"https:\/\/irrecams.de\/es\/wp-json\/wp\/v2\/product\/12097","targetHints":{"allow":["GET"]}}],"collection":[{"href":"https:\/\/irrecams.de\/es\/wp-json\/wp\/v2\/product"}],"about":[{"href":"https:\/\/irrecams.de\/es\/wp-json\/wp\/v2\/types\/product"}],"wp:featuredmedia":[{"embeddable":true,"href":"https:\/\/irrecams.de\/es\/wp-json\/wp\/v2\/media\/12153"}],"wp:attachment":[{"href":"https:\/\/irrecams.de\/es\/wp-json\/wp\/v2\/media?parent=12097"}],"wp:term":[{"taxonomy":"product_brand","embeddable":true,"href":"https:\/\/irrecams.de\/es\/wp-json\/wp\/v2\/product_brand?post=12097"},{"taxonomy":"product_cat","embeddable":true,"href":"https:\/\/irrecams.de\/es\/wp-json\/wp\/v2\/product_cat?post=12097"},{"taxonomy":"product_tag","embeddable":true,"href":"https:\/\/irrecams.de\/es\/wp-json\/wp\/v2\/product_tag?post=12097"}],"curies":[{"name":"wp","href":"https:\/\/api.w.org\/{rel}","templated":true}]}}