{"id":12104,"date":"2024-06-20T13:59:48","date_gmt":"2024-06-20T11:59:48","guid":{"rendered":"https:\/\/irrecams.de\/?post_type=product&#038;p=12104"},"modified":"2025-05-17T00:00:53","modified_gmt":"2025-05-16T22:00:53","slug":"fujifilm-x-t5-convertida-nueva","status":"publish","type":"product","link":"https:\/\/irrecams.de\/es\/tienda\/fujifilm-x-t5-convertida-nueva\/","title":{"rendered":"Fujifilm X-T5 reconstruida *NUEVA"},"content":{"rendered":"<p><strong>Nota:<\/strong> La funci\u00f3n de limpieza autom\u00e1tica del sensor se pierde al convertir esta c\u00e1mara.<\/p>\n<p><strong>Nota Balance de blancos:<\/strong> En las c\u00e1maras Fujifilm con sensor X-Trans, el balance de blancos no se puede ajustar en la c\u00e1mara con la mayor\u00eda de los filtros IR (este problema tambi\u00e9n ocurre con el filtro InfraBlue). La c\u00e1mara ajusta el mejor balance de blancos posible, pero suele quedar un ligero tinte magenta y rojo. Sin embargo, al fotografiar en RAW (recomendado), esto no importa porque el balance de blancos puede ajustarse correctamente en el PC. Tambi\u00e9n es posible fotografiar JPEG en blanco y negro en la c\u00e1mara sin ning\u00fan problema.<\/p>","protected":false},"excerpt":{"rendered":"<div class=\"woocommerce-product-details__short-description\">\n<p>Usted est\u00e1 comprando una c\u00e1mara nueva que ya ha sido convertida para usted con el filtro incorporado seleccionado.<\/p>\n<\/div>\n<p>La c\u00e1mara no est\u00e1 en stock y s\u00f3lo se comprar\u00e1 por encargo, por lo que el plazo de entrega es de unos 14 d\u00edas.<\/p>\n<div class=\"woocommerce-product-details__short-description\">\n<p>\u00bfNo est\u00e1 seguro de los detalles o de la elecci\u00f3n del filtro? Escr\u00edbanos <a href=\"https:\/\/irrecams.de\/es\/umbauservice\/consulta\/\">un mensaje no vinculante<\/a>.<\/p>\n<\/div>","protected":false},"featured_media":12148,"template":"","meta":[],"product_brand":[],"product_cat":[923],"product_tag":[925],"class_list":{"0":"post-12104","1":"product","2":"type-product","3":"status-publish","4":"has-post-thumbnail","6":"product_cat-neue-infrarot-und-astrokameras","7":"product_tag-apsc","8":"product_shipping_class-kamera","10":"first","11":"instock","12":"taxable","13":"shipping-taxable","14":"purchasable","15":"product-type-simple"},"_links":{"self":[{"href":"https:\/\/irrecams.de\/es\/wp-json\/wp\/v2\/product\/12104","targetHints":{"allow":["GET"]}}],"collection":[{"href":"https:\/\/irrecams.de\/es\/wp-json\/wp\/v2\/product"}],"about":[{"href":"https:\/\/irrecams.de\/es\/wp-json\/wp\/v2\/types\/product"}],"wp:featuredmedia":[{"embeddable":true,"href":"https:\/\/irrecams.de\/es\/wp-json\/wp\/v2\/media\/12148"}],"wp:attachment":[{"href":"https:\/\/irrecams.de\/es\/wp-json\/wp\/v2\/media?parent=12104"}],"wp:term":[{"taxonomy":"product_brand","embeddable":true,"href":"https:\/\/irrecams.de\/es\/wp-json\/wp\/v2\/product_brand?post=12104"},{"taxonomy":"product_cat","embeddable":true,"href":"https:\/\/irrecams.de\/es\/wp-json\/wp\/v2\/product_cat?post=12104"},{"taxonomy":"product_tag","embeddable":true,"href":"https:\/\/irrecams.de\/es\/wp-json\/wp\/v2\/product_tag?post=12104"}],"curies":[{"name":"wp","href":"https:\/\/api.w.org\/{rel}","templated":true}]}}