{"id":12107,"date":"2024-07-06T13:23:09","date_gmt":"2024-07-06T11:23:09","guid":{"rendered":"https:\/\/irrecams.de\/?post_type=product&#038;p=12107"},"modified":"2026-04-08T13:02:33","modified_gmt":"2026-04-08T11:02:33","slug":"nikon-z6-ii-reconstruida-nueva","status":"publish","type":"product","link":"https:\/\/irrecams.de\/es\/tienda\/nikon-z6-ii-reconstruida-nueva\/","title":{"rendered":"Nikon Z6 II reconstruido *NEW*"},"content":{"rendered":"<p><strong>ATENCI\u00d3N:<\/strong> En el interior de esta c\u00e1mara hay un LED infrarrojo. Los reflejos de luz y la luz par\u00e1sita pueden hacerse visibles en las im\u00e1genes con tiempos de exposici\u00f3n largos y\/o condiciones de iluminaci\u00f3n oscuras. Este LED s\u00f3lo se enciende cuando se utiliza el obturador mec\u00e1nico; el problema puede evitarse completamente seleccionando el obturador electr\u00f3nico.<\/p>\n<p><strong>Nota:<\/strong> La funci\u00f3n de limpieza autom\u00e1tica del sensor se pierde al convertir esta c\u00e1mara.<\/p>\n<p><strong>Nota Patr\u00f3n de l\u00ednea:<\/strong> Algunos usuarios de la serie Z de Nikon informan de la aparici\u00f3n de l\u00edneas en las im\u00e1genes infrarrojas. Con un procesamiento de im\u00e1genes de muy alto contraste, las l\u00edneas del sistema AF pueden hacerse visibles en las im\u00e1genes. El riesgo aumenta con filtros IR m\u00e1s potentes, con filtros m\u00e1s d\u00e9biles el efecto parece ser menos pronunciado. Las l\u00edneas s\u00f3lo se hacen visibles con un postprocesado muy fuerte de contraste, claridad (contraste local) y\/o eliminaci\u00f3n de neblina.<\/p>\n<p><strong>Nota Balance de blancos:<\/strong> El balance de blancos no puede ajustarse correctamente con esta c\u00e1mara. Dependiendo de la situaci\u00f3n de iluminaci\u00f3n y del filtro, el balance de blancos manual en la c\u00e1mara no es posible y devuelve un mensaje de error (el problema tambi\u00e9n se produce con el filtro InfraBlue). El balance de blancos puede ajustarse a 2500K con correcci\u00f3n de color, pero en la imagen suele quedar una clara dominante de color magenta. Sin embargo, al fotografiar en RAW (recomendado), esto no importa porque el balance de blancos se puede ajustar correctamente en el PC. Tambi\u00e9n es posible fotografiar JPEG en blanco y negro en la c\u00e1mara sin problemas.<\/p>","protected":false},"excerpt":{"rendered":"<div class=\"woocommerce-product-details__short-description\">\n<p>Usted est\u00e1 comprando una c\u00e1mara nueva que ya ha sido convertida para usted con el filtro incorporado seleccionado.<\/p>\n<\/div>\n<p>La c\u00e1mara no est\u00e1 en stock y s\u00f3lo se comprar\u00e1 por encargo, por lo que el plazo de entrega es de unos 14 d\u00edas.<\/p>\n<div class=\"woocommerce-product-details__short-description\">\n<p>\u00bfNo est\u00e1 seguro de los detalles o de la elecci\u00f3n del filtro? Escr\u00edbanos <a href=\"https:\/\/irrecams.de\/es\/umbauservice\/consulta\/\">un mensaje no vinculante<\/a>.<\/p>\n<\/div>","protected":false},"featured_media":12144,"template":"","meta":[],"product_brand":[],"product_cat":[923],"product_tag":[927],"class_list":{"0":"post-12107","1":"product","2":"type-product","3":"status-publish","4":"has-post-thumbnail","6":"product_cat-neue-infrarot-und-astrokameras","7":"product_tag-ff","8":"product_shipping_class-kamera","10":"first","11":"instock","12":"taxable","13":"shipping-taxable","14":"purchasable","15":"product-type-simple"},"_links":{"self":[{"href":"https:\/\/irrecams.de\/es\/wp-json\/wp\/v2\/product\/12107","targetHints":{"allow":["GET"]}}],"collection":[{"href":"https:\/\/irrecams.de\/es\/wp-json\/wp\/v2\/product"}],"about":[{"href":"https:\/\/irrecams.de\/es\/wp-json\/wp\/v2\/types\/product"}],"wp:featuredmedia":[{"embeddable":true,"href":"https:\/\/irrecams.de\/es\/wp-json\/wp\/v2\/media\/12144"}],"wp:attachment":[{"href":"https:\/\/irrecams.de\/es\/wp-json\/wp\/v2\/media?parent=12107"}],"wp:term":[{"taxonomy":"product_brand","embeddable":true,"href":"https:\/\/irrecams.de\/es\/wp-json\/wp\/v2\/product_brand?post=12107"},{"taxonomy":"product_cat","embeddable":true,"href":"https:\/\/irrecams.de\/es\/wp-json\/wp\/v2\/product_cat?post=12107"},{"taxonomy":"product_tag","embeddable":true,"href":"https:\/\/irrecams.de\/es\/wp-json\/wp\/v2\/product_tag?post=12107"}],"curies":[{"name":"wp","href":"https:\/\/api.w.org\/{rel}","templated":true}]}}