{"id":12115,"date":"2024-07-06T13:51:22","date_gmt":"2024-07-06T11:51:22","guid":{"rendered":"https:\/\/irrecams.de\/?post_type=product&#038;p=12115"},"modified":"2025-05-15T09:27:12","modified_gmt":"2025-05-15T07:27:12","slug":"panasonic-g9-ii-reconstruida-nueva","status":"publish","type":"product","link":"https:\/\/irrecams.de\/es\/tienda\/panasonic-g9-ii-reconstruida-nueva\/","title":{"rendered":"Panasonic G9 II reconstruida *NEW*"},"content":{"rendered":"<p><strong>Nota:<\/strong> La funci\u00f3n de limpieza autom\u00e1tica del sensor se pierde al convertir esta c\u00e1mara.<\/p>","protected":false},"excerpt":{"rendered":"<div class=\"woocommerce-product-details__short-description\">\n<p>Usted est\u00e1 comprando una c\u00e1mara nueva que ya ha sido convertida para usted con el filtro incorporado seleccionado.<\/p>\n<\/div>\n<p>La c\u00e1mara no est\u00e1 en stock y s\u00f3lo se comprar\u00e1 por encargo, por lo que el plazo de entrega es de unos 14 d\u00edas.<\/p>\n<div class=\"woocommerce-product-details__short-description\">\n<p>\u00bfNo est\u00e1 seguro de los detalles o de la elecci\u00f3n del filtro? Escr\u00edbanos <a href=\"https:\/\/irrecams.de\/es\/umbauservice\/consulta\/\">un mensaje no vinculante<\/a>.<\/p>\n<\/div>","protected":false},"featured_media":12138,"template":"","meta":[],"product_brand":[],"product_cat":[923],"product_tag":[929],"class_list":{"0":"post-12115","1":"product","2":"type-product","3":"status-publish","4":"has-post-thumbnail","6":"product_cat-neue-infrarot-und-astrokameras","7":"product_tag-mftpana","8":"product_shipping_class-kamera","10":"first","11":"instock","12":"taxable","13":"shipping-taxable","14":"purchasable","15":"product-type-simple"},"_links":{"self":[{"href":"https:\/\/irrecams.de\/es\/wp-json\/wp\/v2\/product\/12115","targetHints":{"allow":["GET"]}}],"collection":[{"href":"https:\/\/irrecams.de\/es\/wp-json\/wp\/v2\/product"}],"about":[{"href":"https:\/\/irrecams.de\/es\/wp-json\/wp\/v2\/types\/product"}],"wp:featuredmedia":[{"embeddable":true,"href":"https:\/\/irrecams.de\/es\/wp-json\/wp\/v2\/media\/12138"}],"wp:attachment":[{"href":"https:\/\/irrecams.de\/es\/wp-json\/wp\/v2\/media?parent=12115"}],"wp:term":[{"taxonomy":"product_brand","embeddable":true,"href":"https:\/\/irrecams.de\/es\/wp-json\/wp\/v2\/product_brand?post=12115"},{"taxonomy":"product_cat","embeddable":true,"href":"https:\/\/irrecams.de\/es\/wp-json\/wp\/v2\/product_cat?post=12115"},{"taxonomy":"product_tag","embeddable":true,"href":"https:\/\/irrecams.de\/es\/wp-json\/wp\/v2\/product_tag?post=12115"}],"curies":[{"name":"wp","href":"https:\/\/api.w.org\/{rel}","templated":true}]}}