{"id":12520,"date":"2024-08-30T21:12:08","date_gmt":"2024-08-30T19:12:08","guid":{"rendered":"https:\/\/irrecams.de\/?post_type=product&#038;p=12520"},"modified":"2025-05-15T09:25:12","modified_gmt":"2025-05-15T07:25:12","slug":"servicio-de-conversion-de-infrarrojos-canon-formato-completo","status":"publish","type":"product","link":"https:\/\/irrecams.de\/es\/tienda\/servicio-de-conversion-de-infrarrojos-canon-formato-completo\/","title":{"rendered":"Servicio de conversi\u00f3n de infrarrojos Canon de formato completo"},"content":{"rendered":"<p><strong>ATENCI\u00d3N:<\/strong> Las c\u00e1maras marcadas con dos ** tienen un LED infrarrojo interno. La luz par\u00e1sita de este LED puede ser visible en la imagen como un reflejo de luz con tiempos de exposici\u00f3n largos y\/o condiciones de iluminaci\u00f3n oscuras (incluso con un filtro ND potente). Con tiempos de exposici\u00f3n normales y condiciones de luz diurna, la luz par\u00e1sita de este LED no es perceptible.<\/p>\n<p><strong>Nota:<\/strong> En las c\u00e1maras con *, la funci\u00f3n de limpieza autom\u00e1tica del sensor se pierde durante la conversi\u00f3n. Tras la conversi\u00f3n, el sensor puede limpiarse en seco (por ejemplo, con aire comprimido) o en h\u00famedo (por ejemplo, con bastoncillos) como de costumbre. Pueden utilizarse todos los preparados y m\u00e9todos disponibles en el mercado para la limpieza de sensores.<\/p>\n<p><strong>ATENCI\u00d3N:<\/strong> Muchos objetivos EOS RF y RF-S nativos s\u00f3lo pueden utilizarse de forma limitada en situaciones de luz oscura. En el interior de los objetivos hay instalado un LED infrarrojo. La luz par\u00e1sita puede ser visible en las fotos con tiempos de exposici\u00f3n largos y\/o condiciones de luz oscura (incluso con exposiciones largas con filtros ND). Si los objetivos EF se utilizan con un adaptador en una c\u00e1mara EOS R, este riesgo no existe.<\/p>","protected":false},"excerpt":{"rendered":"<p>Servicio de conversi\u00f3n de infrarrojos para tu c\u00e1mara.<\/p>\n<p>\u00bfNo est\u00e1 seguro de los detalles o de la elecci\u00f3n del filtro? Escr\u00edbame <a href=\"https:\/\/irrecams.de\/es\/umbauservice\/consulta\/\">un mensaje no vinculante<\/a>.<\/p>","protected":false},"featured_media":12417,"template":"","meta":[],"product_brand":[],"product_cat":[455],"product_tag":[],"class_list":{"0":"post-12520","1":"product","2":"type-product","3":"status-publish","4":"has-post-thumbnail","6":"product_cat-infrarot-kamera-umbau-service","7":"product_shipping_class-umbau","9":"first","10":"instock","11":"taxable","12":"shipping-taxable","13":"purchasable","14":"product-type-variable"},"_links":{"self":[{"href":"https:\/\/irrecams.de\/es\/wp-json\/wp\/v2\/product\/12520","targetHints":{"allow":["GET"]}}],"collection":[{"href":"https:\/\/irrecams.de\/es\/wp-json\/wp\/v2\/product"}],"about":[{"href":"https:\/\/irrecams.de\/es\/wp-json\/wp\/v2\/types\/product"}],"wp:featuredmedia":[{"embeddable":true,"href":"https:\/\/irrecams.de\/es\/wp-json\/wp\/v2\/media\/12417"}],"wp:attachment":[{"href":"https:\/\/irrecams.de\/es\/wp-json\/wp\/v2\/media?parent=12520"}],"wp:term":[{"taxonomy":"product_brand","embeddable":true,"href":"https:\/\/irrecams.de\/es\/wp-json\/wp\/v2\/product_brand?post=12520"},{"taxonomy":"product_cat","embeddable":true,"href":"https:\/\/irrecams.de\/es\/wp-json\/wp\/v2\/product_cat?post=12520"},{"taxonomy":"product_tag","embeddable":true,"href":"https:\/\/irrecams.de\/es\/wp-json\/wp\/v2\/product_tag?post=12520"}],"curies":[{"name":"wp","href":"https:\/\/api.w.org\/{rel}","templated":true}]}}