{"id":12580,"date":"2024-08-30T21:33:57","date_gmt":"2024-08-30T19:33:57","guid":{"rendered":"https:\/\/irrecams.de\/?post_type=product&#038;p=12580"},"modified":"2026-04-06T14:46:47","modified_gmt":"2026-04-06T12:46:47","slug":"servicio-de-conversion-forense-canon-aps-c","status":"publish","type":"product","link":"https:\/\/irrecams.de\/es\/tienda\/servicio-de-conversion-forense-canon-aps-c\/","title":{"rendered":"Servicio de conversi\u00f3n forense Canon APS-C"},"content":{"rendered":"<p>Durante la conversi\u00f3n, el filtro de bloqueo UV\/IR (hotmirror) se retira de su c\u00e1mara y se sustituye por un filtro neutro. Esta modificaci\u00f3n garantiza la m\u00e1xima sensibilidad del sensor de la c\u00e1mara para la radiaci\u00f3n UV, la luz visible y la radiaci\u00f3n infrarroja. La sensibilidad del sensor comienza (seg\u00fan el modelo) en aprox. 300-320 nm y termina en 1.100-1.200 nm.<\/p>\n<p>Tras la conversi\u00f3n, la c\u00e1mara es apta para todos los ex\u00e1menes forenses. Esto incluye ex\u00e1menes forenses de edificios, ex\u00e1menes m\u00e9dicos forenses y t\u00e9cnicas de restauraci\u00f3n de obras de arte. No obstante, para una aplicaci\u00f3n razonable siempre se necesitan filtros espectrales adecuados (filtros de paso largo, paso corto o paso de banda) y, en caso necesario, fuentes de luz especiales. Puede solicitar un sofisticado y probado juego de filtros para la investigaci\u00f3n forense de edificios a <a href=\"https:\/\/bau-forensik.eu\/filter\/\" target=\"_blank\" rel=\"noopener\">Prof. Andreas O. Rapp<\/a>. Las l\u00e1mparas y accesorios especiales para el an\u00e1lisis de instrumentos de madera pueden encargarse a <a href=\"https:\/\/www.shop-schilbach.net\/c\/analyse-und-messwerkzeuge\/lumatec\" target=\"_blank\" rel=\"noopener\">Tienda-Schilbach<\/a> puede obtenerse.<\/p>\n<p>&nbsp;<\/p>\n<p><strong>ATENCI\u00d3N: <\/strong>Con una c\u00e1mara SLR convertida, siempre debe activar LiveView en cuanto utilice un filtro en la c\u00e1mara. Sin LiveView, la c\u00e1mara no puede enfocar correctamente. Las c\u00e1maras de sistema sin espejo de las series EOS M y EOS R no tienen esta limitaci\u00f3n y funcionan mucho mejor como c\u00e1mara forense.<\/p>\n<p><strong>ATENCI\u00d3N:<\/strong> Muchos objetivos EOS RF y RF-S nativos s\u00f3lo pueden utilizarse de forma limitada en situaciones de luz oscura. En el interior de los objetivos hay instalado un LED infrarrojo. La luz par\u00e1sita puede ser visible en las fotos con tiempos de exposici\u00f3n largos y\/o condiciones de iluminaci\u00f3n oscuras (incluso con exposiciones largas con filtros ND). Si los objetivos EF se utilizan con un adaptador en una c\u00e1mara EOS R, no hay riesgo de que esto ocurra.<\/p>\n<p><strong>Nota:<\/strong> En las c\u00e1maras con *, la funci\u00f3n de limpieza autom\u00e1tica del sensor se pierde durante la conversi\u00f3n. Tras la conversi\u00f3n, el sensor puede limpiarse en seco (por ejemplo, con aire comprimido) o en h\u00famedo (por ejemplo, con bastoncillos) como de costumbre. Pueden utilizarse todos los preparados y m\u00e9todos disponibles en el mercado para la limpieza de sensores.<\/p>\n<p>&nbsp;<\/p>","protected":false},"excerpt":{"rendered":"<p>Bei dem Umbau wird der UV\/IR Sperrfilter (Hotmirror) aus Ihrer Kamera entfernt und durch einen neutralen Filter ersetzt. Mit dieser Modifikation ist die maximale Empfindlichkeit des Kamerasensors f\u00fcr UV Strahlung, f\u00fcr sichtbares Licht und f\u00fcr Infrarot Strahlung gew\u00e4hrleistet. Die Empfindlichkeit des Sensors beginnt (ja nach Modell) bei ca. 300-320 nm und endet bei 1.100-1.200 nm. [&hellip;]<\/p>\n","protected":false},"featured_media":12407,"template":"","meta":[],"product_brand":[],"product_cat":[653],"product_tag":[],"class_list":{"0":"post-12580","1":"product","2":"type-product","3":"status-publish","4":"has-post-thumbnail","6":"product_cat-forensik","7":"product_shipping_class-umbau","9":"first","10":"instock","11":"taxable","12":"shipping-taxable","13":"purchasable","14":"product-type-variable"},"_links":{"self":[{"href":"https:\/\/irrecams.de\/es\/wp-json\/wp\/v2\/product\/12580","targetHints":{"allow":["GET"]}}],"collection":[{"href":"https:\/\/irrecams.de\/es\/wp-json\/wp\/v2\/product"}],"about":[{"href":"https:\/\/irrecams.de\/es\/wp-json\/wp\/v2\/types\/product"}],"wp:featuredmedia":[{"embeddable":true,"href":"https:\/\/irrecams.de\/es\/wp-json\/wp\/v2\/media\/12407"}],"wp:attachment":[{"href":"https:\/\/irrecams.de\/es\/wp-json\/wp\/v2\/media?parent=12580"}],"wp:term":[{"taxonomy":"product_brand","embeddable":true,"href":"https:\/\/irrecams.de\/es\/wp-json\/wp\/v2\/product_brand?post=12580"},{"taxonomy":"product_cat","embeddable":true,"href":"https:\/\/irrecams.de\/es\/wp-json\/wp\/v2\/product_cat?post=12580"},{"taxonomy":"product_tag","embeddable":true,"href":"https:\/\/irrecams.de\/es\/wp-json\/wp\/v2\/product_tag?post=12580"}],"curies":[{"name":"wp","href":"https:\/\/api.w.org\/{rel}","templated":true}]}}