{"id":12650,"date":"2024-08-30T22:02:00","date_gmt":"2024-08-30T20:02:00","guid":{"rendered":"https:\/\/irrecams.de\/?post_type=product&#038;p=12650"},"modified":"2025-11-08T13:03:03","modified_gmt":"2025-11-08T12:03:03","slug":"servicio-de-conversion-a-infrarrojos-fujifilm-formato-medio","status":"publish","type":"product","link":"https:\/\/irrecams.de\/es\/tienda\/servicio-de-conversion-a-infrarrojos-fujifilm-formato-medio\/","title":{"rendered":"Servicio de conversi\u00f3n a infrarrojos Fujifilm de formato medio"},"content":{"rendered":"<p><strong>Nota Balance de blancos:<\/strong> Con los sensores de las c\u00e1maras Fujiiflm, el balance de blancos no se puede ajustar en la c\u00e1mara con la mayor\u00eda de los filtros IR (el problema no se produce con el filtro InfraBlue). La c\u00e1mara ajusta el mejor balance de blancos posible, pero suele quedar un ligero matiz magenta y rojo. Sin embargo, al fotografiar en RAW (recomendado), esto no importa porque el balance de blancos puede ajustarse correctamente en el PC. Tambi\u00e9n es posible fotografiar JPEG en blanco y negro en la c\u00e1mara sin ning\u00fan problema.<\/p>","protected":false},"excerpt":{"rendered":"<p>Servicio de conversi\u00f3n a infrarrojos para su c\u00e1mara Fujifilm de formato medio.<\/p>\n<p>No est\u00e1 seguro de los detalles o de su <a href=\"https:\/\/irrecams.de\/es\/comparacion-de-filtros-de-efecto-infrarrojo\/\">Selecci\u00f3n de filtro<\/a>? Escr\u00edbanos <a href=\"https:\/\/irrecams.de\/es\/servicio-de-conversion-a-infrarrojos\/consulta\/\">un mensaje no vinculante<\/a>.<\/p>","protected":false},"featured_media":12421,"template":"","meta":[],"product_brand":[],"product_cat":[455],"product_tag":[],"class_list":{"0":"post-12650","1":"product","2":"type-product","3":"status-publish","4":"has-post-thumbnail","6":"product_cat-infrarot-kamera-umbau-service","7":"product_shipping_class-umbau","9":"first","10":"instock","11":"taxable","12":"shipping-taxable","13":"purchasable","14":"product-type-variable"},"_links":{"self":[{"href":"https:\/\/irrecams.de\/es\/wp-json\/wp\/v2\/product\/12650","targetHints":{"allow":["GET"]}}],"collection":[{"href":"https:\/\/irrecams.de\/es\/wp-json\/wp\/v2\/product"}],"about":[{"href":"https:\/\/irrecams.de\/es\/wp-json\/wp\/v2\/types\/product"}],"wp:featuredmedia":[{"embeddable":true,"href":"https:\/\/irrecams.de\/es\/wp-json\/wp\/v2\/media\/12421"}],"wp:attachment":[{"href":"https:\/\/irrecams.de\/es\/wp-json\/wp\/v2\/media?parent=12650"}],"wp:term":[{"taxonomy":"product_brand","embeddable":true,"href":"https:\/\/irrecams.de\/es\/wp-json\/wp\/v2\/product_brand?post=12650"},{"taxonomy":"product_cat","embeddable":true,"href":"https:\/\/irrecams.de\/es\/wp-json\/wp\/v2\/product_cat?post=12650"},{"taxonomy":"product_tag","embeddable":true,"href":"https:\/\/irrecams.de\/es\/wp-json\/wp\/v2\/product_tag?post=12650"}],"curies":[{"name":"wp","href":"https:\/\/api.w.org\/{rel}","templated":true}]}}