{"id":12719,"date":"2024-08-30T22:31:38","date_gmt":"2024-08-30T20:31:38","guid":{"rendered":"https:\/\/irrecams.de\/?post_type=product&#038;p=12719"},"modified":"2025-11-08T12:52:57","modified_gmt":"2025-11-08T11:52:57","slug":"servicio-de-conversion-de-infrarrojos-nikon-formato-completo","status":"publish","type":"product","link":"https:\/\/irrecams.de\/es\/tienda\/servicio-de-conversion-de-infrarrojos-nikon-formato-completo\/","title":{"rendered":"Servicio de conversi\u00f3n de infrarrojos Nikon a formato completo"},"content":{"rendered":"<p><strong>ATENCI\u00d3N:<\/strong> Las c\u00e1maras marcadas con dos ** tienen un LED infrarrojo interno. La luz par\u00e1sita de este LED puede ser visible en la imagen como un reflejo de luz con tiempos de exposici\u00f3n largos y\/o condiciones de iluminaci\u00f3n oscuras (incluso con un filtro ND potente). Con tiempos de exposici\u00f3n normales y condiciones de luz diurna, la luz par\u00e1sita de este LED no es perceptible.<\/p>\n<p><strong>Nota D780:<\/strong> Este modelo tiene un LED, pero es extremadamente d\u00e9bil y s\u00f3lo es relevante para el modo astro. La luz par\u00e1sita puede obviarse por completo disparando la c\u00e1mara en modo LiveView y activando la opci\u00f3n \"Disparo silencioso\" del men\u00fa.<\/p>\n<p><strong>Nota:<\/strong> En las c\u00e1maras con *, la funci\u00f3n de limpieza autom\u00e1tica del sensor se pierde durante la conversi\u00f3n. Tras la conversi\u00f3n, el sensor puede limpiarse en seco (por ejemplo, con aire comprimido) o en h\u00famedo (por ejemplo, con bastoncillos) como de costumbre. Pueden utilizarse todos los preparados y m\u00e9todos disponibles en el mercado para la limpieza de sensores.<\/p>\n<p><strong>Nota Balance de blancos:<\/strong> Con pr\u00e1cticamente todas las c\u00e1maras Nikon, el balance de blancos no se puede ajustar correctamente en la c\u00e1mara. Dependiendo de la situaci\u00f3n de iluminaci\u00f3n y del filtro, el balance de blancos manual en la c\u00e1mara no es posible y devuelve un mensaje de error (el problema tambi\u00e9n se produce con el filtro InfraBlue). El balance de blancos puede ajustarse a 2500K con correcci\u00f3n de color, pero suele quedar una clara dominante magenta en la imagen. Sin embargo, al fotografiar en RAW (recomendado), esto no importa porque el balance de blancos se puede ajustar correctamente en el PC. Tambi\u00e9n es posible fotografiar JPEG en blanco y negro en la c\u00e1mara sin problemas.<\/p>\n<p><strong>Nota Patr\u00f3n de l\u00ednea:<\/strong> Algunos usuarios de la serie Z de Nikon informan de la aparici\u00f3n de l\u00edneas en las im\u00e1genes infrarrojas. Con un procesamiento de im\u00e1genes de muy alto contraste, las l\u00edneas del sistema AF pueden hacerse visibles en las im\u00e1genes. El riesgo aumenta con filtros IR m\u00e1s potentes, con filtros m\u00e1s d\u00e9biles el efecto parece ser menos pronunciado. Las l\u00edneas s\u00f3lo se hacen visibles con un postprocesado muy fuerte de contraste, claridad (contraste local) y\/o eliminaci\u00f3n de neblina.<\/p>","protected":false},"excerpt":{"rendered":"<p>Servicio de conversi\u00f3n de infrarrojos para su c\u00e1mara Nikon full frame.<\/p>\n<p>No est\u00e1 seguro de los detalles o de su <a href=\"https:\/\/irrecams.de\/es\/comparacion-de-filtros-de-efecto-infrarrojo\/\">Selecci\u00f3n de filtro<\/a>? Escr\u00edbanos <a href=\"https:\/\/irrecams.de\/es\/servicio-de-conversion-a-infrarrojos\/consulta\/\">un mensaje no vinculante<\/a>.<\/p>","protected":false},"featured_media":12425,"template":"","meta":[],"product_brand":[],"product_cat":[455],"product_tag":[],"class_list":{"0":"post-12719","1":"product","2":"type-product","3":"status-publish","4":"has-post-thumbnail","6":"product_cat-infrarot-kamera-umbau-service","7":"product_shipping_class-umbau","9":"first","10":"instock","11":"taxable","12":"shipping-taxable","13":"purchasable","14":"product-type-variable"},"_links":{"self":[{"href":"https:\/\/irrecams.de\/es\/wp-json\/wp\/v2\/product\/12719","targetHints":{"allow":["GET"]}}],"collection":[{"href":"https:\/\/irrecams.de\/es\/wp-json\/wp\/v2\/product"}],"about":[{"href":"https:\/\/irrecams.de\/es\/wp-json\/wp\/v2\/types\/product"}],"wp:featuredmedia":[{"embeddable":true,"href":"https:\/\/irrecams.de\/es\/wp-json\/wp\/v2\/media\/12425"}],"wp:attachment":[{"href":"https:\/\/irrecams.de\/es\/wp-json\/wp\/v2\/media?parent=12719"}],"wp:term":[{"taxonomy":"product_brand","embeddable":true,"href":"https:\/\/irrecams.de\/es\/wp-json\/wp\/v2\/product_brand?post=12719"},{"taxonomy":"product_cat","embeddable":true,"href":"https:\/\/irrecams.de\/es\/wp-json\/wp\/v2\/product_cat?post=12719"},{"taxonomy":"product_tag","embeddable":true,"href":"https:\/\/irrecams.de\/es\/wp-json\/wp\/v2\/product_tag?post=12719"}],"curies":[{"name":"wp","href":"https:\/\/api.w.org\/{rel}","templated":true}]}}