{"id":12790,"date":"2024-08-30T23:42:06","date_gmt":"2024-08-30T21:42:06","guid":{"rendered":"https:\/\/irrecams.de\/?post_type=product&#038;p=12790"},"modified":"2025-07-29T23:59:38","modified_gmt":"2025-07-29T21:59:38","slug":"servicio-de-conversion-forense-nikon-aps-c","status":"publish","type":"product","link":"https:\/\/irrecams.de\/es\/tienda\/servicio-de-conversion-forense-nikon-aps-c\/","title":{"rendered":"Servicio de conversi\u00f3n forense Nikon APS-C"},"content":{"rendered":"<p>Durante la conversi\u00f3n, el filtro de bloqueo UV\/IR (hotmirror) se retira de su c\u00e1mara y se sustituye por un filtro neutro. Esta modificaci\u00f3n garantiza la m\u00e1xima sensibilidad del sensor de la c\u00e1mara para la radiaci\u00f3n UV, la luz visible y la radiaci\u00f3n infrarroja. La sensibilidad del sensor comienza (seg\u00fan el modelo) en aprox. 300-320 nm y termina en aprox. 1.100-1.200 nm.<\/p>\n<p>Tras la conversi\u00f3n, su c\u00e1mara es apta para todos los ex\u00e1menes forenses. Esto incluye ex\u00e1menes forenses de edificios, ex\u00e1menes m\u00e9dicos forenses y t\u00e9cnicas de restauraci\u00f3n de obras de arte. Sin embargo, para una aplicaci\u00f3n razonable siempre se necesitan filtros espectrales adecuados (filtros de paso largo, paso corto o paso de banda) y, en caso necesario, fuentes de luz especiales. Puede solicitar un sofisticado y probado juego de filtros para la investigaci\u00f3n forense de edificios a <a href=\"https:\/\/bau-forensik.eu\/filter\/\" target=\"_blank\" rel=\"noopener\">Prof. Andreas O. Rapp<\/a>. Las l\u00e1mparas y accesorios especiales para el an\u00e1lisis de instrumentos de madera pueden encargarse a <a href=\"https:\/\/www.shop-schilbach.net\/c\/analyse-und-messwerkzeuge\/lumatec\" target=\"_blank\" rel=\"noopener\">Tienda-Schilbach<\/a> puede obtenerse.<\/p>\n<p>&nbsp;<\/p>\n<p><strong>Nota:<\/strong> En las c\u00e1maras con *, la funci\u00f3n de limpieza autom\u00e1tica del sensor se pierde durante la conversi\u00f3n. Tras la conversi\u00f3n, el sensor puede limpiarse en seco (por ejemplo, con aire comprimido) o en h\u00famedo (por ejemplo, con bastoncillos) como de costumbre. Pueden utilizarse todos los preparados y m\u00e9todos disponibles en el mercado para la limpieza de sensores.<\/p>\n<p><strong>Nota Balance de blancos:<\/strong> Con pr\u00e1cticamente todas las c\u00e1maras Nikon, el balance de blancos no se puede ajustar correctamente en la c\u00e1mara. Dependiendo de la situaci\u00f3n de iluminaci\u00f3n y del filtro, el balance de blancos manual en la c\u00e1mara no es posible y devuelve un mensaje de error (el problema tambi\u00e9n se produce con el filtro InfraBlue). El balance de blancos puede ajustarse a 2500K con correcci\u00f3n de color, pero suele quedar una clara dominante magenta en la imagen. Sin embargo, al fotografiar en RAW (recomendado), esto no importa porque el balance de blancos se puede ajustar correctamente en el PC. Tambi\u00e9n es posible fotografiar JPEG en blanco y negro en la c\u00e1mara sin problemas.<\/p>\n<p><strong>Nota Patr\u00f3n de l\u00ednea:<\/strong> Algunos usuarios de la serie Z de Nikon informan de la aparici\u00f3n de l\u00edneas en las im\u00e1genes infrarrojas. Con un procesamiento de im\u00e1genes de muy alto contraste, las l\u00edneas del sistema AF pueden hacerse visibles en las im\u00e1genes. El riesgo aumenta con filtros IR m\u00e1s potentes, con filtros m\u00e1s d\u00e9biles el efecto parece ser menos pronunciado. Las l\u00edneas s\u00f3lo se hacen visibles con un postprocesado muy fuerte de contraste, claridad (contraste local) y\/o eliminaci\u00f3n de neblina.<\/p>","protected":false},"excerpt":{"rendered":"<p>Servicio de conversi\u00f3n forense para su c\u00e1mara Nikon APS-C.<\/p>\n<p>No est\u00e1 seguro de los detalles o de su <a href=\"https:\/\/irrecams.de\/es\/comparacion-de-filtros-de-efecto-infrarrojo\/\">Selecci\u00f3n de filtro<\/a>? Escr\u00edbanos <a href=\"https:\/\/irrecams.de\/es\/servicio-de-conversion-a-infrarrojos\/consulta\/\">un mensaje no vinculante<\/a>.<\/p>","protected":false},"featured_media":12409,"template":"","meta":[],"product_brand":[],"product_cat":[653],"product_tag":[],"class_list":{"0":"post-12790","1":"product","2":"type-product","3":"status-publish","4":"has-post-thumbnail","6":"product_cat-forensik","7":"product_shipping_class-umbau","9":"first","10":"instock","11":"taxable","12":"shipping-taxable","13":"purchasable","14":"product-type-variable"},"_links":{"self":[{"href":"https:\/\/irrecams.de\/es\/wp-json\/wp\/v2\/product\/12790","targetHints":{"allow":["GET"]}}],"collection":[{"href":"https:\/\/irrecams.de\/es\/wp-json\/wp\/v2\/product"}],"about":[{"href":"https:\/\/irrecams.de\/es\/wp-json\/wp\/v2\/types\/product"}],"wp:featuredmedia":[{"embeddable":true,"href":"https:\/\/irrecams.de\/es\/wp-json\/wp\/v2\/media\/12409"}],"wp:attachment":[{"href":"https:\/\/irrecams.de\/es\/wp-json\/wp\/v2\/media?parent=12790"}],"wp:term":[{"taxonomy":"product_brand","embeddable":true,"href":"https:\/\/irrecams.de\/es\/wp-json\/wp\/v2\/product_brand?post=12790"},{"taxonomy":"product_cat","embeddable":true,"href":"https:\/\/irrecams.de\/es\/wp-json\/wp\/v2\/product_cat?post=12790"},{"taxonomy":"product_tag","embeddable":true,"href":"https:\/\/irrecams.de\/es\/wp-json\/wp\/v2\/product_tag?post=12790"}],"curies":[{"name":"wp","href":"https:\/\/api.w.org\/{rel}","templated":true}]}}