{"id":12984,"date":"2024-08-31T00:26:36","date_gmt":"2024-08-30T22:26:36","guid":{"rendered":"https:\/\/irrecams.de\/?post_type=product&#038;p=12984"},"modified":"2025-12-19T12:13:16","modified_gmt":"2025-12-19T11:13:16","slug":"conversion-de-camara-forense-panasonic-full-frame","status":"publish","type":"product","link":"https:\/\/irrecams.de\/es\/tienda\/conversion-de-camara-forense-panasonic-full-frame\/","title":{"rendered":"Conversi\u00f3n de c\u00e1maras forenses Panasonic a formato completo"},"content":{"rendered":"<p>Durante la conversi\u00f3n, el filtro de bloqueo UV\/IR (hotmirror) se retira de su c\u00e1mara y se sustituye por un filtro neutro. Esta modificaci\u00f3n garantiza la m\u00e1xima sensibilidad del sensor de la c\u00e1mara para la radiaci\u00f3n UV, la luz visible y la radiaci\u00f3n infrarroja. La sensibilidad del sensor comienza (seg\u00fan el modelo) en aprox. 300-320 nm y termina en aprox. 1.100-1.200 nm.<\/p>\n<p>Tras la conversi\u00f3n, su c\u00e1mara es apta para todos los ex\u00e1menes forenses. Esto incluye ex\u00e1menes forenses de edificios, ex\u00e1menes m\u00e9dicos forenses y t\u00e9cnicas de restauraci\u00f3n de obras de arte. Sin embargo, para una aplicaci\u00f3n razonable siempre se necesitan filtros espectrales adecuados (filtros de paso largo, paso corto o paso de banda) y, en caso necesario, fuentes de luz especiales. Puede solicitar un sofisticado y probado juego de filtros para la investigaci\u00f3n forense de edificios a <a href=\"https:\/\/bau-forensik.eu\/filter\/\" target=\"_blank\" rel=\"noopener\">Prof. Andreas O. Rapp<\/a>. Las l\u00e1mparas y accesorios especiales para el an\u00e1lisis de instrumentos de madera pueden encargarse a <a href=\"https:\/\/www.shop-schilbach.net\/c\/analyse-und-messwerkzeuge\/lumatec\" target=\"_blank\" rel=\"noopener\">Tienda-Schilbach<\/a> puede obtenerse.<\/p>\n<p>&nbsp;<\/p>\n<p><strong>Nota:<\/strong> En las c\u00e1maras con *, la funci\u00f3n de limpieza autom\u00e1tica del sensor se pierde durante la conversi\u00f3n. Tras la conversi\u00f3n, el sensor puede limpiarse en seco (por ejemplo, con aire comprimido) o en h\u00famedo (por ejemplo, con bastoncillos) como de costumbre. Pueden utilizarse todos los preparados y m\u00e9todos disponibles en el mercado para la limpieza de sensores.<\/p>","protected":false},"excerpt":{"rendered":"<p>Servicio de conversi\u00f3n forense para su c\u00e1mara.<\/p>\n<p>La conversi\u00f3n garantiza la m\u00e1xima sensibilidad espectral para las radiaciones UV, VIS e IR. \u00bfTiene alguna pregunta o no est\u00e1 seguro? Escr\u00edbanos <a href=\"https:\/\/irrecams.de\/es\/umbauservice\/consulta\/\">un mensaje no vinculante<\/a>.<\/p>","protected":false},"featured_media":12412,"template":"","meta":[],"product_brand":[],"product_cat":[653],"product_tag":[],"class_list":{"0":"post-12984","1":"product","2":"type-product","3":"status-publish","4":"has-post-thumbnail","6":"product_cat-forensik","7":"product_shipping_class-umbau","9":"first","10":"instock","11":"taxable","12":"shipping-taxable","13":"purchasable","14":"product-type-variable"},"_links":{"self":[{"href":"https:\/\/irrecams.de\/es\/wp-json\/wp\/v2\/product\/12984","targetHints":{"allow":["GET"]}}],"collection":[{"href":"https:\/\/irrecams.de\/es\/wp-json\/wp\/v2\/product"}],"about":[{"href":"https:\/\/irrecams.de\/es\/wp-json\/wp\/v2\/types\/product"}],"wp:featuredmedia":[{"embeddable":true,"href":"https:\/\/irrecams.de\/es\/wp-json\/wp\/v2\/media\/12412"}],"wp:attachment":[{"href":"https:\/\/irrecams.de\/es\/wp-json\/wp\/v2\/media?parent=12984"}],"wp:term":[{"taxonomy":"product_brand","embeddable":true,"href":"https:\/\/irrecams.de\/es\/wp-json\/wp\/v2\/product_brand?post=12984"},{"taxonomy":"product_cat","embeddable":true,"href":"https:\/\/irrecams.de\/es\/wp-json\/wp\/v2\/product_cat?post=12984"},{"taxonomy":"product_tag","embeddable":true,"href":"https:\/\/irrecams.de\/es\/wp-json\/wp\/v2\/product_tag?post=12984"}],"curies":[{"name":"wp","href":"https:\/\/api.w.org\/{rel}","templated":true}]}}