{"id":13215,"date":"2024-08-31T20:39:39","date_gmt":"2024-08-31T18:39:39","guid":{"rendered":"https:\/\/irrecams.de\/?post_type=product&#038;p=13215"},"modified":"2025-05-15T09:18:21","modified_gmt":"2025-05-15T07:18:21","slug":"servicio-de-conversion-a-infrarrojos-hasselblad-formato-medio","status":"publish","type":"product","link":"https:\/\/irrecams.de\/es\/tienda\/servicio-de-conversion-a-infrarrojos-hasselblad-formato-medio\/","title":{"rendered":"Servicio de conversi\u00f3n a infrarrojos Formato medio Hasselblad"},"content":{"rendered":"<p><strong>Nota Balance de blancos:<\/strong> Con algunas c\u00e1maras, el balance de blancos no puede ajustarse correctamente en la c\u00e1mara. Dependiendo de la situaci\u00f3n de iluminaci\u00f3n y del filtro, el balance de blancos manual en la c\u00e1mara no es posible y devuelve un mensaje de error (el problema tambi\u00e9n se produce con el filtro InfraBlue). El balance de blancos puede ajustarse a 2500K con correcci\u00f3n de color, pero suele quedar una clara dominante magenta en la imagen. Sin embargo, al fotografiar en RAW (recomendado), esto no importa porque el balance de blancos se puede ajustar correctamente en el PC.<\/p>","protected":false},"excerpt":{"rendered":"<p>Servicio de conversi\u00f3n a infrarrojos para su c\u00e1mara Hasselblad de formato medio.<\/p>\n<p>No est\u00e1 seguro de los detalles o de su <a href=\"https:\/\/irrecams.de\/es\/comparacion-de-filtros-de-efecto-infrarrojo\/\">Selecci\u00f3n de filtro<\/a>? Escr\u00edbanos <a href=\"https:\/\/irrecams.de\/es\/servicio-de-conversion-a-infrarrojos\/consulta\/\">un mensaje no vinculante<\/a>.<\/p>","protected":false},"featured_media":12422,"template":"","meta":[],"product_brand":[],"product_cat":[455],"product_tag":[],"class_list":{"0":"post-13215","1":"product","2":"type-product","3":"status-publish","4":"has-post-thumbnail","6":"product_cat-infrarot-kamera-umbau-service","7":"product_shipping_class-umbau","9":"first","10":"instock","11":"taxable","12":"shipping-taxable","13":"purchasable","14":"product-type-variable"},"_links":{"self":[{"href":"https:\/\/irrecams.de\/es\/wp-json\/wp\/v2\/product\/13215","targetHints":{"allow":["GET"]}}],"collection":[{"href":"https:\/\/irrecams.de\/es\/wp-json\/wp\/v2\/product"}],"about":[{"href":"https:\/\/irrecams.de\/es\/wp-json\/wp\/v2\/types\/product"}],"wp:featuredmedia":[{"embeddable":true,"href":"https:\/\/irrecams.de\/es\/wp-json\/wp\/v2\/media\/12422"}],"wp:attachment":[{"href":"https:\/\/irrecams.de\/es\/wp-json\/wp\/v2\/media?parent=13215"}],"wp:term":[{"taxonomy":"product_brand","embeddable":true,"href":"https:\/\/irrecams.de\/es\/wp-json\/wp\/v2\/product_brand?post=13215"},{"taxonomy":"product_cat","embeddable":true,"href":"https:\/\/irrecams.de\/es\/wp-json\/wp\/v2\/product_cat?post=13215"},{"taxonomy":"product_tag","embeddable":true,"href":"https:\/\/irrecams.de\/es\/wp-json\/wp\/v2\/product_tag?post=13215"}],"curies":[{"name":"wp","href":"https:\/\/api.w.org\/{rel}","templated":true}]}}