{"id":13685,"date":"2024-11-01T21:15:22","date_gmt":"2024-11-01T20:15:22","guid":{"rendered":"https:\/\/irrecams.de\/?post_type=product&#038;p=13685"},"modified":"2026-01-03T14:15:50","modified_gmt":"2026-01-03T13:15:50","slug":"canon-eos-80d-camara-infrarroja-700-nm-usada","status":"publish","type":"product","link":"https:\/\/irrecams.de\/es\/tienda\/canon-eos-80d-camara-infrarroja-700-nm-usada\/","title":{"rendered":"C\u00e1mara de infrarrojos Canon EOS 80D (700 nm) *UTILIZADA*"},"content":{"rendered":"<p>Est\u00e1 comprando una c\u00e1mara de infrarrojos totalmente retroadaptada.<\/p>\n<p>La c\u00e1mara es un dispositivo usado que ha sido reacondicionado. Visualmente, la c\u00e1mara est\u00e1 como nueva, s\u00f3lo hay signos m\u00ednimos o nulos de uso en la carcasa (ver fotos del producto). La pantalla no presenta ara\u00f1azos ni da\u00f1os. Con volumen de suministro original completo, sin objetivo.<\/p>\n<p>T\u00e9cnicamente la c\u00e1mara funciona a 100%, se obtiene 1 a\u00f1o de garant\u00eda.<\/p>","protected":false},"excerpt":{"rendered":"<p>Volumen de suministro:<\/p>\n<p>C\u00e1mara Canon EOS 80D como se describe y en la foto<br \/>\nBater\u00eda original<br \/>\nCargador original con enchufe europeo<br \/>\nBandolera original<br \/>\nInstrucciones de uso<br \/>\nEmbalaje original<\/p>","protected":false},"featured_media":13609,"template":"","meta":[],"product_brand":[],"product_cat":[456],"product_tag":[],"class_list":{"0":"post-13685","1":"product","2":"type-product","3":"status-publish","4":"has-post-thumbnail","6":"product_cat-fertig-umgebaute-infrarot-kameras","7":"product_shipping_class-kamera","9":"first","10":"instock","11":"sale","12":"sold-individually","13":"taxable","14":"shipping-taxable","15":"purchasable","16":"product-type-simple"},"_links":{"self":[{"href":"https:\/\/irrecams.de\/es\/wp-json\/wp\/v2\/product\/13685","targetHints":{"allow":["GET"]}}],"collection":[{"href":"https:\/\/irrecams.de\/es\/wp-json\/wp\/v2\/product"}],"about":[{"href":"https:\/\/irrecams.de\/es\/wp-json\/wp\/v2\/types\/product"}],"wp:featuredmedia":[{"embeddable":true,"href":"https:\/\/irrecams.de\/es\/wp-json\/wp\/v2\/media\/13609"}],"wp:attachment":[{"href":"https:\/\/irrecams.de\/es\/wp-json\/wp\/v2\/media?parent=13685"}],"wp:term":[{"taxonomy":"product_brand","embeddable":true,"href":"https:\/\/irrecams.de\/es\/wp-json\/wp\/v2\/product_brand?post=13685"},{"taxonomy":"product_cat","embeddable":true,"href":"https:\/\/irrecams.de\/es\/wp-json\/wp\/v2\/product_cat?post=13685"},{"taxonomy":"product_tag","embeddable":true,"href":"https:\/\/irrecams.de\/es\/wp-json\/wp\/v2\/product_tag?post=13685"}],"curies":[{"name":"wp","href":"https:\/\/api.w.org\/{rel}","templated":true}]}}