{"id":13697,"date":"2024-11-01T22:45:40","date_gmt":"2024-11-01T21:45:40","guid":{"rendered":"https:\/\/irrecams.de\/?post_type=product&#038;p=13697"},"modified":"2026-01-03T14:15:59","modified_gmt":"2026-01-03T13:15:59","slug":"fujifilm-x-t10-astro-camara-astronomik-l2-usada","status":"publish","type":"product","link":"https:\/\/irrecams.de\/es\/tienda\/fujifilm-x-t10-astro-camara-astronomik-l2-usada\/","title":{"rendered":"Fujifilm X-T10 Astro C\u00e1mara (Astronomik L2) *UTILIZADA"},"content":{"rendered":"<p>Est\u00e1 comprando una astroc\u00e1mara totalmente convertida con la que podr\u00e1 fotografiar sin problemas la curva caracter\u00edstica H-alfa.<\/p>\n<p>La c\u00e1mara es un dispositivo usado que ha sido reacondicionado. Visualmente, la c\u00e1mara est\u00e1 en estado usado con algunos signos de desgaste, especialmente en los bordes, las esquinas y la base (v\u00e9anse las fotos del producto). La pantalla presenta algunos ara\u00f1azos finos, pero no afectan a la legibilidad. Algunas piezas de goma (ocular, tapa del puerto a la izquierda) est\u00e1n ligeramente pegajosas debido a la antig\u00fcedad de la c\u00e1mara. La c\u00e1mara se entrega sin objetivo.<\/p>\n<p>T\u00e9cnicamente la c\u00e1mara funciona a 100%, se obtiene 1 a\u00f1o de garant\u00eda.<\/p>","protected":false},"excerpt":{"rendered":"<p>Volumen de suministro:<\/p>\n<p>C\u00e1mara Fujifilm X-T10 tal y como se describe y aparece en la foto<br \/>\nBater\u00eda original<\/p>","protected":false},"featured_media":13672,"template":"","meta":[],"product_brand":[],"product_cat":[456],"product_tag":[],"class_list":{"0":"post-13697","1":"product","2":"type-product","3":"status-publish","4":"has-post-thumbnail","6":"product_cat-fertig-umgebaute-infrarot-kameras","7":"product_shipping_class-kamera","9":"first","10":"instock","11":"sale","12":"sold-individually","13":"taxable","14":"shipping-taxable","15":"purchasable","16":"product-type-simple"},"_links":{"self":[{"href":"https:\/\/irrecams.de\/es\/wp-json\/wp\/v2\/product\/13697","targetHints":{"allow":["GET"]}}],"collection":[{"href":"https:\/\/irrecams.de\/es\/wp-json\/wp\/v2\/product"}],"about":[{"href":"https:\/\/irrecams.de\/es\/wp-json\/wp\/v2\/types\/product"}],"wp:featuredmedia":[{"embeddable":true,"href":"https:\/\/irrecams.de\/es\/wp-json\/wp\/v2\/media\/13672"}],"wp:attachment":[{"href":"https:\/\/irrecams.de\/es\/wp-json\/wp\/v2\/media?parent=13697"}],"wp:term":[{"taxonomy":"product_brand","embeddable":true,"href":"https:\/\/irrecams.de\/es\/wp-json\/wp\/v2\/product_brand?post=13697"},{"taxonomy":"product_cat","embeddable":true,"href":"https:\/\/irrecams.de\/es\/wp-json\/wp\/v2\/product_cat?post=13697"},{"taxonomy":"product_tag","embeddable":true,"href":"https:\/\/irrecams.de\/es\/wp-json\/wp\/v2\/product_tag?post=13697"}],"curies":[{"name":"wp","href":"https:\/\/api.w.org\/{rel}","templated":true}]}}