{"id":14685,"date":"2025-05-04T14:32:27","date_gmt":"2025-05-04T12:32:27","guid":{"rendered":"https:\/\/irrecams.de\/?post_type=product&#038;p=14685"},"modified":"2026-02-01T00:33:44","modified_gmt":"2026-01-31T23:33:44","slug":"cubierta-de-la-zapata-ir","status":"publish","type":"product","link":"https:\/\/irrecams.de\/es\/tienda\/cubierta-de-la-zapata-ir\/","title":{"rendered":"Tapa de la zapata IR"},"content":{"rendered":"<p>Para la mayor\u00eda de los fot\u00f3grafos de infrarrojos, la c\u00e1mara de infrarrojos es una segunda o tercera c\u00e1mara que tambi\u00e9n se lleva de viaje. Si hay que cambiar de c\u00e1mara r\u00e1pidamente, no siempre est\u00e1 claro a primera vista cu\u00e1l es la c\u00e1mara adecuada.<\/p>\n<p>Nuestra funda universal para zapata de infrarrojos en rojo brillante facilita el acceso a la bolsa de la c\u00e1mara. Adem\u00e1s del elegante acento de color, la funda tambi\u00e9n ofrece una serie de ventajas pr\u00e1cticas. Gracias a su dise\u00f1o con resorte, la tapa se ajusta firmemente y se coloca con seguridad en cualquier zapata con una ligera tensi\u00f3n. As\u00ed, las fundas de zapata perdidas y los contactos desprotegidos son cosa del pasado.<\/p>\n<p>La cubierta est\u00e1 fabricada con pl\u00e1stico reciclado 100% mediante un proceso de impresi\u00f3n 3D optimizado. La cubierta es dimensionalmente estable hasta al menos 60 \u00b0C y es naturalmente resistente a los rayos UV.<\/p>","protected":false},"excerpt":{"rendered":"<p>Cubre zapata universal fabricado con pl\u00e1stico reciclado 100%. El dise\u00f1o de resorte garantiza una sujeci\u00f3n segura en (casi) todas las c\u00e1maras.<\/p>","protected":false},"featured_media":14680,"template":"","meta":[],"product_brand":[],"product_cat":[1234],"product_tag":[],"class_list":{"0":"post-14685","1":"product","2":"type-product","3":"status-publish","4":"has-post-thumbnail","6":"product_cat-zubehoer","7":"product_shipping_class-postkarten","9":"first","10":"instock","11":"taxable","12":"shipping-taxable","13":"purchasable","14":"product-type-simple"},"_links":{"self":[{"href":"https:\/\/irrecams.de\/es\/wp-json\/wp\/v2\/product\/14685","targetHints":{"allow":["GET"]}}],"collection":[{"href":"https:\/\/irrecams.de\/es\/wp-json\/wp\/v2\/product"}],"about":[{"href":"https:\/\/irrecams.de\/es\/wp-json\/wp\/v2\/types\/product"}],"wp:featuredmedia":[{"embeddable":true,"href":"https:\/\/irrecams.de\/es\/wp-json\/wp\/v2\/media\/14680"}],"wp:attachment":[{"href":"https:\/\/irrecams.de\/es\/wp-json\/wp\/v2\/media?parent=14685"}],"wp:term":[{"taxonomy":"product_brand","embeddable":true,"href":"https:\/\/irrecams.de\/es\/wp-json\/wp\/v2\/product_brand?post=14685"},{"taxonomy":"product_cat","embeddable":true,"href":"https:\/\/irrecams.de\/es\/wp-json\/wp\/v2\/product_cat?post=14685"},{"taxonomy":"product_tag","embeddable":true,"href":"https:\/\/irrecams.de\/es\/wp-json\/wp\/v2\/product_tag?post=14685"}],"curies":[{"name":"wp","href":"https:\/\/api.w.org\/{rel}","templated":true}]}}