{"id":14849,"date":"2025-05-31T21:56:59","date_gmt":"2025-05-31T19:56:59","guid":{"rendered":"https:\/\/irrecams.de\/?post_type=product&#038;p=14849"},"modified":"2026-04-17T13:59:01","modified_gmt":"2026-04-17T11:59:01","slug":"adaptador-de-base-magnetica-irrecams-para-todos-los-objetivos","status":"publish","type":"product","link":"https:\/\/irrecams.de\/es\/tienda\/adaptador-de-base-magnetica-irrecams-para-todos-los-objetivos\/","title":{"rendered":"IRreCams Magnet Basis Adapter para todos los objetivos"},"content":{"rendered":"<p>Nuestros adaptadores de filtro magn\u00e9tico constan b\u00e1sicamente de dos anillos:<\/p>\n<p>1. el anillo adaptador de base magn\u00e9tica se enrosca en el objetivo una vez y puede permanecer all\u00ed permanentemente.<\/p>\n<p>2. el <a href=\"https:\/\/irrecams.de\/es\/tienda\/adaptador-de-filtro-magnetico-irrecams-para-todos-los-filtros-de-rosca\/\">Adaptador de filtro magn\u00e9tico<\/a> se enrosca en cada filtro y se acopla a los objetivos como por arte de magia.<\/p>\n<p>Este sistema funciona con TODOS los filtros que ya tenga. En particular, por supuesto, los filtros IR nuestros o de otros fabricantes. Pero tambi\u00e9n se pueden utilizar filtros ND o polarizadores en c\u00e1maras no convertidas sin ning\u00fan problema. A diferencia de otros proveedores de este tipo de anillos adaptadores magn\u00e9ticos, nosotros los tenemos en stock de 49 a 82 mm, ideales para c\u00e1maras IR compactas siempre activas. Adem\u00e1s, no est\u00e1 obligado a comprar los anillos como un juego. Puede pedir exactamente la cantidad que necesite, lo que reduce el desperdicio y ahorra costes.<\/p>\n<p>Por supuesto, este sistema tiene ventajas e inconvenientes, que nos gustar\u00eda destacar brevemente:<\/p>\n<p>+ Compatible con (casi) TODOS los objetivos y filtros que ya tenga, sin dependencia del fabricante.<\/p>\n<p>+ disponible para roscas de 49 a 82 mm<\/p>\n<p>+ Conexi\u00f3n segura y fuerte gracias a varios imanes en ambos anillos<\/p>\n<p>+ El exterior estriado del filtro garantiza un agarre f\u00e1cil y seguro<\/p>\n<p>+ cada anillo puede pedirse individualmente, s\u00f3lo la cantidad que realmente necesite<\/p>\n<p>+ Los envases de papel ahorran residuos y son f\u00e1ciles de reciclar<\/p>\n<p>- no es posible utilizar varios filtros al mismo tiempo (a menos que est\u00e9n atornillados entre s\u00ed) - el apilamiento de varios filtros no funciona<\/p>\n<p>- los anillos adicionales pueden restringir el campo de visi\u00f3n con objetivos ultra gran angular; recomendamos nuestros filtros Plus o filtros con montura delgada para minimizar el riesgo de vi\u00f1eteado (para las dimensiones, consulte la pesta\u00f1a \"Datos t\u00e9cnicos\")<\/p>\n<p>- Es posible que ya no puedan montarse objetivos con parasoles estrechos (para las dimensiones, v\u00e9ase la pesta\u00f1a \"Datos t\u00e9cnicos\").<\/p>\n<p>- las tapas de sus objetivos pueden encajarse en el adaptador de base magn\u00e9tica, pero no se sujetan tan bien como en una rosca real<\/p>","protected":false},"excerpt":{"rendered":"<p>El adaptador de base magn\u00e9tica de las IRreCams se adapta a todos los objetivos fotogr\u00e1ficos est\u00e1ndar. Por favor, seleccione el tama\u00f1o adecuado para su lente.<\/p>\n<p><strong>-&gt; Para cada filtro se necesita tambi\u00e9n un <a href=\"https:\/\/irrecams.de\/es\/tienda\/adaptador-de-filtro-magnetico-irrecams-para-todos-los-filtros-de-rosca\/\">Adaptador de filtro magn\u00e9tico<\/a> del mismo tama\u00f1o.<\/strong><\/p>","protected":false},"featured_media":14910,"template":"","meta":[],"product_brand":[],"product_cat":[264,1234],"product_tag":[],"class_list":{"0":"post-14849","1":"product","2":"type-product","3":"status-publish","4":"has-post-thumbnail","6":"product_cat-infrarot-schraub-filter","7":"product_cat-zubehoer","8":"product_shipping_class-filter","10":"first","11":"instock","12":"taxable","13":"shipping-taxable","14":"purchasable","15":"product-type-variable"},"_links":{"self":[{"href":"https:\/\/irrecams.de\/es\/wp-json\/wp\/v2\/product\/14849","targetHints":{"allow":["GET"]}}],"collection":[{"href":"https:\/\/irrecams.de\/es\/wp-json\/wp\/v2\/product"}],"about":[{"href":"https:\/\/irrecams.de\/es\/wp-json\/wp\/v2\/types\/product"}],"wp:featuredmedia":[{"embeddable":true,"href":"https:\/\/irrecams.de\/es\/wp-json\/wp\/v2\/media\/14910"}],"wp:attachment":[{"href":"https:\/\/irrecams.de\/es\/wp-json\/wp\/v2\/media?parent=14849"}],"wp:term":[{"taxonomy":"product_brand","embeddable":true,"href":"https:\/\/irrecams.de\/es\/wp-json\/wp\/v2\/product_brand?post=14849"},{"taxonomy":"product_cat","embeddable":true,"href":"https:\/\/irrecams.de\/es\/wp-json\/wp\/v2\/product_cat?post=14849"},{"taxonomy":"product_tag","embeddable":true,"href":"https:\/\/irrecams.de\/es\/wp-json\/wp\/v2\/product_tag?post=14849"}],"curies":[{"name":"wp","href":"https:\/\/api.w.org\/{rel}","templated":true}]}}