{"id":15335,"date":"2025-08-01T14:13:31","date_gmt":"2025-08-01T12:13:31","guid":{"rendered":"https:\/\/irrecams.de\/?post_type=product&#038;p=15335"},"modified":"2026-02-01T00:33:52","modified_gmt":"2026-01-31T23:33:52","slug":"tapa-zapata-luminosa","status":"publish","type":"product","link":"https:\/\/irrecams.de\/es\/tienda\/tapa-zapata-luminosa\/","title":{"rendered":"Tapa de la zapata del flash Luminous"},"content":{"rendered":"<p>Para hacer astrofotograf\u00edas, debe estar lo m\u00e1s oscuro posible. Si das unos pasos de noche o te agachas para sacar la botella de agua de la mochila, es posible que no puedas ver la c\u00e1mara y el tr\u00edpode. Tropezar accidentalmente con \u00e9l es tan poco probable como encender el faro y destruir la toma.<\/p>\n<p>Nuestra tapa de zapata iluminada emite un tenue resplandor durante mucho tiempo, lo que hace que la c\u00e1mara sea f\u00e1cilmente reconocible. Para activar (o refrescar) el brillo, basta con iluminar brevemente la tapa con un faro o una linterna de m\u00f3vil. El resplandor azul de la cubierta es tan d\u00e9bil que se garantiza que la luz azul no sea visible en la imagen. Sin embargo, en cuanto nuestros ojos se acostumbran a la oscuridad, el resplandor es f\u00e1cilmente reconocible. Dependiendo de la duraci\u00f3n y la intensidad de la carga, la cubierta de la zapata seguir\u00e1 brillando de forma perceptible durante al menos 20-30 minutos.<\/p>\n<p>Para garantizar que la cubierta sea claramente visible desde todos los lados, una parte en forma de estrella sobresale hacia arriba. La tapa queda bien ajustada y, gracias a su dise\u00f1o de resorte, se asienta firmemente en cada zapata con una ligera tensi\u00f3n. De este modo, las tapas de zapata perdidas y los contactos desprotegidos pertenecen al pasado. La cubierta est\u00e1 fabricada con pl\u00e1stico reciclado 100% mediante un proceso de impresi\u00f3n 3D optimizado. La cubierta es dimensionalmente estable hasta al menos 60\u00b0C y es naturalmente resistente a los rayos UV.<\/p>","protected":false},"excerpt":{"rendered":"<p>Cubre zapata universal fotoluminiscente fabricado con pl\u00e1stico reciclado 100%. El dise\u00f1o de resorte garantiza una sujeci\u00f3n segura en (casi) todas las c\u00e1maras.<\/p>","protected":false},"featured_media":15350,"template":"","meta":[],"product_brand":[],"product_cat":[1234],"product_tag":[],"class_list":{"0":"post-15335","1":"product","2":"type-product","3":"status-publish","4":"has-post-thumbnail","6":"product_cat-zubehoer","7":"product_shipping_class-postkarten","9":"first","10":"instock","11":"taxable","12":"shipping-taxable","13":"purchasable","14":"product-type-simple"},"_links":{"self":[{"href":"https:\/\/irrecams.de\/es\/wp-json\/wp\/v2\/product\/15335","targetHints":{"allow":["GET"]}}],"collection":[{"href":"https:\/\/irrecams.de\/es\/wp-json\/wp\/v2\/product"}],"about":[{"href":"https:\/\/irrecams.de\/es\/wp-json\/wp\/v2\/types\/product"}],"wp:featuredmedia":[{"embeddable":true,"href":"https:\/\/irrecams.de\/es\/wp-json\/wp\/v2\/media\/15350"}],"wp:attachment":[{"href":"https:\/\/irrecams.de\/es\/wp-json\/wp\/v2\/media?parent=15335"}],"wp:term":[{"taxonomy":"product_brand","embeddable":true,"href":"https:\/\/irrecams.de\/es\/wp-json\/wp\/v2\/product_brand?post=15335"},{"taxonomy":"product_cat","embeddable":true,"href":"https:\/\/irrecams.de\/es\/wp-json\/wp\/v2\/product_cat?post=15335"},{"taxonomy":"product_tag","embeddable":true,"href":"https:\/\/irrecams.de\/es\/wp-json\/wp\/v2\/product_tag?post=15335"}],"curies":[{"name":"wp","href":"https:\/\/api.w.org\/{rel}","templated":true}]}}