{"id":15497,"date":"2025-09-04T23:18:43","date_gmt":"2025-09-04T21:18:43","guid":{"rendered":"https:\/\/irrecams.de\/?post_type=product&#038;p=15497"},"modified":"2026-02-28T22:37:32","modified_gmt":"2026-02-28T21:37:32","slug":"adaptador-de-flash-infrarrojo","status":"publish","type":"product","link":"https:\/\/irrecams.de\/es\/tienda\/adaptador-de-flash-infrarrojo\/","title":{"rendered":"Adaptador para flash de infrarrojos"},"content":{"rendered":"<p>Con el adaptador de flash infrarrojo, puede convertir su flash actual en un flash infrarrojo. Para que el flash sea invisible al ojo humano (y a los ojos de la mayor\u00eda de los animales), son adecuados los filtros IR potentes de 830 nm, que bloquean la luz visible del flash y s\u00f3lo emiten radiaci\u00f3n infrarroja. Con una c\u00e1mara sensible a los infrarrojos, se puede iluminar el sujeto sin molestar al entorno con la luz del flash. Esta iluminaci\u00f3n es especialmente adecuada para fotografiar animales t\u00edmidos sin molestarlos y para trampas fotogr\u00e1ficas autom\u00e1ticas. Cuando parpadea, la unidad de flash no es 100% invisible a pesar del filtro; una fracci\u00f3n de la luz roja puede penetrar el filtro. Cuando se mira directamente a la unidad de flash, se reconoce un d\u00e9bil resplandor rojo. Sin embargo, la luz IR emitida en el entorno es absolutamente visible.<\/p>\n<p>Ofrecemos nuestros adaptadores en 2 versiones:<\/p>\n<ol>\n<li>Con rosca para filtros enroscables normales con <strong>67 mm<\/strong> Di\u00e1metro de la rosca: puede acoplar cualquier filtro IR (u otros filtros) al adaptador. Los filtros atornillables se enroscan en una toma de aluminio de 67 mm. No se incluye ning\u00fan filtro en el volumen de suministro.<\/li>\n<li>Con filtro infrarrojo de 850 nm instalado de forma permanente: El gran grosor del cristal (3 mm), el grosor del filtro (850 nm) y la forma rectangular o redonda, seg\u00fan el tipo, proporcionan un apantallamiento \u00f3ptimo de la luz visible y un buen rendimiento luminoso incluso con reflectores de flash rectangulares de gran tama\u00f1o. El cristal del filtro est\u00e1 instalado de forma permanente y no se puede sustituir.<\/li>\n<\/ol>\n<p>El cuerpo base del adaptador se fabrica mediante un proceso de impresi\u00f3n 3D con pl\u00e1stico reciclado 100%. El pl\u00e1stico es dimensionalmente estable, impermeable y estable a los rayos UV incluso a altas temperaturas exteriores. Dependiendo del modelo de flash, la conexi\u00f3n a \u00e9ste se realiza mediante 8 potentes imanes de neodimio, que proporcionan una sujeci\u00f3n segura, o desliz\u00e1ndolo con precisi\u00f3n sobre la unidad de flash.<\/p>\n<p>Nuestro adaptador de flash infrarrojo no se ajusta a todas las unidades de flash, por favor compruebe la compatibilidad del adaptador de acuerdo a nuestra lista. Si no hay adaptador de flash compatible para su unidad de flash, puede enviarnos su unidad de flash y dise\u00f1aremos un adaptador exactamente para su unidad. Seleccione \u201cEnv\u00edo mi propio flash\u201d y env\u00edenos la unidad de flash. Necesitamos aprox. 14 d\u00edas desde la llegada de su flash para adaptarlo a su unidad de flash.<\/p>","protected":false},"excerpt":{"rendered":"<p>Usted est\u00e1 comprando un adaptador para una unidad de flash de c\u00e1mara normal. Dependiendo del modelo, se instala permanentemente un filtro IR de 850 nm, o necesita un filtro infrarrojo atornillable de 67 mm para su funcionamiento (recomendamos un filtro de 830 nm o m\u00e1s potente). Compruebe la compatibilidad del adaptador seg\u00fan nuestra lista. Si tiene alguna duda <a href=\"https:\/\/irrecams.de\/es\/servicio-de-conversion-a-infrarrojos\/consulta\/\" target=\"_blank\" rel=\"noopener\">P\u00f3ngase en contacto con nosotros<\/a>.<\/p>","protected":false},"featured_media":15493,"template":"","meta":[],"product_brand":[],"product_cat":[264,1234],"product_tag":[],"class_list":{"0":"post-15497","1":"product","2":"type-product","3":"status-publish","4":"has-post-thumbnail","6":"product_cat-infrarot-schraub-filter","7":"product_cat-zubehoer","8":"product_shipping_class-filter","10":"first","11":"instock","12":"taxable","13":"shipping-taxable","14":"purchasable","15":"product-type-variable"},"_links":{"self":[{"href":"https:\/\/irrecams.de\/es\/wp-json\/wp\/v2\/product\/15497","targetHints":{"allow":["GET"]}}],"collection":[{"href":"https:\/\/irrecams.de\/es\/wp-json\/wp\/v2\/product"}],"about":[{"href":"https:\/\/irrecams.de\/es\/wp-json\/wp\/v2\/types\/product"}],"wp:featuredmedia":[{"embeddable":true,"href":"https:\/\/irrecams.de\/es\/wp-json\/wp\/v2\/media\/15493"}],"wp:attachment":[{"href":"https:\/\/irrecams.de\/es\/wp-json\/wp\/v2\/media?parent=15497"}],"wp:term":[{"taxonomy":"product_brand","embeddable":true,"href":"https:\/\/irrecams.de\/es\/wp-json\/wp\/v2\/product_brand?post=15497"},{"taxonomy":"product_cat","embeddable":true,"href":"https:\/\/irrecams.de\/es\/wp-json\/wp\/v2\/product_cat?post=15497"},{"taxonomy":"product_tag","embeddable":true,"href":"https:\/\/irrecams.de\/es\/wp-json\/wp\/v2\/product_tag?post=15497"}],"curies":[{"name":"wp","href":"https:\/\/api.w.org\/{rel}","templated":true}]}}