{"id":15659,"date":"2025-10-02T14:08:28","date_gmt":"2025-10-02T12:08:28","guid":{"rendered":"https:\/\/irrecams.de\/?post_type=product&#038;p=15659"},"modified":"2026-03-27T15:04:13","modified_gmt":"2026-03-27T14:04:13","slug":"camara-forense-canon-eos-r50","status":"publish","type":"product","link":"https:\/\/irrecams.de\/es\/tienda\/camara-forense-canon-eos-r50\/","title":{"rendered":"C\u00e1mara forense Canon EOS R50"},"content":{"rendered":"<p>El filtro interno de bloqueo UV\/IR (hotmirror) se ha retirado de la c\u00e1mara y se ha sustituido por un filtro neutro. Esta modificaci\u00f3n garantiza la m\u00e1xima sensibilidad del sensor de la c\u00e1mara para la radiaci\u00f3n UV, la luz visible y la radiaci\u00f3n infrarroja. La sensibilidad del sensor se sit\u00faa aproximadamente en el rango de 330 - 1.200 nm.<\/p>\n<p>Gracias a la conversi\u00f3n, la c\u00e1mara de formato completo es apta para todos los ex\u00e1menes forenses. Esto incluye los ex\u00e1menes forenses de edificios, los ex\u00e1menes m\u00e9dicos forenses y las t\u00e9cnicas de restauraci\u00f3n de obras de arte. Sin embargo, para una aplicaci\u00f3n razonable siempre se requieren filtros espectrales adecuados (filtros de paso largo, paso corto o paso banda) y, en caso necesario, fuentes de luz especiales. Puede solicitar un sofisticado y probado juego de filtros para la investigaci\u00f3n forense de edificios a <a href=\"https:\/\/bau-forensik.eu\/filter\/\" target=\"_blank\" rel=\"noopener\">Prof. Andreas O. Rapp<\/a>. Las l\u00e1mparas y accesorios especiales para el an\u00e1lisis de instrumentos de madera pueden encargarse a <a href=\"https:\/\/www.shop-schilbach.net\/c\/analyse-und-messwerkzeuge\/lumatec\" target=\"_blank\" rel=\"noopener\">Tienda-Schilbach<\/a> puede obtenerse.<\/p>\n<p>&nbsp;<\/p>\n<p><strong>ATENCI\u00d3N:<\/strong> Muchos objetivos EOS RF y RF-S nativos s\u00f3lo pueden utilizarse de forma limitada en situaciones de luz oscura. En el interior de los objetivos hay instalado un LED infrarrojo. La luz par\u00e1sita puede ser visible en las fotos con tiempos de exposici\u00f3n largos y\/o condiciones de iluminaci\u00f3n oscuras (incluso con exposiciones largas con filtros ND). Si los objetivos EF se utilizan con un adaptador en una c\u00e1mara EOS R, no hay riesgo de que esto ocurra.<\/p>\n<p>&nbsp;<\/p>\n<p>\u00bfEst\u00e1 interesado en adquirir otro modelo de c\u00e1mara ya convertida? Por favor, escr\u00edbame <a href=\"https:\/\/irrecams.de\/es\/umbauservice\/consulta\/\">un mensaje no vinculante<\/a> para una oferta personalizada.<\/p>","protected":false},"excerpt":{"rendered":"<p>C\u00e1mara forense ya convertida. Se trata de un dispositivo nuevo con una garant\u00eda de 2 a\u00f1os.<\/p>\n<p>La c\u00e1mara APS-C modificada utiliza la m\u00e1xima sensibilidad espectral para la radiaci\u00f3n UV, VIS e IR. \u00bfTiene alguna pregunta o no est\u00e1 seguro? Escr\u00edbanos <a href=\"https:\/\/irrecams.de\/es\/umbauservice\/consulta\/\">un mensaje no vinculante<\/a>.<\/p>\n<p>Se muestra el nivel actual de existencias. Si no hay ninguna c\u00e1mara en stock, se pedir\u00e1 una y se convertir\u00e1 para usted (\"entrega posterior\"). Esto prolongar\u00e1 el plazo de entrega entre 1 y 1,5 semanas aproximadamente.<\/p>","protected":false},"featured_media":12151,"template":"","meta":[],"product_brand":[],"product_cat":[653],"product_tag":[1244],"class_list":{"0":"post-15659","1":"product","2":"type-product","3":"status-publish","4":"has-post-thumbnail","6":"product_cat-forensik","7":"product_tag-kamera","8":"product_shipping_class-kamera","10":"first","11":"onbackorder","12":"taxable","13":"shipping-taxable","14":"purchasable","15":"product-type-simple"},"_links":{"self":[{"href":"https:\/\/irrecams.de\/es\/wp-json\/wp\/v2\/product\/15659","targetHints":{"allow":["GET"]}}],"collection":[{"href":"https:\/\/irrecams.de\/es\/wp-json\/wp\/v2\/product"}],"about":[{"href":"https:\/\/irrecams.de\/es\/wp-json\/wp\/v2\/types\/product"}],"wp:featuredmedia":[{"embeddable":true,"href":"https:\/\/irrecams.de\/es\/wp-json\/wp\/v2\/media\/12151"}],"wp:attachment":[{"href":"https:\/\/irrecams.de\/es\/wp-json\/wp\/v2\/media?parent=15659"}],"wp:term":[{"taxonomy":"product_brand","embeddable":true,"href":"https:\/\/irrecams.de\/es\/wp-json\/wp\/v2\/product_brand?post=15659"},{"taxonomy":"product_cat","embeddable":true,"href":"https:\/\/irrecams.de\/es\/wp-json\/wp\/v2\/product_cat?post=15659"},{"taxonomy":"product_tag","embeddable":true,"href":"https:\/\/irrecams.de\/es\/wp-json\/wp\/v2\/product_tag?post=15659"}],"curies":[{"name":"wp","href":"https:\/\/api.w.org\/{rel}","templated":true}]}}