{"id":15918,"date":"2025-11-20T14:52:46","date_gmt":"2025-11-20T13:52:46","guid":{"rendered":"https:\/\/irrecams.de\/?post_type=product&#038;p=15918"},"modified":"2026-01-25T12:47:46","modified_gmt":"2026-01-25T11:47:46","slug":"nikon-z50-camara-espectro-completo-280-nm-usada-2","status":"publish","type":"product","link":"https:\/\/irrecams.de\/es\/tienda\/nikon-z50-camara-espectro-completo-280-nm-usada-2\/","title":{"rendered":"Nikon Z50 c\u00e1mara de espectro completo (280 nm) *UTILIZADA"},"content":{"rendered":"<p>Est\u00e1 comprando una c\u00e1mara de infrarrojos totalmente retroadaptada.<\/p>\n<p>La c\u00e1mara es un dispositivo usado que ha sido reacondicionado. Visualmente, la c\u00e1mara est\u00e1 en buen estado de uso, con pocos signos de desgaste (v\u00e9anse las fotos del producto). La pantalla no presenta ara\u00f1azos. La c\u00e1mara se entrega sin objetivo.<\/p>\n<p>T\u00e9cnicamente la c\u00e1mara funciona a 100%, se obtiene 1 a\u00f1o de garant\u00eda.<\/p>","protected":false},"excerpt":{"rendered":"<p>Volumen de suministro:<\/p>\n<p>C\u00e1mara Nikon Z50 como se describe y en la foto<br \/>\nBater\u00eda original<br \/>\nCargador original<br \/>\nBandolera<\/p>\n<p>&nbsp;<\/p>\n<p>La c\u00e1mara est\u00e1 sujeta a un impuesto diferenciado de conformidad con el art\u00edculo 25a de la Ley del Impuesto sobre el Valor A\u00f1adido (UStG). El IVA no se indica por separado en la factura.<\/p>","protected":false},"featured_media":15919,"template":"","meta":[],"product_brand":[],"product_cat":[456],"product_tag":[],"class_list":{"0":"post-15918","1":"product","2":"type-product","3":"status-publish","4":"has-post-thumbnail","6":"product_cat-fertig-umgebaute-infrarot-kameras","7":"product_shipping_class-kamera","9":"first","10":"outofstock","11":"sold-individually","12":"purchasable","13":"product-type-simple"},"_links":{"self":[{"href":"https:\/\/irrecams.de\/es\/wp-json\/wp\/v2\/product\/15918","targetHints":{"allow":["GET"]}}],"collection":[{"href":"https:\/\/irrecams.de\/es\/wp-json\/wp\/v2\/product"}],"about":[{"href":"https:\/\/irrecams.de\/es\/wp-json\/wp\/v2\/types\/product"}],"wp:featuredmedia":[{"embeddable":true,"href":"https:\/\/irrecams.de\/es\/wp-json\/wp\/v2\/media\/15919"}],"wp:attachment":[{"href":"https:\/\/irrecams.de\/es\/wp-json\/wp\/v2\/media?parent=15918"}],"wp:term":[{"taxonomy":"product_brand","embeddable":true,"href":"https:\/\/irrecams.de\/es\/wp-json\/wp\/v2\/product_brand?post=15918"},{"taxonomy":"product_cat","embeddable":true,"href":"https:\/\/irrecams.de\/es\/wp-json\/wp\/v2\/product_cat?post=15918"},{"taxonomy":"product_tag","embeddable":true,"href":"https:\/\/irrecams.de\/es\/wp-json\/wp\/v2\/product_tag?post=15918"}],"curies":[{"name":"wp","href":"https:\/\/api.w.org\/{rel}","templated":true}]}}