{"id":15950,"date":"2025-11-20T15:21:29","date_gmt":"2025-11-20T14:21:29","guid":{"rendered":"https:\/\/irrecams.de\/?post_type=product&#038;p=15950"},"modified":"2026-02-13T11:06:14","modified_gmt":"2026-02-13T10:06:14","slug":"olympus-omd-e-m10-camara-infrarroja-infrablue-usada","status":"publish","type":"product","link":"https:\/\/irrecams.de\/es\/tienda\/olympus-omd-e-m10-camara-infrarroja-infrablue-usada\/","title":{"rendered":"Olympus OM-D E-M10 C\u00e1mara Infrarroja (InfraBlue) *USADA"},"content":{"rendered":"<p>Est\u00e1 comprando una c\u00e1mara de infrarrojos totalmente retroadaptada.<\/p>\n<p>La c\u00e1mara es un dispositivo usado que ha sido convertido con nuestro filtro InfraBlue. Visualmente, la c\u00e1mara est\u00e1 en buenas condiciones de uso con pocos signos de desgaste (ver fotos del producto). La pantalla no presenta ara\u00f1azos. La c\u00e1mara se suministra sin objetivo.<\/p>\n<p>T\u00e9cnicamente la c\u00e1mara funciona a 100%, se obtiene 1 a\u00f1o de garant\u00eda.<\/p>","protected":false},"excerpt":{"rendered":"<p>Volumen de suministro:<\/p>\n<p>C\u00e1mara Olympus OM-D E-M10 tal y como se describe y aparece en la foto<br \/>\nBater\u00eda original<br \/>\nCargador original<br \/>\nBandolera original<br \/>\nCable de datos<\/p>","protected":false},"featured_media":15951,"template":"","meta":[],"product_brand":[],"product_cat":[456],"product_tag":[],"class_list":{"0":"post-15950","1":"product","2":"type-product","3":"status-publish","4":"has-post-thumbnail","6":"product_cat-fertig-umgebaute-infrarot-kameras","7":"product_shipping_class-kamera","9":"first","10":"outofstock","11":"sold-individually","12":"taxable","13":"shipping-taxable","14":"purchasable","15":"product-type-simple"},"_links":{"self":[{"href":"https:\/\/irrecams.de\/es\/wp-json\/wp\/v2\/product\/15950","targetHints":{"allow":["GET"]}}],"collection":[{"href":"https:\/\/irrecams.de\/es\/wp-json\/wp\/v2\/product"}],"about":[{"href":"https:\/\/irrecams.de\/es\/wp-json\/wp\/v2\/types\/product"}],"wp:featuredmedia":[{"embeddable":true,"href":"https:\/\/irrecams.de\/es\/wp-json\/wp\/v2\/media\/15951"}],"wp:attachment":[{"href":"https:\/\/irrecams.de\/es\/wp-json\/wp\/v2\/media?parent=15950"}],"wp:term":[{"taxonomy":"product_brand","embeddable":true,"href":"https:\/\/irrecams.de\/es\/wp-json\/wp\/v2\/product_brand?post=15950"},{"taxonomy":"product_cat","embeddable":true,"href":"https:\/\/irrecams.de\/es\/wp-json\/wp\/v2\/product_cat?post=15950"},{"taxonomy":"product_tag","embeddable":true,"href":"https:\/\/irrecams.de\/es\/wp-json\/wp\/v2\/product_tag?post=15950"}],"curies":[{"name":"wp","href":"https:\/\/api.w.org\/{rel}","templated":true}]}}