{"id":15958,"date":"2025-11-20T15:31:38","date_gmt":"2025-11-20T14:31:38","guid":{"rendered":"https:\/\/irrecams.de\/?post_type=product&#038;p=15958"},"modified":"2026-01-03T14:16:37","modified_gmt":"2026-01-03T13:16:37","slug":"fujifilm-x-t3-astro-camara-optolong-usado","status":"publish","type":"product","link":"https:\/\/irrecams.de\/es\/tienda\/fujifilm-x-t3-astro-camara-optolong-usado\/","title":{"rendered":"Fujifilm X-T3 Astro C\u00e1mara (Optolong) *UTILIZADA*"},"content":{"rendered":"<p>Usted est\u00e1 comprando una c\u00e1mara Astro totalmente convertida.<\/p>\n<p>La c\u00e1mara es un dispositivo usado que ha sido reconstruido. En la c\u00e1mara est\u00e1 instalado un filtro astro Optolong que garantiza la m\u00e1xima sensibilidad H-alfa del sensor. Visualmente, la c\u00e1mara est\u00e1 en buenas condiciones de uso con pocos signos de desgaste (ver fotos del producto). La pantalla no presenta ara\u00f1azos. La c\u00e1mara se entrega sin objetivo.<\/p>\n<p>T\u00e9cnicamente la c\u00e1mara funciona a 100%, se obtiene 1 a\u00f1o de garant\u00eda.<\/p>","protected":false},"excerpt":{"rendered":"<p>Volumen de suministro:<\/p>\n<p>C\u00e1mara Fujifilm X-T3 como se describe y en la foto<br \/>\nBater\u00eda original<br \/>\nCargador original<br \/>\nBandolera<br \/>\nFiltro de contaminaci\u00f3n lum\u00ednica Rollei Astroclear (39 mm)<br \/>\nFiltro de contaminaci\u00f3n lum\u00ednica Rollei Astroclear (58 mm)<br \/>\nBolsa de filtro Rollei<\/p>\n<p>&nbsp;<\/p>\n<p>La c\u00e1mara est\u00e1 sujeta a un impuesto diferenciado de conformidad con el art\u00edculo 25a de la Ley del Impuesto sobre el Valor A\u00f1adido (UStG). El IVA no se indica por separado en la factura.<\/p>","protected":false},"featured_media":15959,"template":"","meta":[],"product_brand":[],"product_cat":[456],"product_tag":[],"class_list":{"0":"post-15958","1":"product","2":"type-product","3":"status-publish","4":"has-post-thumbnail","6":"product_cat-fertig-umgebaute-infrarot-kameras","7":"product_shipping_class-kamera","9":"first","10":"instock","11":"sold-individually","12":"purchasable","13":"product-type-simple"},"_links":{"self":[{"href":"https:\/\/irrecams.de\/es\/wp-json\/wp\/v2\/product\/15958","targetHints":{"allow":["GET"]}}],"collection":[{"href":"https:\/\/irrecams.de\/es\/wp-json\/wp\/v2\/product"}],"about":[{"href":"https:\/\/irrecams.de\/es\/wp-json\/wp\/v2\/types\/product"}],"wp:featuredmedia":[{"embeddable":true,"href":"https:\/\/irrecams.de\/es\/wp-json\/wp\/v2\/media\/15959"}],"wp:attachment":[{"href":"https:\/\/irrecams.de\/es\/wp-json\/wp\/v2\/media?parent=15958"}],"wp:term":[{"taxonomy":"product_brand","embeddable":true,"href":"https:\/\/irrecams.de\/es\/wp-json\/wp\/v2\/product_brand?post=15958"},{"taxonomy":"product_cat","embeddable":true,"href":"https:\/\/irrecams.de\/es\/wp-json\/wp\/v2\/product_cat?post=15958"},{"taxonomy":"product_tag","embeddable":true,"href":"https:\/\/irrecams.de\/es\/wp-json\/wp\/v2\/product_tag?post=15958"}],"curies":[{"name":"wp","href":"https:\/\/api.w.org\/{rel}","templated":true}]}}