{"id":16617,"date":"2026-02-28T22:25:55","date_gmt":"2026-02-28T21:25:55","guid":{"rendered":"https:\/\/irrecams.de\/?post_type=product&#038;p=16617"},"modified":"2026-03-04T08:51:46","modified_gmt":"2026-03-04T07:51:46","slug":"adaptador-laser-para-alineacion-de-postes","status":"publish","type":"product","link":"https:\/\/irrecams.de\/es\/tienda\/adaptador-laser-para-alineacion-de-postes\/","title":{"rendered":"LaserAdapter para alineaci\u00f3n de postes"},"content":{"rendered":"<p>Con nuestro LaserAdapter puede alinear su tr\u00edpode muy r\u00e1pida y f\u00e1cilmente con la estrella polar. Tras la alineaci\u00f3n, basta con retirar el LaserAdapter e instalar el sistema de seguimiento en la base de liberaci\u00f3n r\u00e1pida del tr\u00edpode. Especialmente en las tomas de paisajes con objetivos gran angular, esto permite una alineaci\u00f3n suficientemente precisa del tr\u00edpode para tiempos de exposici\u00f3n de varios minutos.<\/p>\n<p>Si se requiere una alineaci\u00f3n a\u00fan m\u00e1s precisa de una montura grande, se dispone de un punto de partida muy bueno gracias a la prealineaci\u00f3n y se puede llevar a cabo la alineaci\u00f3n fina con el buscador polar sin tener que buscar la estrella polar durante mucho tiempo.<\/p>\n<p>El LaserAdapter est\u00e1 disponible para varios sistemas de cierre r\u00e1pido (para Arca-Swiss, Manfrotto o Dovetail\/Vixen) en orientaciones de 0\u00b0 (paralelas) y 90\u00b0 (perpendiculares). Simplemente seleccione el adaptador adecuado para su aplicaci\u00f3n. Los LaserAdapters est\u00e1n fabricados con pl\u00e1stico reciclado 100% mediante un proceso de impresi\u00f3n 3D. Son dimensionalmente estables hasta al menos 60\u00b0C y son naturalmente resistentes a los rayos UV. Cada LaserAdapter tiene 2 posiciones:<\/p>\n<ol>\n<li>\u00a0Posici\u00f3n de seguridad (a \u201c0\u201d): El l\u00e1ser puede transportarse en la mochila sin que se encienda accidentalmente. Al mover el interruptor deslizante no se puede activar.<\/li>\n<li>\u00a0Posici\u00f3n activa (a \u201cI\u201d): El l\u00e1ser puede conectarse y desconectarse ajustando el interruptor deslizante. En esta posici\u00f3n, el l\u00e1ser no puede extraerse del adaptador para l\u00e1ser.<\/li>\n<\/ol>\n<p>Los adaptadores l\u00e1ser no funcionan con todos los punteros l\u00e1ser del mercado, han sido especialmente dise\u00f1ados para un puntero l\u00e1ser. El puntero l\u00e1ser de la marca Legamaster tiene una carcasa met\u00e1lica robusta de alta calidad y funciona con 2 pilas AAA (incluidas). Contiene un l\u00e1ser verde de clase II (seg\u00fan la normativa de la UE con una potencia m\u00e1xima de 1 mW) que es claramente visible por la noche.<\/p>\n<p><strong>PRECAUCI\u00d3N: El l\u00e1ser no es un juguete y nunca debe mirar deliberadamente al l\u00e1ser ni apuntar con \u00e9l a otras personas. El contacto visual prolongado puede causar da\u00f1os irreversibles en el ojo.<\/strong><\/p>","protected":false},"excerpt":{"rendered":"<p>LaserAdapter para la alineaci\u00f3n polar para el seguimiento de im\u00e1genes astro, fabricado en pl\u00e1stico reciclado 100%. El LaserAdapter est\u00e1 disponible para varios sistemas de cambio r\u00e1pido (por favor, seleccione).<\/p>","protected":false},"featured_media":16643,"template":"","meta":[],"product_brand":[],"product_cat":[1234],"product_tag":[],"class_list":{"0":"post-16617","1":"product","2":"type-product","3":"status-publish","4":"has-post-thumbnail","6":"product_cat-zubehoer","7":"product_shipping_class-filter","9":"first","10":"instock","11":"taxable","12":"shipping-taxable","13":"purchasable","14":"product-type-variable"},"_links":{"self":[{"href":"https:\/\/irrecams.de\/es\/wp-json\/wp\/v2\/product\/16617","targetHints":{"allow":["GET"]}}],"collection":[{"href":"https:\/\/irrecams.de\/es\/wp-json\/wp\/v2\/product"}],"about":[{"href":"https:\/\/irrecams.de\/es\/wp-json\/wp\/v2\/types\/product"}],"wp:featuredmedia":[{"embeddable":true,"href":"https:\/\/irrecams.de\/es\/wp-json\/wp\/v2\/media\/16643"}],"wp:attachment":[{"href":"https:\/\/irrecams.de\/es\/wp-json\/wp\/v2\/media?parent=16617"}],"wp:term":[{"taxonomy":"product_brand","embeddable":true,"href":"https:\/\/irrecams.de\/es\/wp-json\/wp\/v2\/product_brand?post=16617"},{"taxonomy":"product_cat","embeddable":true,"href":"https:\/\/irrecams.de\/es\/wp-json\/wp\/v2\/product_cat?post=16617"},{"taxonomy":"product_tag","embeddable":true,"href":"https:\/\/irrecams.de\/es\/wp-json\/wp\/v2\/product_tag?post=16617"}],"curies":[{"name":"wp","href":"https:\/\/api.w.org\/{rel}","templated":true}]}}