{"id":2815,"date":"2018-07-09T15:47:29","date_gmt":"2018-07-09T13:47:29","guid":{"rendered":"https:\/\/www.irrecams.de\/?post_type=product&#038;p=2815"},"modified":"2025-05-15T09:40:07","modified_gmt":"2025-05-15T07:40:07","slug":"servicio-de-conversion-a-infrarrojos-nikon-compact","status":"publish","type":"product","link":"https:\/\/irrecams.de\/es\/tienda\/servicio-de-conversion-a-infrarrojos-nikon-compact\/","title":{"rendered":"Servicio de conversi\u00f3n de infrarrojos Nikon Compact"},"content":{"rendered":"<p><strong>Nota Balance de blancos:<\/strong> Con pr\u00e1cticamente todas las c\u00e1maras Nikon, el balance de blancos no se puede ajustar correctamente en la c\u00e1mara. Dependiendo de la situaci\u00f3n de iluminaci\u00f3n y del filtro, el balance de blancos manual en la c\u00e1mara no es posible y devuelve un mensaje de error (el problema tambi\u00e9n se produce con el filtro InfraBlue). El balance de blancos puede ajustarse a 2500K con correcci\u00f3n de color, pero suele quedar una clara dominante magenta en la imagen. Sin embargo, al fotografiar en RAW (recomendado), esto no importa porque el balance de blancos se puede ajustar correctamente en el PC. Tambi\u00e9n es posible fotografiar JPEG en blanco y negro en la c\u00e1mara sin problemas.<\/p>","protected":false},"excerpt":{"rendered":"<p>Servicio de conversi\u00f3n de infrarrojos para su c\u00e1mara compacta Nikon.<\/p>\n<p>No est\u00e1 seguro de los detalles o de su <a href=\"https:\/\/irrecams.de\/es\/comparacion-de-filtros-de-efecto-infrarrojo\/\">Selecci\u00f3n de filtro<\/a>? Escr\u00edbanos <a href=\"https:\/\/irrecams.de\/es\/servicio-de-conversion-a-infrarrojos\/consulta\/\">un mensaje no vinculante<\/a>.<\/p>","protected":false},"featured_media":6293,"template":"","meta":[],"product_brand":[],"product_cat":[455],"product_tag":[],"class_list":{"0":"post-2815","1":"product","2":"type-product","3":"status-publish","4":"has-post-thumbnail","6":"product_cat-infrarot-kamera-umbau-service","7":"product_shipping_class-umbau","9":"first","10":"instock","11":"taxable","12":"shipping-taxable","13":"purchasable","14":"product-type-variable"},"_links":{"self":[{"href":"https:\/\/irrecams.de\/es\/wp-json\/wp\/v2\/product\/2815","targetHints":{"allow":["GET"]}}],"collection":[{"href":"https:\/\/irrecams.de\/es\/wp-json\/wp\/v2\/product"}],"about":[{"href":"https:\/\/irrecams.de\/es\/wp-json\/wp\/v2\/types\/product"}],"wp:featuredmedia":[{"embeddable":true,"href":"https:\/\/irrecams.de\/es\/wp-json\/wp\/v2\/media\/6293"}],"wp:attachment":[{"href":"https:\/\/irrecams.de\/es\/wp-json\/wp\/v2\/media?parent=2815"}],"wp:term":[{"taxonomy":"product_brand","embeddable":true,"href":"https:\/\/irrecams.de\/es\/wp-json\/wp\/v2\/product_brand?post=2815"},{"taxonomy":"product_cat","embeddable":true,"href":"https:\/\/irrecams.de\/es\/wp-json\/wp\/v2\/product_cat?post=2815"},{"taxonomy":"product_tag","embeddable":true,"href":"https:\/\/irrecams.de\/es\/wp-json\/wp\/v2\/product_tag?post=2815"}],"curies":[{"name":"wp","href":"https:\/\/api.w.org\/{rel}","templated":true}]}}