{"id":2837,"date":"2018-07-09T16:14:28","date_gmt":"2018-07-09T14:14:28","guid":{"rendered":"https:\/\/www.irrecams.de\/?post_type=product&#038;p=2837"},"modified":"2026-01-13T23:51:28","modified_gmt":"2026-01-13T22:51:28","slug":"servicio-de-conversion-a-infrarrojos-pentax-aps-c","status":"publish","type":"product","link":"https:\/\/irrecams.de\/es\/tienda\/servicio-de-conversion-a-infrarrojos-pentax-aps-c\/","title":{"rendered":"Servicio de conversi\u00f3n a infrarrojos Pentax APS-C"},"content":{"rendered":"<p><strong>Nota:<\/strong> En las c\u00e1maras con *, la funci\u00f3n de limpieza autom\u00e1tica del sensor se pierde durante la conversi\u00f3n. Tras la conversi\u00f3n, el sensor puede limpiarse en seco (por ejemplo, con aire comprimido) o en h\u00famedo (por ejemplo, con bastoncillos) como de costumbre. Pueden utilizarse todos los preparados y m\u00e9todos disponibles en el mercado para la limpieza de sensores.<\/p>","protected":false},"excerpt":{"rendered":"<p>Servicio de conversi\u00f3n de infrarrojos para su c\u00e1mara Pentax APS-C.<\/p>\n<p>No est\u00e1 seguro de los detalles o de su <a href=\"https:\/\/irrecams.de\/es\/comparacion-de-filtros-de-efecto-infrarrojo\/\">Selecci\u00f3n de filtro<\/a>? Escr\u00edbanos <a href=\"https:\/\/irrecams.de\/es\/servicio-de-conversion-a-infrarrojos\/consulta\/\">un mensaje no vinculante<\/a>.<\/p>","protected":false},"featured_media":12429,"template":"","meta":[],"product_brand":[],"product_cat":[455],"product_tag":[],"class_list":{"0":"post-2837","1":"product","2":"type-product","3":"status-publish","4":"has-post-thumbnail","6":"product_cat-infrarot-kamera-umbau-service","7":"product_shipping_class-umbau","9":"first","10":"instock","11":"taxable","12":"shipping-taxable","13":"purchasable","14":"product-type-variable"},"_links":{"self":[{"href":"https:\/\/irrecams.de\/es\/wp-json\/wp\/v2\/product\/2837","targetHints":{"allow":["GET"]}}],"collection":[{"href":"https:\/\/irrecams.de\/es\/wp-json\/wp\/v2\/product"}],"about":[{"href":"https:\/\/irrecams.de\/es\/wp-json\/wp\/v2\/types\/product"}],"wp:featuredmedia":[{"embeddable":true,"href":"https:\/\/irrecams.de\/es\/wp-json\/wp\/v2\/media\/12429"}],"wp:attachment":[{"href":"https:\/\/irrecams.de\/es\/wp-json\/wp\/v2\/media?parent=2837"}],"wp:term":[{"taxonomy":"product_brand","embeddable":true,"href":"https:\/\/irrecams.de\/es\/wp-json\/wp\/v2\/product_brand?post=2837"},{"taxonomy":"product_cat","embeddable":true,"href":"https:\/\/irrecams.de\/es\/wp-json\/wp\/v2\/product_cat?post=2837"},{"taxonomy":"product_tag","embeddable":true,"href":"https:\/\/irrecams.de\/es\/wp-json\/wp\/v2\/product_tag?post=2837"}],"curies":[{"name":"wp","href":"https:\/\/api.w.org\/{rel}","templated":true}]}}