{"id":4681,"date":"2020-02-10T08:57:26","date_gmt":"2020-02-10T07:57:26","guid":{"rendered":"https:\/\/www.irrecams.de\/?post_type=product&#038;p=4681"},"modified":"2025-11-08T13:06:39","modified_gmt":"2025-11-08T12:06:39","slug":"servicio-de-conversion-a-infrarrojos-fujifilm-compact","status":"publish","type":"product","link":"https:\/\/irrecams.de\/es\/tienda\/servicio-de-conversion-a-infrarrojos-fujifilm-compact\/","title":{"rendered":"Servicio de conversi\u00f3n de infrarrojos Fujifilm Compact"},"content":{"rendered":"<p><strong>Nota Balance de blancos:<\/strong> Con las c\u00e1maras Fujiiflm con sensor X-Trans, el balance de blancos no se puede ajustar en la c\u00e1mara con la mayor\u00eda de los filtros IR (el problema no ocurre con el filtro InfraBlue). La c\u00e1mara ajusta el mejor balance de blancos posible, pero suele quedar un ligero tinte magenta y rojo. Sin embargo, al fotografiar en RAW (recomendado), esto no importa porque el balance de blancos puede ajustarse correctamente en el PC. Tambi\u00e9n es posible fotografiar JPEG en blanco y negro en la c\u00e1mara sin ning\u00fan problema.<\/p>","protected":false},"excerpt":{"rendered":"<p>Servicio de conversi\u00f3n de infrarrojos para su c\u00e1mara compacta Fujifilm.<\/p>\n<p>No est\u00e1 seguro de los detalles o de su <a href=\"https:\/\/irrecams.de\/es\/comparacion-de-filtros-de-efecto-infrarrojo\/\">Selecci\u00f3n de filtro<\/a>? Escr\u00edbanos <a href=\"https:\/\/irrecams.de\/es\/servicio-de-conversion-a-infrarrojos\/consulta\/\">un mensaje no vinculante<\/a>.<\/p>","protected":false},"featured_media":6307,"template":"","meta":[],"product_brand":[],"product_cat":[455],"product_tag":[],"class_list":{"0":"post-4681","1":"product","2":"type-product","3":"status-publish","4":"has-post-thumbnail","6":"product_cat-infrarot-kamera-umbau-service","7":"product_shipping_class-umbau","9":"first","10":"instock","11":"taxable","12":"shipping-taxable","13":"purchasable","14":"product-type-variable"},"_links":{"self":[{"href":"https:\/\/irrecams.de\/es\/wp-json\/wp\/v2\/product\/4681","targetHints":{"allow":["GET"]}}],"collection":[{"href":"https:\/\/irrecams.de\/es\/wp-json\/wp\/v2\/product"}],"about":[{"href":"https:\/\/irrecams.de\/es\/wp-json\/wp\/v2\/types\/product"}],"wp:featuredmedia":[{"embeddable":true,"href":"https:\/\/irrecams.de\/es\/wp-json\/wp\/v2\/media\/6307"}],"wp:attachment":[{"href":"https:\/\/irrecams.de\/es\/wp-json\/wp\/v2\/media?parent=4681"}],"wp:term":[{"taxonomy":"product_brand","embeddable":true,"href":"https:\/\/irrecams.de\/es\/wp-json\/wp\/v2\/product_brand?post=4681"},{"taxonomy":"product_cat","embeddable":true,"href":"https:\/\/irrecams.de\/es\/wp-json\/wp\/v2\/product_cat?post=4681"},{"taxonomy":"product_tag","embeddable":true,"href":"https:\/\/irrecams.de\/es\/wp-json\/wp\/v2\/product_tag?post=4681"}],"curies":[{"name":"wp","href":"https:\/\/api.w.org\/{rel}","templated":true}]}}