{"id":5563,"date":"2020-12-19T12:51:07","date_gmt":"2020-12-19T11:51:07","guid":{"rendered":"https:\/\/irrecams.de\/?post_type=product&#038;p=5563"},"modified":"2026-04-17T13:57:51","modified_gmt":"2026-04-17T11:57:51","slug":"filtro-de-infrarrojos-de-550-nm","status":"publish","type":"product","link":"https:\/\/irrecams.de\/es\/tienda\/filtro-de-infrarrojos-de-550-nm\/","title":{"rendered":"Filtro de infrarrojos de 550 nm"},"content":{"rendered":"<p><strong>Nota:<\/strong><\/p>\n<p>Este filtro s\u00f3lo es adecuado para c\u00e1maras modificadas para infrarrojos. Los efectos mostrados no pueden conseguirse con una c\u00e1mara normal sin modificar.<\/p>\n<p>La c\u00e1mara debe convertirse con uno de los siguientes filtros: 280 nm (espectro completo).<\/p>\n<p>&nbsp;<\/p>\n<p>El filtro infrarrojo m\u00e1s d\u00e9bil es un filtro de paso largo de 550 nm, que deja pasar el espectro desde 550 nm hasta el IR profundo de 1.200 nm. Este trozo de cristal naranja tiene poco inter\u00e9s para la fotograf\u00eda infrarroja en blanco y negro, pero ofrece la posibilidad de generar una imagen con un cielo azul y follaje rojo. Esto se acerca mucho a la pel\u00edcula infrarroja anal\u00f3gica \"Kodak Aerochrome\" y es un efecto de imagen por el que luchan muchos fot\u00f3grafos de infrarrojos. El postprocesado es algo m\u00e1s complejo porque hay que realizar un doble intercambio de canales (rojo-azul y verde-azul). Con el mezclador de canales y un poco de experimentaci\u00f3n, son posibles muchos otros efectos de imagen. Al ser el filtro infrarrojo m\u00e1s d\u00e9bil, tambi\u00e9n se puede combinar con muchos otros filtros.<\/p>\n<p>M\u00e1s informaci\u00f3n <a href=\"https:\/\/irrecams.de\/es\/comparacion-de-filtros-de-efecto-infrarrojo\/#550\" target=\"_blank\" rel=\"noopener\">Filtro de infrarrojos<\/a>.<\/p>","protected":false},"excerpt":{"rendered":"<p>Filtro de infrarrojos de paso largo de 550 nm en montura estrecha, tambi\u00e9n adecuado para objetivos gran angular.<\/p>\n<p>S\u00f3lo apto para c\u00e1maras de espectro completo.<\/p>","protected":false},"featured_media":5569,"template":"","meta":[],"product_brand":[],"product_cat":[264],"product_tag":[],"class_list":{"0":"post-5563","1":"product","2":"type-product","3":"status-publish","4":"has-post-thumbnail","6":"product_cat-infrarot-schraub-filter","7":"product_shipping_class-filter","9":"first","10":"instock","11":"sale","12":"taxable","13":"shipping-taxable","14":"purchasable","15":"product-type-variable"},"_links":{"self":[{"href":"https:\/\/irrecams.de\/es\/wp-json\/wp\/v2\/product\/5563","targetHints":{"allow":["GET"]}}],"collection":[{"href":"https:\/\/irrecams.de\/es\/wp-json\/wp\/v2\/product"}],"about":[{"href":"https:\/\/irrecams.de\/es\/wp-json\/wp\/v2\/types\/product"}],"wp:featuredmedia":[{"embeddable":true,"href":"https:\/\/irrecams.de\/es\/wp-json\/wp\/v2\/media\/5569"}],"wp:attachment":[{"href":"https:\/\/irrecams.de\/es\/wp-json\/wp\/v2\/media?parent=5563"}],"wp:term":[{"taxonomy":"product_brand","embeddable":true,"href":"https:\/\/irrecams.de\/es\/wp-json\/wp\/v2\/product_brand?post=5563"},{"taxonomy":"product_cat","embeddable":true,"href":"https:\/\/irrecams.de\/es\/wp-json\/wp\/v2\/product_cat?post=5563"},{"taxonomy":"product_tag","embeddable":true,"href":"https:\/\/irrecams.de\/es\/wp-json\/wp\/v2\/product_tag?post=5563"}],"curies":[{"name":"wp","href":"https:\/\/api.w.org\/{rel}","templated":true}]}}