{"id":5590,"date":"2020-12-19T13:33:36","date_gmt":"2020-12-19T12:33:36","guid":{"rendered":"https:\/\/irrecams.de\/?post_type=product&#038;p=5590"},"modified":"2026-04-17T13:57:59","modified_gmt":"2026-04-17T11:57:59","slug":"filtro-de-infrarrojos-de-630-nm","status":"publish","type":"product","link":"https:\/\/irrecams.de\/es\/tienda\/filtro-de-infrarrojos-de-630-nm\/","title":{"rendered":"Filtro de infrarrojos de 630 nm"},"content":{"rendered":"<p><strong>Nota:<\/strong><\/p>\n<p>Este filtro s\u00f3lo es adecuado para c\u00e1maras modificadas para infrarrojos. Los efectos mostrados no pueden conseguirse con una c\u00e1mara normal sin modificar.<\/p>\n<p>La c\u00e1mara debe convertirse con uno de los siguientes filtros: 280 nm (espectro completo) o 550 nm.<\/p>\n<p>&nbsp;<\/p>\n<p>El filtro de 630 nm deja pasar la luz en el rango de 630 nm a 1.200 nm. Se utiliza principalmente en fotograf\u00eda infrarroja en color. El trozo de cristal rojo puede generar un cielo azul en combinaci\u00f3n con un follaje dorado. El postprocesado es algo menos complejo que con el filtro de 550 nm, pero sigue siendo necesario un intercambio del canal rojo-azul para obtener un cielo azul. La saturaci\u00f3n b\u00e1sica del color de la imagen es muy alta y no es necesario mover demasiado los controles deslizantes para obtener un buen resultado. Sin embargo, con este filtro tambi\u00e9n se pueden obtener im\u00e1genes parcialmente desaturadas (clave de color) e im\u00e1genes en blanco y negro.<\/p>\n<p>No proporciona la imagen infrarroja en blanco y negro m\u00e1s intensa, pero sigue siendo bueno para im\u00e1genes en blanco y negro. En particular, quien busque m\u00e1s \"matices de gris\" en las copas de los \u00e1rboles que s\u00f3lo un blanco muy brillante apreciar\u00e1 este filtro para im\u00e1genes infrarrojas monocromas. Para un efecto de imagen infrarroja en blanco y negro m\u00e1s intenso, se recomienda el filtro de 700 nm. Una impresi\u00f3n de imagen similar, pero sin necesidad de cambiar de canal, es la que proporciona el filtro <a href=\"https:\/\/irrecams.de\/es\/comparacion-de-filtros-de-efecto-infrarrojo\/#infrablue\" target=\"_blank\" rel=\"noopener\">Filtro InfraBlue<\/a>.<\/p>\n<p>M\u00e1s informaci\u00f3n <a href=\"https:\/\/irrecams.de\/es\/comparacion-de-filtros-de-efecto-infrarrojo\/#630\" target=\"_blank\" rel=\"noopener\">Filtro de infrarrojos<\/a>.<\/p>","protected":false},"excerpt":{"rendered":"<p>Filtro de infrarrojos de paso largo de 630 nm en montura estrecha, tambi\u00e9n adecuado para objetivos gran angular.<\/p>\n<p>S\u00f3lo apto para c\u00e1maras modificadas para infrarrojos. Compatible con los siguientes filtros: 280 nm y 550 nm.<\/p>","protected":false},"featured_media":5571,"template":"","meta":[],"product_brand":[],"product_cat":[264],"product_tag":[],"class_list":{"0":"post-5590","1":"product","2":"type-product","3":"status-publish","4":"has-post-thumbnail","6":"product_cat-infrarot-schraub-filter","7":"product_shipping_class-filter","9":"first","10":"instock","11":"sale","12":"taxable","13":"shipping-taxable","14":"purchasable","15":"product-type-variable"},"_links":{"self":[{"href":"https:\/\/irrecams.de\/es\/wp-json\/wp\/v2\/product\/5590","targetHints":{"allow":["GET"]}}],"collection":[{"href":"https:\/\/irrecams.de\/es\/wp-json\/wp\/v2\/product"}],"about":[{"href":"https:\/\/irrecams.de\/es\/wp-json\/wp\/v2\/types\/product"}],"wp:featuredmedia":[{"embeddable":true,"href":"https:\/\/irrecams.de\/es\/wp-json\/wp\/v2\/media\/5571"}],"wp:attachment":[{"href":"https:\/\/irrecams.de\/es\/wp-json\/wp\/v2\/media?parent=5590"}],"wp:term":[{"taxonomy":"product_brand","embeddable":true,"href":"https:\/\/irrecams.de\/es\/wp-json\/wp\/v2\/product_brand?post=5590"},{"taxonomy":"product_cat","embeddable":true,"href":"https:\/\/irrecams.de\/es\/wp-json\/wp\/v2\/product_cat?post=5590"},{"taxonomy":"product_tag","embeddable":true,"href":"https:\/\/irrecams.de\/es\/wp-json\/wp\/v2\/product_tag?post=5590"}],"curies":[{"name":"wp","href":"https:\/\/api.w.org\/{rel}","templated":true}]}}