{"id":5598,"date":"2020-12-19T13:49:07","date_gmt":"2020-12-19T12:49:07","guid":{"rendered":"https:\/\/irrecams.de\/?post_type=product&#038;p=5598"},"modified":"2026-04-17T13:58:05","modified_gmt":"2026-04-17T11:58:05","slug":"filtro-de-infrarrojos-de-700-nm","status":"publish","type":"product","link":"https:\/\/irrecams.de\/es\/tienda\/filtro-de-infrarrojos-de-700-nm\/","title":{"rendered":"Filtro de infrarrojos de 700 nm"},"content":{"rendered":"<p><strong>Nota:<\/strong><\/p>\n<p>Este filtro s\u00f3lo es adecuado para c\u00e1maras modificadas para infrarrojos. Los efectos mostrados no pueden conseguirse con una c\u00e1mara normal sin modificar.<\/p>\n<p>La c\u00e1mara debe convertirse con uno de los siguientes filtros: 280 nm (espectro completo), 550 nm, 630 nm o InfraBlue.<\/p>\n<p>&nbsp;<\/p>\n<p>Un filtro de 700 nm deja pasar la luz en el rango de 700 a 1.200 nm. Cuando lo tiene en las manos, pr\u00e1cticamente tiene un disco negro delante de los ojos. El filtro de 700 nm puede considerarse un filtro infrarrojo \"verdadero\" porque no deja pasar partes significativas de la luz visible. Con \u00e9l se pueden obtener im\u00e1genes infrarrojas tanto en color como en blanco y negro. Es el filtro m\u00e1s utilizado y siempre se recomienda a los \"principiantes\" indecisos en la fotograf\u00eda infrarroja.<\/p>\n<p class=\"translation-block\">Para la fotograf\u00eda infrarroja en blanco y negro, el filtro proporciona una imagen de muy alto contraste con un follaje casi blanco y un cielo oscuro. Los filtros IR m\u00e1s potentes proporcionan resultados de imagen ligeramente m\u00e1s intensos, pero a expensas de la sensibilidad. Si desea centrarse m\u00e1s en la fotograf\u00eda IR en color, el filtro de 630 nm o <a href=\"#infrablue\" target=\"_self\">InfraBlue<\/a> es una buena alternativa.<\/p>\n<p>&nbsp;<\/p>\n<p>M\u00e1s informaci\u00f3n <a href=\"https:\/\/irrecams.de\/es\/comparacion-de-filtros-de-efecto-infrarrojo\/#700\" target=\"_blank\" rel=\"noopener\">Filtro de infrarrojos<\/a>.<\/p>","protected":false},"excerpt":{"rendered":"<p>Filtro de infrarrojos de paso largo de 700 nm en montura estrecha: adecuado para objetivos gran angular.<\/p>\n<p>S\u00f3lo apto para c\u00e1maras modificadas para infrarrojos. Compatible con los siguientes filtros: 280 nm, 550 nm, 630 nm e InfraBlue.<\/p>","protected":false},"featured_media":5573,"template":"","meta":[],"product_brand":[],"product_cat":[264],"product_tag":[],"class_list":{"0":"post-5598","1":"product","2":"type-product","3":"status-publish","4":"has-post-thumbnail","6":"product_cat-infrarot-schraub-filter","7":"product_shipping_class-filter","9":"first","10":"instock","11":"sale","12":"taxable","13":"shipping-taxable","14":"purchasable","15":"product-type-variable"},"_links":{"self":[{"href":"https:\/\/irrecams.de\/es\/wp-json\/wp\/v2\/product\/5598","targetHints":{"allow":["GET"]}}],"collection":[{"href":"https:\/\/irrecams.de\/es\/wp-json\/wp\/v2\/product"}],"about":[{"href":"https:\/\/irrecams.de\/es\/wp-json\/wp\/v2\/types\/product"}],"wp:featuredmedia":[{"embeddable":true,"href":"https:\/\/irrecams.de\/es\/wp-json\/wp\/v2\/media\/5573"}],"wp:attachment":[{"href":"https:\/\/irrecams.de\/es\/wp-json\/wp\/v2\/media?parent=5598"}],"wp:term":[{"taxonomy":"product_brand","embeddable":true,"href":"https:\/\/irrecams.de\/es\/wp-json\/wp\/v2\/product_brand?post=5598"},{"taxonomy":"product_cat","embeddable":true,"href":"https:\/\/irrecams.de\/es\/wp-json\/wp\/v2\/product_cat?post=5598"},{"taxonomy":"product_tag","embeddable":true,"href":"https:\/\/irrecams.de\/es\/wp-json\/wp\/v2\/product_tag?post=5598"}],"curies":[{"name":"wp","href":"https:\/\/api.w.org\/{rel}","templated":true}]}}