{"id":5606,"date":"2020-12-19T15:20:41","date_gmt":"2020-12-19T14:20:41","guid":{"rendered":"https:\/\/irrecams.de\/?post_type=product&#038;p=5606"},"modified":"2026-04-12T11:26:19","modified_gmt":"2026-04-12T09:26:19","slug":"filtro-de-infrarrojos-de-830-nm","status":"publish","type":"product","link":"https:\/\/irrecams.de\/es\/tienda\/filtro-de-infrarrojos-de-830-nm\/","title":{"rendered":"Filtro de infrarrojos de 830 nm"},"content":{"rendered":"<p><strong>Nota:<\/strong><\/p>\n<p>Este filtro s\u00f3lo es adecuado para c\u00e1maras modificadas para infrarrojos. Los efectos mostrados no pueden conseguirse con una c\u00e1mara normal sin modificar.<\/p>\n<p>La c\u00e1mara debe convertirse con uno de los siguientes filtros: 280 nm (espectro completo), 550 nm, 630 nm, 700 nm o InfraBlue.<\/p>\n<p>&nbsp;<\/p>\n<p>Las im\u00e1genes en color ya no son posibles con el filtro de 830 nm; s\u00f3lo produce im\u00e1genes infrarrojas monocromas. El resultado en blanco y negro es s\u00f3lo ligeramente m\u00e1s intenso que con el filtro de 700 nm. Sin embargo, esta peque\u00f1a ventaja tiene el precio de una sensibilidad significativamente menor. El filtro se traga aprox. 2 f-stops de luz, por lo que no se puede recomendar sin reservas como el mejor filtro de infrarrojos para blanco y negro. Aunque en general no recomendamos su instalaci\u00f3n permanente, puede utilizarse como filtro atornillable para aplicaciones espec\u00edficas.<\/p>\n<p>&nbsp;<\/p>\n<p>M\u00e1s informaci\u00f3n <a href=\"https:\/\/irrecams.de\/es\/comparacion-de-filtros-de-efecto-infrarrojo\/#830\" target=\"_blank\" rel=\"noopener\">Filtro de infrarrojos<\/a>.<\/p>","protected":false},"excerpt":{"rendered":"<p>Filtro de infrarrojos de paso largo de 830 nm en montura estrecha, tambi\u00e9n adecuado para objetivos gran angular.<\/p>\n<p>S\u00f3lo apto para c\u00e1maras modificadas para infrarrojos. Compatible con los siguientes filtros: 280 nm, 550 nm, 630 nm, 700 nm e InfraBlue.<\/p>","protected":false},"featured_media":5575,"template":"","meta":[],"product_brand":[],"product_cat":[264],"product_tag":[],"class_list":{"0":"post-5606","1":"product","2":"type-product","3":"status-publish","4":"has-post-thumbnail","6":"product_cat-infrarot-schraub-filter","7":"product_shipping_class-filter","9":"first","10":"instock","11":"sale","12":"taxable","13":"shipping-taxable","14":"purchasable","15":"product-type-variable"},"_links":{"self":[{"href":"https:\/\/irrecams.de\/es\/wp-json\/wp\/v2\/product\/5606","targetHints":{"allow":["GET"]}}],"collection":[{"href":"https:\/\/irrecams.de\/es\/wp-json\/wp\/v2\/product"}],"about":[{"href":"https:\/\/irrecams.de\/es\/wp-json\/wp\/v2\/types\/product"}],"wp:featuredmedia":[{"embeddable":true,"href":"https:\/\/irrecams.de\/es\/wp-json\/wp\/v2\/media\/5575"}],"wp:attachment":[{"href":"https:\/\/irrecams.de\/es\/wp-json\/wp\/v2\/media?parent=5606"}],"wp:term":[{"taxonomy":"product_brand","embeddable":true,"href":"https:\/\/irrecams.de\/es\/wp-json\/wp\/v2\/product_brand?post=5606"},{"taxonomy":"product_cat","embeddable":true,"href":"https:\/\/irrecams.de\/es\/wp-json\/wp\/v2\/product_cat?post=5606"},{"taxonomy":"product_tag","embeddable":true,"href":"https:\/\/irrecams.de\/es\/wp-json\/wp\/v2\/product_tag?post=5606"}],"curies":[{"name":"wp","href":"https:\/\/api.w.org\/{rel}","templated":true}]}}