{"id":5616,"date":"2020-12-19T15:38:11","date_gmt":"2020-12-19T14:38:11","guid":{"rendered":"https:\/\/irrecams.de\/?post_type=product&#038;p=5616"},"modified":"2026-04-11T19:50:41","modified_gmt":"2026-04-11T17:50:41","slug":"filtro-infrarrojo-infrablue","status":"publish","type":"product","link":"https:\/\/irrecams.de\/es\/tienda\/filtro-infrarrojo-infrablue\/","title":{"rendered":"Filtro infrarrojo InfraBlue"},"content":{"rendered":"<p><strong>Nota:<\/strong><\/p>\n<p>Este filtro s\u00f3lo es adecuado para c\u00e1maras modificadas para infrarrojos. Los efectos mostrados no pueden conseguirse con una c\u00e1mara normal sin modificar.<\/p>\n<p>La c\u00e1mara debe convertirse con uno de los siguientes filtros: 280 nm (espectro completo).<\/p>\n<p>&nbsp;<\/p>\n<p>El filtro InfraBlue es un filtro multipaso de banda que simplifica considerablemente el postprocesado de la imagen IR. Proporciona un resultado de imagen similar al del filtro de 630 nm, es decir, un cielo azul y follaje amarillo. Sin embargo, el filtro InfraBlue no requiere ning\u00fan intercambio de canales: El resultado final de la imagen ya se puede ver en la pantalla de la c\u00e1mara. Esto resulta especialmente \u00fatil si la c\u00e1mara se va a utilizar para filmar en infrarrojos.<\/p>\n<p>Adem\u00e1s de la sencilla posibilidad de crear im\u00e1genes IR en color, el filtro tambi\u00e9n se puede utilizar muy bien para im\u00e1genes IR monocromas o im\u00e1genes en clave de color. Debido a la alta saturaci\u00f3n b\u00e1sica de color del archivo, tambi\u00e9n se puede utilizar un mezclador de canales para la conversi\u00f3n a blanco y negro, lo que ofrece un gran control sobre el resultado de la imagen.<\/p>\n<p>&nbsp;<\/p>\n<p><strong>Ventajas del filtro InfraBlue Plus:<\/strong><\/p>\n<ul>\n<li>Representaci\u00f3n crom\u00e1tica ligeramente mejorada<\/li>\n<li>Revestimiento de superficie hidr\u00f3foba para facilitar la limpieza<\/li>\n<li>El fino anillo del filtro reduce el riesgo de vi\u00f1eteado (ambas versiones disponen de rosca frontal)<\/li>\n<\/ul>\n<p>&nbsp;<\/p>\n<p>M\u00e1s informaci\u00f3n <a href=\"https:\/\/irrecams.de\/es\/comparacion-de-filtros-de-efecto-infrarrojo\/#infrablue\" target=\"_blank\" rel=\"noopener\">Filtro de infrarrojos<\/a>.<\/p>","protected":false},"excerpt":{"rendered":"<p>Filtro infrarrojo multibanda InfraBlue en montura estrecha, tambi\u00e9n adecuado para objetivos gran angular.<\/p>\n<p>S\u00f3lo apto para c\u00e1maras de espectro completo.<\/p>","protected":false},"featured_media":5578,"template":"","meta":[],"product_brand":[],"product_cat":[264],"product_tag":[],"class_list":{"0":"post-5616","1":"product","2":"type-product","3":"status-publish","4":"has-post-thumbnail","6":"product_cat-infrarot-schraub-filter","7":"product_shipping_class-filter","9":"first","10":"instock","11":"sale","12":"taxable","13":"shipping-taxable","14":"purchasable","15":"product-type-variable"},"_links":{"self":[{"href":"https:\/\/irrecams.de\/es\/wp-json\/wp\/v2\/product\/5616","targetHints":{"allow":["GET"]}}],"collection":[{"href":"https:\/\/irrecams.de\/es\/wp-json\/wp\/v2\/product"}],"about":[{"href":"https:\/\/irrecams.de\/es\/wp-json\/wp\/v2\/types\/product"}],"wp:featuredmedia":[{"embeddable":true,"href":"https:\/\/irrecams.de\/es\/wp-json\/wp\/v2\/media\/5578"}],"wp:attachment":[{"href":"https:\/\/irrecams.de\/es\/wp-json\/wp\/v2\/media?parent=5616"}],"wp:term":[{"taxonomy":"product_brand","embeddable":true,"href":"https:\/\/irrecams.de\/es\/wp-json\/wp\/v2\/product_brand?post=5616"},{"taxonomy":"product_cat","embeddable":true,"href":"https:\/\/irrecams.de\/es\/wp-json\/wp\/v2\/product_cat?post=5616"},{"taxonomy":"product_tag","embeddable":true,"href":"https:\/\/irrecams.de\/es\/wp-json\/wp\/v2\/product_tag?post=5616"}],"curies":[{"name":"wp","href":"https:\/\/api.w.org\/{rel}","templated":true}]}}