{"id":5625,"date":"2020-12-19T15:49:12","date_gmt":"2020-12-19T14:49:12","guid":{"rendered":"https:\/\/irrecams.de\/?post_type=product&#038;p=5625"},"modified":"2026-04-17T13:58:13","modified_gmt":"2026-04-17T11:58:13","slug":"filtro-normal-filtro-de-bloqueo-uv-ir","status":"publish","type":"product","link":"https:\/\/irrecams.de\/es\/tienda\/filtro-normal-filtro-de-bloqueo-uv-ir\/","title":{"rendered":"Filtro normal (filtro de bloqueo UV\/IR)"},"content":{"rendered":"<p><strong>Nota:<\/strong><\/p>\n<p>Este filtro s\u00f3lo es adecuado para c\u00e1maras modificadas para infrarrojos. Los efectos mostrados no pueden conseguirse con una c\u00e1mara normal sin modificar.<\/p>\n<p>La c\u00e1mara debe convertirse con uno de los siguientes filtros: 280 nm (espectro completo) u Optolong Astrofilter.<\/p>\n<p>&nbsp;<\/p>\n<p class=\"translation-block\">El nombre lo dice todo. Este filtro es un filtro de bloqueo UV\/IR (tambi\u00e9n conocido como hotmirror) y s\u00f3lo permite que la luz visible llegue al sensor. Estos filtros enroscables se pueden utilizar en una c\u00e1mara <a href=\"https:\/\/irrecams.de\/es\/comparacion-de-filtros-de-efecto-infrarrojo\/#vollspektrum\" target=\"_self\" rel=\"noopener\">de espectro completo<\/a> para poder volver a hacer fotos \"completamente normales\". Esto significa que una sola c\u00e1mara puede utilizarse tanto para fotograf\u00eda infrarroja como normal.<\/p>\n<p>&nbsp;<\/p>\n<p><strong>Ventajas del filtro Normal Plus:<\/strong><\/p>\n<ul>\n<li>Reproducci\u00f3n del color mejorada, especialmente los colores neutros cuando se utiliza el balance de blancos autom\u00e1tico interno de la c\u00e1mara.<\/li>\n<li>Revestimiento de superficie hidr\u00f3foba para facilitar la limpieza<\/li>\n<li>El fino anillo del filtro reduce el riesgo de vi\u00f1eteado (ambas versiones disponen de rosca frontal)<\/li>\n<\/ul>\n<p>&nbsp;<\/p>\n<p>&nbsp;<\/p>\n<p>M\u00e1s informaci\u00f3n <a href=\"https:\/\/irrecams.de\/es\/comparacion-de-filtros-de-efecto-infrarrojo\/#normal\" target=\"_blank\" rel=\"noopener\">Filtro de infrarrojos<\/a>.<\/p>","protected":false},"excerpt":{"rendered":"<p>Filtro de bloqueo UV\/IR (tambi\u00e9n conocido como hotmirror) en montura estrecha - tambi\u00e9n adecuado para objetivos gran angular.<\/p>\n<p>S\u00f3lo apto para c\u00e1maras de espectro completo o astro.<\/p>","protected":false},"featured_media":5580,"template":"","meta":[],"product_brand":[],"product_cat":[264],"product_tag":[],"class_list":{"0":"post-5625","1":"product","2":"type-product","3":"status-publish","4":"has-post-thumbnail","6":"product_cat-infrarot-schraub-filter","7":"product_shipping_class-filter","9":"first","10":"instock","11":"sale","12":"taxable","13":"shipping-taxable","14":"purchasable","15":"product-type-variable"},"_links":{"self":[{"href":"https:\/\/irrecams.de\/es\/wp-json\/wp\/v2\/product\/5625","targetHints":{"allow":["GET"]}}],"collection":[{"href":"https:\/\/irrecams.de\/es\/wp-json\/wp\/v2\/product"}],"about":[{"href":"https:\/\/irrecams.de\/es\/wp-json\/wp\/v2\/types\/product"}],"wp:featuredmedia":[{"embeddable":true,"href":"https:\/\/irrecams.de\/es\/wp-json\/wp\/v2\/media\/5580"}],"wp:attachment":[{"href":"https:\/\/irrecams.de\/es\/wp-json\/wp\/v2\/media?parent=5625"}],"wp:term":[{"taxonomy":"product_brand","embeddable":true,"href":"https:\/\/irrecams.de\/es\/wp-json\/wp\/v2\/product_brand?post=5625"},{"taxonomy":"product_cat","embeddable":true,"href":"https:\/\/irrecams.de\/es\/wp-json\/wp\/v2\/product_cat?post=5625"},{"taxonomy":"product_tag","embeddable":true,"href":"https:\/\/irrecams.de\/es\/wp-json\/wp\/v2\/product_tag?post=5625"}],"curies":[{"name":"wp","href":"https:\/\/api.w.org\/{rel}","templated":true}]}}