{"id":6887,"date":"2021-05-01T13:44:09","date_gmt":"2021-05-01T11:44:09","guid":{"rendered":"https:\/\/irrecams.de\/?post_type=product&#038;p=6887"},"modified":"2025-09-04T13:33:24","modified_gmt":"2025-09-04T11:33:24","slug":"conversion-astro-canon-formato-completo","status":"publish","type":"product","link":"https:\/\/irrecams.de\/es\/tienda\/conversion-astro-canon-formato-completo\/","title":{"rendered":"Conversi\u00f3n astro Canon full frame"},"content":{"rendered":"<p><strong>ATENCI\u00d3N:<\/strong> Muchos objetivos EOS RF y RF-S nativos s\u00f3lo pueden utilizarse de forma limitada en situaciones de luz oscura. En el interior de los objetivos hay instalado un LED infrarrojo. La luz par\u00e1sita puede ser visible en las fotos con tiempos de exposici\u00f3n largos y\/o condiciones de luz oscura (incluso con exposiciones largas con filtros ND). Si los objetivos EF se utilizan con un adaptador en una c\u00e1mara EOS R, este riesgo no existe.<\/p>\n<p><strong>Nota:<\/strong> En las c\u00e1maras con *, la funci\u00f3n de limpieza autom\u00e1tica del sensor se pierde durante la conversi\u00f3n. Tras la conversi\u00f3n, el sensor puede limpiarse en seco (por ejemplo, con aire comprimido) o en h\u00famedo (por ejemplo, con bastoncillos) como de costumbre. Pueden utilizarse todos los preparados y m\u00e9todos disponibles en el mercado para la limpieza de sensores.<\/p>\n<p>&nbsp;<\/p>","protected":false},"excerpt":{"rendered":"<p>Servicio de conversi\u00f3n Astro para su c\u00e1mara.<\/p>\n<p>\u00bfNo est\u00e1 seguro de los detalles o de la elecci\u00f3n del filtro? Escr\u00edbame <a href=\"https:\/\/irrecams.de\/es\/umbauservice\/consulta\/\">un mensaje no vinculante<\/a> o leer el <a href=\"http:\/\/irrecams.de\/es\/filtros-astro-fotografiar-estrellas-de-noche-con-camaras-modificadas\/\" target=\"_blank\" rel=\"noopener\">P\u00e1gina Astro<\/a>.<\/p>","protected":false},"featured_media":12396,"template":"","meta":[],"product_brand":[],"product_cat":[502],"product_tag":[],"class_list":{"0":"post-6887","1":"product","2":"type-product","3":"status-publish","4":"has-post-thumbnail","6":"product_cat-astro-kamera-umbau-service","7":"product_shipping_class-umbau","9":"first","10":"instock","11":"taxable","12":"shipping-taxable","13":"purchasable","14":"product-type-variable"},"_links":{"self":[{"href":"https:\/\/irrecams.de\/es\/wp-json\/wp\/v2\/product\/6887","targetHints":{"allow":["GET"]}}],"collection":[{"href":"https:\/\/irrecams.de\/es\/wp-json\/wp\/v2\/product"}],"about":[{"href":"https:\/\/irrecams.de\/es\/wp-json\/wp\/v2\/types\/product"}],"wp:featuredmedia":[{"embeddable":true,"href":"https:\/\/irrecams.de\/es\/wp-json\/wp\/v2\/media\/12396"}],"wp:attachment":[{"href":"https:\/\/irrecams.de\/es\/wp-json\/wp\/v2\/media?parent=6887"}],"wp:term":[{"taxonomy":"product_brand","embeddable":true,"href":"https:\/\/irrecams.de\/es\/wp-json\/wp\/v2\/product_brand?post=6887"},{"taxonomy":"product_cat","embeddable":true,"href":"https:\/\/irrecams.de\/es\/wp-json\/wp\/v2\/product_cat?post=6887"},{"taxonomy":"product_tag","embeddable":true,"href":"https:\/\/irrecams.de\/es\/wp-json\/wp\/v2\/product_tag?post=6887"}],"curies":[{"name":"wp","href":"https:\/\/api.w.org\/{rel}","templated":true}]}}