{"id":6914,"date":"2021-05-01T14:10:02","date_gmt":"2021-05-01T12:10:02","guid":{"rendered":"https:\/\/irrecams.de\/?post_type=product&#038;p=6914"},"modified":"2025-09-04T09:47:50","modified_gmt":"2025-09-04T07:47:50","slug":"conversion-astro-nikon-aps-c","status":"publish","type":"product","link":"https:\/\/irrecams.de\/es\/tienda\/conversion-astro-nikon-aps-c\/","title":{"rendered":"Conversi\u00f3n astro Nikon APS-C"},"content":{"rendered":"<p><strong>Nota:<\/strong> La funci\u00f3n de limpieza autom\u00e1tica del sensor se pierde en las siguientes c\u00e1maras: D90, D3000, D3100, D3200, D3300, D5000, D5100, D5200, D5300, D5500, D5600, D7000, D7100, D7200, D7500. Despu\u00e9s de la conversi\u00f3n, el sensor se puede limpiar como de costumbre en seco con aire comprimido o en h\u00famedo con todos los preparados.<\/p>","protected":false},"excerpt":{"rendered":"<p>Servicio de conversi\u00f3n Astro para su c\u00e1mara.<\/p>\n<p>\u00bfNo est\u00e1 seguro de los detalles o de la elecci\u00f3n del filtro? Escr\u00edbame <a href=\"https:\/\/irrecams.de\/es\/umbauservice\/consulta\/\">un mensaje no vinculante<\/a> o leer el <a href=\"http:\/\/irrecams.de\/es\/filtros-astro-fotografiar-estrellas-de-noche-con-camaras-modificadas\/\" target=\"_blank\" rel=\"noopener\">P\u00e1gina Astro<\/a>.<\/p>","protected":false},"featured_media":6927,"template":"","meta":[],"product_brand":[],"product_cat":[502],"product_tag":[],"class_list":{"0":"post-6914","1":"product","2":"type-product","3":"status-publish","4":"has-post-thumbnail","6":"product_cat-astro-kamera-umbau-service","7":"product_shipping_class-umbau","9":"first","10":"instock","11":"taxable","12":"shipping-taxable","13":"purchasable","14":"product-type-variable"},"_links":{"self":[{"href":"https:\/\/irrecams.de\/es\/wp-json\/wp\/v2\/product\/6914","targetHints":{"allow":["GET"]}}],"collection":[{"href":"https:\/\/irrecams.de\/es\/wp-json\/wp\/v2\/product"}],"about":[{"href":"https:\/\/irrecams.de\/es\/wp-json\/wp\/v2\/types\/product"}],"wp:featuredmedia":[{"embeddable":true,"href":"https:\/\/irrecams.de\/es\/wp-json\/wp\/v2\/media\/6927"}],"wp:attachment":[{"href":"https:\/\/irrecams.de\/es\/wp-json\/wp\/v2\/media?parent=6914"}],"wp:term":[{"taxonomy":"product_brand","embeddable":true,"href":"https:\/\/irrecams.de\/es\/wp-json\/wp\/v2\/product_brand?post=6914"},{"taxonomy":"product_cat","embeddable":true,"href":"https:\/\/irrecams.de\/es\/wp-json\/wp\/v2\/product_cat?post=6914"},{"taxonomy":"product_tag","embeddable":true,"href":"https:\/\/irrecams.de\/es\/wp-json\/wp\/v2\/product_tag?post=6914"}],"curies":[{"name":"wp","href":"https:\/\/api.w.org\/{rel}","templated":true}]}}